{"id":5982,"date":"2022-02-11T21:16:38","date_gmt":"2022-02-11T20:16:38","guid":{"rendered":"https:\/\/fengchashop.com\/ro\/product\/astragalus-powder-bio-250-g\/"},"modified":"2026-04-19T11:08:35","modified_gmt":"2026-04-19T09:08:35","slug":"astragalus-pulbere-bio","status":"publish","type":"product","link":"https:\/\/fengchashop.com\/ro\/product\/astragalus-pulbere-bio\/","title":{"rendered":"Astragalus pulbere BIO 250 g"},"content":{"rendered":"<h2><span style=\"color: #000000\">Astragalus pulbere BIO<\/span><\/h2>\n<p><span style=\"color: #000000\">Astragalus este un arbust care apar\u021bine de fapt<strong> familiei leguminoaselor<\/strong>. De aici \u0219i denumirea de maz\u0103re. Este folosit ca <strong>plant\u0103 medicinal\u0103<\/strong> \u00een MTC din China <strong>de peste 2000 de ani<\/strong>. Partea util\u0103 a plantei nu sunt fructele sau frunzele, ci r\u0103d\u0103cinile uscate la soare. R\u0103d\u0103cinile de cea mai bun\u0103 calitate sunt cele groase, ferme \u0219i dulci.<\/span><\/p>\n<p><span style=\"color: #000000\">Folosit \u00een mod tradi\u021bional \u00een China ca <strong>tonic pentru \u00eentregul<\/strong> corp, este un antioxidant extrem de puternic care combate cu succes toate tipurile de inflama\u021bii. Este, de asemenea, considerat o plant\u0103 adaptogen\u0103, ceea ce \u00eenseamn\u0103 c\u0103 \u00eent\u0103re\u0219te toate sistemele de organe ale corpului. Ea nu interfereaz\u0103 cu func\u021bionarea lor natural\u0103. De asemenea, nu suprastimuleaz\u0103 organele \u0219i readuce organismul la o stare de dezechilibru. Acesta este motivul pentru care este uneori numit\u0103<strong>&#8222;marele protector<\/strong>&#8222;.<\/span><\/p>\n<p><span style=\"color: #000000\">Astragalus este o surs\u0103 extrem de bogat\u0103 de antioxidan\u021bi specifici \u0219i de seleniu. Datorit\u0103 caracterului s\u0103u adaptogen, este utilizat pentru diferite afec\u021biuni ale organismului care indic\u0103 un dezechilibru. Astragalus este, de asemenea, adesea folosit ca plant\u0103 anti-\u00eemb\u0103tr\u00e2nire. De asemenea, se crede c\u0103 regleaz\u0103 tensiunea arterial\u0103, glicemia \u0219i colesterolul. Acesta \u00eent\u0103re\u0219te sistemul imunitar \u0219i ac\u021bioneaz\u0103 ca un preventiv \u00eempotriva gripei \u0219i a r\u0103celii.<\/span><\/p>\n<p><span style=\"color: #000000\">De asemenea, poate fi folosit pentru<strong> transpira\u021biile nocturne \u0219i simptomele menopauzei<\/strong>,<strong> energizeaz\u0103 celulele, \u00eent\u0103re\u0219te musculatura \u0219i \u00eembun\u0103t\u0103\u021be\u0219te metabolismul, sus\u021bine glandele suprarenale \u0219i sub\u021biaz\u0103 s\u00e2ngele<\/strong> (similar aspirinei). \u00cen unele cazuri, poate fi folosit, de asemenea, \u00een colaborare cu un medic, pentru a sprijini bolnavii de cancer care urmeaz\u0103 un tratament de radioterapie \u0219i chimioterapie \u0219i bolnavii de SIDA.<\/span><\/p>\n<p><span style=\"color: #000000\">De asemenea, pulberea poate fi transformat\u0103 \u00een ceai, prin fierberea unei linguri de pulbere de astragalus cu o can\u0103 de ap\u0103. Se las\u0103 timp de 1 or\u0103 \u0219i apoi se strecoar\u0103. Be\u021bi-l \u00een \u00eenghi\u021bituri \u00een timpul zilei.<\/span><\/p>\n<p><span style=\"color: #000000\">Astragalusul este adesea folosit \u00een combina\u021bie<strong> cu alte plante \u0219i ierburi, cum ar fi angelica, turmericul, ginsengul, ashwagandha \u0219i spirulina<\/strong>.<\/span><\/p>\n<p><span style=\"color: #000000\">Astragalus este asociat cu prelungirea vie\u021bii deoarece:<\/span><\/p>\n<p><span style=\"color: #000000\"> <strong> \ud83d\udc9a este un adaptogen<\/strong> &#8211; ajut\u0103 la dep\u0103\u0219irea tuturor tipurilor de stres (fizic, emo\u021bional \u0219i mental),<\/span><\/p>\n<p><span style=\"color: #000000\"> \ud83d\udc9a este un <strong>antioxidant excelent<\/strong>\u0219i ajut\u0103 la o recuperare mai rapid\u0103 \u0219i \u00eent\u0103re\u0219te mintea \u0219i corpul,<\/span><\/p>\n<p><span style=\"color: #000000\"> <strong> \ud83d\udc9a protejeaz\u0103 organismul<\/strong> \u00eempotriva dezvolt\u0103rii de noi boli,<\/span><\/p>\n<p><span style=\"color: #000000\"> \ud83d\udc9a stimuleaz\u0103 pofta de m\u00e2ncare \u0219i <strong>ajut\u0103 la dep\u0103\u0219irea oboselii<\/strong>,<\/span><\/p>\n<p><span style=\"color: #000000\"> \ud83d\udc9a stimuleaz\u0103 <strong> sistemul imunitar<\/strong> \u0219i, astfel, globulele albe din s\u00e2nge,<\/span><\/p>\n<p><span style=\"color: #000000\"> <strong> \ud83d\udc9a \u00eent\u0103re\u0219te func\u021biile organelor vitale<\/strong>, cum ar fi rinichii \u0219i inima,<\/span><\/p>\n<p><span style=\"color: #000000\"><strong> \ud83d\udc9a \u00eent\u0103re\u0219te musculatura<\/strong> \u0219i favorizeaz\u0103 pozi\u021bionarea natural\u0103 a organelor, men\u021bin\u00e2ndu-ne \u00een pozi\u021bie vertical\u0103,<\/span><\/p>\n<p><span style=\"color: #000000\"> \ud83d\udc9a a <strong>ccelereaz\u0103 eliminarea toxinelor<\/strong> prin piele, ac\u021bioneaz\u0103 ca un diuretic u\u0219or \u0219i controleaz\u0103 transpira\u021bia excesiv\u0103.<\/span><\/p>\n<h2><span style=\"color: #000000\">Depozitare \u0219i avertismente<\/span><\/h2>\n<p><span style=\"color: #000000\">A se p\u0103stra \u00eentr-un loc r\u0103coros \u0219i uscat. P\u0103stra\u021bi suplimentul alimentar \u00een afara razei de ac\u021biune a copiilor!<\/span><\/p>\n<p><span style=\"color: #000000\">Nu uita\u021bi importan\u021ba unei alimenta\u021bii variate \u0219i a unui stil de via\u021b\u0103 s\u0103n\u0103tos, un supliment alimentar nu este, prin urmare, un substitut pentru o diet\u0103 echilibrat\u0103 \u0219i variat\u0103. Cantitatea sau doza zilnic\u0103 recomandat\u0103 nu trebuie s\u0103 fie dep\u0103\u0219it\u0103. Femeile \u00eens\u0103rcinate \u0219i cele care al\u0103pteaz\u0103 sunt \u00eentotdeauna sf\u0103tuite s\u0103 consulte un medic \u00eenainte de utilizare.<\/span><\/p>\n<h2><span style=\"color: #000000\">Ambalaj<\/span><\/h2>\n<p><span style=\"color: #000000\">Pung\u0103 cu fermoar nepermeabil \u00een care produsul \u00ee\u0219i p\u0103streaz\u0103 toat\u0103 prospe\u021bimea \u0219i aroma. Ambalajul protejeaz\u0103 produsul de lumin\u0103 \u0219i de aer, fiind compus din mai multe straturi de protec\u021bie pentru a p\u0103stra propriet\u0103\u021bile con\u021binutului.<\/span><\/p>\n<p><span style=\"color: #000000\">Ambalajul este foarte practic \u0219i reciclabil.<\/span><\/p>\n<h2><span style=\"color: #000000\">Origine<\/span><\/h2>\n<p><span style=\"color: #000000\">China. Avem furnizori foarte de \u00eencredere care ne trimit o analiz\u0103 chimic\u0103 detaliat\u0103 a produselor alimentare pentru fiecare lot. \u00cen mai bine de zece ani, nu am avut nicio rechemare sau alte probleme cu acest articol, nici cu alte articole de la acela\u0219i furnizor. Produsul este 100% certificat ecologic.<\/span><\/p>\n","protected":false},"excerpt":{"rendered":"<p align=\"JUSTIFY\">Folosit \u00een mod tradi\u021bional \u00een China ca <strong>tonic pentru \u00eentregul corp<\/strong>, este un antioxidant extrem de puternic care lupt\u0103 cu succes \u00eempotriva tuturor tipurilor de inflama\u021bii. Este, de asemenea, considerat o plant\u0103 adaptogen\u0103, ceea ce \u00eenseamn\u0103 c\u0103 \u00eent\u0103re\u0219te toate sistemele de organe ale corpului. Ea nu interfereaz\u0103 cu func\u021bionarea lor natural\u0103. De asemenea, nu suprastimuleaz\u0103 organele \u0219i readuce organismul la o stare de dezechilibru. Acesta este motivul pentru care este numit\u0103 uneori<strong>&#8222;marele protector&#8221; al<\/strong> funinginii:<\/p>\n<p align=\"JUSTIFY\">\ud83d\udc9a este un adaptogen &#8211; ajut\u0103 la dep\u0103\u0219irea tuturor tipurilor de stres (fizic, emo\u021bional \u0219i mental),<br \/>\n\ud83d\udc9a este un mare antioxidant \u0219i ajut\u0103 la accelerarea recuper\u0103rii \u0219i \u00eent\u0103re\u0219te mintea \u0219i corpul,<br \/>\n\ud83d\udc9a protejeaz\u0103 organismul \u00eempotriva dezvolt\u0103rii de noi boli,<br \/>\n\ud83d\udc9a stimuleaz\u0103 pofta de m\u00e2ncare \u0219i ajut\u0103 la dep\u0103\u0219irea oboselii,<br \/>\n\ud83d\udc9a stimuleaz\u0103 sistemul imunitar \u0219i, astfel, globulele albe din s\u00e2nge.<\/p>\n","protected":false},"featured_media":5983,"comment_status":"open","ping_status":"closed","template":"","meta":{"_acf_changed":false},"product_brand":[],"product_cat":[15,224,229,225],"product_tag":[],"class_list":{"0":"post-5982","1":"product","2":"type-product","3":"status-publish","4":"has-post-thumbnail","6":"product_cat-uncategorized","7":"product_cat-oferta","8":"product_cat-superalimente","9":"product_cat-toate-produsele","11":"first","12":"instock","13":"sale","14":"taxable","15":"shipping-taxable","16":"purchasable","17":"product-type-simple"},"acf":[],"_links":{"self":[{"href":"https:\/\/fengchashop.com\/ro\/wp-json\/wp\/v2\/product\/5982","targetHints":{"allow":["GET"]}}],"collection":[{"href":"https:\/\/fengchashop.com\/ro\/wp-json\/wp\/v2\/product"}],"about":[{"href":"https:\/\/fengchashop.com\/ro\/wp-json\/wp\/v2\/types\/product"}],"replies":[{"embeddable":true,"href":"https:\/\/fengchashop.com\/ro\/wp-json\/wp\/v2\/comments?post=5982"}],"wp:featuredmedia":[{"embeddable":true,"href":"https:\/\/fengchashop.com\/ro\/wp-json\/wp\/v2\/media\/5983"}],"wp:attachment":[{"href":"https:\/\/fengchashop.com\/ro\/wp-json\/wp\/v2\/media?parent=5982"}],"wp:term":[{"taxonomy":"product_brand","embeddable":true,"href":"https:\/\/fengchashop.com\/ro\/wp-json\/wp\/v2\/product_brand?post=5982"},{"taxonomy":"product_cat","embeddable":true,"href":"https:\/\/fengchashop.com\/ro\/wp-json\/wp\/v2\/product_cat?post=5982"},{"taxonomy":"product_tag","embeddable":true,"href":"https:\/\/fengchashop.com\/ro\/wp-json\/wp\/v2\/product_tag?post=5982"}],"curies":[{"name":"wp","href":"https:\/\/api.w.org\/{rel}","templated":true}]}}