{"id":5978,"date":"2022-02-11T20:48:52","date_gmt":"2022-02-11T19:48:52","guid":{"rendered":"https:\/\/fengchashop.com\/ro\/product\/dulse-bio-125-g\/"},"modified":"2026-05-11T05:25:28","modified_gmt":"2026-05-11T03:25:28","slug":"dulse-bio","status":"publish","type":"product","link":"https:\/\/fengchashop.com\/ro\/product\/dulse-bio\/","title":{"rendered":"Dulse BIO 125 g"},"content":{"rendered":"<h2><span style=\"color: #000000\">Alge ro\u0219ii dulse<\/span><\/h2>\n<p><span style=\"color: #000000\">Dulse este o alg\u0103 ro\u0219ie, cunoscut\u0103 \u0219i sub numele de palmaria ro\u0219ie sau Palmaria palmata, \u0219i apar\u021bine grupului de alge ro\u0219ii sau Rodophycophyta. Algele ro\u0219ii includ, de asemenea, alga nori \u0219i, probabil mai cunoscut\u0103 pentru noi, agar agar, care este, de asemenea, utilizat\u0103 ca agent de gelificare \u00een dietele vegetariene \u0219i vegane.<\/span><\/p>\n<p><span style=\"color: #000000\">Algele sunt o <strong>surs\u0103<\/strong> important\u0103 <strong>de io<\/strong>d, care nu este stocat de organism \u0219i, prin urmare, trebuie consumat \u00een mod regulat (acesta este motivul pentru care majoritatea s\u0103rii de mas\u0103 este iodat\u0103), deoarece este responsabil pentru buna func\u021bionare a glandei tiroide, iar o deficien\u021b\u0103 de iod poate duce la o varietate de afec\u021biuni (de la cre\u0219terea \u00een greutate \u0219i oboseal\u0103 p\u00e2n\u0103 la chelie \u0219i hipotiroidism). Pentru problemele tiroidiene \u0219i altele, este \u00eentotdeauna o idee bun\u0103 s\u0103 consulta\u021bi un medic \u00eenainte de a le consuma.<\/span><\/p>\n<p><span style=\"color: #000000\">\u00cen mod tradi\u021bional, algele dulse ro\u0219ii au fost folosite \u0219i pentru a atenua problemele de <strong>hipertensiune arterial\u0103<\/strong>; pentru a ajuta la prevenirea <strong>tulbur\u0103rilor de vedere<\/strong>, datorit\u0103 con\u021binutului de vitamina A; pentru a sus\u021bine<strong> sistemul imunitar<\/strong> \u0219i pentru a atenua problemele de mas\u0103 osoas\u0103 slab\u0103 \u0219i de \u021besut conjunctiv, datorit\u0103 con\u021binutului de minerale, precum calciu \u0219i magneziu. De asemenea, are propriet\u0103\u021bi antiinflamatorii \u0219i antivirale, datorit\u0103 con\u021binutului s\u0103u de fucoidan, un carbohidrat complex.<\/span><\/p>\n<p><span style=\"color: #000000\">Alga este uscat\u0103 \u0219i m\u0103cinat\u0103 \u00een fulgi. Acestea sunt de o calitate excelent\u0103, deoarece sunt s\u0103lbatice, certificate organic \u0219i recoltate manual \u00een Oceanul Atlantic.<\/span><\/p>\n<h2><span style=\"color: #000000\">Ce con\u021bin algele dulse?<\/span><\/h2>\n<p><span style=\"color: #000000\"> Vitaminele A, C \u0219i E &#8211; antioxidan\u021bi importan\u021bi care ne protejeaz\u0103 de radicalii liberi; \u0219i vitaminele B (B1, B2, B3, B6, B12), cu rol dovedit \u00een ameliorarea stresului \u0219i men\u021binerea nivelului de energie.<\/span><br \/>\n<span style=\"color: #000000\"> Minerale \u0219i oligoelemente: calciu, fier, mangan, zinc, magneziu, iod, potasiu, fosfor.<\/span><br \/>\n<span style=\"color: #000000\"> De asemenea, este bogat \u00een proteine, aminoacizi \u0219i fibre, precum \u0219i \u00een acizi gra\u0219i nesatura\u021bi omega-3, care joac\u0103 un rol important \u00een s\u0103n\u0103tatea sistemului nostru cardiovascular \u0219i inhib\u0103 inflama\u021biile.<\/span><br \/>\n<span style=\"color: #000000\"> De fapt, con\u021bine aproape toate <strong>oligoelementele necesare<\/strong> organismului uman.<\/span><\/p>\n<h2><span style=\"color: #000000\">Ambalare<\/span><\/h2>\n<p><span style=\"color: #000000\">Pung\u0103 cu fermoar nepermeabil, \u00een care produsul \u00ee\u0219i p\u0103streaz\u0103 toat\u0103 prospe\u021bimea \u0219i aroma. Ambalajul protejeaz\u0103 \u00eempotriva luminii \u0219i a aerului, deoarece este compus din mai multe straturi de protec\u021bie care p\u0103streaz\u0103 propriet\u0103\u021bile con\u021binutului.<\/span><\/p>\n<p><span style=\"color: #000000\">Ambalajul este foarte practic \u0219i reciclabil.<\/span><\/p>\n<h2><span style=\"color: #000000\">Origine<\/span><\/h2>\n<p><span style=\"color: #000000\">Irlanda <\/span><\/p>\n","protected":false},"excerpt":{"rendered":"<p align=\"JUSTIFY\">Dulse este o alg\u0103 ro\u0219ie, cunoscut\u0103 \u0219i sub numele de Palmaria <strong>ro\u0219ie<\/strong> sau <strong>Palmaria palmata<\/strong>, \u0219i apar\u021bine grupului de alge ro\u0219ii sau <em>Rodophycophyta<\/em>. \u00cen mod tradi\u021bional, algele dulse ro\u0219ii sunt folosite pentru:<\/p>\n<p align=\"JUSTIFY\">\ud83d\udc9a ameliorarea problemelor de tensiune arterial\u0103 ridicat\u0103,<br \/>\n\ud83d\udc9a de asemenea, ca suport \u00een prevenirea tulbur\u0103rilor de vedere, datorit\u0103 con\u021binutului s\u0103u de vitamina A,<br \/>\n\ud83d\udc9a sus\u021bine sistemul imunitar,<br \/>\n\ud83d\udc9a \u0219i, datorit\u0103 con\u021binutului s\u0103u de minerale, precum calciu \u0219i magneziu, ajut\u0103 la ameliorarea problemelor legate de masa osoas\u0103 \u0219i \u021besutul conjunctiv deficitar.<\/p>\n","protected":false},"featured_media":5979,"comment_status":"open","ping_status":"closed","template":"","meta":{"_acf_changed":false},"product_brand":[],"product_cat":[15,222,226,224,229,225],"product_tag":[],"class_list":{"0":"post-5978","1":"product","2":"type-product","3":"status-publish","4":"has-post-thumbnail","6":"product_cat-uncategorized","7":"product_cat-alge-ierburi","8":"product_cat-cele-mai-vandute","9":"product_cat-oferta","10":"product_cat-superalimente","11":"product_cat-toate-produsele","13":"first","14":"instock","15":"sale","16":"taxable","17":"shipping-taxable","18":"purchasable","19":"product-type-simple"},"acf":[],"_links":{"self":[{"href":"https:\/\/fengchashop.com\/ro\/wp-json\/wp\/v2\/product\/5978","targetHints":{"allow":["GET"]}}],"collection":[{"href":"https:\/\/fengchashop.com\/ro\/wp-json\/wp\/v2\/product"}],"about":[{"href":"https:\/\/fengchashop.com\/ro\/wp-json\/wp\/v2\/types\/product"}],"replies":[{"embeddable":true,"href":"https:\/\/fengchashop.com\/ro\/wp-json\/wp\/v2\/comments?post=5978"}],"wp:featuredmedia":[{"embeddable":true,"href":"https:\/\/fengchashop.com\/ro\/wp-json\/wp\/v2\/media\/5979"}],"wp:attachment":[{"href":"https:\/\/fengchashop.com\/ro\/wp-json\/wp\/v2\/media?parent=5978"}],"wp:term":[{"taxonomy":"product_brand","embeddable":true,"href":"https:\/\/fengchashop.com\/ro\/wp-json\/wp\/v2\/product_brand?post=5978"},{"taxonomy":"product_cat","embeddable":true,"href":"https:\/\/fengchashop.com\/ro\/wp-json\/wp\/v2\/product_cat?post=5978"},{"taxonomy":"product_tag","embeddable":true,"href":"https:\/\/fengchashop.com\/ro\/wp-json\/wp\/v2\/product_tag?post=5978"}],"curies":[{"name":"wp","href":"https:\/\/api.w.org\/{rel}","templated":true}]}}