{"id":5973,"date":"2022-02-11T20:17:52","date_gmt":"2022-02-11T19:17:52","guid":{"rendered":"https:\/\/fengchashop.com\/ro\/product\/calciu-500-g\/"},"modified":"2026-04-29T10:23:45","modified_gmt":"2026-04-29T08:23:45","slug":"calciu","status":"publish","type":"product","link":"https:\/\/fengchashop.com\/ro\/product\/calciu\/","title":{"rendered":"Calciu 500 g"},"content":{"rendered":"<h2><span style=\"color: #000000\">Carbonat de calciu <\/span><\/h2>\n<p><span style=\"color: #000000\">Calciul este unul dintre cele<strong> mai abundente minerale din corpul nostru<\/strong>. De\u0219i este asociat \u00een principal cu oasele, calciul are multe alte func\u021bii importante \u00een corpul uman. De fapt, calciul este o component\u0103 a \u021besutului osos \u0219i, \u00een consecin\u021b\u0103, influen\u021beaz\u0103 duritatea oaselor. Prin urmare, consumul de alimente bogate \u00een calciu este foarte important \u00een timpul copil\u0103riei, c\u00e2nd suntem \u00een cre\u0219tere. De asemenea, este foarte important \u0219i \u00een perioada menopauzei, c\u00e2nd dezechilibrul hormonal pe care aceasta \u00eel aduce afecteaz\u0103 adesea absorb\u021bia calciului, reduc\u00e2nd astfel densitatea osoas\u0103. Acela\u0219i lucru este valabil mai mult sau mai pu\u021bin pentru majoritatea adul\u021bilor \u00een v\u00e2rst\u0103. Calciul joac\u0103, de asemenea, un rol important \u00een timpul sarcinii.<\/span><\/p>\n<p><span style=\"color: #000000\"><strong>Calciul afecteaz\u0103 func\u021bia celular\u0103 \u0219i muscular\u0103 normal\u0103, s\u0103n\u0103tatea oaselor \u0219i a din\u021bilor, func\u021bionarea normal\u0103 a enzimelor digestive, coagularea corect\u0103 a s\u00e2ngelui, transmiterea impulsurilor nervoase \u0219i eliberarea normal\u0103 a energiei \u00een metabolism.<\/strong> O<strong>deficien\u021b\u0103 a<\/strong> acestora<strong> duce<\/strong> adesea<strong> la osteoporoz\u0103<\/strong>, o alt\u0103 boal\u0103 extrem de frecvent\u0103 a timpurilor moderne.<\/span><\/p>\n<p><span style=\"color: #000000\">Calciul sub form\u0103 de carbonat de calciu este o<strong> form\u0103 natural\u0103 \u0219i sigur\u0103 de calciu<\/strong> ca supliment alimentar. Acesta este bine absorbit \u0219i are un randament optim.<\/span><\/p>\n<p><span style=\"color: #000000\">Calciul trebuie administrat \u00een organism \u00een mod regulat, \u00een special \u00een perioadele de cre\u0219tere accelerat\u0103 \u0219i de sarcin\u0103. Acest lucru se realizeaz\u0103 cel mai bine printr-o diet\u0103 variat\u0103 \u0219i echilibrat\u0103, care este bogat\u0103 \u00een mod natural \u00een calciu. Cu toate acestea, suplimentele alimentare sunt recomandate mai ales pentru cei care consum\u0103 foarte pu\u021bin sau deloc produse lactate. De asemenea, este recomandat femeilor aflate la menopauz\u0103 \u0219i tuturor adul\u021bilor \u00een v\u00e2rst\u0103.<\/span><\/p>\n<p><span style=\"color: #000000\">Suplimentul alimentar este de foarte bun\u0103 calitate \u0219i atinge concentra\u021bii de calciu elementar de p\u00e2n\u0103 la 40%.<\/span><\/p>\n<h2><span style=\"color: #000000\">De ce s\u0103 alege\u021bi carbonatul de calciu?<\/span><\/h2>\n<p><span style=\"color: #000000\">Exist\u0103 mai multe tipuri sau forme de suplimente de calciu. Acestea se numesc s\u0103ruri de calciu. Acestea pot fi gluconat de calciu, carbonat de calciu, citrat de calciu etc. De exemplu, citratul de calciu este excelent pentru cei care au probleme cu prea pu\u021bin acid gastric sau care iau inhibitori ai acidului gastric, deoarece nu are nevoie de acid pentru o absorb\u021bie bun\u0103 \u0219i corect\u0103. Carbonatul de calciu, pe de alt\u0103 parte, este cea mai comun\u0103 form\u0103 de calciu din suplimentele alimentare \u0219i s-a dovedit a fi sigur\u0103 \u0219i a asigura o bun\u0103 absorb\u021bie. Se recomand\u0103 s\u0103 fie luat imediat dup\u0103 mese pentru persoanele \u00een v\u00e2rst\u0103 \u0219i cu o or\u0103 \u00eenainte sau la dou\u0103 ore dup\u0103 mese pentru persoanele mai tinere.<\/span><\/p>\n<h2><span style=\"color: #000000\">Care este efectul aportului de calciu asupra organismului?<\/span><\/h2>\n<p><span style=\"color: #000000\">Vitamina D joac\u0103, de asemenea, un rol important \u00een absorb\u021bia corect\u0103 \u0219i nivelurile normale de calciu din s\u00e2nge. Calciul ajut\u0103 apoi la:<\/span><\/p>\n<p><span style=\"color: #000000\"> \ud83d\udc9a men\u021binerea<strong> din\u021bilor \u0219i oaselor s\u0103n\u0103toase<\/strong>,<\/span><\/p>\n<p><span style=\"color: #000000\"> \ud83d\udc9a<strong> coagularea<\/strong> corect\u0103<strong> a s\u00e2ngelui<\/strong>,<\/span><\/p>\n<p><span style=\"color: #000000\"><strong>\ud83d\udc9a eliberarea de energie pentru metabolism<\/strong>,<\/span><\/p>\n<p><span style=\"color: #000000\"><strong>transmiterea<\/strong> normal\u0103 a <strong>impulsurilor nervoase \u0219i func\u021bionarea mu\u0219chilor \u0219i a enzimelor digestive<\/strong>,<\/span><\/p>\n<p><span style=\"color: #000000\"><strong>diviziunea \u0219i specializarea celulelor<\/strong>.<\/span><\/p>\n<h2><span style=\"color: #000000\">Care sunt beneficiile carbonatului nostru de calciu?<\/span><\/h2>\n<p><span style=\"color: #000000\">Pulberea de carbonat de calciu de marc\u0103 proprie este extras\u0103 din mine naturale. Aceasta con\u021bine o pulbere foarte pur\u0103 \u0219i o concentra\u021bie ridicat\u0103 de calciu elementar. \u00cen acela\u0219i timp, nu con\u021bine niciun aditiv nedorit, cum ar fi zah\u0103r, gluten, soia etc.<\/span><\/p>\n<h2><span style=\"color: #000000\">Ambalare<\/span><\/h2>\n<p><span style=\"color: #000000\">Pung\u0103 cu fermoar nepermeabil \u00een care produsul \u00ee\u0219i p\u0103streaz\u0103 toat\u0103 prospe\u021bimea \u0219i aroma. Ambalajul protejeaz\u0103 \u00eempotriva luminii \u0219i a aerului, fiind compus din mai multe straturi de protec\u021bie care p\u0103streaz\u0103 propriet\u0103\u021bile con\u021binutului.<\/span><\/p>\n<p><span style=\"color: #000000\">Ambalajul este foarte practic \u0219i reciclabil.<\/span><\/p>\n<h2><span style=\"color: #000000\">Depozitare \u0219i avertismente<\/span><\/h2>\n<p><span style=\"color: #000000\">Depozita\u021bi \u00eentr-un loc r\u0103coros \u0219i uscat, la o temperatur\u0103 de p\u00e2n\u0103 la 25 \u00b0C. P\u0103stra\u021bi suplimentul alimentar departe de copiii!<\/span><\/p>\n<p><span style=\"color: #000000\">Consulta\u021bi-v\u0103 medicul dac\u0103 lua\u021bi \u00een acela\u0219i timp antibiotice sau orice alt medicament.<\/span><\/p>\n<p><span style=\"color: #000000\">Nu uita\u021bi importan\u021ba unei diete variate \u0219i a unui stil de via\u021b\u0103 s\u0103n\u0103tos, un supliment alimentar nu \u00eenlocuie\u0219te o diet\u0103 echilibrat\u0103 \u0219i variat\u0103. Cantitatea sau doza zilnic\u0103 recomandat\u0103 nu trebuie dep\u0103\u0219it\u0103. Femeile \u00eens\u0103rcinate \u0219i cele care al\u0103pteaz\u0103 sunt \u00eentotdeauna sf\u0103tuite s\u0103 consulte un medic \u00eenainte de utilizare. Nu este potrivit pentru copii.<\/span><\/p>\n<h2><span style=\"color: #000000\">Origine<\/span><\/h2>\n<p><span style=\"color: #000000\">Italia<\/span><\/p>\n","protected":false},"excerpt":{"rendered":"<p align=\"JUSTIFY\">Calciul este unul dintre cele <strong>mai abundente minerale din corpul nostru<\/strong>. De\u0219i este asociat \u00een principal cu oasele, calciul are multe alte func\u021bii importante \u00een corpul uman. De fapt, calciul este o component\u0103 a \u021besutului osos \u0219i, \u00een consecin\u021b\u0103, influen\u021beaz\u0103 duritatea oaselor. Calciul ajut\u0103 la:<\/p>\n<p>\ud83d\udc9a men\u021binerea s\u0103n\u0103t\u0103\u021bii din\u021bilor \u0219i a oaselor,<br \/>\n\ud83d\udc9a coagularea corect\u0103 a s\u00e2ngelui,<br \/>\n\ud83d\udc9a eliberarea de energie pentru metabolism,<br \/>\n\ud83d\udc9a transmiterea normal\u0103 a impulsurilor nervoase \u0219i func\u021bionarea mu\u0219chilor \u0219i a enzimelor digestive,<br \/>\n\ud83d\udc9a diviziunea \u0219i specializarea celulelor.<\/p>\n","protected":false},"featured_media":5974,"comment_status":"open","ping_status":"closed","template":"","meta":{"_acf_changed":false},"product_brand":[],"product_cat":[15,228,224,225],"product_tag":[],"class_list":{"0":"post-5973","1":"product","2":"type-product","3":"status-publish","4":"has-post-thumbnail","6":"product_cat-uncategorized","7":"product_cat-minerale-si-vitamine","8":"product_cat-oferta","9":"product_cat-toate-produsele","11":"first","12":"instock","13":"sale","14":"taxable","15":"shipping-taxable","16":"purchasable","17":"product-type-simple"},"acf":[],"_links":{"self":[{"href":"https:\/\/fengchashop.com\/ro\/wp-json\/wp\/v2\/product\/5973","targetHints":{"allow":["GET"]}}],"collection":[{"href":"https:\/\/fengchashop.com\/ro\/wp-json\/wp\/v2\/product"}],"about":[{"href":"https:\/\/fengchashop.com\/ro\/wp-json\/wp\/v2\/types\/product"}],"replies":[{"embeddable":true,"href":"https:\/\/fengchashop.com\/ro\/wp-json\/wp\/v2\/comments?post=5973"}],"wp:featuredmedia":[{"embeddable":true,"href":"https:\/\/fengchashop.com\/ro\/wp-json\/wp\/v2\/media\/5974"}],"wp:attachment":[{"href":"https:\/\/fengchashop.com\/ro\/wp-json\/wp\/v2\/media?parent=5973"}],"wp:term":[{"taxonomy":"product_brand","embeddable":true,"href":"https:\/\/fengchashop.com\/ro\/wp-json\/wp\/v2\/product_brand?post=5973"},{"taxonomy":"product_cat","embeddable":true,"href":"https:\/\/fengchashop.com\/ro\/wp-json\/wp\/v2\/product_cat?post=5973"},{"taxonomy":"product_tag","embeddable":true,"href":"https:\/\/fengchashop.com\/ro\/wp-json\/wp\/v2\/product_tag?post=5973"}],"curies":[{"name":"wp","href":"https:\/\/api.w.org\/{rel}","templated":true}]}}