{"id":5971,"date":"2022-02-11T19:51:31","date_gmt":"2022-02-11T18:51:31","guid":{"rendered":"https:\/\/fengchashop.com\/ro\/product\/elixir-mix-bio-125-g\/"},"modified":"2026-04-29T01:47:06","modified_gmt":"2026-04-28T23:47:06","slug":"elixir-mix-bio","status":"publish","type":"product","link":"https:\/\/fengchashop.com\/ro\/product\/elixir-mix-bio\/","title":{"rendered":"Elixir mix BIO 125 g"},"content":{"rendered":"<h2><span style=\"color: #000000\">Elixir mix BIO pulbere de ciuperci medicinale<\/span><\/h2>\n<p><span style=\"color: #000000\">Elixir mix este utilizat ca suport pentru<strong>stimularea sistemului<\/strong> imunitar<strong>, pentru o inim\u0103 \u0219i o circula\u021bie sangvin\u0103 s\u0103n\u0103toase, pentru cre\u0219terea energiei fizice, \u00eempotriva stresului, \u00eempotriva celulelor canceroase \u0219i \u00eempotriva \u00eemb\u0103tr\u00e2nirii<\/strong>. <strong>Datorit\u0103 acestor efecte at\u00e2t de importante \u0219i atotcuprinz\u0103toare, recomand\u0103m administrarea amestecului pur \u0219i simplu pentru oricine dore\u0219te s\u0103 \u00eendeplineasc\u0103 condi\u021biile pentru o via\u021b\u0103 lung\u0103 \u0219i s\u0103n\u0103toas\u0103.<\/strong> Amestecul ofer\u0103 cel mai larg spectru de ac\u021biune echilibrat\u0103 datorit\u0103 sutelor de componente active diferite pe care le con\u021bine. Este alc\u0103tuit din trei specii de ciuperci, Ganoderma lucidum, cunoscut\u0103 \u0219i sub numele de Reishi, Cordyceps \u0219i Inonotus obliquus, cunoscut\u0103 \u0219i sub numele de Chaga.<\/span><\/p>\n<p><span style=\"color: #000000\">Elixir Mix ofer\u0103 cel mai larg spectru de ac\u021biune echilibrat\u0103, datorit\u0103 sutelor de componente active diferite pe care le con\u021bine.<\/span><\/p>\n<p><span style=\"color: #000000\">Acest spectru larg de specii de ciuperci are ca rezultat o ac\u021biune cu spectru larg \u0219i o ac\u021biune preventiv\u0103 accelerat\u0103 \u00eempotriva debilit\u0103\u021bii generale.<\/span><\/p>\n<p><span style=\"color: #000000\">Utilizarea produsului este destul de simpl\u0103 \u0219i nu necesit\u0103 nici o preg\u0103tire sau abilitate. Ciupercile sunt m\u0103cinate \u00eentr-o pulbere fin\u0103 care nu con\u021bine particule. Prin urmare, produsul este gata de utilizare. Pur \u0219i simplu se distribuie direct din ambalaj \u00een b\u0103utura preferat\u0103, se amestec\u0103 \u0219i se consum\u0103.<\/span><\/p>\n<h2><span style=\"color: #000000\">De ce s\u0103 folosi\u021bi mixul nostru Elixir?<\/span><\/h2>\n<p><span style=\"color: #000000\">Dup\u0103 cum sugereaz\u0103 \u0219i numele, amestecul este un adev\u0103rat elixir al s\u0103n\u0103t\u0103\u021bii, al tinere\u021bii \u0219i al bun\u0103st\u0103rii. A fost formulat cu aten\u021bie pe baza observa\u021biilor \u0219i constat\u0103rilor utilizatorilor amestecului \u0219i ale ciupercilor medicinale \u00een general. Rezultatele a numeroase studii na\u021bionale \u0219i interna\u021bionale au fost, de asemenea, luate \u00een considerare la elaborarea acestui amestec special. \u0218i, de\u0219i ciupercile medicinale au mecanisme de ac\u021biune foarte complexe, pe care \u0219tiin\u021ba nu a reu\u0219it \u00eenc\u0103 s\u0103 le explice, \u0219tim c\u0103 acestea au un<strong> efect<\/strong> benefic asupra<strong> sistemului nostru imunitar, asupra st\u0103rii noastre de bine \u0219i asupra proceselor naturale care au loc \u00een fiecare zi \u00een organismul nostru<\/strong>. Sistemul imunitar este responsabil de combaterea corpurilor str\u0103ine din corpul nostru. Fie c\u0103 este vorba de un simplu virus care provoac\u0103 o r\u0103ceal\u0103, fie c\u0103 este vorba de o colec\u021bie de celule care reprezint\u0103 un cancer. De aceea, un sistem imunitar s\u0103n\u0103tos \u0219i puternic este at\u00e2t de important. La fel de <strong>importan\u021bi<\/strong> sunt \u0219i <strong>antioxidan\u021bii care<\/strong> ne protejeaz\u0103 de stresul oxidativ care provoac\u0103 multe boli \u0219i \u00eemb\u0103tr\u00e2nirea prematur\u0103. Amestecul con\u021bine, de asemenea, Chaga, care este considerat <strong>adaptogen<\/strong>. Plantele adaptogene \u00ee\u0219i adapteaz\u0103 ingredientele active \u00een func\u021bie de nevoile organismului. Ele ne dau energie \u0219i reduc stresul.<\/span><\/p>\n<p><span style=\"color: #000000\">Produc\u021bia ciupercilor noastre medicinale este strict controlat\u0103, f\u0103r\u0103 utilizarea de substan\u021be chimice sau pesticide \u0219i<strong> 100% organic\u0103<\/strong>. Toate ciupercile sunt cultivate \u00een Slovenia. <\/span><\/p>\n<h2><span style=\"color: #000000\">Cui se adreseaz\u0103 mixul Elixir \u0219i care sunt efectele sale?<\/span><\/h2>\n<p><span style=\"color: #000000\">Mixul Elixir se adreseaz\u0103 de fapt oric\u0103rei persoane care dore\u0219te s\u0103<strong> \u00ee\u0219i \u00eembun\u0103t\u0103\u021beasc\u0103 starea general\u0103 de bine prin cre\u0219terea rezisten\u021bei la boli, prin faptul c\u0103 are mai mult\u0103 energie fizic\u0103, prin reducerea impactului stresului \u0219i prin prevenirea \u00eemb\u0103tr\u00e2nirii premature a organismului<\/strong>. Se adreseaz\u0103, de asemenea, celor care doresc s\u0103 \u00eencerce ac\u021biunea ciupercilor medicinale \u0219i s\u0103 \u00ee\u0219i \u00eent\u0103reasc\u0103 organismul \u00eentr-un mod natural. Este, de asemenea, un excelent supliment alimentar natural, deoarece ciupercile au o valoare nutritiv\u0103 ridicat\u0103 &#8211; nutrien\u021bi valoro\u0219i, oligoelemente, vitamine, macroelemente, fibre, proteine. Ciupercile medicinale au o istorie bogat\u0103 \u00een medicina \u0219i vindecarea chinez\u0103, iar omul se \u00eentoarce din ce \u00een ce mai mult la natur\u0103 pentru s\u0103n\u0103tate.<\/span><\/p>\n<p><span style=\"color: #000000\">Amestecul nostru Elixir este un adev\u0103rat elixir al s\u0103n\u0103t\u0103\u021bii, al bun\u0103st\u0103rii \u0219i al energiei bune. Efectele sale pozitive asupra organismului sunt urm\u0103toarele:<\/span><\/p>\n<p><span style=\"color: #000000\"> <strong> \ud83d\udc9a Stimuleaz\u0103 sistemul imunitar,<\/strong><\/span><\/p>\n<p><span style=\"color: #000000\"> \ud83d\udc9a ac\u021bioneaz\u0103 \u00eempotriva celulelor canceroase, <\/span><\/p>\n<p><span style=\"color: #000000\"> \ud83d\udc9a este benefic pentru<strong> o inim\u0103 \u0219i un sistem circulator s\u0103n\u0103tos<\/strong>,<\/span><\/p>\n<p><span style=\"color: #000000\"> \ud83d\udc9a regleaz\u0103<strong> tensiunea arterial\u0103<\/strong>,<\/span><\/p>\n<p><span style=\"color: #000000\"> \ud83d\udc9a \u00eembun\u0103t\u0103\u021be\u0219te<strong> rezisten\u021ba fizic\u0103<\/strong>,<\/span><\/p>\n<p><span style=\"color: #000000\"> \ud83d\udc9a cre\u0219te<strong> energia fizic\u0103<\/strong>,<\/span><\/p>\n<p><span style=\"color: #000000\"> \ud83d\udc9a ac\u021bioneaz\u0103 <strong>\u00eempotriva stresului<\/strong>,<\/span><\/p>\n<p><span style=\"color: #000000\"> \ud83d\udc9a \u00eembun\u0103t\u0103\u021be\u0219te <strong>abilit\u0103\u021bile mentale<\/strong>,<\/span><\/p>\n<p><span style=\"color: #000000\"> \ud83d\udc9a ac\u021bioneaz\u0103 asupra organismului pentru a lupta \u0219i combate \u00eemb\u0103tr\u00e2nirea,<\/span><\/p>\n<p><span style=\"color: #000000\"> \ud83d\udc9a regleaz\u0103 func\u021bia muscular\u0103 \u0219i nervoas\u0103,<\/span><\/p>\n<p><span style=\"color: #000000\"> \ud83d\udc9a ca un<strong> antioxidant puternic, elimin\u0103 radicalii liberi<\/strong>.<\/span><\/p>\n<h2><span style=\"color: #000000\">Ambalaj<\/span><\/h2>\n<p><span style=\"color: #000000\">Pung\u0103 cu fermoar nepermeabil \u00een care produsul \u00ee\u0219i p\u0103streaz\u0103 toat\u0103 prospe\u021bimea \u0219i aroma. Ambalajul protejeaz\u0103 \u00eempotriva luminii \u0219i a aerului, fiind compus din mai multe straturi de protec\u021bie care p\u0103streaz\u0103 propriet\u0103\u021bile con\u021binutului.<\/span><\/p>\n<p><span style=\"color: #000000\">Ambalajul este foarte practic \u0219i reciclabil.<\/span><\/p>\n<h2><span style=\"color: #000000\">Depozitare \u0219i avertismente<\/span><\/h2>\n<p><span style=\"color: #000000\">A se p\u0103stra \u00eentr-un loc r\u0103coros \u0219i uscat. \u021aine\u021bi suplimentul alimentar departe de copiii!<\/span><\/p>\n<p><span style=\"color: #000000\">Nu uita\u021bi importan\u021ba unei alimenta\u021bii variate \u0219i a unui stil de via\u021b\u0103 s\u0103n\u0103tos, un supliment alimentar nu este, prin urmare, un substitut pentru o diet\u0103 echilibrat\u0103 \u0219i variat\u0103. Cantitatea sau doza zilnic\u0103 recomandat\u0103 nu trebuie s\u0103 fie dep\u0103\u0219it\u0103. Femeile \u00eens\u0103rcinate \u0219i cele care al\u0103pteaz\u0103 sunt \u00eentotdeauna sf\u0103tuite s\u0103 consulte un medic \u00eenainte de utilizare.<\/span><\/p>\n<h2><span style=\"color: #000000\">Bine de \u0219tiut<\/span><\/h2>\n<p><span style=\"color: #000000\">Produsul este potrivit \u0219i pentru animale. \u00cen majoritatea cazurilor, ciupercile medicinale se dovedesc a fi extrem de eficiente \u00een stimularea sistemului imunitar, \u00een eliminarea alergiilor \u0219i a bolilor de piele, precum \u0219i a infec\u021biilor virale \u0219i bacteriene. Elixir mix are, de asemenea, un impact asupra bun\u0103st\u0103rii generale a animalului. V\u0103 rug\u0103m s\u0103 consulta\u021bi medicul veterinar \u00eenainte de utilizare cu privire la oportunitatea administr\u0103rii \u0219i la cantitatea zilnic\u0103 recomandat\u0103.<\/span><\/p>\n<h2><span style=\"color: #000000\">Origine<\/span><\/h2>\n<p><span style=\"color: #000000\">Slovenia<\/span><\/p>\n","protected":false},"excerpt":{"rendered":"<p align=\"JUSTIFY\">Amestecul Elixir se adreseaz\u0103, de fapt, tuturor celor care doresc s\u0103 <strong>\u00ee\u0219i \u00eembun\u0103t\u0103\u021beasc\u0103 starea general\u0103 de bine prin cre\u0219terea rezisten\u021bei la boli, cre\u0219terea energiei fizice, reducerea impactului stresului \u0219i prevenirea \u00eemb\u0103tr\u00e2nirii premature a organismului <\/strong>. Se adreseaz\u0103, de asemenea, celor care doresc s\u0103 \u00eencerce ac\u021biunea ciupercilor medicinale \u0219i s\u0103 \u00ee\u0219i \u00eent\u0103reasc\u0103 organismul \u00eentr-un mod natural. Este, de asemenea, un excelent <strong>supliment alimentar natural<\/strong>, deoarece ciupercile au o valoare nutritiv\u0103 ridicat\u0103 &#8211; nutrien\u021bi valoro\u0219i, oligoelemente, vitamine, macroelemente, fibre, proteine.<\/p>\n<p>\ud83d\udc9a Stimuleaz\u0103 sistemul imunitar<br \/>\n\ud83d\udc9a Anti-cancer<br \/>\n\ud83d\udc9a Ac\u021bioneaz\u0103 \u00een favoarea unui sistem cardiovascular s\u0103n\u0103tos<br \/>\n\ud83d\udc9a \u00cembun\u0103t\u0103\u021be\u0219te rezisten\u021ba fizic\u0103<br \/>\n\ud83d\udc9a Cre\u0219te energia fizic\u0103<br \/>\n\ud83d\udc9a Ac\u021bioneaz\u0103 \u00eempotriva stresului<\/p>\n","protected":false},"featured_media":5972,"comment_status":"open","ping_status":"closed","template":"","meta":{"_acf_changed":false},"product_brand":[],"product_cat":[15,227,224,225],"product_tag":[],"class_list":{"0":"post-5971","1":"product","2":"type-product","3":"status-publish","4":"has-post-thumbnail","6":"product_cat-uncategorized","7":"product_cat-ciuperci-medicinale","8":"product_cat-oferta","9":"product_cat-toate-produsele","11":"first","12":"instock","13":"sale","14":"taxable","15":"shipping-taxable","16":"purchasable","17":"product-type-simple"},"acf":[],"_links":{"self":[{"href":"https:\/\/fengchashop.com\/ro\/wp-json\/wp\/v2\/product\/5971","targetHints":{"allow":["GET"]}}],"collection":[{"href":"https:\/\/fengchashop.com\/ro\/wp-json\/wp\/v2\/product"}],"about":[{"href":"https:\/\/fengchashop.com\/ro\/wp-json\/wp\/v2\/types\/product"}],"replies":[{"embeddable":true,"href":"https:\/\/fengchashop.com\/ro\/wp-json\/wp\/v2\/comments?post=5971"}],"wp:featuredmedia":[{"embeddable":true,"href":"https:\/\/fengchashop.com\/ro\/wp-json\/wp\/v2\/media\/5972"}],"wp:attachment":[{"href":"https:\/\/fengchashop.com\/ro\/wp-json\/wp\/v2\/media?parent=5971"}],"wp:term":[{"taxonomy":"product_brand","embeddable":true,"href":"https:\/\/fengchashop.com\/ro\/wp-json\/wp\/v2\/product_brand?post=5971"},{"taxonomy":"product_cat","embeddable":true,"href":"https:\/\/fengchashop.com\/ro\/wp-json\/wp\/v2\/product_cat?post=5971"},{"taxonomy":"product_tag","embeddable":true,"href":"https:\/\/fengchashop.com\/ro\/wp-json\/wp\/v2\/product_tag?post=5971"}],"curies":[{"name":"wp","href":"https:\/\/api.w.org\/{rel}","templated":true}]}}