{"id":5968,"date":"2022-11-02T00:00:00","date_gmt":"2022-11-01T23:00:00","guid":{"rendered":"https:\/\/fengchashop.com\/ro\/product\/cardio-mix-bio-125-g\/"},"modified":"2026-05-10T22:33:23","modified_gmt":"2026-05-10T20:33:23","slug":"cardio-mix-bio","status":"publish","type":"product","link":"https:\/\/fengchashop.com\/ro\/product\/cardio-mix-bio\/","title":{"rendered":"Cardio mix BIO 125 g"},"content":{"rendered":"<h2><span style=\"color: #000000\">Cardio mix BIO pulbere de ciuperci medicinale BIO<\/span><\/h2>\n<p><span style=\"color: #000000\">Cardio mix este utilizat ca suport pentru <strong>\u00eembun\u0103t\u0103\u021birea func\u021biei cardiace, a circula\u021biei s\u00e2ngelui \u0219i a celor mai importante valori ale s\u00e2ngelui<\/strong>.<\/span><\/p>\n<p><span style=\"color: #000000\">De fapt, este un amestec care ajut\u0103 sau asigur\u0103 toate condi\u021biile care trebuie s\u0103 fie \u00eendeplinite pentru<strong> func\u021bionarea ideal\u0103 a sistemului cardiac<\/strong>.<\/span><\/p>\n<p><span style=\"color: #000000\">Amestecul este alc\u0103tuit din cinci specii de ciuperci, \u0219i anume Lentinula edodes, Auricularia auricula, Ganoderma lucidum, Grifola frondosa \u0219i Cordyceps. Aceste ciuperci se num\u0103r\u0103 printre cele mai eficiente \u00een prevenirea apari\u021biei bolilor cardiovasculare, conform majorit\u0103\u021bii studiilor efectuate la nivel mondial.<\/span><\/p>\n<p><span style=\"color: #000000\">Cardio mix ofer\u0103 cel mai larg spectru de ac\u021biune echilibrat\u0103 datorit\u0103 sutelor de substan\u021be active farmacologice diferite pe care le con\u021bine.<\/span><\/p>\n<p><span style=\"color: #000000\">Acest spectru larg de specii de ciuperci utilizate are ca rezultat o ac\u021biune cu spectru larg \u0219i o ac\u021biune preventiv\u0103 accelerat\u0103 \u00eempotriva debilit\u0103\u021bii generale.<\/span><\/p>\n<p><span style=\"color: #000000\">Utilizarea produsului este destul de simpl\u0103 \u0219i nu necesit\u0103 nicio preg\u0103tire sau \u00eendem\u00e2nare. Ciupercile sunt m\u0103cinate \u00eentr-o pulbere fin\u0103 care nu con\u021bine particule. Prin urmare, produsul este gata de utilizare. Pur \u0219i simplu se distribuie direct din ambalaj \u00een b\u0103utura preferat\u0103, se amestec\u0103 \u0219i se consum\u0103.<\/span><\/p>\n<h2><span style=\"color: #000000\">De ce s\u0103 folosi\u021bi Cardio Mix \u0219i care sunt efectele sale?<\/span><\/h2>\n<p><span style=\"color: #000000\">Re\u021beta amestecului a fost preg\u0103tit\u0103 cu aten\u021bie pe baza observa\u021biilor \u0219i constat\u0103rilor f\u0103cute de utilizatorii obi\u0219nui\u021bi ai amestecului \u0219i ai ciupercilor medicinale \u00een general. Rezultatele a numeroase studii de cercetare na\u021bionale \u0219i interna\u021bionale au fost luate \u00een considerare pentru prepararea acestui amestec special. \u0218i, de\u0219i ciupercile medicinale au mecanisme de ac\u021biune foarte complexe pe care \u0219tiin\u021ba nu a reu\u0219it \u00eenc\u0103 s\u0103 le explice, \u0219tim c\u0103 au un efect benefic asupra sistemului nostru imunitar \u0219i a organismului.<\/span><\/p>\n<p><span style=\"color: #000000\">Efectele pozitive ale Cardio Mix, care au un efect curativ asupra organismului nostru, sunt urm\u0103toarele:<\/span><\/p>\n<p><span style=\"color: #000000\">\ud83d\udc9a regleaz\u0103<strong> tensiunea arterial\u0103<\/strong>,<\/span><\/p>\n<p><span style=\"color: #000000\">\ud83d\udc9a scade<strong> nivelul colesterolului,<\/strong><\/span><\/p>\n<p><span style=\"color: #000000\">\ud83d\udc9a scade<strong> nivelul trigliceridelor<\/strong>,<\/span><\/p>\n<p><span style=\"color: #000000\"><strong>\ud83d\udc9a previne bolile coronariene<\/strong>,<\/span><\/p>\n<p><span style=\"color: #000000\">\ud83d\udc9a scade glicemia \u0219i previne apari\u021bia<strong> diabetului<\/strong>,<\/span><\/p>\n<p><span style=\"color: #000000\">\ud83d\udc9a previne formarea<strong> cheagurilor de s\u00e2nge<\/strong>,<\/span><\/p>\n<p><span style=\"color: #000000\">\ud83d\udc9a favorizeaz\u0103 <strong>circula\u021bia s\u00e2ngelui<\/strong>,<\/span><\/p>\n<p><span style=\"color: #000000\">\ud83d\udc9a stimuleaz\u0103<strong> sistemul imunitar<\/strong>,<\/span><\/p>\n<p><span style=\"color: #000000\">\ud83d\udc9a ac\u021bioneaz\u0103 \u00eempotriva celulelor canceroase,<\/span><\/p>\n<p><span style=\"color: #000000\">\ud83d\udc9a a <strong>ntistres<\/strong>,<\/span><\/p>\n<p><span style=\"color: #000000\">\ud83d\udc9a \u00eembun\u0103t\u0103\u021be\u0219te <strong>abilit\u0103\u021bile mentale<\/strong>,<\/span><\/p>\n<p><span style=\"color: #000000\">\ud83d\udc9a ca un<strong> antioxidant puternic, elimin\u0103 radicalii liberi<\/strong> \u0219i<strong> previne stresul oxidativ<\/strong>.<\/span><\/p>\n<p><span style=\"color: #000000\">Produc\u021bia ciupercilor noastre medicinale este strict controlat\u0103, f\u0103r\u0103 utilizarea de substan\u021be chimice sau pesticide \u0219i <strong>100% organic\u0103<\/strong>.<\/span><\/p>\n<h2><span style=\"color: #000000\">Cui se adreseaz\u0103 Cardio Mix?<\/span><\/h2>\n<p><span style=\"color: #000000\">Cardio mix se adreseaz\u0103 de fapt tuturor celor care doresc s\u0103 ofere sistemului lor cardiovascular cele mai bune condi\u021bii pentru o<strong> s\u0103n\u0103tate cardiovascular\u0103 pe termen lung<\/strong>. Ca urmare, ac\u021bioneaz\u0103 \u0219i asupra s\u0103n\u0103t\u0103\u021bii \u0219i bun\u0103st\u0103rii noastre generale \u0219i asupra unui sistem imunitar puternic. Este, de asemenea, pentru cei care doresc s\u0103 \u00eencerce ac\u021biunea ciupercilor medicinale \u0219i s\u0103 \u00ee\u0219i \u00eent\u0103reasc\u0103 organismul \u00eentr-un mod natural. Este, de asemenea, un excelent supliment alimentar natural, deoarece ciupercile au valori nutritive ridicate &#8211; valori nutritive valoroase, oligoelemente, vitamine, macroelemente, fibre, proteine. Ciupercile medicinale au o istorie bogat\u0103 \u00een medicina \u0219i vindecarea chinez\u0103, iar omul se \u00eentoarce din ce \u00een ce mai mult la natur\u0103 pentru s\u0103n\u0103tate.<\/span><\/p>\n<p><span style=\"color: #000000\">Din cauza ciupercii Auricularia auricula con\u021binut\u0103 \u00een amestec, nu este recomandat consumul \u00een timpul sarcinii \u0219i al\u0103pt\u0103rii.<\/span><\/p>\n<h2><span style=\"color: #000000\">Ambalaj<\/span><\/h2>\n<p><span style=\"color: #000000\">Pung\u0103 cu fermoar nepermeabil \u00een care produsul \u00ee\u0219i p\u0103streaz\u0103 toat\u0103 prospe\u021bimea \u0219i aroma. Ambalajul protejeaz\u0103 produsul de lumin\u0103 \u0219i de aer, fiind compus din mai multe straturi de protec\u021bie care p\u0103streaz\u0103 propriet\u0103\u021bile con\u021binutului.<\/span><\/p>\n<p><span style=\"color: #000000\">Ambalajul este foarte practic \u0219i reciclabil.<\/span><\/p>\n<h2><span style=\"color: #000000\">Depozitare \u0219i avertismente<\/span><\/h2>\n<p><span style=\"color: #000000\">A se p\u0103stra \u00eentr-un loc r\u0103coros \u0219i uscat. \u021aine\u021bi suplimentul alimentar departe de copiii!<\/span><\/p>\n<p><span style=\"color: #000000\">Nu uita\u021bi importan\u021ba unei alimenta\u021bii variate \u0219i a unui stil de via\u021b\u0103 s\u0103n\u0103tos, un supliment alimentar nu este, prin urmare, un substitut pentru o diet\u0103 echilibrat\u0103 \u0219i variat\u0103. Cantitatea sau doza zilnic\u0103 recomandat\u0103 nu trebuie s\u0103 fie dep\u0103\u0219it\u0103.<\/span><\/p>\n<h2><span style=\"color: #000000\">Este bine de \u0219tiut<\/span><\/h2>\n<p><span style=\"color: #000000\">Produsul este potrivit \u0219i pentru animale. \u00cen majoritatea cazurilor, ciupercile medicinale se dovedesc a fi extrem de eficiente \u00een \u00eent\u0103rirea sistemului imunitar, \u00een eliminarea alergiilor \u0219i a bolilor de piele, precum \u0219i a infec\u021biilor virale \u0219i bacteriene. Cardio mix influen\u021beaz\u0103, de asemenea, buna func\u021bionare a sistemului cardiac. V\u0103 rug\u0103m s\u0103 consulta\u021bi medicul veterinar \u00eenainte de utilizare cu privire la oportunitatea administr\u0103rii \u0219i la cantitatea zilnic\u0103 recomandat\u0103.<\/span><\/p>\n<h2><span style=\"color: #000000\">Origine<\/span><\/h2>\n<p><span style=\"color: #000000\">Slovenia<\/span><\/p>\n","protected":false},"excerpt":{"rendered":"<p align=\"JUSTIFY\"><i>Cardio<\/i> mix este folosit ca suport pentru <b>\u00eembun\u0103t\u0103\u021birea func\u021biei cardiace<\/b>, a <b>circula\u021biei <\/b> <b>s\u00e2ngelui<\/b> \u0219i a <b>celor mai importante valori ale s\u00e2ngelui<\/b>. De fapt, este un amestec care ajut\u0103 sau asigur\u0103 toate condi\u021biile care trebuie s\u0103 fie \u00eendeplinite pentru func\u021bionarea ideal\u0103 a <b>sistemului cardiac<\/b>.<\/p>\n<p>\ud83d\udc9a \u00cent\u0103re\u0219te sistemul imunitar<br \/>\n\ud83d\udc9a Regleaz\u0103 tensiunea arterial\u0103<br \/>\n\ud83d\udc9a Scade nivelul colesterolului<br \/>\n\ud83d\udc9a Scade nivelul trigliceridelor<\/p>\n","protected":false},"featured_media":5969,"comment_status":"open","ping_status":"closed","template":"","meta":{"_acf_changed":false},"product_brand":[],"product_cat":[15,227,224,225],"product_tag":[],"class_list":{"0":"post-5968","1":"product","2":"type-product","3":"status-publish","4":"has-post-thumbnail","6":"product_cat-uncategorized","7":"product_cat-ciuperci-medicinale","8":"product_cat-oferta","9":"product_cat-toate-produsele","11":"first","12":"instock","13":"sale","14":"taxable","15":"shipping-taxable","16":"purchasable","17":"product-type-simple"},"acf":[],"_links":{"self":[{"href":"https:\/\/fengchashop.com\/ro\/wp-json\/wp\/v2\/product\/5968","targetHints":{"allow":["GET"]}}],"collection":[{"href":"https:\/\/fengchashop.com\/ro\/wp-json\/wp\/v2\/product"}],"about":[{"href":"https:\/\/fengchashop.com\/ro\/wp-json\/wp\/v2\/types\/product"}],"replies":[{"embeddable":true,"href":"https:\/\/fengchashop.com\/ro\/wp-json\/wp\/v2\/comments?post=5968"}],"wp:featuredmedia":[{"embeddable":true,"href":"https:\/\/fengchashop.com\/ro\/wp-json\/wp\/v2\/media\/5969"}],"wp:attachment":[{"href":"https:\/\/fengchashop.com\/ro\/wp-json\/wp\/v2\/media?parent=5968"}],"wp:term":[{"taxonomy":"product_brand","embeddable":true,"href":"https:\/\/fengchashop.com\/ro\/wp-json\/wp\/v2\/product_brand?post=5968"},{"taxonomy":"product_cat","embeddable":true,"href":"https:\/\/fengchashop.com\/ro\/wp-json\/wp\/v2\/product_cat?post=5968"},{"taxonomy":"product_tag","embeddable":true,"href":"https:\/\/fengchashop.com\/ro\/wp-json\/wp\/v2\/product_tag?post=5968"}],"curies":[{"name":"wp","href":"https:\/\/api.w.org\/{rel}","templated":true}]}}