{"id":5964,"date":"2022-02-11T19:06:19","date_gmt":"2022-02-11T18:06:19","guid":{"rendered":"https:\/\/fengchashop.com\/ro\/product\/maitake-bio-125-g\/"},"modified":"2026-05-11T10:32:06","modified_gmt":"2026-05-11T08:32:06","slug":"maitake-bio","status":"publish","type":"product","link":"https:\/\/fengchashop.com\/ro\/product\/maitake-bio\/","title":{"rendered":"Maitake BIO 125 g"},"content":{"rendered":"<h2><span style=\"color: #000000\">Maitake (Grifola frondosa) BIO<\/span><\/h2>\n<p><span style=\"color: #000000\">Grifola frondosa, sau<strong> ciuperca mare \u0219i liber\u0103<\/strong>, este o ciuperc\u0103 comestibil\u0103 de dimensiuni foarte mari, folosit\u0103 \u00een special \u00een Japonia \u00een aplica\u021bii culinare. Are o textur\u0103 \u0219i un gust pl\u0103cut. Este, de asemenea, utilizat\u0103 ca supliment alimentar \u00een medicina tradi\u021bional\u0103 chinez\u0103. Matiake este folosit\u0103 <strong>pentru s\u0103n\u0103tate general\u0103 \u0219i vitalitate fizic\u0103<\/strong>. Ac\u021bioneaz\u0103 prin echilibrarea organismului, prin \u00eent\u0103rirea sistemului imunitar \u0219i prin \u00eembun\u0103t\u0103\u021birea valorilor sanguine. Popularitatea sa a crescut, de asemenea, mai ales \u00een ultima vreme, datorit\u0103 poten\u021bialului s\u0103u ca ajutor \u00een tratamentul diferitelor tipuri de cancer \u0219i a numeroaselor sale alte efecte benefice.<\/span><\/p>\n<p><span style=\"color: #000000\">Produc\u021bia ciupercii noastre medicinale Maitake este strict controlat\u0103, f\u0103r\u0103 utilizarea de substan\u021be chimice sau pesticide \u0219i<strong> 100% organic\u0103<\/strong>. Calitatea ciupercilor este monitorizat\u0103 \u00een mod regulat de laboratoare independente din Slovenia \u0219i SUA.<\/span><\/p>\n<h2><span style=\"color: #000000\">Ce con\u021bine \u0219i pentru cine este?<\/span><\/h2>\n<p><span style=\"color: #000000\">Maitake este bogat\u0103 \u00een minerale (potasiu, calciu, magneziu etc.), vitamine (B2, D2, niacin\u0103), fibre, proteine, aminoacizi, polizaharide (de exemplu, proteina \u03b2-glucan) \u0219i al\u021bi antioxidan\u021bi (de exemplu, prebioticul trehalose). Pe l\u00e2ng\u0103 diferitele polizaharide, \u03b2-D-glucan \u0219i ergosterolul (provitamina D2) sunt sursa efectelor medicinale ale ciupercii. Consumul regulat de ciuperc\u0103 ajut\u0103 la men\u021binerea vitalit\u0103\u021bii fizice, ajut\u00e2nd, de asemenea, \u00een cazul oboselii cronice \u0219i av\u00e2nd propriet\u0103\u021bi antioxidante remarcabile. Asem\u0103n\u0103tor cu Ganoderma lucidum, maitake poate fi clasificat\u0103 drept o ciuperc\u0103 ce poate avea un<strong> efect pozitiv asupra bun\u0103st\u0103rii noastre generale \u0219i asupra sistemului imunitar prin ingredientele sale active<\/strong>. Astfel, maitake este folosit\u0103 pentru a \u00eembun\u0103t\u0103\u021bi s\u0103n\u0103tatea general\u0103 \u0219i vitalitatea fizic\u0103 \u0219i pentru a preveni oboseala cronic\u0103.<\/span><\/p>\n<p><span style=\"color: #000000\">Alte efecte medicinale pozitive pe care le mai are aceast\u0103 ciuperc\u0103 extrem de popular\u0103 pot fi g\u0103site \u00een r\u00e2ndurile urm\u0103toare:<\/span><\/p>\n<p><span style=\"color: #000000\"><strong>\ud83d\udc9a \u00cent\u0103re\u0219te sistemul imunitar<\/strong> \u0219i \u00eembun\u0103t\u0103\u021be\u0219te starea general\u0103 de bine,<\/span><\/p>\n<p><span style=\"color: #000000\"> \ud83d\udc9a propriet\u0103\u021bi <strong>antioxidante<\/strong>,<\/span><\/p>\n<p><span style=\"color: #000000\"> \ud83d\udc9a ajut\u0103 \u00een cazul<strong> oboselii cronice<\/strong>,<\/span><\/p>\n<p><span style=\"color: #000000\"> \ud83d\udc9a ne poate ajuta s\u0103<strong> toler\u0103m efectele secundare ale chimioterapiei \u0219i radioterapiei<\/strong>,<\/span><\/p>\n<p><span style=\"color: #000000\"> \ud83d\udc9a are un efect pozitiv asupra oaselor \u0219i sprijin\u0103 tratamentul<strong> osteoporozei<\/strong>,<\/span><\/p>\n<p><span style=\"color: #000000\"> \ud83d\udc9a <strong>regleaz\u0103 colesterolul \u0219i scade tensiunea arterial\u0103 \u0219i previne apari\u021bia diabetului<\/strong>, \u00een timp ce s-a constatat c\u0103 reduce nivelul de zah\u0103r din s\u00e2nge la pacien\u021bii cu diabet de tip 2,<\/span><\/p>\n<p><span style=\"color: #000000\"> \ud83d\udc9a a <strong>ntiviral\u0103 \u0219i antimicrobian\u0103<\/strong>,<\/span><\/p>\n<p><span style=\"color: #000000\"> \ud83d\udc9a previne cre\u0219terea \u0219i metastazarea tumorilor,<\/span><\/p>\n<p><span style=\"color: #000000\"> \ud83d\udc9a ajut\u0103 la controlul greut\u0103\u021bii,<\/span><\/p>\n<p><span style=\"color: #000000\"> \ud83d\udc9a de asemenea, este eficient \u00een tratamentul hepatitei cronice B, al HIV \u0219i al<strong> cre\u0219terii Candida albicans<\/strong>.<\/span><\/p>\n<p><span style=\"color: #000000\">Toate elementele din ciuperc\u0103 sunt prezente \u00een cantit\u0103\u021bi mari \u0219i au un efect foarte pozitiv asupra organismului nostru.<\/span><\/p>\n<p><span style=\"color: #000000\">Sub form\u0103 de pulbere, con\u021bine mul\u021bi nutrien\u021bi, iar efectele sale pozitive au fost, de asemenea, dovedite \u0219tiin\u021bific. Studii din diferite \u021b\u0103ri din \u00eentreaga lume au identificat numeroase efecte benefice asociate consumului regulat de ciuperci Maitake.<\/span><\/p>\n<p><span style=\"color: #000000\">Iar ceea ce este extrem de important aici este faptul c\u0103 Maitake este un produs 100% natural care ne poate ajuta \u00eentr-un mod natural. \u00cembun\u0103t\u0103\u021be\u0219te simptomele problemelor noastre \u0219i are un efect pozitiv asupra bun\u0103st\u0103rii noastre generale. Prin urmare, se adreseaz\u0103 tuturor celor care doresc s\u0103 beneficieze \u00een vreun fel de avantajele sale. De la \u00eembun\u0103t\u0103\u021birea func\u021bion\u0103rii sistemului imunitar, ca ajutor \u00een cazul candida, pentru a ajuta la tratarea cancerelor, pentru bun\u0103starea general\u0103 etc. \u00centruc\u00e2t ciupercile sunt at\u00e2t de eficiente tocmai pentru c\u0103 au capacitatea de a absorbi tot ce este bun \u0219i r\u0103u din mediul \u00eenconjur\u0103tor, este important s\u0103 opta\u021bi pentru cele cultivate organic.<\/span><\/p>\n<h2><span style=\"color: #000000\">De ce ciuperci?<\/span><\/h2>\n<p><span style=\"color: #000000\">Ciupercile sunt foarte interesante. Ele nu sunt nici plante, nici animale, dar ceea ce sunt, sunt cu siguran\u021b\u0103 organisme incredibile care au reu\u0219it s\u0103 supravie\u021buiasc\u0103, de fapt, aproape de la \u00eenceputul lumii. Ele au dezvoltat o strategie special\u0103 de supravie\u021buire care le-a sus\u021binut p\u00e2n\u0103 \u00een prezent. Iar noi, oamenii, putem beneficia \u0219i noi de aceste avantaje prin consumul de ciuperci medicinale. Ele ne aduc echilibru la nivel fizic \u0219i ne protejeaz\u0103 \u00eempotriva multor boli. Ele pot fi un <strong>tratament<\/strong><strong> preventiv<\/strong> sau <strong>curativ de sus\u021binere<\/strong> pentru multe boli (moderne), fie ele conven\u021bionale sau altfel neconven\u021bionale. \u00cen mod tradi\u021bional, ciupercilor li se atribuie efectele lor \u00een cazurile de cancer, boli autoimune \u0219i alergii. De asemenea, ele sunt bune pentru un r\u0103spuns s\u0103n\u0103tos \u0219i puternic al sistemului imunitar. Cu toate acestea, cercet\u0103rile medicale efectuate \u00een ultimele decenii, c\u00e2nd ciupercile au devenit de interes \u00een lumea occidental\u0103, au confirmat multe dintre efectele lor terapeutice.<\/span><\/p>\n<p><span style=\"color: #000000\">Deoarece anumite substan\u021be active naturale sunt indigeste sau greu de digerat pentru noi, este foarte important s\u0103 consum\u0103m doar cele mai bune pulberi de ciuperci. Ciupercile trebuie s\u0103 fie cultivate, uscate \u0219i preparate \u00een mod corespunz\u0103tor. Ele trebuie s\u0103 fie m\u0103cinate \u00eentr-o pulbere fin\u0103, f\u0103r\u0103 buc\u0103\u021bi. Culoarea pulberii este mai deschis\u0103, dar \u00een rest depinde \u0219i de tipul de ciuperci consumate.<\/span><\/p>\n<h2><span style=\"color: #000000\">Ambalaj<\/span><\/h2>\n<p><span style=\"color: #000000\">Pung\u0103 cu fermoar nepermeabil \u00een care produsul \u00ee\u0219i p\u0103streaz\u0103 toat\u0103 prospe\u021bimea \u0219i aroma. Ambalajul protejeaz\u0103 produsul de lumin\u0103 \u0219i de aer, fiind compus din mai multe straturi de protec\u021bie care p\u0103streaz\u0103 propriet\u0103\u021bile con\u021binutului.<\/span><\/p>\n<p><span style=\"color: #000000\">Ambalajul este foarte practic \u0219i reciclabil.<\/span><\/p>\n<h2><span style=\"color: #000000\">Depozitare \u0219i avertismente<\/span><\/h2>\n<p><span style=\"color: #000000\">A se p\u0103stra \u00eentr-un loc r\u0103coros \u0219i uscat. \u021aine\u021bi suplimentul alimentar departe de copiii!<\/span><\/p>\n<p><span style=\"color: #000000\">Nu uita\u021bi importan\u021ba unei alimenta\u021bii variate \u0219i a unui stil de via\u021b\u0103 s\u0103n\u0103tos, un supliment alimentar nu este, prin urmare, un substitut pentru o diet\u0103 echilibrat\u0103 \u0219i variat\u0103. Cantitatea sau doza zilnic\u0103 recomandat\u0103 nu trebuie s\u0103 fie dep\u0103\u0219it\u0103. Femeile \u00eens\u0103rcinate \u0219i cele care al\u0103pteaz\u0103 sunt \u00eentotdeauna sf\u0103tuite s\u0103 consulte un medic \u00eenainte de utilizare.<\/span><\/p>\n<h2><span style=\"color: #000000\">Bine de \u0219tiut<\/span><\/h2>\n<p><span style=\"color: #000000\">Produsul este potrivit \u0219i pentru animale. \u00cen cele mai multe cazuri, ciupercile medicinale se dovedesc a fi extrem de eficiente \u00een stimularea sistemului imunitar, \u00een eliminarea alergiilor \u0219i a afec\u021biunilor cutanate, precum \u0219i a infec\u021biilor virale \u0219i bacteriene. V\u0103 rug\u0103m s\u0103 consulta\u021bi medicul veterinar \u00eenainte de utilizare cu privire la oportunitatea administr\u0103rii \u0219i la cantitatea zilnic\u0103 recomandat\u0103.<\/span><\/p>\n<h2><span style=\"color: #000000\">Origine<\/span><\/h2>\n<p><span style=\"color: #000000\">Slovenia<\/span><\/p>\n","protected":false},"excerpt":{"rendered":"<p align=\"JUSTIFY\">Grifola frondosa, sau <strong>ciuperca mare cu frunze libere<\/strong>, este o ciuperc\u0103 comestibil\u0103 foarte mare. Este, de asemenea, utilizat\u0103 ca supliment alimentar \u00een medicina tradi\u021bional\u0103 chinez\u0103. Matiacurile sunt folosite <strong>pentru a \u00eembun\u0103t\u0103\u021bi s\u0103n\u0103tatea \u0219i vitalitatea fizic\u0103 \u00een general<\/strong>.<\/p>\n<p>\ud83d\udc9a \u00cent\u0103re\u0219te sistemul imunitar.<br \/>\n\ud83d\udc9a \u00cembun\u0103t\u0103\u021be\u0219te bun\u0103starea general\u0103.<br \/>\n\ud83d\udc9a Are propriet\u0103\u021bi antioxidante.<br \/>\n\ud83d\udc9a Ajut\u0103 \u00een cazul oboselii cronice.<\/p>\n","protected":false},"featured_media":5965,"comment_status":"open","ping_status":"closed","template":"","meta":{"_acf_changed":false},"product_brand":[],"product_cat":[15,227,224,225],"product_tag":[],"class_list":{"0":"post-5964","1":"product","2":"type-product","3":"status-publish","4":"has-post-thumbnail","6":"product_cat-uncategorized","7":"product_cat-ciuperci-medicinale","8":"product_cat-oferta","9":"product_cat-toate-produsele","11":"first","12":"instock","13":"taxable","14":"shipping-taxable","15":"purchasable","16":"product-type-simple"},"acf":[],"_links":{"self":[{"href":"https:\/\/fengchashop.com\/ro\/wp-json\/wp\/v2\/product\/5964","targetHints":{"allow":["GET"]}}],"collection":[{"href":"https:\/\/fengchashop.com\/ro\/wp-json\/wp\/v2\/product"}],"about":[{"href":"https:\/\/fengchashop.com\/ro\/wp-json\/wp\/v2\/types\/product"}],"replies":[{"embeddable":true,"href":"https:\/\/fengchashop.com\/ro\/wp-json\/wp\/v2\/comments?post=5964"}],"wp:featuredmedia":[{"embeddable":true,"href":"https:\/\/fengchashop.com\/ro\/wp-json\/wp\/v2\/media\/5965"}],"wp:attachment":[{"href":"https:\/\/fengchashop.com\/ro\/wp-json\/wp\/v2\/media?parent=5964"}],"wp:term":[{"taxonomy":"product_brand","embeddable":true,"href":"https:\/\/fengchashop.com\/ro\/wp-json\/wp\/v2\/product_brand?post=5964"},{"taxonomy":"product_cat","embeddable":true,"href":"https:\/\/fengchashop.com\/ro\/wp-json\/wp\/v2\/product_cat?post=5964"},{"taxonomy":"product_tag","embeddable":true,"href":"https:\/\/fengchashop.com\/ro\/wp-json\/wp\/v2\/product_tag?post=5964"}],"curies":[{"name":"wp","href":"https:\/\/api.w.org\/{rel}","templated":true}]}}