{"id":5960,"date":"2022-02-11T19:13:33","date_gmt":"2022-02-11T18:13:33","guid":{"rendered":"https:\/\/fengchashop.com\/ro\/product\/trametes-coriolus-bio-ue-125-g\/"},"modified":"2026-05-10T22:48:12","modified_gmt":"2026-05-10T20:48:12","slug":"trametes-coriolus-bio-ue","status":"publish","type":"product","link":"https:\/\/fengchashop.com\/ro\/product\/trametes-coriolus-bio-ue\/","title":{"rendered":"Trametes versicolor (Coriolus) BIO UE 125 g"},"content":{"rendered":"<h2><span style=\"color: #000000\">Coriolus bio<\/span><\/h2>\n<p><span style=\"color: #000000\"><strong>Coriolus<\/strong>\u00a0este o ciuperc\u0103 medicinal\u0103 renumit\u0103, care este folosit\u0103 de secole \u00een medicina tradi\u021bional\u0103 chinez\u0103. \u00cempreun\u0103 cu ganoderma, cordyceps \u0219i alte ciuperci, este una dintre cele <strong>mai cunoscute ciuperci medicinale<\/strong> din \u021bara noastr\u0103. Ingredientele sale active fac obiectul a <strong>numeroase studii clinice farmacologice<\/strong>. Coriolus este o ciuperc\u0103 de lemn r\u0103sp\u00e2ndit\u0103 \u0219i comun\u0103, care cre\u0219te pe lemnul \u00een descompunere \u00een \u00eentreaga lume.\u00a0<\/span><\/p>\n<p><span style=\"color: #000000\">Produc\u021bia ciupercilor noastre medicinale Coriolus este strict controlat\u0103, f\u0103r\u0103 utilizarea de substan\u021be chimice sau pesticide \u0219i este <strong>100% organic\u0103<\/strong>. Calitatea ciupercilor este monitorizat\u0103 \u00een mod regulat de laboratoare independente din Slovenia \u0219i SUA.<\/span><\/p>\n<p><span style=\"color: #000000\">Coriolus con\u021bine o varietate de polizaharide, vitamine, s\u0103ruri minerale \u0219i antioxidan\u021bi. De asemenea, con\u021bine o mare varietate de antioxidan\u021bi fenolici \u0219i flavonoizi, despre care se crede c\u0103 au numeroase beneficii pentru organismul nostru. Dou\u0103 <strong>complexe importante de polizaharide-proteine &#8211; PKS<\/strong> (crestin\u0103 sau polizaharid\u0103 K) \u0219i <strong>PSP<\/strong> (peptid\u0103 polizaharidic\u0103) care \u00eel alc\u0103tuiesc sunt \u00eenc\u0103 subiectul multor cercet\u0103ri.<\/span><\/p>\n<h2><span style=\"color: #000000\">Ambalare<\/span><\/h2>\n<p><span style=\"color: #000000\">O pung\u0103 etan\u0219\u0103, care poate fi sigilat\u0103, \u00een care produsul \u00ee\u0219i p\u0103streaz\u0103 toat\u0103 prospe\u021bimea \u0219i aroma. Ambalajul protejeaz\u0103 \u00eempotriva efectelor luminii \u0219i a aerului, deoarece este alc\u0103tuit din mai multe straturi de protec\u021bie care p\u0103streaz\u0103 propriet\u0103\u021bile con\u021binutului.<\/span><\/p>\n<p><span style=\"color: #000000\">Ambalajul este foarte practic \u0219i reciclabil.<\/span><\/p>\n<h2><span style=\"color: #000000\">Origine<\/span><\/h2>\n<p><span style=\"color: #000000\">UE<\/span><\/p>\n","protected":false},"excerpt":{"rendered":"<p align=\"JUSTIFY\"><strong>Coriolus<\/strong>\u00a0este o ciuperc\u0103 medicinal\u0103 renumit\u0103, care este folosit\u0103 de secole \u00een medicina tradi\u021bional\u0103 chinez\u0103. \u00cempreun\u0103 cu ganoderma, cordyceps \u0219i alte ciuperci, <strong>este una dintre cele mai cunoscute ciuperci medicinale din \u021bara noastr\u0103<\/strong>.<\/p>\n<p>\ud83d\udc9a Calitate premium.<br \/>\n\ud83d\udc9a Produs natural.<br \/>\n\ud83d\udc9a Extrem de eficient.<br \/>\n\ud83d\udc9a Pret bun.<\/p>\n","protected":false},"featured_media":5932,"comment_status":"open","ping_status":"closed","template":"","meta":{"_acf_changed":false},"product_brand":[],"product_cat":[15,226,227,224,225],"product_tag":[],"class_list":{"0":"post-5960","1":"product","2":"type-product","3":"status-publish","4":"has-post-thumbnail","6":"product_cat-uncategorized","7":"product_cat-cele-mai-vandute","8":"product_cat-ciuperci-medicinale","9":"product_cat-oferta","10":"product_cat-toate-produsele","12":"first","13":"instock","14":"taxable","15":"shipping-taxable","16":"purchasable","17":"product-type-simple"},"acf":[],"_links":{"self":[{"href":"https:\/\/fengchashop.com\/ro\/wp-json\/wp\/v2\/product\/5960","targetHints":{"allow":["GET"]}}],"collection":[{"href":"https:\/\/fengchashop.com\/ro\/wp-json\/wp\/v2\/product"}],"about":[{"href":"https:\/\/fengchashop.com\/ro\/wp-json\/wp\/v2\/types\/product"}],"replies":[{"embeddable":true,"href":"https:\/\/fengchashop.com\/ro\/wp-json\/wp\/v2\/comments?post=5960"}],"wp:featuredmedia":[{"embeddable":true,"href":"https:\/\/fengchashop.com\/ro\/wp-json\/wp\/v2\/media\/5932"}],"wp:attachment":[{"href":"https:\/\/fengchashop.com\/ro\/wp-json\/wp\/v2\/media?parent=5960"}],"wp:term":[{"taxonomy":"product_brand","embeddable":true,"href":"https:\/\/fengchashop.com\/ro\/wp-json\/wp\/v2\/product_brand?post=5960"},{"taxonomy":"product_cat","embeddable":true,"href":"https:\/\/fengchashop.com\/ro\/wp-json\/wp\/v2\/product_cat?post=5960"},{"taxonomy":"product_tag","embeddable":true,"href":"https:\/\/fengchashop.com\/ro\/wp-json\/wp\/v2\/product_tag?post=5960"}],"curies":[{"name":"wp","href":"https:\/\/api.w.org\/{rel}","templated":true}]}}