{"id":5959,"date":"2022-02-11T18:42:21","date_gmt":"2022-02-11T17:42:21","guid":{"rendered":"https:\/\/fengchashop.com\/ro\/product\/hericium-erinaceus-bio-ue-origine-125-g\/"},"modified":"2026-04-30T16:47:05","modified_gmt":"2026-04-30T14:47:05","slug":"hericium-erinaceus-bio-ue-origine","status":"publish","type":"product","link":"https:\/\/fengchashop.com\/ro\/product\/hericium-erinaceus-bio-ue-origine\/","title":{"rendered":"Hericium erinaceus BIO UE origine 125 g"},"content":{"rendered":"<h2><span style=\"color: #000000\">Hericium erinaceus (ciuperca Coama leului)<\/span><\/h2>\n<p><span style=\"color: #000000\"><strong>Hericium erinaceus<\/strong>, sau <strong>ciuperca coama leului<\/strong>, este o ciuperc\u0103 comestibil\u0103 \u0219i medicinal\u0103 extrem de gustoas\u0103 \u0219i foarte apreciat\u0103. Aceasta cre\u0219te pe copacii c\u0103zu\u021bi, \u00een special \u00een emisfera nordic\u0103 (Europa, Asia de Est, America de Nord). Are o form\u0103 \u0219i o textur\u0103 distincte, asem\u0103n\u0103toare cu o barb\u0103, sau cu o coam\u0103 de leu. Este foarte apreciat\u0103 \u00een medicina tradi\u021bional\u0103 pentru ac\u021biunea sa \u0219i este numit\u0103 &#8222;<strong>hran\u0103 natural\u0103 pentru neuroni<\/strong>&#8222;. Prin urmare, este potrivit\u0103 \u0219i <strong>pentru sistemele nervoase sl\u0103bite<\/strong>. Consumul regulat are un efect benefic asupra sistemului nervos, ajut\u00e2nd la prevenirea \u0219i tratarea demen\u021bei \u0219i a sclerozei multiple. Propriet\u0103\u021bile sale pozitive se reflect\u0103, de asemenea, \u00een ac\u021biunea sa \u00eempotriva a dou\u0103 boli moderne din ce \u00een ce mai frecvente, depresia \u0219i anxietatea. <\/span><\/p>\n<p><span style=\"color: #000000\">Ciuperca coama leului are o <strong>lung\u0103 tradi\u021bie<\/strong> \u00een medicina tradi\u021bional\u0103 chinez\u0103 \u0219i este o <strong>ciuperc\u0103 foarte apreciat\u0103<\/strong>.<\/span><\/p>\n<p><span style=\"color: #000000\">Sub form\u0103 de pulbere, Hericium erinaceus con\u021bine mul\u021bi nutrien\u021bi. \u0218i \u00een aceast\u0103 form\u0103, corpul nostru poate folosi to\u021bi ace\u0219ti nutrien\u021bi. Efectele sale pozitive au fost <strong>dovedite \u0219tiin\u021bific<\/strong>.<\/span><\/p>\n<p><span style=\"color: #000000\">Produc\u021bia de Hericum erinaceus este strict controlat\u0103, f\u0103r\u0103 utilizarea de substan\u021be chimice sau pesticide \u0219i este 100% organic\u0103. Calitatea ciupercilor este monitorizat\u0103 \u00een mod regulat de laboratoare independente din Slovenia \u0219i SUA.<\/span><\/p>\n<p><span style=\"color: #000000\">Numeroasele efecte pozitive ale ciupercii sunt:<\/span><\/p>\n<p><span style=\"color: #000000\">\ud83d\udc9a are propriet\u0103\u021bi de antioxidant, <\/span><\/p>\n<p><span style=\"color: #000000\">\ud83d\udc9a ajut\u0103 \u00een caz de depresie \u0219i anxietate, <\/span><\/p>\n<p><span style=\"color: #000000\">\ud83d\udc9a \u00eembun\u0103t\u0103\u021be\u0219te somnul, <\/span><\/p>\n<p><span style=\"color: #000000\">\ud83d\udc9a \u00eembun\u0103t\u0103\u021be\u0219te func\u021bia de memorie, <\/span><\/p>\n<p><span style=\"color: #000000\">\ud83d\udc9a stimuleaz\u0103 sistemul imunitar, <\/span><\/p>\n<p><span style=\"color: #000000\">\ud83d\udc9a are un efect benefic asupra \u00eentregului sistem nervos \u0219i favorizeaz\u0103 regenerarea acestuia, <\/span><\/p>\n<p><span style=\"color: #000000\">\ud83d\udc9a ajut\u0103 \u0219i previne bolile cardiovasculare, <\/span><\/p>\n<p><span style=\"color: #000000\">\ud83d\udc9a are propriet\u0103\u021bi antibacteriene. <\/span><\/p>\n<h2><span style=\"color: #000000\">Ce con\u021bine \u0219i cui \u00eei este destinat\u0103?<\/span><\/h2>\n<p><span style=\"color: #000000\">Componentele active ale Hericum erinaceus includ <strong>betaglucani<\/strong>, care sunt tipici pentru ciuperci. A\u0219a-numitul HEP3 este unul dintre cei mai interesan\u021bi 1-3D-beta glucani din punct de vedere farmacologic. Ciupercile con\u021bin, de asemenea, <strong>polizaharide<\/strong> \u0219i <strong>polipeptide<\/strong>, precum \u0219i <strong>fitosteroli<\/strong>, cum ar fi beta sitosterolul \u0219i ergosterolul, minerale \u0219i <strong>oligoelemente<\/strong> esen\u021biale (Zn, Fe, Se, Ge etc.), <strong>niacin\u0103<\/strong>, <strong>biotin\u0103<\/strong> \u0219i <strong>vitamina D<\/strong>.<\/span><\/p>\n<p><span style=\"color: #000000\">Datorit\u0103 con\u021binutului s\u0103u de aminoacizi de \u00eenalt\u0103 calitate, ciuperca coama leului are cea <strong>mai mare valoare biologic\u0103<\/strong> \u00een compara\u021bie cu alte ciuperci comestibile (ciuperci albe, stridii \u0219i ciuperci shiitake) \u0219i, prin urmare, este <strong>un bun \u00eenlocuitor al c\u0103rnii<\/strong> \u00eentr-o diet\u0103 vegetarian\u0103.<\/span><\/p>\n<p><span style=\"color: #000000\">Toate elementele din ciuperci sunt prezente \u00een cantit\u0103\u021bi mari \u0219i au un efect foarte benefic asupra organismului nostru. Utilizarea ciupercii coama leului este recomandat\u0103 \u00een special celor care au nevoie de sprijin pentru sistemul nervos \u0219i pentru func\u021bia cerebral\u0103. Potrivit constat\u0103rilor \u0219tiin\u021bifice, este, de asemenea, excelent\u0103 pentru combaterea depresiei \u0219i anxiet\u0103\u021bii. De asemenea, este adesea folosit\u0103 pentru a stimula sistemul imunitar. <\/span><\/p>\n<p><span style=\"color: #000000\">\u0218i ceea ce este extrem de important \u00een acest caz este c\u0103 produsul nostru, Hericium erinaceus, este un <strong>produs 100% natural<\/strong> care ne poate ajuta \u00eentr-un mod natural. \u00cembun\u0103t\u0103\u021be\u0219te simptomele afec\u021biunilor \u0219i are un efect pozitiv asupra st\u0103rii noastre generale de bine.<\/span><\/p>\n<h2><span style=\"color: #000000\">De ce ciuperci?<\/span><\/h2>\n<p><span style=\"color: #000000\">Ciupercile sunt foarte interesante. Acestea nu sunt nici plante, nici animale, dar sunt cu siguran\u021b\u0103 <strong>organisme uimitoare<\/strong> care au reu\u0219it s\u0103 supravie\u021buiasc\u0103 aproape de la \u00eenceputul lumii. Acestea au dezvoltat o strategie specific\u0103 de supravie\u021buire care le-a permis s\u0103 reziste p\u00e2n\u0103 \u00een zilele noastre. Prin consumul de ciuperci medicinale, oamenii pot beneficia de aceste propriet\u0103\u021bi. Ciupercile ne ofer\u0103 echilibru la nivel fizic \u0219i ne protejeaz\u0103 de multe boli. Efectele acestora pot fi <strong>preventive<\/strong>, dar pot fi \u0219i <strong>curative<\/strong>, \u00een conjunc\u021bie cu tratamentele conven\u021bionale sau cu alte tratamente neconven\u021bionale, \u00een cazul multor boli (moderne). \u00cen mod tradi\u021bional, ciupercilor li s-au atribuit efecte pozitive \u00een cazul cancerului, al bolilor autoimune \u0219i al alergiilor. De asemenea, acestea sunt benefice pentru un r\u0103spuns imunitar s\u0103n\u0103tos \u0219i puternic. Mai mult dec\u00e2t at\u00e2t, cercet\u0103rile medicale efectuate \u00een ultimele decenii, c\u00e2nd ciupercile au suscitat interesul \u00een lumea occidental\u0103, au confirmat multe dintre efectele lor terapeutice.<\/span><\/p>\n<p><span style=\"color: #000000\">Deoarece anumite ingrediente active naturale sunt indigeste sau greu de digerat, este foarte important s\u0103 consum\u0103m doar cele mai bune pulberi de ciuperci. Ciupercile trebuie s\u0103 fie cultivate, uscate \u0219i preparate \u00een mod corespunz\u0103tor. Acestea trebuie m\u0103cinate p\u00e2n\u0103 devin o pulbere fin\u0103, f\u0103r\u0103 bulg\u0103ri. Culoarea pulberii este mai deschis\u0103, dar acest lucru depinde \u0219i de tipul de ciuperc\u0103 pe care o consuma\u021bi. Deoarece ciupercile sunt at\u00e2t de eficiente tocmai pentru c\u0103 au capacitatea de a absorbi tot &#8211; bun sau r\u0103u &#8211; din mediul \u00eenconjur\u0103tor, este important s\u0103 le folosim pe cele <strong>organice<\/strong>.<\/span><\/p>\n<h2><span style=\"color: #000000\">Ambalare<\/span><\/h2>\n<p><span style=\"color: #000000\">O pung\u0103 etan\u0219\u0103, care poate fi sigilat\u0103, \u00een care produsul \u00ee\u0219i p\u0103streaz\u0103 toat\u0103 prospe\u021bimea \u0219i aroma. Ambalajul protejeaz\u0103 \u00eempotriva efectelor luminii \u0219i a aerului, deoarece este alc\u0103tuit din mai multe straturi de protec\u021bie care p\u0103streaz\u0103 propriet\u0103\u021bile con\u021binutului.<\/span><\/p>\n<p><span style=\"color: #000000\">Ambalajul este foarte practic \u0219i reciclabil.<\/span><\/p>\n<h2><span style=\"color: #000000\">Depozitare \u0219i avertismente<\/span><\/h2>\n<p><span style=\"color: #000000\">A se p\u0103stra \u00eentr-un loc r\u0103coros \u0219i uscat. P\u0103stra\u021bi suplimentul alimentar departe de copii!<\/span><\/p>\n<p><span style=\"color: #000000\">Nu uita\u021bi importan\u021ba unei diete variate \u0219i a unui stil de via\u021b\u0103 s\u0103n\u0103tos, un supliment alimentar nu este un substitut pentru o diet\u0103 echilibrat\u0103 \u0219i variat\u0103. Cantitatea sau doza zilnic\u0103 recomandat\u0103 nu trebuie s\u0103 fie dep\u0103\u0219it\u0103. Femeile \u00eens\u0103rcinate \u0219i cele care al\u0103pteaz\u0103 sunt \u00eentotdeauna sf\u0103tuite s\u0103 consulte un medic \u00eenainte de utilizare.<\/span><\/p>\n<h2><span style=\"color: #000000\">Bine de \u0219tiut<\/span><\/h2>\n<p><span style=\"color: #000000\">Produsul este, de asemenea, potrivit pentru animale. \u00cen cele mai multe cazuri, ciupercile medicinale se dovedesc a fi extrem de eficiente \u00een stimularea sistemului imunitar, \u00een tratarea alergiilor \u0219i a afec\u021biunilor cutanate, precum \u0219i a infec\u021biilor virale \u0219i bacteriene. V\u0103 rug\u0103m s\u0103 consulta\u021bi medicul veterinar \u00eenainte de utilizare pentru a determina oportunitatea administr\u0103rii \u0219i cantitatea zilnic\u0103 recomandat\u0103.<\/span><\/p>\n<h2><span style=\"color: #000000\">Origine<\/span><\/h2>\n<p><span style=\"color: #000000\">UE<\/span><\/p>\n","protected":false},"excerpt":{"rendered":"<p align=\"JUSTIFY\"><strong>Hericium erinaceus<\/strong>, sau ciuperca coama leului, este o ciuperc\u0103 comestibil\u0103 \u0219i medicinal\u0103 extrem de gustoas\u0103 \u0219i foarte apreciat\u0103.Este foarte apreciat\u0103 \u00een medicina tradi\u021bional\u0103 pentru ac\u021biunea sa \u0219i este numit\u0103 &#8222;<strong>hran\u0103 natural\u0103 pentru neuroni<\/strong>&#8222;. Prin urmare, este potrivit\u0103 \u0219i <strong>pentru sistemele nervoase sl\u0103bite<\/strong>.<\/p>\n<p>\ud83d\udc9a Ac\u021bioneaz\u0103 ca un antioxidant.<br \/>\n\ud83d\udc9a Ajut\u0103 \u00een caz de depresie \u0219i anxietate.<br \/>\n\ud83d\udc9a \u00cembun\u0103t\u0103\u021be\u0219te func\u021bia de memorie.<br \/>\n\ud83d\udc9a Stimuleaz\u0103 func\u021bionarea sistemului imunitar.<br \/>\n\ud83d\udc9a Are un efect benefic asupra \u00eentregului sistem nervos.<\/p>\n","protected":false},"featured_media":5897,"comment_status":"open","ping_status":"closed","template":"","meta":{"_acf_changed":false},"product_brand":[],"product_cat":[15,226,227,224,225],"product_tag":[],"class_list":{"0":"post-5959","1":"product","2":"type-product","3":"status-publish","4":"has-post-thumbnail","6":"product_cat-uncategorized","7":"product_cat-cele-mai-vandute","8":"product_cat-ciuperci-medicinale","9":"product_cat-oferta","10":"product_cat-toate-produsele","12":"first","13":"instock","14":"sale","15":"taxable","16":"shipping-taxable","17":"purchasable","18":"product-type-simple"},"acf":[],"_links":{"self":[{"href":"https:\/\/fengchashop.com\/ro\/wp-json\/wp\/v2\/product\/5959","targetHints":{"allow":["GET"]}}],"collection":[{"href":"https:\/\/fengchashop.com\/ro\/wp-json\/wp\/v2\/product"}],"about":[{"href":"https:\/\/fengchashop.com\/ro\/wp-json\/wp\/v2\/types\/product"}],"replies":[{"embeddable":true,"href":"https:\/\/fengchashop.com\/ro\/wp-json\/wp\/v2\/comments?post=5959"}],"wp:featuredmedia":[{"embeddable":true,"href":"https:\/\/fengchashop.com\/ro\/wp-json\/wp\/v2\/media\/5897"}],"wp:attachment":[{"href":"https:\/\/fengchashop.com\/ro\/wp-json\/wp\/v2\/media?parent=5959"}],"wp:term":[{"taxonomy":"product_brand","embeddable":true,"href":"https:\/\/fengchashop.com\/ro\/wp-json\/wp\/v2\/product_brand?post=5959"},{"taxonomy":"product_cat","embeddable":true,"href":"https:\/\/fengchashop.com\/ro\/wp-json\/wp\/v2\/product_cat?post=5959"},{"taxonomy":"product_tag","embeddable":true,"href":"https:\/\/fengchashop.com\/ro\/wp-json\/wp\/v2\/product_tag?post=5959"}],"curies":[{"name":"wp","href":"https:\/\/api.w.org\/{rel}","templated":true}]}}