{"id":5848,"date":"2022-02-11T18:26:27","date_gmt":"2022-02-11T17:26:27","guid":{"rendered":"https:\/\/fengchashop.com\/ro\/product\/cordyceps-bio-125-g\/"},"modified":"2026-04-14T19:29:32","modified_gmt":"2026-04-14T17:29:32","slug":"cordyceps-bio-ue","status":"publish","type":"product","link":"https:\/\/fengchashop.com\/ro\/product\/cordyceps-bio-ue\/","title":{"rendered":"Cordyceps BIO UE 125 g"},"content":{"rendered":"<h2><span style=\"color: #000000\">Cordyceps (Ciuperca omid\u0103) BIO<\/span><\/h2>\n<p><span style=\"color: #000000\">Ciuperca Cordyceps este <strong>cunoscut\u0103 \u00een medicina tradi\u021bional\u0103 de mii de ani<\/strong> \u0219i este folosit\u0103 \u00een scopuri medicinale de cel pu\u021bin la fel de mult timp, datorit\u0103 propriet\u0103\u021bilor sale benefice. Ciuperca cre\u0219te spontan \u00een zonele montane \u00eenalte \u0219i este un supliment alimentar cunoscut pentru <strong>capacitatea sa de a revitaliza organismul<\/strong> \u0219i de a <strong>stimula sistemul imunitar<\/strong>. \u00cen Orientul \u00cendep\u0103rtat, acesta este recoltat\u0103 \u00een habitatul s\u0103u natural, care este foarte greu accesibil. Dimensiunile sale mici (o singur\u0103 ciuperc\u0103 uscat\u0103 c\u00e2nt\u0103re\u0219te aproximativ 0,3 g), faptul c\u0103 cre\u0219te doar 14 zile pe an, ingredientele active pe care le con\u021bine \u0219i utilitatea sa general\u0103 \u00een medicina tradi\u021bional\u0103 fac ca pre\u021bul s\u0103 ajung\u0103 p\u00e2n\u0103 la 50.000 EUR\/kg. Prin urmare, p\u00e2n\u0103 de cur\u00e2nd, era rezervat\u0103 doar \u00eemp\u0103ra\u021bilor \u0219i conduc\u0103torilor chinezi.<\/span><\/p>\n<p><span style=\"color: #000000\">Cordyceps <strong>este considerat a fi descoperirea perfect\u0103 a mileniului, din punct de vedere nutri\u021bional<\/strong>. Ea reface energia \u0219i sistemul imunitar \u0219i previne bolile (degenerative). Numit\u0103 uneori super-oxidant, aceasta cre\u0219te nivelul oxigenului din s\u00e2nge, reface organismul \u0219i previne aciditatea.<\/span><\/p>\n<p><span style=\"color: #000000\">Cultivarea acestei ciuperci este foarte dificil\u0103, mai ales \u00een Europa. Dar suntem m\u00e2ndri c\u0103 noi am reu\u0219it. Ciupercile noastre Cordyceps sunt cultivate \u00een Slovenia, \u00een spa\u021bii \u00eenchise \u0219i controlate, f\u0103r\u0103 utilizarea de substan\u021be chimice. <strong>Acestea au una dintre cele mai \u00eenalte calit\u0103\u021bi pe care le pute\u021bi g\u0103si pe pia\u021b\u0103 \u00een prezent<\/strong>.<\/span><\/p>\n<p><span style=\"color: #000000\">Cordyceps este o ciuperc\u0103 parazit\u0103 care cre\u0219te \u00een s\u0103lb\u0103ticie ca parazit al insectelor, mai ales al omizilor, de unde \u0219i numele s\u0103u Ciuperca omid\u0103. Ciupercile noastre nu sunt cultivate pe gazde animale \u0219i, prin urmare, sunt potrivite \u0219i pentru vegetarieni sau vegani.<\/span><\/p>\n<p><span style=\"color: #000000\">Produc\u021bia de ciuperci Cordyceps este strict controlat\u0103, f\u0103r\u0103 utilizarea de substan\u021be chimice sau pesticide \u0219i este <strong>100% organic\u0103<\/strong>. Calitatea ciupercilor este monitorizat\u0103 \u00een mod regulat de laboratoare independente din Slovenia \u0219i SUA.<\/span><\/p>\n<h2><span style=\"color: #000000\">Ce con\u021bine \u0219i cui \u00eei este destinat\u0103?<\/span><\/h2>\n<p><span style=\"color: #000000\">CCordyceps con\u021bine compu\u0219i de lipide, proteine, oligoelemente, polizaharide \u0219i vitamine. Toate elementele din ciuperci sunt prezente \u00een cantit\u0103\u021bi mari \u0219i au un efect foarte benefic asupra organismului nostru. Con\u021bine beta-caroten, <strong>vitaminele<\/strong> E \u0219i C. De asemenea, con\u021bine minerale precum zincul \u0219i seleniul, precum \u0219i 77 <strong>de micro \u0219i macronutrien\u021bi<\/strong> \u0219i <strong>substan\u021be unice<\/strong>, cum ar fi cordycepina (adenozin\u0103), acidul cordycepic (D-mannitol) \u0219i o polizaharid\u0103 imuno-modulatoare (beta-D-glucan).<\/span><\/p>\n<p><span style=\"color: #000000\">Pulberea de Cordyceps con\u021bine mul\u021bi nutrien\u021bi ale c\u0103ror efecte benefice au fost dovedite \u0219tiin\u021bific. Studiile efectuate \u00een diferite \u021b\u0103ri din \u00eentreaga lume au concluzionat c\u0103 un consum regulat de Cordyceps are numeroase efecte benefice. A\u0219adar, efectele curative ale Cordyceps, care sunt de fapt efecte benefice recunoscute de medicina tradi\u021bional\u0103 \u0219i care au fost dovedite \u0219i de cercet\u0103rile moderne, sunt urm\u0103toarele:<\/span><\/p>\n<p><span style=\"color: #000000\">\ud83d\udc9a stimuleaz\u0103 <strong>sistemul imunitar<\/strong>, <\/span><\/p>\n<p><span style=\"color: #000000\">\ud83d\udc9a \u00eembun\u0103t\u0103\u021be\u0219te <strong>condi\u021bia fizic\u0103<\/strong>, <\/span><\/p>\n<p><span style=\"color: #000000\">\ud83d\udc9a cre\u0219te <strong>energia organismului<\/strong>,<\/span><\/p>\n<p><span style=\"color: #000000\">\ud83d\udc9a are un efect <strong>antistres<\/strong>,<\/span><\/p>\n<p><span style=\"color: #000000\">\ud83d\udc9a cre\u0219te <strong>activitatea sexual\u0103<\/strong>,<\/span><\/p>\n<p><span style=\"color: #000000\">\ud83d\udc9a ajut\u0103 \u00een cazul <strong>colesterolului<\/strong> HDL crescut, al <strong>greut\u0103\u021bii excesive<\/strong> \u0219i al <strong>diabetului<\/strong>, <\/span><\/p>\n<p><span style=\"color: #000000\">\ud83d\udc9a are rolul de a men\u021bine <strong>s\u0103n\u0103tatea inimii<\/strong> \u0219i a <strong>sistemului vascular<\/strong>. <\/span><\/p>\n<p><span style=\"color: #000000\">Cordyceps este recomandat\u0103 \u00een special <strong>sportivilor<\/strong> \u0219i altor persoane active dup\u0103 un efort fizic prelungit \u0219i persoanelor care doresc un ritm mai activ \u00een rutina lor zilnic\u0103. De asemenea, este recomandat\u0103 \u00een cazul <strong>oboselii accentuate<\/strong> , a <strong>lipsei de energie<\/strong> \u0219i a <strong>stresului<\/strong>. Este, de asemenea, un <strong>stimulator al poten\u021bei sexuale<\/strong> \u0219i \u00ee<strong>nt\u0103re\u0219te corpul \u0219i mintea<\/strong>. Aceasta ne ajut\u0103 s\u0103 facem fa\u021b\u0103 cu succes stresului, care este cel mai adesea cauzat de provoc\u0103rile vie\u021bii de zi cu zi. De asemenea, este adesea recomandat\u0103 <strong>diabeticilor<\/strong>, pacien\u021bilor cu <strong>cancer<\/strong> \u0219i pacien\u021bilor cu <strong>boli cardiovasculare<\/strong>, inclusiv insuficien\u021b\u0103 cardiac\u0103 \u0219i aritmii. Cordyceps este, de asemenea, benefic\u0103 pentru tractul respirator \u0219i trateaz\u0103 bolile respiratorii, cum ar fi astmul. Propriet\u0103\u021bile sale antivirale au un efect asupra infec\u021biilor virale, cum ar fi gripa.<\/span><\/p>\n<p><span style=\"color: #000000\">\u0218i ceea ce este extrem de important \u00een acest caz este c\u0103 produsul nostru, Cordyceps, este un produs 100% natural care ne poate ajuta \u00eentr-un mod natural. \u00cembun\u0103t\u0103\u021be\u0219te simptomele afec\u021biunilor \u0219i are un efect pozitiv asupra st\u0103rii noastre generale de bine.<\/span><\/p>\n<h2><span style=\"color: #000000\">De ce ciuperci?<\/span><\/h2>\n<p><span style=\"color: #000000\">Ciupercile sunt foarte interesante. Ele nu sunt nici plante, nici animale, dar sunt cu siguran\u021b\u0103 organisme uimitoare care au reu\u0219it s\u0103 supravie\u021buiasc\u0103 aproape de la \u00eenceputul lumii. Acestea au dezvoltat o strategie specific\u0103 de supravie\u021buire care le-a permis s\u0103 reziste p\u00e2n\u0103 \u00een zilele noastre. Prin consumul de ciuperci medicinale, oamenii pot beneficia de aceste propriet\u0103\u021bi. Ciupercile ne ofer\u0103 echilibru la nivel fizic \u0219i ne protejeaz\u0103 de multe boli. Efectele acestora pot fi preventive, dar pot fi \u0219i curative, \u00een conjunc\u021bie cu tratamentele conven\u021bionale sau cu alte tratamente neconven\u021bionale, \u00een cazul multor boli (moderne). \u00cen mod tradi\u021bional, ciupercilor li s-au atribuit efecte pozitive \u00een cazul cancerului, al bolilor autoimune \u0219i al alergiilor. De asemenea, acestea sunt benefice pentru un r\u0103spuns imunitar s\u0103n\u0103tos \u0219i puternic. Mai mult dec\u00e2t at\u00e2t, cercet\u0103rile medicale efectuate \u00een ultimele decenii, c\u00e2nd ciupercile au suscitat interesul \u00een lumea occidental\u0103, au confirmat multe dintre efectele lor terapeutice.<\/span><\/p>\n<p><span style=\"color: #000000\">Deoarece anumite ingrediente active naturale sunt indigeste sau greu de digerat, este foarte important s\u0103 consum\u0103m doar cele mai bune pulberi de ciuperci. Ciupercile trebuie s\u0103 fie cultivate, uscate \u0219i preparate \u00een mod corespunz\u0103tor. Acestea trebuie m\u0103cinate p\u00e2n\u0103 devin o pulbere fin\u0103, f\u0103r\u0103 bulg\u0103ri. Culoarea pulberii este mai deschis\u0103, dar acest lucru depinde \u0219i de tipul de ciuperc\u0103 pe care o consuma\u021bi. Deoarece ciupercile sunt at\u00e2t de eficiente tocmai pentru c\u0103 au capacitatea de a absorbi tot &#8211; bun sau r\u0103u &#8211; din mediul \u00eenconjur\u0103tor, este important s\u0103 le folosim pe cele organice.<\/span><\/p>\n<h2><span style=\"color: #000000\">Ambalare<\/span><\/h2>\n<p><span style=\"color: #000000\">O pung\u0103 etan\u0219\u0103, care poate fi sigilat\u0103, \u00een care produsul \u00ee\u0219i p\u0103streaz\u0103 toat\u0103 prospe\u021bimea \u0219i aroma. Ambalajul protejeaz\u0103 \u00eempotriva efectelor luminii \u0219i a aerului, deoarece este alc\u0103tuit din mai multe straturi de protec\u021bie care p\u0103streaz\u0103 propriet\u0103\u021bile con\u021binutului.<\/span><\/p>\n<p><span style=\"color: #000000\">Ambalajul este foarte practic \u0219i reciclabil.<\/span><\/p>\n<h2><span style=\"color: #000000\">Depozitare \u0219i avertismente<\/span><\/h2>\n<p><span style=\"color: #000000\">A se p\u0103stra \u00eentr-un loc r\u0103coros \u0219i uscat. P\u0103stra\u021bi suplimentul alimentar departe de copii!<\/span><\/p>\n<p><span style=\"color: #000000\">Nu uita\u021bi importan\u021ba unei diete variate \u0219i a unui stil de via\u021b\u0103 s\u0103n\u0103tos, un supliment alimentar nu este un substitut pentru o diet\u0103 echilibrat\u0103 \u0219i variat\u0103. Cantitatea sau doza zilnic\u0103 recomandat\u0103 nu trebuie s\u0103 fie dep\u0103\u0219it\u0103. Femeile \u00eens\u0103rcinate \u0219i cele care al\u0103pteaz\u0103 sunt \u00eentotdeauna sf\u0103tuite s\u0103 consulte un medic \u00eenainte de utilizare.<\/span><\/p>\n<p><span style=\"color: #000000\">Utilizarea este descurajat\u0103 \u00een cazul copiilor \u0219i persoanelor care sunt tratate cu anticoagulante sau al persoanelor care iau medicamente imunosupresoare.<\/span><\/p>\n<h2><span style=\"color: #000000\">Bine de \u0219tiut<\/span><\/h2>\n<p><span style=\"color: #000000\">Produsul este, de asemenea, potrivit pentru animale. \u00cen cele mai multe cazuri, ciupercile medicinale se dovedesc a fi extrem de eficiente \u00een stimularea sistemului imunitar, \u00een tratarea alergiilor \u0219i a afec\u021biunilor cutanate, precum \u0219i a infec\u021biilor virale \u0219i bacteriene. V\u0103 rug\u0103m s\u0103 consulta\u021bi medicul veterinar \u00eenainte de utilizare pentru a determina oportunitatea administr\u0103rii \u0219i cantitatea zilnic\u0103 recomandat\u0103.<\/span><\/p>\n<h2><span style=\"color: #000000\">Origine<\/span><\/h2>\n<p><span style=\"color: #000000\">UE<\/span><\/p>\n","protected":false},"excerpt":{"rendered":"<p align=\"JUSTIFY\">Ciuperca Cordyceps este cunoscut\u0103 \u00een <strong>medicina tradi\u021bional\u0103 de mii de ani<\/strong> \u0219i este folosit\u0103 \u00een scopuri medicinale de cel pu\u021bin la fel de mult timp, datorit\u0103 propriet\u0103\u021bilor sale pozitive. Ciuperca cre\u0219te spontan \u00een zonele montane \u00eenalte \u0219i este un supliment alimentar cunoscut pentru <strong>capacitatea sa de a revitaliza organismul<\/strong> \u0219i de a <strong>\u00eent\u0103ri sistemul imunitar<\/strong>.<\/p>\n<p align=\"JUSTIFY\">\ud83d\udc9a Stimuleaz\u0103 sistemul imunitar.<br \/>\n\ud83d\udc9a \u00cembun\u0103t\u0103\u021be\u0219te condi\u021bia fizic\u0103.<br \/>\n\ud83d\udc9a Cre\u0219te energia organismului.<br \/>\n\ud83d\udc9a Are un efect antistres.<br \/>\n\ud83d\udc9a Are un efect pozitiv asupra unei serii de probleme de s\u0103n\u0103tate.<\/p>\n","protected":false},"featured_media":5849,"comment_status":"open","ping_status":"closed","template":"","meta":{"_acf_changed":false},"product_brand":[],"product_cat":[15,226,227,224,225],"product_tag":[],"class_list":{"0":"post-5848","1":"product","2":"type-product","3":"status-publish","4":"has-post-thumbnail","6":"product_cat-uncategorized","7":"product_cat-cele-mai-vandute","8":"product_cat-ciuperci-medicinale","9":"product_cat-oferta","10":"product_cat-toate-produsele","12":"first","13":"instock","14":"sale","15":"taxable","16":"shipping-taxable","17":"purchasable","18":"product-type-simple"},"acf":[],"_links":{"self":[{"href":"https:\/\/fengchashop.com\/ro\/wp-json\/wp\/v2\/product\/5848","targetHints":{"allow":["GET"]}}],"collection":[{"href":"https:\/\/fengchashop.com\/ro\/wp-json\/wp\/v2\/product"}],"about":[{"href":"https:\/\/fengchashop.com\/ro\/wp-json\/wp\/v2\/types\/product"}],"replies":[{"embeddable":true,"href":"https:\/\/fengchashop.com\/ro\/wp-json\/wp\/v2\/comments?post=5848"}],"wp:featuredmedia":[{"embeddable":true,"href":"https:\/\/fengchashop.com\/ro\/wp-json\/wp\/v2\/media\/5849"}],"wp:attachment":[{"href":"https:\/\/fengchashop.com\/ro\/wp-json\/wp\/v2\/media?parent=5848"}],"wp:term":[{"taxonomy":"product_brand","embeddable":true,"href":"https:\/\/fengchashop.com\/ro\/wp-json\/wp\/v2\/product_brand?post=5848"},{"taxonomy":"product_cat","embeddable":true,"href":"https:\/\/fengchashop.com\/ro\/wp-json\/wp\/v2\/product_cat?post=5848"},{"taxonomy":"product_tag","embeddable":true,"href":"https:\/\/fengchashop.com\/ro\/wp-json\/wp\/v2\/product_tag?post=5848"}],"curies":[{"name":"wp","href":"https:\/\/api.w.org\/{rel}","templated":true}]}}