{"id":5815,"date":"2022-01-21T05:20:50","date_gmt":"2022-01-21T04:20:50","guid":{"rendered":"https:\/\/fengchashop.com\/ro\/product\/zeolit\/"},"modified":"2026-05-01T10:19:07","modified_gmt":"2026-05-01T08:19:07","slug":"zeolit-clinoptilolit-pulbere","status":"publish","type":"product","link":"https:\/\/fengchashop.com\/ro\/product\/zeolit-clinoptilolit-pulbere\/","title":{"rendered":"Zeolit clinoptilolit pulbere 500 g"},"content":{"rendered":"<h2><span style=\"color: #000000\">Zeolit clinoptilolit pulbere<\/span><\/h2>\n<p><span style=\"color: #000000\">Roca vulcanic\u0103 zeolit este <strong>unul dintre cei mai puternici detoxifian\u021bi naturali din lume<\/strong>. Zeolitul natural din roc\u0103, sub forma mineralului vulcanic comestibil clinoptilolit, <strong>ajut\u0103 la cur\u0103\u021barea<\/strong> organismului <strong>de<\/strong> toxinele din mediu \u0219i din alimenta\u021bie.<\/span><\/p>\n<p><span style=\"color: #000000\">Format \u00een timpul erup\u021biilor vulcanice majore, are <strong>capacitatea de a se combina cu substan\u021bele otr\u0103vitoare<\/strong>, reziduurile de pesticide \u0219i metalele grele. Acesta poate fi, de asemenea, o alternativ\u0103 excelent\u0103 la anumite medicamente. Exist\u0103 mai multe tipuri de zeoli\u021bi, dintre care forma cristalin\u0103 activat\u0103 <strong>clinoptilolit<\/strong> este cea <strong>mai apreciat\u0103 \u0219i cercetat\u0103<\/strong>. Cristalele con\u021bin minerale vitale: sodiu, calciu, potasiu, magneziu, fier \u0219i alte elemente.<\/span><\/p>\n<p><span style=\"color: #000000\">Acestea au propriet\u0103\u021bi speciale datorit\u0103 schimbului de ioni negativi. Zeolitul clinoptilolit <strong>este utilizat pentru a elimina otr\u0103vurile \u0219i substan\u021bele nocive<\/strong> care ne sec\u0103tuiesc de energie: plumb, arsenic, cadmiu, nichel, uraniu, mercur, amoniac etc. Dar \u0219i reziduurile de medicamente, bacteriile \u0219i viru\u0219ii patogeni.<\/span><\/p>\n<p><span style=\"color: #000000\">Zeolitul este <strong>deja activat<\/strong> printr-un proces specific. Acesta este \u00eenc\u0103lzit la 250-400 grade Celsius. Acesta este apoi m\u0103cinat de mai multe ori cu ajutorul unor mori de piatr\u0103 p\u00e2n\u0103 la ob\u021binerea granula\u021biei dorite. Care este de <strong>doar 5 \u00b5m<\/strong>. Aceast\u0103 granula\u021bie este semnificativ mai mic\u0103 dec\u00e2t majoritatea celorlalte produse de pe pia\u021b\u0103 care con\u021bin zeolit.<\/span><\/p>\n<p><span style=\"color: #000000\"><img decoding=\"async\" class=\"aligncenter wp-image-4189 \" src=\"https:\/\/fengchashop.com\/ro\/wp-content\/uploads\/2025\/07\/5-1.jpg\" alt=\"\" width=\"651\" height=\"546\" \/><\/span><\/p>\n<h2><span style=\"color: #000000\">Efecte <\/span><\/h2>\n<p><span style=\"color: #000000\">Are o capacitate remarcabil\u0103 de a cur\u0103\u021ba corpul \u0219i de a reechilibra \u00eentregul organism prin:<\/span><\/p>\n<p><span style=\"color: #000000\">\ud83d\udc9a Cre\u0219terea <strong>capacit\u0103\u021bii fizice<\/strong> pentru munc\u0103 \u0219i sport <\/span><\/p>\n<p><span style=\"color: #000000\">\ud83d\udc9a \u00cent\u0103rirea <strong>sistemului imunitar<\/strong> \u0219i protec\u021bia \u00eempotriva radicalilor liberi <\/span><\/p>\n<p><span style=\"color: #000000\">\ud83d\udc9a <strong>Cre\u0219terea energiei<\/strong> \u0219i eliminarea epuiz\u0103rii <\/span><\/p>\n<p><span style=\"color: #000000\">\ud83d\udc9a <strong>\u00centinerire<\/strong>: folosit pentru a face pielea mai curat\u0103 \u0219i mai frumoas\u0103 <\/span><\/p>\n<p><span style=\"color: #000000\">\ud83d\udc9a Ajut\u0103 la <strong>sc\u0103derea tensiunii arteriale ridicate<\/strong>, a colesterolului \u0219i a glicemiei ridicate<\/span><\/p>\n<p><span style=\"color: #000000\">\ud83d\udc9a Ajut\u0103 \u00een cazul <strong>bolilor de ficat, stomac \u0219i a celor intestinale <\/strong><\/span><\/p>\n<p><span style=\"color: #000000\">\ud83d\udc9a Ajut\u0103 la <strong>vindecarea r\u0103nilor<\/strong> \u0219i a bolilor de piele (herpes) <\/span><\/p>\n<p><span style=\"color: #000000\">\ud83d\udc9a Ajut\u0103 la <strong>problemele generate de menopauz\u0103 <\/strong><\/span><\/p>\n<p><span style=\"color: #000000\">\ud83d\udc9a Previne <strong>aciditatea<\/strong> \u0219i echilibreaz\u0103 acizii \u0219i bazele <\/span><\/p>\n<p><span style=\"color: #000000\">\ud83d\udc9a Ajut\u0103 cu efectele secundare generate de <strong>chimioterapiei <\/strong><\/span><\/p>\n<p><span style=\"color: #000000\"><img decoding=\"async\" class=\"aligncenter wp-image-5991 \" src=\"https:\/\/fengchashop.com\/ro\/wp-content\/uploads\/2025\/07\/4-3.jpg\" alt=\"\" width=\"644\" height=\"540\" \/><\/span><\/p>\n<p>&nbsp;<\/p>\n<h2><span style=\"color: #000000\">De ce s\u0103 cump\u0103ra\u021bi zeolitul nostru?<\/span><\/h2>\n<p><span style=\"color: #000000\">\ud83d\udc9a Zeolitul nostru mineral vulcanic este <strong>100% natural \u0219i nu con\u021bine aditivi artificiali<\/strong>.\u00a0<\/span><\/p>\n<p><span style=\"color: #000000\">\ud83d\udc9a Este deja <strong>activat<\/strong>.<\/span><\/p>\n<p><span style=\"color: #000000\">\ud83d\udc9a Granula\u021bia este de doar <strong>5 \u00b5m<\/strong>. <\/span><\/p>\n<p><span style=\"color: #000000\">\ud83d\udc9a Oferim <strong>satisfac\u021bie 100% garantat\u0103<\/strong>. <\/span><\/p>\n<p><span style=\"color: #000000\">\ud83d\udc9a Avem un <strong>pre\u021b foarte bun<\/strong>, mai ales la pachetul de un kilogram. <\/span><\/p>\n<p><span style=\"color: #000000\">\ud83d\udc9a Produsul are un <strong>termen de valabilitate nelimitat<\/strong>. <\/span><\/p>\n<p><img decoding=\"async\" class=\"aligncenter wp-image-4191 \" style=\"color: #000000\" src=\"https:\/\/fengchashop.com\/ro\/wp-content\/uploads\/2025\/07\/1-1.jpg\" alt=\"\" width=\"655\" height=\"549\" \/><\/p>\n<h2><span style=\"color: #000000\">Ambalare<\/span><\/h2>\n<p><span style=\"color: #000000\">O pung\u0103 etan\u0219\u0103, care poate fi sigilat\u0103, \u00een care produsul \u00ee\u0219i p\u0103streaz\u0103 toat\u0103 prospe\u021bimea \u0219i aroma. Ambalajul protejeaz\u0103 \u00eempotriva efectelor luminii \u0219i a aerului, deoarece este alc\u0103tuit din mai multe straturi de protec\u021bie care p\u0103streaz\u0103 propriet\u0103\u021bile con\u021binutului.<\/span><\/p>\n<p><span style=\"color: #000000\">Ambalajul este foarte practic \u0219i reciclabil.<\/span><\/p>\n<h2><span style=\"color: #000000\">Depozitare \u0219i avertismente<\/span><\/h2>\n<p><span style=\"color: #000000\">A se p\u0103stra \u00eentr-un loc r\u0103coros \u0219i uscat.<\/span><\/p>\n<h2><span style=\"color: #000000\">Origine<\/span><\/h2>\n<p><span style=\"color: #000000\">UE<\/span><\/p>\n<h2><span style=\"color: #000000\">Certificate<\/span><\/h2>\n<p><span style=\"color: #000000\">De\u021binem analize pentru metale grele, analize radioactive \u0219i alte analize chimice necesare. Produsul este sigur dup\u0103 toate aceste criterii.<\/span><\/p>\n<h2><span style=\"color: #000000\">Este zeolitul activat?<\/span><\/h2>\n<p><span style=\"color: #000000\">Da, este. Zeolitul este deja <strong>activat<\/strong>. Acest lucru \u00eenseamn\u0103 c\u0103 \u00eel pute\u021bi amesteca \u00een ap\u0103 \u0219i \u00eel pute\u021bi bea imediat. Zeolitul nostru are, de asemenea, un proces special de activare. Mai precis, acesta este \u00eenc\u0103lzit la 250 &#8211; 400 de grade Celsius. Acesta este apoi m\u0103cinat de mai multe ori cu ajutorul unor mori de piatr\u0103 p\u00e2n\u0103 la ob\u021binerea granula\u021biei dorite. Care este de <strong>doar 5 \u00b5m<\/strong>. Aceast\u0103 granula\u021bie este mult mai mic\u0103 dec\u00e2t majoritatea celorlalte produse de pe pia\u021b\u0103 care con\u021bin zeolit.<\/span><\/p>\n<h2><span style=\"color: #000000\">Zeolitul are certificate?<\/span><\/h2>\n<p><span style=\"color: #000000\">De\u021binem <strong>analize pentru metale grele, analize radioactive \u0219i alte analize chimice necesare<\/strong>. Produsul este sigur dup\u0103 toate aceste criterii. Zeolitul este, de asemenea, \u00een curs de ob\u021binere a certific\u0103rii CE. Acesta ar putea fi ob\u021binut\u0103 \u00eenc\u0103 din acest an.<\/span><\/p>\n<p><img decoding=\"async\" class=\"alignleft wp-image-4192 \" style=\"color: #000000\" src=\"https:\/\/fengchashop.com\/ro\/wp-content\/uploads\/2025\/07\/3-1.jpg\" alt=\"\" width=\"479\" height=\"401\" \/><\/p>\n<p><span style=\"color: #000000\">\u00a0 \u00a0\u00a0<img decoding=\"async\" class=\"alignright wp-image-4193 \" src=\"https:\/\/fengchashop.com\/ro\/wp-content\/uploads\/2025\/07\/2-1.jpg\" alt=\"\" width=\"480\" height=\"402\" \/><\/span><\/p>\n","protected":false},"excerpt":{"rendered":"<p><strong>Clinoptilolitul zeolit mineral<\/strong> vulcanic este cel mai puternic detoxifiant natural din lume. Roca natural\u0103 de zeolit-clinoptilolit ajut\u0103 la cur\u0103\u021barea organismului de toxinele din mediu \u0219i dietetice. Consum\u00e2nd piatra pre\u021bioas\u0103, c\u00e2\u0219tig\u0103m putere pentru via\u021ba de zi cu zi, <strong>munca profesional\u0103 \u0219i sportul<\/strong>.<\/p>\n<p>\ud83d\udc9a Are o capacitate exceptionala de a curata organismul si de a restabili echilibrul intregului organism.<br \/>\n\ud83d\udc9a Cre\u0219te capacitatea personal\u0103 de munc\u0103 \u0219i sport.<br \/>\n\ud83d\udc9a \u00cent\u0103re\u0219te sistemul imunitar \u0219i protejeaz\u0103 \u00eempotriva radicalilor liberi.<br \/>\n\ud83d\udc9a \u00cembun\u0103t\u0103\u021be\u0219te energia \u0219i elimin\u0103 epuizarea.<br \/>\n\ud83d\udc9a Are un efect pozitiv asupra unei game de probleme de s\u0103n\u0103tate.<\/p>\n","protected":false},"featured_media":4065,"comment_status":"open","ping_status":"closed","template":"","meta":{"_acf_changed":false},"product_brand":[],"product_cat":[15,226,224,225,197],"product_tag":[],"class_list":{"0":"post-5815","1":"product","2":"type-product","3":"status-publish","4":"has-post-thumbnail","6":"product_cat-uncategorized","7":"product_cat-cele-mai-vandute","8":"product_cat-oferta","9":"product_cat-toate-produsele","10":"product_cat-zeolit","12":"first","13":"instock","14":"sale","15":"taxable","16":"shipping-taxable","17":"purchasable","18":"product-type-simple"},"acf":[],"_links":{"self":[{"href":"https:\/\/fengchashop.com\/ro\/wp-json\/wp\/v2\/product\/5815","targetHints":{"allow":["GET"]}}],"collection":[{"href":"https:\/\/fengchashop.com\/ro\/wp-json\/wp\/v2\/product"}],"about":[{"href":"https:\/\/fengchashop.com\/ro\/wp-json\/wp\/v2\/types\/product"}],"replies":[{"embeddable":true,"href":"https:\/\/fengchashop.com\/ro\/wp-json\/wp\/v2\/comments?post=5815"}],"wp:featuredmedia":[{"embeddable":true,"href":"https:\/\/fengchashop.com\/ro\/wp-json\/wp\/v2\/media\/4065"}],"wp:attachment":[{"href":"https:\/\/fengchashop.com\/ro\/wp-json\/wp\/v2\/media?parent=5815"}],"wp:term":[{"taxonomy":"product_brand","embeddable":true,"href":"https:\/\/fengchashop.com\/ro\/wp-json\/wp\/v2\/product_brand?post=5815"},{"taxonomy":"product_cat","embeddable":true,"href":"https:\/\/fengchashop.com\/ro\/wp-json\/wp\/v2\/product_cat?post=5815"},{"taxonomy":"product_tag","embeddable":true,"href":"https:\/\/fengchashop.com\/ro\/wp-json\/wp\/v2\/product_tag?post=5815"}],"curies":[{"name":"wp","href":"https:\/\/api.w.org\/{rel}","templated":true}]}}