{"id":3995,"date":"2025-03-11T17:45:54","date_gmt":"2025-03-11T16:45:54","guid":{"rendered":"https:\/\/test-fengcha.dweb.si\/?page_id=3995"},"modified":"2025-09-01T11:44:14","modified_gmt":"2025-09-01T09:44:14","slug":"vanzare-en-gros","status":"publish","type":"page","link":"https:\/\/fengchashop.com\/ro\/vanzare-en-gros\/","title":{"rendered":"V\u00e2nzare en-gros"},"content":{"rendered":"<div class=\"wpb-content-wrapper\"><p>[vc_row][vc_column][vc_row_inner][vc_column_inner][vc_column_text css=&#8221;&#8221;]<\/p>\r\n<h1 class=\"wp-block-heading\">Oferim posibilitatea de a furniza produse de calitate din categoriile suplimente alimentare, ceaiuri, condimente, super alimente, cafea \u0219i cacao:<\/h1>\r\n\r\n<p>&nbsp;<\/p>\r\n\r\n<ul class=\"wp-block-list\">\r\n<li style=\"list-style-type: none;\">\r\n<ul>\r\n<li>magazinelor alimentare,<\/li>\r\n\r\n\r\n\r\n<li>restaurantelor \u0219i hotelurilor,<\/li>\r\n<\/ul>\r\n<\/li>\r\n<\/ul>\r\n\r\n<p>&nbsp;<\/p>\r\n\r\n<p>&nbsp;<\/p>\r\n\r\n<ul class=\"wp-block-list\">\r\n<li style=\"list-style-type: none;\">\r\n<ul>\r\n<li>centrelor de wellness \u0219i fitness,<\/li>\r\n\r\n\r\n\r\n<li>magazinelor online.<\/li>\r\n<\/ul>\r\n<\/li>\r\n<\/ul>\r\n\r\n<p>&nbsp;<\/p>\r\n\r\n<p>&nbsp;<\/p>\r\n\r\n<p><strong>Pentru mai multe informa\u021bii, v\u0103 rug\u0103m s\u0103 ne contacta\u021bi la\u00a0<a href=\"mailto:info@fengcha.si\">info@fengchashop.com<\/a><\/strong><\/p>\r\n<!-- \/wp:post-content -->\r\n<p>&nbsp;<\/p>\r\n<p>[\/vc_column_text][\/vc_column_inner][\/vc_row_inner][\/vc_column][\/vc_row]<\/p><\/div>","protected":false},"excerpt":{"rendered":"<p>[vc_row][vc_column][vc_row_inner][vc_column_inner][vc_column_text css=&#8221;&#8221;] Oferim posibilitatea de a furniza produse de calitate din categoriile suplimente alimentare, ceaiuri, condimente, super alimente, cafea \u0219i cacao: &nbsp; &nbsp; &nbsp; Pentru mai multe informa\u021bii, v\u0103 rug\u0103m s\u0103 ne contacta\u021bi la\u00a0info@fengchashop.com &nbsp; [\/vc_column_text][\/vc_column_inner][\/vc_row_inner][\/vc_column][\/vc_row]<\/p>\n","protected":false},"author":2,"featured_media":0,"parent":0,"menu_order":0,"comment_status":"closed","ping_status":"closed","template":"page-visual-composer.php","meta":{"_acf_changed":false,"footnotes":""},"class_list":["post-3995","page","type-page","status-publish","hentry"],"acf":[],"_links":{"self":[{"href":"https:\/\/fengchashop.com\/ro\/wp-json\/wp\/v2\/pages\/3995","targetHints":{"allow":["GET"]}}],"collection":[{"href":"https:\/\/fengchashop.com\/ro\/wp-json\/wp\/v2\/pages"}],"about":[{"href":"https:\/\/fengchashop.com\/ro\/wp-json\/wp\/v2\/types\/page"}],"author":[{"embeddable":true,"href":"https:\/\/fengchashop.com\/ro\/wp-json\/wp\/v2\/users\/2"}],"replies":[{"embeddable":true,"href":"https:\/\/fengchashop.com\/ro\/wp-json\/wp\/v2\/comments?post=3995"}],"version-history":[{"count":4,"href":"https:\/\/fengchashop.com\/ro\/wp-json\/wp\/v2\/pages\/3995\/revisions"}],"predecessor-version":[{"id":6686,"href":"https:\/\/fengchashop.com\/ro\/wp-json\/wp\/v2\/pages\/3995\/revisions\/6686"}],"wp:attachment":[{"href":"https:\/\/fengchashop.com\/ro\/wp-json\/wp\/v2\/media?parent=3995"}],"curies":[{"name":"wp","href":"https:\/\/api.w.org\/{rel}","templated":true}]}}