{"id":3991,"date":"2025-03-11T17:42:37","date_gmt":"2025-03-11T16:42:37","guid":{"rendered":"https:\/\/test-fengcha.dweb.si\/?page_id=3991"},"modified":"2025-09-01T10:53:47","modified_gmt":"2025-09-01T08:53:47","slug":"cine-suntem-noi-si-ce-ne-dorim","status":"publish","type":"page","link":"https:\/\/fengchashop.com\/ro\/cine-suntem-noi-si-ce-ne-dorim\/","title":{"rendered":"Cine suntem noi \u0219i ce ne dorim?"},"content":{"rendered":"<div class=\"wpb-content-wrapper\"><p>[vc_row][vc_column][vc_column_text css=&#8221;&#8221;]<\/p>\r\n<p>Am \u00eenceput prin a vinde ceaiuri. \u0218i prin aceasta ne referim la ceaiuri neobi\u0219nuite (adev\u0103rate), care nou\u0103, ca pasiona\u021bi, ne-au lipsit \u00eentotdeauna din oferta existent\u0103 pe pia\u021ba sloven\u0103. Continu\u0103m s\u0103 vindem ceaiuri, oferind doar ceaiuri de cea mai bun\u0103 calitate, <strong>pline de arom\u0103, prospe\u021bime<\/strong> \u0219i cu <strong>gust intens<\/strong>. Cu toate acestea, de-a lungul anilor, ne-am extins \u00een mod regulat gama de produse \u00een func\u021bie de nevoile pie\u021bei. \u00cen primul r\u00e2nd cu <strong>condimentele<\/strong> parfumate, <strong>cacao<\/strong> \u0219i <strong>cafea <\/strong>\u0219i, bine\u00een\u021beles, cu alimentele cunoscute sub numele de <strong>super alimente<\/strong>. Pe m\u0103sur\u0103 ce nevoile \u0219i preferin\u021bele clien\u021bilor se schimb\u0103, ne str\u0103duim mereu s\u0103 oferim ceva nou. \u00cen acela\u0219i timp, p\u0103str\u0103m produsele populare \u00een ofert\u0103. \u00cen ultima vreme, am depus eforturi pentru a oferi o varietate c\u00e2t mai mare de produse din categoriile de <strong>alimente <\/strong>\u0219i <strong>suplimente alimentare<\/strong>, pe care le-am ad\u0103ugat cu grij\u0103 la gama noastr\u0103.<\/p>\r\n\r\n<p>&nbsp;<\/p>\r\n\r\n<p><strong>Pe l\u00e2ng\u0103 produse de \u00eenalt\u0103 calitate, ve\u021bi g\u0103si idei \u0219i sfaturi pentru o via\u021b\u0103 mai s\u0103n\u0103toas\u0103.<\/strong><\/p>\r\n\r\n<p>&nbsp;<\/p>\r\n\r\n<p>Av\u00e2nd \u00een vedere c\u0103 de peste 10 ani (2010), ne ocup\u0103m de ceaiuri \u0219i alte produse alimentare din gama noastr\u0103 larg\u0103, am dezvoltat un sim\u021b deosebit pentru calitatea produselor noastre alimentare, motiv pentru care <strong>ve\u021bi g\u0103si doar cele mai bune arome \u0219i produse pentru o via\u021b\u0103 lung\u0103\u0219i s\u0103n\u0103toas\u0103<\/strong>. Datorit\u0103 tendin\u021belor moderne \u0219i a con\u0219tientiz\u0103rii importan\u021bei unei alimenta\u021bii s\u0103n\u0103toase, dac\u0103 este posibil, ad\u0103ug\u0103m la oferta noastr\u0103 doar produse provenite din <strong>produc\u021bia ecologic\u0103<\/strong>.\u00a0<\/p>\r\n\r\n<p>&nbsp;<\/p>\r\n\r\n<h2 class=\"wp-block-heading\"><strong>Echipa Feng Cha este format\u0103 din<\/strong><\/h2>\r\n\r\n<p>&nbsp;<\/p>\r\n\r\n<ul class=\"wp-block-list\">\r\n<li style=\"list-style-type: none;\">\r\n<ul>\r\n<li><strong>Layla H\u00f6nn<\/strong>\u00a0\u2013 direktorica<\/li>\r\n<\/ul>\r\n<\/li>\r\n<\/ul>\r\n\r\n<p>&nbsp;<\/p>\r\n\r\n<p>&nbsp;<\/p>\r\n\r\n<ul class=\"wp-block-list\">\r\n<li style=\"list-style-type: none;\">\r\n<ul>\r\n<li><strong>Miha H\u00f6nn<\/strong>\u00a0\u2013 ustanovitelj<\/li>\r\n<\/ul>\r\n<\/li>\r\n<\/ul>\r\n\r\n<p>&nbsp;<\/p>\r\n\r\n<p>&nbsp;<\/p>\r\n\r\n<ul class=\"wp-block-list\">\r\n<li style=\"list-style-type: none;\">\r\n<ul>\r\n<li><strong>Selma Seyoun Simon\u010di\u010d<\/strong> &#8211; marketing digital<\/li>\r\n<\/ul>\r\n<\/li>\r\n<\/ul>\r\n\r\n<p>&nbsp;<\/p>\r\n\r\n<p>&nbsp;<\/p>\r\n\r\n<p>FENG CHA d.o.o.<\/p>\r\n\r\n<p>&nbsp;<\/p>\r\n\r\n<p>Rej\u010deva ulica 5<\/p>\r\n\r\n<p>&nbsp;<\/p>\r\n\r\n<p>5000 Nova Gorica<\/p>\r\n\r\n<p>&nbsp;<\/p>\r\n\r\n<p>Slovenija \u2013 EU<\/p>\r\n\r\n<p>&nbsp;<\/p>\r\n\r\n<p>VAT: SI77642562<\/p>\r\n\r\n<p>&nbsp;<\/p>\r\n\r\n<p>Email:\u00a0<a href=\"mailto:info@fengchashop.com\" target=\"_blank\" rel=\"noreferrer noopener\">info@fengchashop.com<\/a><\/p>\r\n\r\n<p>&nbsp;<\/p>\r\n\r\n<p>Web shops:<\/p>\r\n\r\n<p>&nbsp;<\/p>\r\n\r\n<p><a href=\"http:\/\/fengchashop.com\/\" target=\"_blank\" rel=\"noreferrer noopener\">fengchashop.com<\/a><\/p>\r\n\r\n<p>&nbsp;<\/p>\r\n\r\n<p><a href=\"https:\/\/ro.fengchashop.com\/\">ro.fengchashop<\/a>.com<\/p>\r\n\r\n<p>&nbsp;<\/p>\r\n\r\n<p><img decoding=\"async\" class=\"size-medium wp-image-3992\" src=\"https:\/\/fengchashop.com\/ro\/wp-content\/uploads\/2025\/03\/Prodaja-po-Evropi-333x300.jpg\" alt=\"\" width=\"333\" height=\"300\" srcset=\"https:\/\/fengchashop.com\/ro\/wp-content\/uploads\/2025\/03\/Prodaja-po-Evropi-333x300.jpg 333w, https:\/\/fengchashop.com\/ro\/wp-content\/uploads\/2025\/03\/Prodaja-po-Evropi-595x536.jpg 595w, https:\/\/fengchashop.com\/ro\/wp-content\/uploads\/2025\/03\/Prodaja-po-Evropi-150x135.jpg 150w, https:\/\/fengchashop.com\/ro\/wp-content\/uploads\/2025\/03\/Prodaja-po-Evropi-768x691.jpg 768w, https:\/\/fengchashop.com\/ro\/wp-content\/uploads\/2025\/03\/Prodaja-po-Evropi-1536x1382.jpg 1536w, https:\/\/fengchashop.com\/ro\/wp-content\/uploads\/2025\/03\/Prodaja-po-Evropi-2048x1843.jpg 2048w, https:\/\/fengchashop.com\/ro\/wp-content\/uploads\/2025\/03\/Prodaja-po-Evropi-450x405.jpg 450w, https:\/\/fengchashop.com\/ro\/wp-content\/uploads\/2025\/03\/Prodaja-po-Evropi-350x315.jpg 350w\" sizes=\"(max-width: 333px) 100vw, 333px\" \/><\/p>\r\n<p><!-- \/wp:post-content -->\u00a0<\/p>\r\n<p>[\/vc_column_text][\/vc_column][\/vc_row]<\/p><\/div>","protected":false},"excerpt":{"rendered":"<p>[vc_row][vc_column][vc_column_text css=&#8221;&#8221;] Am \u00eenceput prin a vinde ceaiuri. \u0218i prin aceasta ne referim la ceaiuri neobi\u0219nuite (adev\u0103rate), care nou\u0103, ca pasiona\u021bi, ne-au lipsit \u00eentotdeauna din oferta existent\u0103 pe pia\u021ba sloven\u0103. Continu\u0103m s\u0103 vindem ceaiuri, oferind doar ceaiuri de cea mai bun\u0103 calitate, pline de arom\u0103, prospe\u021bime \u0219i cu gust intens. Cu toate acestea, de-a lungul [&hellip;]<\/p>\n","protected":false},"author":2,"featured_media":0,"parent":0,"menu_order":0,"comment_status":"closed","ping_status":"closed","template":"page-visual-composer.php","meta":{"_acf_changed":false,"footnotes":""},"class_list":["post-3991","page","type-page","status-publish","hentry"],"acf":[],"_links":{"self":[{"href":"https:\/\/fengchashop.com\/ro\/wp-json\/wp\/v2\/pages\/3991","targetHints":{"allow":["GET"]}}],"collection":[{"href":"https:\/\/fengchashop.com\/ro\/wp-json\/wp\/v2\/pages"}],"about":[{"href":"https:\/\/fengchashop.com\/ro\/wp-json\/wp\/v2\/types\/page"}],"author":[{"embeddable":true,"href":"https:\/\/fengchashop.com\/ro\/wp-json\/wp\/v2\/users\/2"}],"replies":[{"embeddable":true,"href":"https:\/\/fengchashop.com\/ro\/wp-json\/wp\/v2\/comments?post=3991"}],"version-history":[{"count":6,"href":"https:\/\/fengchashop.com\/ro\/wp-json\/wp\/v2\/pages\/3991\/revisions"}],"predecessor-version":[{"id":6684,"href":"https:\/\/fengchashop.com\/ro\/wp-json\/wp\/v2\/pages\/3991\/revisions\/6684"}],"wp:attachment":[{"href":"https:\/\/fengchashop.com\/ro\/wp-json\/wp\/v2\/media?parent=3991"}],"curies":[{"name":"wp","href":"https:\/\/api.w.org\/{rel}","templated":true}]}}