{"id":3987,"date":"2025-03-11T17:29:15","date_gmt":"2025-03-11T16:29:15","guid":{"rendered":"https:\/\/test-fengcha.dweb.si\/?page_id=3987"},"modified":"2026-02-19T17:39:14","modified_gmt":"2026-02-19T16:39:14","slug":"livrare-plati","status":"publish","type":"page","link":"https:\/\/fengchashop.com\/ro\/livrare-plati\/","title":{"rendered":"Livrare &#8211; Pl\u0103\u021bi"},"content":{"rendered":"<div class=\"wpb-content-wrapper\"><p>[vc_row][vc_column][vc_row_inner][vc_column_inner][vc_column_text css=&#8221;&#8221;]<\/p>\r\n<h2 class=\"wp-block-heading\">Care este costul de expediere?<\/h2>\r\n<!-- \/wp:post-content -->\r\n<p>&nbsp;<\/p>\r\n<!-- wp:list -->\r\n<ul>\r\n<li style=\"list-style-type: none;\">\r\n<ul><!-- wp:list-item -->\r\n<li>Livrare prin serviciul de curierat GLS: pentru achizi\u021bii de <strong>p\u00e2n\u0103 la 228,99 lei<\/strong>, taxa de <strong>expediere <\/strong>este de <strong>15 lei<\/strong>.<\/li>\r\n<!-- \/wp:list-item -->\r\n\r\n<!-- wp:list-item -->\r\n<li>Livrare prin serviciul de curierat Sameday: pentru cump\u0103r\u0103turi de <strong>p\u00e2n\u0103 la 228,99 lei<\/strong>, taxa de <strong>expediere <\/strong>este de <strong>24,90 lei<\/strong>.<\/li>\r\n<li>Livrare prin serviciul de curierat FUN courier: pentru cump\u0103r\u0103turi de <strong>p\u00e2n\u0103 la 228,99 lei<\/strong>, taxa de <strong>expediere <\/strong>este de <strong>24,90 lei<\/strong>.<\/li>\r\n<li>\u00a0<\/li>\r\n<!-- \/wp:list-item -->\r\n\r\n<!-- wp:list-item -->\r\n<li>Pentru achizi\u021bii de <strong>peste 229 lei<\/strong> oferim <strong>transport gratuit<\/strong>.<strong>*<\/strong><\/li>\r\n<\/ul>\r\n<\/li>\r\n<\/ul>\r\n<!-- \/wp:list-item --><!-- \/wp:list -->\r\n<p><!-- wp:paragraph --><strong>Livrare gratuit\u0103 la cump\u0103r\u0103turi de peste 229 lei<\/strong><\/p>\r\n<!-- \/wp:paragraph -->\r\n<p>&nbsp;<\/p>\r\n<!-- wp:heading -->\r\n<h2 class=\"wp-block-heading\">Cum pot pl\u0103ti?<\/h2>\r\n<!-- \/wp:heading -->\r\n<p>&nbsp;<\/p>\r\n<!-- wp:heading {\"level\":4} -->\r\n<h4 class=\"wp-block-heading\">Numerar la livrare<\/h4>\r\n<!-- \/wp:heading -->\r\n<p><!-- wp:paragraph -->Este posibil\u0103 plata \u00een numerar la livrare sau cu cardul de credit.**<\/p>\r\n<!-- \/wp:paragraph -->\r\n<p>&nbsp;<\/p>\r\n<!-- wp:heading {\"level\":4} -->\r\n<h4 class=\"wp-block-heading\">Transfer bancar<\/h4>\r\n<!-- \/wp:heading -->\r\n<p><!-- wp:paragraph -->Plata facturii proforma sau prin transfer bancar prin intermediul formularului UPN sau al b\u0103ncii online.<\/p>\r\n<!-- \/wp:paragraph -->\r\n<p>&nbsp;<\/p>\r\n<!-- wp:heading {\"level\":4} -->\r\n<h4 class=\"wp-block-heading\">PayPal<\/h4>\r\n<!-- \/wp:heading -->\r\n<p>&nbsp;<\/p>\r\n<!-- wp:heading {\"level\":4} -->\r\n<h4 class=\"wp-block-heading\">Card bancar<\/h4>\r\n<!-- \/wp:heading -->\r\n<p>&nbsp;<\/p>\r\n<!-- wp:heading -->\r\n<h2 class=\"wp-block-heading\">Cum pot face o achizi\u021bie?<\/h2>\r\n<!-- \/wp:heading -->\r\n<p>&nbsp;<\/p>\r\n<!-- wp:list -->\r\n<ul>\r\n<li style=\"list-style-type: none;\">\r\n<ul><!-- wp:list-item -->\r\n<li>\u00cen <strong>trei pa\u0219i simpli<\/strong>: ad\u0103ugarea de articole \u00een co\u0219, confirmarea achizi\u021biei \u0219i completarea unor formulare simple.<\/li>\r\n<!-- \/wp:list-item -->\r\n\r\n<!-- wp:list-item -->\r\n<li>Prin e-mail:<strong> info@fengchashop.com<\/strong><\/li>\r\n<\/ul>\r\n<\/li>\r\n<\/ul>\r\n<!-- \/wp:list-item --><!-- \/wp:list -->\r\n<p>&nbsp;<\/p>\r\n<!-- wp:heading -->\r\n<h2 class=\"wp-block-heading\">C\u00e2nd primesc coletul meu?<\/h2>\r\n<!-- \/wp:heading -->\r\n<p>&nbsp;<\/p>\r\n<!-- wp:list -->\r\n<ul>\r\n<li style=\"list-style-type: none;\">\r\n<ul><!-- wp:list-item -->\r\n<li>Toate comenzile plasate \u00eenainte de ora 10:00 AM sunt expediate \u00een aceea\u0219i zi lucr\u0103toare. Coletul va ajunge la dumneavoastr\u0103 \u00een c\u00e2teva zile.<\/li>\r\n<!-- \/wp:list-item -->\r\n\r\n<!-- wp:list-item -->\r\n<li>\u00cen cazul \u00een care, \u00een mod excep\u021bional, nu avem \u00een stoc produsul comandat, v\u0103 vom informa prin e-mail c\u00e2nd este prev\u0103zut\u0103 livrarea.<\/li>\r\n<!-- \/wp:list-item -->\r\n\r\n<!-- wp:list-item -->\r\n<li>Toate expedierile sunt livrate \u00een siguran\u021b\u0103 prin GLS, Sameday \u0219i FUN courier.<\/li>\r\n<\/ul>\r\n<\/li>\r\n<\/ul>\r\n<!-- \/wp:list-item --><!-- \/wp:list -->\r\n<p><!-- wp:paragraph --><strong>Livrare \u00een siguran\u021b\u0103 \u0219i rapid\u0103 prin curierul GLS<\/strong>,<strong> Sameday \u0219i FUN courier.<\/strong><\/p>\r\n<p><!-- \/wp:paragraph -->\u00a0<\/p>\r\n<p>[\/vc_column_text][\/vc_column_inner][\/vc_row_inner][\/vc_column][\/vc_row]<\/p><\/div>","protected":false},"excerpt":{"rendered":"<p>[vc_row][vc_column][vc_row_inner][vc_column_inner][vc_column_text css=&#8221;&#8221;] Care este costul de expediere? &nbsp; Livrare prin serviciul de curierat GLS: pentru achizi\u021bii de p\u00e2n\u0103 la 228,99 lei, taxa de expediere este de 15 lei. Livrare prin serviciul de curierat Sameday: pentru cump\u0103r\u0103turi de p\u00e2n\u0103 la 228,99 lei, taxa de expediere este de 24,90 lei. Livrare prin serviciul de curierat FUN courier: [&hellip;]<\/p>\n","protected":false},"author":2,"featured_media":0,"parent":0,"menu_order":0,"comment_status":"closed","ping_status":"closed","template":"","meta":{"_acf_changed":false,"footnotes":""},"class_list":["post-3987","page","type-page","status-publish","hentry"],"acf":[],"_links":{"self":[{"href":"https:\/\/fengchashop.com\/ro\/wp-json\/wp\/v2\/pages\/3987","targetHints":{"allow":["GET"]}}],"collection":[{"href":"https:\/\/fengchashop.com\/ro\/wp-json\/wp\/v2\/pages"}],"about":[{"href":"https:\/\/fengchashop.com\/ro\/wp-json\/wp\/v2\/types\/page"}],"author":[{"embeddable":true,"href":"https:\/\/fengchashop.com\/ro\/wp-json\/wp\/v2\/users\/2"}],"replies":[{"embeddable":true,"href":"https:\/\/fengchashop.com\/ro\/wp-json\/wp\/v2\/comments?post=3987"}],"version-history":[{"count":6,"href":"https:\/\/fengchashop.com\/ro\/wp-json\/wp\/v2\/pages\/3987\/revisions"}],"predecessor-version":[{"id":7173,"href":"https:\/\/fengchashop.com\/ro\/wp-json\/wp\/v2\/pages\/3987\/revisions\/7173"}],"wp:attachment":[{"href":"https:\/\/fengchashop.com\/ro\/wp-json\/wp\/v2\/media?parent=3987"}],"curies":[{"name":"wp","href":"https:\/\/api.w.org\/{rel}","templated":true}]}}