{"id":7202,"date":"2026-04-15T04:52:11","date_gmt":"2026-04-15T02:52:11","guid":{"rendered":"https:\/\/fengchashop.com\/pl\/product\/kurkumin-c3-kompleks-v-tekocini-150-ml\/"},"modified":"2026-04-25T10:23:44","modified_gmt":"2026-04-25T08:23:44","slug":"kurkumina-c3-kompleks-w-plynie","status":"publish","type":"product","link":"https:\/\/fengchashop.com\/pl\/product\/kurkumina-c3-kompleks-w-plynie\/","title":{"rendered":"Kurkumina C3 Kompleks w p\u0142ynie 150 ml"},"content":{"rendered":"<h2><strong>Kurkumina C3 Kompleks w p\u0142ynie<\/strong><\/h2>\n<p><strong>Kurkumina C3 Kompleks w p\u0142ynie<\/strong> to nowoczesny suplement diety, opracowany w celu wsparcia organizmu, ochrony kom\u00f3rek i og\u00f3lnej witalno\u015bci. Zawiera wysokiej jako\u015bci kurkumin w zaawansowanej formie, kt\u00f3ra zapewnia dobr\u0105 przyswajalno\u015b\u0107 i skuteczne dzia\u0142anie w organizmie.<\/p>\n<p>Kurkumin dzia\u0142a jako przeciwutleniacz i pomaga chroni\u0107 kom\u00f3rki przed stresem oksydacyjnym, jednocze\u015bnie wspieraj\u0105c uk\u0142ad odporno\u015bciowy i og\u00f3ln\u0105 r\u00f3wnowag\u0119 w organizmie. Dodatek witaminy C dodatkowo wspomaga dzia\u0142anie uk\u0142adu odporno\u015bciowego oraz poprawia wch\u0142anianie \u017celaza.<\/p>\n<p>P\u0142ynna forma zapewnia \u0142atw\u0105 aplikacj\u0119 i dobre wch\u0142anianie, a przyjemny smak jab\u0142ka sprawia, \u017ce codzienne stosowanie jest przyjemno\u015bci\u0105.<\/p>\n<h2><strong>Jak to dzia\u0142a?<\/strong><\/h2>\n<p>Kurkumina bierze udzia\u0142 w ochronie kom\u00f3rek przed wolnymi rodnikami i wspiera naturalne procesy w organizmie. W po\u0142\u0105czeniu z witamin\u0105 C przyczynia si\u0119 do lepszego samopoczucia, wspiera uk\u0142ad odporno\u015bciowy i chroni organizm.<\/p>\n<h2><strong>Co zawiera?<\/strong><\/h2>\n<p><strong><span class=\"ml-1\"><span style=\"color: #000000\">\ud83d\udc9a <\/span><\/span>Kurkumin C3 Kompleks\u00ae<\/strong><\/p>\n<p><strong><span class=\"ml-1\"><span style=\"color: #000000\">\ud83d\udc9a <\/span><\/span>Witamina C<\/strong><\/p>\n<ul>\n<li>przyczynia si\u0119 do prawid\u0142owego funkcjonowania uk\u0142adu odporno\u015bciowego<\/li>\n<li>przyczynia si\u0119 do ochrony kom\u00f3rek przed stresem oksydacyjnym<\/li>\n<li>przyczynia si\u0119 do zmniejszenia zm\u0119czenia i wyczerpania<\/li>\n<li>przyczynia si\u0119 do prawid\u0142owego metabolizmu w celu uzyskania energii<\/li>\n<li>przyczynia si\u0119 do prawid\u0142owego funkcjonowania uk\u0142adu nerwowego<\/li>\n<li>przyczynia si\u0119 do prawid\u0142owego funkcjonowania psychicznego<\/li>\n<li>przyczynia si\u0119 do prawid\u0142owego funkcjonowania uk\u0142adu odporno\u015bciowego podczas i po intensywnym wysi\u0142ku fizycznym<\/li>\n<li>przyczynia si\u0119 do prawid\u0142owego tworzenia kolagenu w celu<\/li>\n<li>przyczynia si\u0119 do odtworzenia zredukowanej formy witaminy E<\/li>\n<li>zwi\u0119ksza wch\u0142anianie \u017celaza<\/li>\n<\/ul>\n<p><strong><span class=\"ml-1\"><span style=\"color: #000000\">\ud83d\udc9a <\/span><\/span>Witamina D3<\/strong><\/p>\n<ul>\n<li>przyczynia si\u0119 do prawid\u0142owego wch\u0142aniania\/wykorzystania wapnia i fosforu<\/li>\n<li>przyczynia si\u0119 do utrzymania prawid\u0142owego poziomu wapnia we krwi<\/li>\n<li>przyczynia si\u0119 do utrzymania zdrowych ko\u015bci<\/li>\n<li>przyczynia si\u0119 do utrzymania prawid\u0142owego funkcjonowania mi\u0119\u015bni<\/li>\n<li>przyczynia si\u0119 do utrzymania zdrowych z\u0119b\u00f3w<\/li>\n<li>przyczynia si\u0119 do prawid\u0142owego funkcjonowania uk\u0142adu odporno\u015bciowego<\/li>\n<li>odgrywa rol\u0119 w podziale kom\u00f3rek<\/li>\n<\/ul>\n<h2><strong>Dlaczego warto wybra\u0107 p\u0142ynny kurkumin C3 kompleks?<\/strong><\/h2>\n<ul>\n<li>zaawansowana forma zapewniaj\u0105ca dobr\u0105 przyswajalno\u015b\u0107<\/li>\n<li>przyczynia si\u0119 do prawid\u0142owego funkcjonowania uk\u0142adu odporno\u015bciowego<\/li>\n<li>wspiera uk\u0142ad odporno\u015bciowy i ochron\u0119 kom\u00f3rek<\/li>\n<li>zawiera dodatek witaminy C<\/li>\n<li>p\u0142ynna forma u\u0142atwiaj\u0105ca stosowanie<\/li>\n<li>przyjemny smak jab\u0142ka<\/li>\n<li>odpowiedni dla wegan<\/li>\n<li>bezglutenowy, bez laktozy i GMO<\/li>\n<\/ul>\n<h2 style=\"text-align: justify\"><span style=\"color: #000000\">Przechowywanie i ostrze\u017cenia<\/span><\/h2>\n<p>Przechowywa\u0107 w suchym i ciemnym miejscu w temperaturze do 25 \u00b0C. Po otwarciu przechowywa\u0107 w lod\u00f3wce.<\/p>\n<p>Pami\u0119taj o znaczeniu zr\u00f3\u017cnicowanej diety i zdrowego trybu \u017cycia. Suplement diety nie zast\u0119puje zbilansowanej i zr\u00f3\u017cnicowanej diety. Nie nale\u017cy przekracza\u0107 zalecanej dziennej dawki. Przechowuj w miejscu niedost\u0119pnym dla dzieci!<\/p>\n<h2><span style=\"color: #000000\">Opakowanie<\/span><\/h2>\n<p>Wysokiej jako\u015bci ciemna plastikowa butelka zosta\u0142a zaprojektowana w celu zapewnienia maksymalnej ochrony p\u0142ynnych witamin i minera\u0142\u00f3w. Chroni zawarto\u015b\u0107 przed \u015bwiat\u0142em, powietrzem i czynnikami zewn\u0119trznymi oraz pomaga zachowa\u0107 \u015bwie\u017co\u015b\u0107, stabilno\u015b\u0107 i skuteczno\u015b\u0107 przez ca\u0142y okres stosowania.<\/p>\n<p>Opakowanie jest bardzo praktyczne i nadaje si\u0119 do recyklingu.<\/p>\n<h2>Pochodzenie<\/h2>\n<p>UE<\/p>\n","protected":false},"excerpt":{"rendered":"<p><strong>Kurkumin C3 Kompleks w p\u0142ynie<\/strong> to zaawansowany suplement diety zawieraj\u0105cy kurkumin o wysokiej biodost\u0119pno\u015bci, opracowany w celu wspierania ochrony kom\u00f3rek, uk\u0142adu odporno\u015bciowego oraz og\u00f3lnego samopoczucia.<\/p>\n<p><span class=\"ml-1\"><span style=\"color: #000000\">\ud83d\udc9a <\/span><\/span>wysoka biodost\u0119pno\u015b\u0107 zapewniaj\u0105ca skuteczne dzia\u0142anie<\/p>\n<p><span class=\"ml-1\"><span style=\"color: #000000\">\ud83d\udc9a <\/span><\/span>przyczynia si\u0119 do prawid\u0142owego funkcjonowania uk\u0142adu odporno\u015bciowego<\/p>\n<p><span class=\"ml-1\"><span style=\"color: #000000\">\ud83d\udc9a <\/span><\/span>przyczynia si\u0119 do ochrony kom\u00f3rek przed stresem oksydacyjnym<\/p>\n<p><span class=\"ml-1\"><span style=\"color: #000000\">\ud83d\udc9a <\/span><\/span>p\u0142ynna forma zapewniaj\u0105ca \u0142atw\u0105 aplikacj\u0119 i dobre wch\u0142anianie<\/p>\n<p><span class=\"ml-1\"><span style=\"color: #000000\">\ud83d\udc9a <\/span><\/span>odpowiedni dla wegan<\/p>\n<p><span class=\"ml-1\"><span style=\"color: #000000\">\ud83d\udc9a <\/span><\/span>bezglutenowy, bez laktozy i GMO<\/p>\n","protected":false},"featured_media":7201,"comment_status":"open","ping_status":"closed","template":"","meta":{"_acf_changed":false},"product_brand":[],"product_cat":[15,232,237,224,225],"product_tag":[],"class_list":{"0":"post-7202","1":"product","2":"type-product","3":"status-publish","4":"has-post-thumbnail","6":"product_cat-uncategorized","7":"product_cat-mineraly-witaminy","8":"product_cat-nowy","9":"product_cat-oferta","10":"product_cat-wszystkie-produkty","12":"first","13":"instock","14":"sale","15":"taxable","16":"shipping-taxable","17":"purchasable","18":"product-type-simple"},"acf":[],"_links":{"self":[{"href":"https:\/\/fengchashop.com\/pl\/wp-json\/wp\/v2\/product\/7202","targetHints":{"allow":["GET"]}}],"collection":[{"href":"https:\/\/fengchashop.com\/pl\/wp-json\/wp\/v2\/product"}],"about":[{"href":"https:\/\/fengchashop.com\/pl\/wp-json\/wp\/v2\/types\/product"}],"replies":[{"embeddable":true,"href":"https:\/\/fengchashop.com\/pl\/wp-json\/wp\/v2\/comments?post=7202"}],"wp:featuredmedia":[{"embeddable":true,"href":"https:\/\/fengchashop.com\/pl\/wp-json\/wp\/v2\/media\/7201"}],"wp:attachment":[{"href":"https:\/\/fengchashop.com\/pl\/wp-json\/wp\/v2\/media?parent=7202"}],"wp:term":[{"taxonomy":"product_brand","embeddable":true,"href":"https:\/\/fengchashop.com\/pl\/wp-json\/wp\/v2\/product_brand?post=7202"},{"taxonomy":"product_cat","embeddable":true,"href":"https:\/\/fengchashop.com\/pl\/wp-json\/wp\/v2\/product_cat?post=7202"},{"taxonomy":"product_tag","embeddable":true,"href":"https:\/\/fengchashop.com\/pl\/wp-json\/wp\/v2\/product_tag?post=7202"}],"curies":[{"name":"wp","href":"https:\/\/api.w.org\/{rel}","templated":true}]}}