{"id":7200,"date":"2026-04-15T04:37:10","date_gmt":"2026-04-15T02:37:10","guid":{"rendered":"https:\/\/fengchashop.com\/pl\/product\/selen-v-tekocini-150-ml\/"},"modified":"2026-04-25T13:29:21","modified_gmt":"2026-04-25T11:29:21","slug":"selen-w-plynie","status":"publish","type":"product","link":"https:\/\/fengchashop.com\/pl\/product\/selen-w-plynie\/","title":{"rendered":"Selen w p\u0142ynie 150 ml"},"content":{"rendered":"<h2><strong>Selen w p\u0142ynie<\/strong><\/h2>\n<p><strong>Selen w p\u0142ynie <\/strong>to nowoczesny suplement diety przeznaczony do wspomagania uk\u0142adu odporno\u015bciowego, tarczycy i ochrony kom\u00f3rek. Zawiera niezb\u0119dny mikroelement \u2013 selen, kt\u00f3ry bierze udzia\u0142 w wa\u017cnych procesach zachodz\u0105cych w organizmie \u2013 od funkcjonowania uk\u0142adu odporno\u015bciowego po ochron\u0119 przed stresem oksydacyjnym.<\/p>\n<p>Selen przyczynia si\u0119 do prawid\u0142owego funkcjonowania tarczycy, utrzymania zdrowych w\u0142os\u00f3w i paznokci oraz ochrony kom\u00f3rek przed wolnymi rodnikami.<\/p>\n<p>P\u0142ynna forma zapewnia \u0142atw\u0105 aplikacj\u0119 i dobre wch\u0142anianie, a przyjemny smak mango sprawia, \u017ce codzienne stosowanie jest przyjemno\u015bci\u0105.<\/p>\n<h2><strong>Jak to dzia\u0142a?<\/strong><\/h2>\n<p>Selen odgrywa wa\u017cn\u0105 rol\u0119 w ochronie organizmu przed stresem oksydacyjnym oraz wspiera prawid\u0142owe funkcjonowanie uk\u0142adu odporno\u015bciowego. Uczestniczy r\u00f3wnie\u017c w funkcjonowaniu tarczycy, kt\u00f3ra reguluje wiele proces\u00f3w w organizmie.<\/p>\n<h2><strong>Co zawiera?<\/strong><\/h2>\n<p><strong><span class=\"ml-1\"><span style=\"color: #000000\">\ud83d\udc9a <\/span><\/span>Selen<\/strong><\/p>\n<ul>\n<li>przyczynia si\u0119 do <strong>prawid\u0142owej spermatogenezy<\/strong><\/li>\n<li>przyczynia si\u0119 do <strong>utrzymania zdrowych w\u0142os\u00f3w<\/strong><\/li>\n<li>przyczynia si\u0119 do <strong>utrzymania zdrowych paznokci<\/strong><\/li>\n<li>przyczynia si\u0119 do <strong>prawid\u0142owego funkcjonowania uk\u0142adu odporno\u015bciowego<\/strong><\/li>\n<li>przyczynia si\u0119 do <strong>prawid\u0142owego funkcjonowania tarczycy<\/strong><\/li>\n<li>przyczynia si\u0119 do <strong>ochrony kom\u00f3rek przed stresem oksydacyjnym<\/strong><\/li>\n<\/ul>\n<h2><strong>Dlaczego warto wybra\u0107 selen w p\u0142ynie?<\/strong><\/h2>\n<ul>\n<li>przyczynia si\u0119 do prawid\u0142owego funkcjonowania uk\u0142adu odporno\u015bciowego i tarczycy<\/li>\n<li>przyczynia si\u0119 do ochrony kom\u00f3rek przed stresem oksydacyjnym<\/li>\n<li>przyczynia si\u0119 do utrzymania zdrowych w\u0142os\u00f3w i paznokci<\/li>\n<li>p\u0142ynna forma u\u0142atwiaj\u0105ca stosowanie<\/li>\n<li>przyjemny smak mango<\/li>\n<li>odpowiedni dla wegan<\/li>\n<li>bezglutenowy, bez laktozy i GMO<\/li>\n<\/ul>\n<h2 style=\"text-align: justify\"><span style=\"color: #000000\">Przechowywanie i ostrze\u017cenia<\/span><\/h2>\n<p>Przechowywa\u0107 w suchym i ciemnym miejscu w temperaturze do 25 \u00b0C. Po otwarciu przechowywa\u0107 w lod\u00f3wce.<\/p>\n<p>Pami\u0119taj o znaczeniu zr\u00f3\u017cnicowanej diety i zdrowego trybu \u017cycia. Suplement diety nie zast\u0119puje zbilansowanej i zr\u00f3\u017cnicowanej diety. Nie nale\u017cy przekracza\u0107 zalecanej dziennej dawki. Przechowuj w miejscu niedost\u0119pnym dla dzieci!<\/p>\n<h2><span style=\"color: #000000\">Opakowanie<\/span><\/h2>\n<p>Wysokiej jako\u015bci ciemna plastikowa butelka zosta\u0142a zaprojektowana w celu zapewnienia maksymalnej ochrony p\u0142ynnych witamin i minera\u0142\u00f3w. Chroni zawarto\u015b\u0107 przed \u015bwiat\u0142em, powietrzem i czynnikami zewn\u0119trznymi oraz pomaga zachowa\u0107 \u015bwie\u017co\u015b\u0107, stabilno\u015b\u0107 i skuteczno\u015b\u0107 przez ca\u0142y okres stosowania.<\/p>\n<p>Opakowanie jest bardzo praktyczne i nadaje si\u0119 do recyklingu.<\/p>\n<h2>Pochodzenie<\/h2>\n<p>UE<\/p>\n","protected":false},"excerpt":{"rendered":"<p><strong>P\u0142ynny selen o smaku mango<\/strong> to suplement diety o wysokiej zawarto\u015bci selenu (182% RDA), kt\u00f3ry wspomaga tarczyc\u0119, uk\u0142ad odporno\u015bciowy oraz ochron\u0119 kom\u00f3rek.<\/p>\n<p><span class=\"ml-1\"><span style=\"color: #000000\">\ud83d\udc9a <\/span><\/span>przyczynia si\u0119 do prawid\u0142owego funkcjonowania uk\u0142adu odporno\u015bciowego i tarczycy<\/p>\n<p><span class=\"ml-1\"><span style=\"color: #000000\">\ud83d\udc9a <\/span><\/span>ochrona kom\u00f3rek przed stresem oksydacyjnym<\/p>\n<p><span class=\"ml-1\"><span style=\"color: #000000\">\ud83d\udc9a <\/span><\/span>przyczynia si\u0119 do utrzymania zdrowych w\u0142os\u00f3w i paznokci oraz p\u0142odno\u015bci<\/p>\n<p><span class=\"ml-1\"><span style=\"color: #000000\">\ud83d\udc9a <\/span><\/span>p\u0142ynna forma u\u0142atwiaj\u0105ca spo\u017cycie i zapewniaj\u0105ca dobre wch\u0142anianie<\/p>\n<p><span class=\"ml-1\"><span style=\"color: #000000\">\ud83d\udc9a <\/span><\/span>przyjemny smak mango,<\/p>\n<p><span class=\"ml-1\"><span style=\"color: #000000\">\ud83d\udc9a <\/span><\/span>odpowiedni dla wegan<\/p>\n<p><span class=\"ml-1\"><span style=\"color: #000000\">\ud83d\udc9a <\/span><\/span>bezglutenowy, bez laktozy i GMO<\/p>\n","protected":false},"featured_media":7199,"comment_status":"open","ping_status":"closed","template":"","meta":{"_acf_changed":false},"product_brand":[],"product_cat":[15,232,237,224,225],"product_tag":[],"class_list":{"0":"post-7200","1":"product","2":"type-product","3":"status-publish","4":"has-post-thumbnail","6":"product_cat-uncategorized","7":"product_cat-mineraly-witaminy","8":"product_cat-nowy","9":"product_cat-oferta","10":"product_cat-wszystkie-produkty","12":"first","13":"instock","14":"sale","15":"taxable","16":"shipping-taxable","17":"purchasable","18":"product-type-simple"},"acf":[],"_links":{"self":[{"href":"https:\/\/fengchashop.com\/pl\/wp-json\/wp\/v2\/product\/7200","targetHints":{"allow":["GET"]}}],"collection":[{"href":"https:\/\/fengchashop.com\/pl\/wp-json\/wp\/v2\/product"}],"about":[{"href":"https:\/\/fengchashop.com\/pl\/wp-json\/wp\/v2\/types\/product"}],"replies":[{"embeddable":true,"href":"https:\/\/fengchashop.com\/pl\/wp-json\/wp\/v2\/comments?post=7200"}],"wp:featuredmedia":[{"embeddable":true,"href":"https:\/\/fengchashop.com\/pl\/wp-json\/wp\/v2\/media\/7199"}],"wp:attachment":[{"href":"https:\/\/fengchashop.com\/pl\/wp-json\/wp\/v2\/media?parent=7200"}],"wp:term":[{"taxonomy":"product_brand","embeddable":true,"href":"https:\/\/fengchashop.com\/pl\/wp-json\/wp\/v2\/product_brand?post=7200"},{"taxonomy":"product_cat","embeddable":true,"href":"https:\/\/fengchashop.com\/pl\/wp-json\/wp\/v2\/product_cat?post=7200"},{"taxonomy":"product_tag","embeddable":true,"href":"https:\/\/fengchashop.com\/pl\/wp-json\/wp\/v2\/product_tag?post=7200"}],"curies":[{"name":"wp","href":"https:\/\/api.w.org\/{rel}","templated":true}]}}