{"id":7198,"date":"2026-04-15T04:27:17","date_gmt":"2026-04-15T02:27:17","guid":{"rendered":"https:\/\/fengchashop.com\/pl\/product\/zelezo-v-tekocini-250-ml\/"},"modified":"2026-04-28T15:38:28","modified_gmt":"2026-04-28T13:38:28","slug":"zelazo-w-plynie","status":"publish","type":"product","link":"https:\/\/fengchashop.com\/pl\/product\/zelazo-w-plynie\/","title":{"rendered":"\u017belazo w p\u0142ynie 250 ml"},"content":{"rendered":"<h2><strong>\u017belazo w p\u0142ynie<\/strong><\/h2>\n<p><strong>\u017belazo w p\u0142ynie <\/strong>to nowoczesny suplement diety, opracowany w celu wsparcia energii, krwi i og\u00f3lnego samopoczucia. Zawiera \u017celazo oraz starannie dobran\u0105 kombinacj\u0119 witamin, kt\u00f3re uczestnicz\u0105 w wa\u017cnych procesach zachodz\u0105cych w organizmie \u2013 od tworzenia czerwonych krwinek po uwalnianie energii w procesie metabolizmu.<\/p>\n<p>Zaawansowana formu\u0142a \u0142\u0105czy \u017celazo z witamin\u0105 C oraz witaminami z grupy B (B1, B2, B6 i B12), kt\u00f3re przyczyniaj\u0105 si\u0119 do lepszego wykorzystania \u017celaza, zmniejszenia zm\u0119czenia oraz wsparcia uk\u0142adu odporno\u015bciowego.<\/p>\n<p>P\u0142ynna forma zapewnia \u0142atwe stosowanie i dobre wch\u0142anianie, co jest szczeg\u00f3lnie odpowiednie dla os\u00f3b, kt\u00f3re maj\u0105 trudno\u015bci z przyjmowaniem kapsu\u0142ek lub tabletek.<\/p>\n<h2><strong>Jak to dzia\u0142a?<\/strong><\/h2>\n<p>\u017belazo odgrywa kluczow\u0105 rol\u0119 w tworzeniu czerwonych krwinek i hemoglobiny, kt\u00f3re umo\u017cliwiaj\u0105 transport tlenu w organizmie. W po\u0142\u0105czeniu z witaminami przyczynia si\u0119 do uwalniania energii, zmniejszenia zm\u0119czenia oraz prawid\u0142owego funkcjonowania uk\u0142adu odporno\u015bciowego.<\/p>\n<h2><strong>Co zawiera?<\/strong><\/h2>\n<p><span class=\"ml-1\"><span style=\"color: #000000\">\ud83d\udc9a <\/span><\/span><strong>\u017belazo<\/strong><\/p>\n<ul>\n<li>przyczynia si\u0119 do tworzenia czerwonych krwinek i hemoglobiny oraz zmniejszenia zm\u0119czenia<\/li>\n<li>odgrywa rol\u0119 w funkcjach poznawczych.<\/li>\n<li>przyczynia si\u0119 do uwalniania energii w procesie metabolizmu<\/li>\n<li>odgrywa rol\u0119 w tworzeniu czerwonych krwinek i hemoglobiny.<\/li>\n<li>odgrywa rol\u0119 w transporcie tlenu w organizmie.<\/li>\n<li>odgrywa rol\u0119 w funkcjonowaniu uk\u0142adu odporno\u015bciowego<\/li>\n<li>przyczynia si\u0119 do zmniejszenia zm\u0119czenia i wyczerpania, odgrywa rol\u0119 w podziale kom\u00f3rek<\/li>\n<\/ul>\n<p><span class=\"ml-1\"><span style=\"color: #000000\">\ud83d\udc9a <\/span><\/span><strong>Witamina C<\/strong> \u2013 zwi\u0119ksza wch\u0142anianie \u017celaza<\/p>\n<p><span class=\"ml-1\"><span style=\"color: #000000\">\ud83d\udc9a <\/span><\/span><strong>Witamina B1 (tiamina)<\/strong> \u2013 przyczynia si\u0119 do prawid\u0142owego metabolizmu energetycznego<\/p>\n<p><span class=\"ml-1\"><span style=\"color: #000000\">\ud83d\udc9a <\/span><\/span><strong>Witamina B2 (ryboflawina)<\/strong> \u2013 przyczynia si\u0119 do ochrony kom\u00f3rek przed stresem oksydacyjnym<\/p>\n<p><span class=\"ml-1\"><span style=\"color: #000000\">\ud83d\udc9a <\/span><\/span><strong>Witamina B6<\/strong> \u2013 przyczynia si\u0119 do tworzenia czerwonych krwinek<\/p>\n<p><span class=\"ml-1\"><span style=\"color: #000000\">\ud83d\udc9a <\/span><\/span><strong>Witamina B12<\/strong> \u2013 przyczynia si\u0119 do zmniejszenia zm\u0119czenia i prawid\u0142owego funkcjonowania uk\u0142adu nerwowego<\/p>\n<h2><strong>Dlaczego warto wybra\u0107 \u017celazo w p\u0142ynie?<\/strong><\/h2>\n<ul>\n<li>przyczynia si\u0119 do prawid\u0142owego funkcjonowania uk\u0142adu odporno\u015bciowego<\/li>\n<li>po\u0142\u0105czenie \u017celaza i witamin dla lepszego wch\u0142aniania<\/li>\n<li>p\u0142ynna forma u\u0142atwiaj\u0105ca spo\u017cycie<\/li>\n<li>przyjemny smak jab\u0142ka<\/li>\n<li>odpowiedni dla wegan<\/li>\n<li>bezglutenowy, bez laktozy i GMO<\/li>\n<\/ul>\n<h2 style=\"text-align: justify\"><span style=\"color: #000000\">Przechowywanie i ostrze\u017cenia<\/span><\/h2>\n<p>Przechowywa\u0107 w suchym i ciemnym miejscu w temperaturze do 25 \u00b0C. Po otwarciu przechowywa\u0107 w lod\u00f3wce.<\/p>\n<p>Pami\u0119taj o znaczeniu zr\u00f3\u017cnicowanej diety i zdrowego trybu \u017cycia. Suplement diety nie zast\u0119puje zbilansowanej i zr\u00f3\u017cnicowanej diety. Nie nale\u017cy przekracza\u0107 zalecanej dziennej dawki. Przechowuj w miejscu niedost\u0119pnym dla dzieci!<\/p>\n<h2><span style=\"color: #000000\">Opakowanie<\/span><\/h2>\n<p>Wysokiej jako\u015bci ciemna plastikowa butelka zosta\u0142a zaprojektowana w celu zapewnienia maksymalnej ochrony p\u0142ynnych witamin i minera\u0142\u00f3w. Chroni zawarto\u015b\u0107 przed \u015bwiat\u0142em, powietrzem i czynnikami zewn\u0119trznymi oraz pomaga zachowa\u0107 \u015bwie\u017co\u015b\u0107, stabilno\u015b\u0107 i skuteczno\u015b\u0107 przez ca\u0142y okres stosowania.<\/p>\n<p>Opakowanie jest bardzo praktyczne i nadaje si\u0119 do recyklingu.<\/p>\n<h2>Pochodzenie<\/h2>\n<p>UE<\/p>\n","protected":false},"excerpt":{"rendered":"<p><strong>P\u0142ynne \u017celazo <\/strong>z witaminami zosta\u0142o opracowane w celu wspierania tworzenia czerwonych krwinek, transportu tlenu w organizmie oraz zmniejszania zm\u0119czenia i wyczerpania.<\/p>\n<p><span class=\"ml-1\"><span style=\"color: #000000\">\ud83d\udc9a <\/span><\/span>p\u0142ynna forma u\u0142atwiaj\u0105ca spo\u017cycie<\/p>\n<p><span class=\"ml-1\"><span style=\"color: #000000\">\ud83d\udc9a <\/span><\/span>dobra przyswajalno\u015b\u0107 i wykorzystanie sk\u0142adnik\u00f3w od\u017cywczych<\/p>\n<p><span class=\"ml-1\"><span style=\"color: #000000\">\ud83d\udc9a <\/span><\/span>pomaga zmniejsza\u0107 zm\u0119czenie i wyczerpanie<\/p>\n<p><span class=\"ml-1\"><span style=\"color: #000000\">\ud83d\udc9a<\/span><\/span>przyczynia si\u0119 do prawid\u0142owego funkcjonowania uk\u0142adu odporno\u015bciowego<\/p>\n<p><span class=\"ml-1\"><span style=\"color: #000000\">\ud83d\udc9a<\/span><\/span>po\u0142\u0105czenie \u017celaza i witamin dla lepszego wch\u0142aniania<\/p>\n<p><span class=\"ml-1\"><span style=\"color: #000000\">\ud83d\udc9a <\/span><\/span>odpowiedni dla wegan<\/p>\n<p><span class=\"ml-1\"><span style=\"color: #000000\">\ud83d\udc9a <\/span><\/span>bezglutenowy, bez laktozy i GMO<\/p>\n","protected":false},"featured_media":7197,"comment_status":"open","ping_status":"closed","template":"","meta":{"_acf_changed":false},"product_brand":[],"product_cat":[15,232,237,224,225],"product_tag":[],"class_list":{"0":"post-7198","1":"product","2":"type-product","3":"status-publish","4":"has-post-thumbnail","6":"product_cat-uncategorized","7":"product_cat-mineraly-witaminy","8":"product_cat-nowy","9":"product_cat-oferta","10":"product_cat-wszystkie-produkty","12":"first","13":"instock","14":"sale","15":"taxable","16":"shipping-taxable","17":"purchasable","18":"product-type-simple"},"acf":[],"_links":{"self":[{"href":"https:\/\/fengchashop.com\/pl\/wp-json\/wp\/v2\/product\/7198","targetHints":{"allow":["GET"]}}],"collection":[{"href":"https:\/\/fengchashop.com\/pl\/wp-json\/wp\/v2\/product"}],"about":[{"href":"https:\/\/fengchashop.com\/pl\/wp-json\/wp\/v2\/types\/product"}],"replies":[{"embeddable":true,"href":"https:\/\/fengchashop.com\/pl\/wp-json\/wp\/v2\/comments?post=7198"}],"wp:featuredmedia":[{"embeddable":true,"href":"https:\/\/fengchashop.com\/pl\/wp-json\/wp\/v2\/media\/7197"}],"wp:attachment":[{"href":"https:\/\/fengchashop.com\/pl\/wp-json\/wp\/v2\/media?parent=7198"}],"wp:term":[{"taxonomy":"product_brand","embeddable":true,"href":"https:\/\/fengchashop.com\/pl\/wp-json\/wp\/v2\/product_brand?post=7198"},{"taxonomy":"product_cat","embeddable":true,"href":"https:\/\/fengchashop.com\/pl\/wp-json\/wp\/v2\/product_cat?post=7198"},{"taxonomy":"product_tag","embeddable":true,"href":"https:\/\/fengchashop.com\/pl\/wp-json\/wp\/v2\/product_tag?post=7198"}],"curies":[{"name":"wp","href":"https:\/\/api.w.org\/{rel}","templated":true}]}}