{"id":7196,"date":"2026-04-15T04:21:19","date_gmt":"2026-04-15T02:21:19","guid":{"rendered":"https:\/\/fengchashop.com\/pl\/product\/vitamin-b12-v-tekocini-150-ml\/"},"modified":"2026-04-21T08:02:35","modified_gmt":"2026-04-21T06:02:35","slug":"witamina-b12-w-plynie","status":"publish","type":"product","link":"https:\/\/fengchashop.com\/pl\/product\/witamina-b12-w-plynie\/","title":{"rendered":"Witamina B12 w p\u0142ynie 150 ml"},"content":{"rendered":"<h2><strong>Witamina B12 w p\u0142ynie<\/strong><\/h2>\n<p><strong>Witamina B12 w p\u0142ynie <\/strong>to nowoczesny suplement diety, opracowany w celu wsparcia energii, uk\u0142adu nerwowego i og\u00f3lnego samopoczucia. Zawiera wysok\u0105 zawarto\u015b\u0107 witaminy B12, kt\u00f3ra bierze udzia\u0142 w wa\u017cnych procesach zachodz\u0105cych w organizmie \u2013 od tworzenia czerwonych krwinek po funkcjonowanie uk\u0142adu nerwowego.<\/p>\n<p>Witamina B12 przyczynia si\u0119 do zmniejszenia uczucia zm\u0119czenia i wyczerpania oraz wspiera prawid\u0142owe funkcjonowanie uk\u0142adu odporno\u015bciowego.<\/p>\n<p>P\u0142ynna forma zapewnia \u0142atwe stosowanie i dobre wch\u0142anianie sk\u0142adnik\u00f3w od\u017cywczych, co jest szczeg\u00f3lnie odpowiednie dla os\u00f3b, kt\u00f3re maj\u0105 trudno\u015bci z przyjmowaniem kapsu\u0142ek lub tabletek.<\/p>\n<h2><strong>Jak to dzia\u0142a?<\/strong><\/h2>\n<p>Witamina B12 odgrywa kluczow\u0105 rol\u0119 w uwalnianiu energii podczas metabolizmu i przyczynia si\u0119 do prawid\u0142owego funkcjonowania uk\u0142adu nerwowego. Pomaga r\u00f3wnie\u017c w tworzeniu czerwonych krwinek i mo\u017ce przyczynia\u0107 si\u0119 do zwi\u0119kszenia witalno\u015bci oraz zmniejszenia zm\u0119czenia.<\/p>\n<h2><strong>Co zawiera?<\/strong><\/h2>\n<p><strong><span class=\"ml-1\"><span style=\"color: #000000\">\ud83d\udc9a <\/span><\/span>Witamina B12 (cyjankobalamina)<\/strong><\/p>\n<ul>\n<li>przyczynia si\u0119 do prawid\u0142owego metabolizmu w celu pozyskiwania energii<\/li>\n<li>przyczynia si\u0119 do prawid\u0142owego funkcjonowania uk\u0142adu nerwowego<\/li>\n<li>przyczynia si\u0119 do prawid\u0142owego funkcjonowania psychicznego<\/li>\n<li>przyczynia si\u0119 do prawid\u0142owego tworzenia czerwonych krwinek<\/li>\n<li>przyczynia si\u0119 do prawid\u0142owego funkcjonowania uk\u0142adu odporno\u015bciowego<\/li>\n<li>przyczynia si\u0119 do zmniejszenia uczucia zm\u0119czenia i wyczerpania<\/li>\n<li>odgrywa rol\u0119 w podziale kom\u00f3rek<\/li>\n<\/ul>\n<h2><strong>Dlaczego warto wybra\u0107 p\u0142ynny kompleks witamin z grupy B?<\/strong><\/h2>\n<ul>\n<li>p\u0142ynna forma u\u0142atwiaj\u0105ca spo\u017cycie<\/li>\n<li>dobra przyswajalno\u015b\u0107 i wykorzystanie sk\u0142adnik\u00f3w od\u017cywczych<\/li>\n<li>odpowiedni dla wegan<\/li>\n<li>bezglutenowy, bez laktozy i GMO<\/li>\n<li>wygodny w codziennym stosowaniu<\/li>\n<\/ul>\n<h2 style=\"text-align: justify\"><span style=\"color: #000000\">Przechowywanie i ostrze\u017cenia<\/span><\/h2>\n<p>Przechowywa\u0107 w suchym i ciemnym miejscu w temperaturze do 25 \u00b0C. Po otwarciu przechowywa\u0107 w lod\u00f3wce.<\/p>\n<p>Pami\u0119taj o znaczeniu zr\u00f3\u017cnicowanej diety i zdrowego trybu \u017cycia. Suplement diety nie zast\u0119puje zbilansowanej i zr\u00f3\u017cnicowanej diety. Nie nale\u017cy przekracza\u0107 zalecanej dziennej dawki. Przechowuj w miejscu niedost\u0119pnym dla dzieci!<\/p>\n<h2><span style=\"color: #000000\">Opakowanie<\/span><\/h2>\n<p>Wysokiej jako\u015bci ciemna plastikowa butelka zosta\u0142a zaprojektowana w celu zapewnienia maksymalnej ochrony p\u0142ynnych witamin i minera\u0142\u00f3w. Chroni zawarto\u015b\u0107 przed \u015bwiat\u0142em, powietrzem i czynnikami zewn\u0119trznymi oraz pomaga zachowa\u0107 \u015bwie\u017co\u015b\u0107, stabilno\u015b\u0107 i skuteczno\u015b\u0107 przez ca\u0142y okres stosowania.<\/p>\n<p>Opakowanie jest bardzo praktyczne i nadaje si\u0119 do recyklingu.<\/p>\n<h2>Pochodzenie<\/h2>\n<p>UE<\/p>\n","protected":false},"excerpt":{"rendered":"<p><strong>P\u0142ynna witamina B12 <\/strong>to suplement diety przeznaczony do zmniejszania zm\u0119czenia, wspierania uk\u0142adu odporno\u015bciowego oraz prawid\u0142owego funkcjonowania uk\u0142adu nerwowego i funkcji psychicznych. Jedna butelka zawiera 150 ml p\u0142ynu, co wystarcza na oko\u0142o 60 dni regularnego stosowania.<\/p>\n<p><span class=\"ml-1\"><span style=\"color: #000000\">\ud83d\udc9a <\/span><\/span>p\u0142ynna forma u\u0142atwiaj\u0105ca spo\u017cycie<br \/>\n<span class=\"ml-1\"><span style=\"color: #000000\">\ud83d\udc9a <\/span><\/span>dobra przyswajalno\u015b\u0107 i wykorzystanie sk\u0142adnik\u00f3w od\u017cywczych<br \/>\n<span class=\"ml-1\"><span style=\"color: #000000\">\ud83d\udc9a <\/span><\/span>przyczynia si\u0119 do prawid\u0142owego metabolizmu w celu pozyskiwania energii i zmniejszenia zm\u0119czenia<br \/>\n<span class=\"ml-1\"><span style=\"color: #000000\">\ud83d\udc9a <\/span><\/span>odpowiedni dla wegan<br \/>\n<span class=\"ml-1\"><span style=\"color: #000000\">\ud83d\udc9a <\/span><\/span>bezglutenowy, bez laktozy i GMO<br \/>\n<span class=\"ml-1\"><span style=\"color: #000000\">\ud83d\udc9a <\/span><\/span>wygodny w codziennym stosowaniu<\/p>\n","protected":false},"featured_media":7195,"comment_status":"open","ping_status":"closed","template":"","meta":{"_acf_changed":false},"product_brand":[],"product_cat":[15,232,237,224,225],"product_tag":[],"class_list":{"0":"post-7196","1":"product","2":"type-product","3":"status-publish","4":"has-post-thumbnail","6":"product_cat-uncategorized","7":"product_cat-mineraly-witaminy","8":"product_cat-nowy","9":"product_cat-oferta","10":"product_cat-wszystkie-produkty","12":"first","13":"instock","14":"sale","15":"taxable","16":"shipping-taxable","17":"purchasable","18":"product-type-simple"},"acf":[],"_links":{"self":[{"href":"https:\/\/fengchashop.com\/pl\/wp-json\/wp\/v2\/product\/7196","targetHints":{"allow":["GET"]}}],"collection":[{"href":"https:\/\/fengchashop.com\/pl\/wp-json\/wp\/v2\/product"}],"about":[{"href":"https:\/\/fengchashop.com\/pl\/wp-json\/wp\/v2\/types\/product"}],"replies":[{"embeddable":true,"href":"https:\/\/fengchashop.com\/pl\/wp-json\/wp\/v2\/comments?post=7196"}],"wp:featuredmedia":[{"embeddable":true,"href":"https:\/\/fengchashop.com\/pl\/wp-json\/wp\/v2\/media\/7195"}],"wp:attachment":[{"href":"https:\/\/fengchashop.com\/pl\/wp-json\/wp\/v2\/media?parent=7196"}],"wp:term":[{"taxonomy":"product_brand","embeddable":true,"href":"https:\/\/fengchashop.com\/pl\/wp-json\/wp\/v2\/product_brand?post=7196"},{"taxonomy":"product_cat","embeddable":true,"href":"https:\/\/fengchashop.com\/pl\/wp-json\/wp\/v2\/product_cat?post=7196"},{"taxonomy":"product_tag","embeddable":true,"href":"https:\/\/fengchashop.com\/pl\/wp-json\/wp\/v2\/product_tag?post=7196"}],"curies":[{"name":"wp","href":"https:\/\/api.w.org\/{rel}","templated":true}]}}