{"id":7194,"date":"2026-04-14T17:30:09","date_gmt":"2026-04-14T15:30:09","guid":{"rendered":"https:\/\/fengchashop.com\/pl\/product\/b-kompleks-v-tekocini-250-ml\/"},"modified":"2026-04-21T08:02:35","modified_gmt":"2026-04-21T06:02:35","slug":"kompleks-witamin-b-w-plynie","status":"publish","type":"product","link":"https:\/\/fengchashop.com\/pl\/product\/kompleks-witamin-b-w-plynie\/","title":{"rendered":"Kompleks witamin B w p\u0142ynie 250 ml"},"content":{"rendered":"<h2>Kompleks witamin z grupy B w p\u0142ynie<\/h2>\n<p><strong>P\u0142ynny kompleks witamin z grupy B <\/strong>to nowoczesny suplement diety opracowany w celu wspierania codziennego funkcjonowania organizmu i dobrego samopoczucia. Zawiera starannie dobran\u0105 kombinacj\u0119 witamin z grupy B, kt\u00f3re uczestnicz\u0105 w wielu kluczowych procesach \u2013 od uwalniania energii w procesie metabolizmu po funkcjonowanie uk\u0142adu nerwowego.<\/p>\n<p>Zaawansowana formu\u0142a \u0142\u0105czy witaminy B1, B2, B3, B5, B6, B7, B9 i B12, kt\u00f3re razem pomagaj\u0105 zmniejszy\u0107 zm\u0119czenie, wspieraj\u0105 funkcje psychiczne i odgrywaj\u0105 wa\u017cn\u0105 rol\u0119 w prawid\u0142owym funkcjonowaniu uk\u0142adu odporno\u015bciowego.<\/p>\n<p>P\u0142ynna forma zapewnia \u0142atwe stosowanie i dobre przyswajanie sk\u0142adnik\u00f3w od\u017cywczych, co jest szczeg\u00f3lnie odpowiednie dla os\u00f3b, kt\u00f3re maj\u0105 trudno\u015bci z przyjmowaniem kapsu\u0142ek lub tabletek.<\/p>\n<h2><strong>Jak to dzia\u0142a?<\/strong><\/h2>\n<p>Witaminy z grupy B odgrywaj\u0105 kluczow\u0105 rol\u0119 w przemianie pokarmu w energi\u0119 i przyczyniaj\u0105 si\u0119 do og\u00f3lnej r\u00f3wnowagi w organizmie. Regularne spo\u017cywanie mo\u017ce pom\u00f3c w utrzymaniu witalno\u015bci, zmniejszeniu zm\u0119czenia oraz wsparciu uk\u0142adu nerwowego.<\/p>\n<h2><strong>Co zawiera?<\/strong><\/h2>\n<p><strong><span class=\"ml-1\"><span style=\"color: #000000\">\ud83d\udc9a <\/span><\/span>Witamina B1 (tiamina)<\/strong> \u2013 przyczynia si\u0119 do prawid\u0142owego metabolizmu w celu pozyskania energii<\/p>\n<p><strong><span class=\"ml-1\"><span style=\"color: #000000\">\ud83d\udc9a <\/span><\/span>Witamina B2 (ryboflawina)<\/strong> \u2013 przyczynia si\u0119 do ochrony kom\u00f3rek przed stresem oksydacyjnym oraz utrzymania zdrowej sk\u00f3ry<\/p>\n<p><strong><span class=\"ml-1\"><span style=\"color: #000000\">\ud83d\udc9a <\/span><\/span>Witamina B3 (niacyna)<\/strong> \u2013 przyczynia si\u0119 do prawid\u0142owego funkcjonowania uk\u0142adu nerwowego i zmniejszenia uczucia zm\u0119czenia<\/p>\n<p><strong><span class=\"ml-1\"><span style=\"color: #000000\">\ud83d\udc9a <\/span><\/span>Witamina B5 (kwas pantotenowy)<\/strong> \u2013 przyczynia si\u0119 do prawid\u0142owej sprawno\u015bci umys\u0142owej<\/p>\n<p><strong><span class=\"ml-1\"><span style=\"color: #000000\">\ud83d\udc9a <\/span><\/span>Witamina B6<\/strong> \u2013 przyczynia si\u0119 do regulacji aktywno\u015bci hormonalnej i funkcjonowania uk\u0142adu odporno\u015bciowego<\/p>\n<p><strong><span class=\"ml-1\"><span style=\"color: #000000\">\ud83d\udc9a <\/span><\/span>Witamina B7 (biotyna)<\/strong> \u2013 przyczynia si\u0119 do utrzymania zdrowych w\u0142os\u00f3w, sk\u00f3ry i metabolizmu makrosk\u0142adnik\u00f3w od\u017cywczych<\/p>\n<p><strong><span class=\"ml-1\"><span style=\"color: #000000\">\ud83d\udc9a <\/span><\/span>Witamina B9 (kwas foliowy)<\/strong> \u2013 przyczynia si\u0119 do tworzenia krwi i podzia\u0142u kom\u00f3rek<\/p>\n<p><strong><span class=\"ml-1\"><span style=\"color: #000000\">\ud83d\udc9a <\/span><\/span>Witamina B12<\/strong> \u2013 przyczynia si\u0119 do zmniejszenia zm\u0119czenia oraz prawid\u0142owego funkcjonowania uk\u0142adu nerwowego<\/p>\n<h2><strong>Dlaczego warto wybra\u0107 p\u0142ynny kompleks witamin z grupy B?<\/strong><\/h2>\n<ul>\n<li>p\u0142ynna forma u\u0142atwiaj\u0105ca spo\u017cycie<\/li>\n<li>dobra przyswajalno\u015b\u0107 i wykorzystanie sk\u0142adnik\u00f3w od\u017cywczych<\/li>\n<li>odpowiedni dla wegan<\/li>\n<li>bezglutenowy, bez laktozy i GMO<\/li>\n<li>wygodny w codziennym stosowaniu<\/li>\n<\/ul>\n<h2 style=\"text-align: justify\"><span style=\"color: #000000\">Przechowywanie i ostrze\u017cenia<\/span><\/h2>\n<p>Przechowywa\u0107 w suchym i ciemnym miejscu w temperaturze do 25 \u00b0C. Po otwarciu przechowywa\u0107 w lod\u00f3wce.<\/p>\n<p>Pami\u0119taj o znaczeniu zr\u00f3\u017cnicowanej diety i zdrowego trybu \u017cycia. Suplement diety nie zast\u0119puje zbilansowanej i zr\u00f3\u017cnicowanej diety. Nie nale\u017cy przekracza\u0107 zalecanej dziennej dawki. Przechowuj w miejscu niedost\u0119pnym dla dzieci!<\/p>\n<h2><span style=\"color: #000000\">Opakowanie<\/span><\/h2>\n<p>Wysokiej jako\u015bci ciemna plastikowa butelka zosta\u0142a zaprojektowana w celu zapewnienia maksymalnej ochrony p\u0142ynnych witamin i minera\u0142\u00f3w. Chroni zawarto\u015b\u0107 przed \u015bwiat\u0142em, powietrzem i czynnikami zewn\u0119trznymi oraz pomaga zachowa\u0107 \u015bwie\u017co\u015b\u0107, stabilno\u015b\u0107 i skuteczno\u015b\u0107 przez ca\u0142y okres stosowania.<\/p>\n<p>Opakowanie jest bardzo praktyczne i nadaje si\u0119 do recyklingu.<\/p>\n<h2>Pochodzenie<\/h2>\n<p>UE<\/p>\n","protected":false},"excerpt":{"rendered":"<p><strong>Kompleks witamin z grupy B 250 ml<\/strong> to p\u0142ynny suplement diety zawieraj\u0105cy witaminy z grupy B, kt\u00f3re przyczyniaj\u0105 si\u0119 do uwalniania energii w procesie metabolizmu, wspieraj\u0105 funkcjonowanie uk\u0142adu nerwowego oraz pomagaj\u0105 zmniejszy\u0107 uczucie zm\u0119czenia.<\/p>\n<p>P\u0142ynna forma zapewnia dobre wch\u0142anianie i \u0142atw\u0105 aplikacj\u0119. Jedna butelka wystarcza na oko\u0142o 62 dni regularnego stosowania.<\/p>\n<p><span class=\"ml-1\"><span style=\"color: #000000\">\ud83d\udc9a <\/span>Zawiera pe\u0142ne spektrum witamin z grupy B dla optymalnego funkcjonowania organizmu.<\/span><\/p>\n<p><span class=\"ml-1\"><span style=\"color: #000000\">\ud83d\udc9a <\/span><\/span>Przyczynia si\u0119 do prawid\u0142owego metabolizmu w celu pozyskiwania energii<\/p>\n<p><span class=\"ml-1\"><span style=\"color: #000000\">\ud83d\udc9a<\/span><\/span> Przyczynia si\u0119 do zdrowia sk\u00f3ry, w\u0142os\u00f3w i paznokci<\/p>\n<p><span class=\"ml-1\"><span style=\"color: #000000\">\ud83d\udc9a<\/span><\/span>Przyczynia si\u0119 do prawid\u0142owego funkcjonowania uk\u0142adu nerwowego i zmniejszenia zm\u0119czenia<\/p>\n<p><span class=\"ml-1\"><span style=\"color: #000000\">\ud83d\udc9a<\/span><\/span> P\u0142ynna forma u\u0142atwiaj\u0105ca spo\u017cycie<\/p>\n<p><span class=\"ml-1\"><span style=\"color: #000000\">\ud83d\udc9a<\/span><\/span> Odpowiedni dla wegan<\/p>\n<p><span class=\"ml-1\"><span style=\"color: #000000\">\ud83d\udc9a <\/span><\/span>Bezglutenowy, bez laktozy i GMO<\/p>\n","protected":false},"featured_media":7193,"comment_status":"open","ping_status":"closed","template":"","meta":{"_acf_changed":false},"product_brand":[],"product_cat":[15,232,237,224,225],"product_tag":[],"class_list":{"0":"post-7194","1":"product","2":"type-product","3":"status-publish","4":"has-post-thumbnail","6":"product_cat-uncategorized","7":"product_cat-mineraly-witaminy","8":"product_cat-nowy","9":"product_cat-oferta","10":"product_cat-wszystkie-produkty","12":"first","13":"instock","14":"sale","15":"taxable","16":"shipping-taxable","17":"purchasable","18":"product-type-simple"},"acf":[],"_links":{"self":[{"href":"https:\/\/fengchashop.com\/pl\/wp-json\/wp\/v2\/product\/7194","targetHints":{"allow":["GET"]}}],"collection":[{"href":"https:\/\/fengchashop.com\/pl\/wp-json\/wp\/v2\/product"}],"about":[{"href":"https:\/\/fengchashop.com\/pl\/wp-json\/wp\/v2\/types\/product"}],"replies":[{"embeddable":true,"href":"https:\/\/fengchashop.com\/pl\/wp-json\/wp\/v2\/comments?post=7194"}],"wp:featuredmedia":[{"embeddable":true,"href":"https:\/\/fengchashop.com\/pl\/wp-json\/wp\/v2\/media\/7193"}],"wp:attachment":[{"href":"https:\/\/fengchashop.com\/pl\/wp-json\/wp\/v2\/media?parent=7194"}],"wp:term":[{"taxonomy":"product_brand","embeddable":true,"href":"https:\/\/fengchashop.com\/pl\/wp-json\/wp\/v2\/product_brand?post=7194"},{"taxonomy":"product_cat","embeddable":true,"href":"https:\/\/fengchashop.com\/pl\/wp-json\/wp\/v2\/product_cat?post=7194"},{"taxonomy":"product_tag","embeddable":true,"href":"https:\/\/fengchashop.com\/pl\/wp-json\/wp\/v2\/product_tag?post=7194"}],"curies":[{"name":"wp","href":"https:\/\/api.w.org\/{rel}","templated":true}]}}