{"id":6791,"date":"2026-01-13T17:09:26","date_gmt":"2026-01-13T16:09:26","guid":{"rendered":"https:\/\/fengchashop.com\/pl\/?post_type=product&#038;p=6791"},"modified":"2026-05-08T17:07:25","modified_gmt":"2026-05-08T15:07:25","slug":"ganoderma-lucidum-reishi-bio","status":"publish","type":"product","link":"https:\/\/fengchashop.com\/pl\/product\/ganoderma-lucidum-reishi-bio\/","title":{"rendered":"Ganoderma lucidum (Reishi) BIO 125 g"},"content":{"rendered":"<h2><span style=\"color: #000000\">Lakownica \u017c\u00f3\u0142tawa (Ganoderma lucidum &#8211; Reishi)<\/span><\/h2>\n<p align=\"JUSTIFY\"><span style=\"color: #000000\">Lakownica \u017c\u00f3\u0142tawa, znana r\u00f3wnie\u017c jako <strong>grzyb nie\u015bmiertelno\u015bci<\/strong>, jest wykorzystywana w tradycyjnej medycynie chi\u0144skiej od co najmniej kilku tysi\u0105cleci. <strong>Poprawia og\u00f3lne samopoczucie i system odporno\u015bciowy<\/strong>. Ponadto ma wiele innych pozytywnych skutk\u00f3w dla naszego zdrowia. Mo\u017ce mi\u0119dzy innymi wspom\u00f3c w zmianie niezr\u00f3wnowa\u017conego organizmu w zdrowy, pomagaj\u0105c w utrzymaniu dobrej kondycji fizycznej i zachowaniu r\u00f3wnowagi \u017cyciowej.<\/span><\/p>\n<p align=\"JUSTIFY\"><span style=\"color: #000000\">Jest <strong>stosowana<\/strong> w tradycyjnej medycynie chi\u0144skiej <strong>od co najmniej 4000 lat<\/strong>. Jednak dopiero od niedawna cieszy si\u0119 szczeg\u00f3lnym zainteresowaniem w zachodnim \u015bwiecie. W Azji lakownica jest uwa\u017cana za grzyb <strong>sprzyjaj\u0105cy d\u0142ugowieczno\u015bci i zdrowiu<\/strong>. Uwa\u017ca si\u0119 r\u00f3wnie\u017c, \u017ce wp\u0142ywa ona na nasze zdrowie psychiczne i umys\u0142owe. Przez wielu uznawana jest za \u015brodek \u0142agodz\u0105cy napi\u0119cie, uspokajaj\u0105cy, poprawiaj\u0105cy pami\u0119\u0107 i koncentracj\u0119 oraz wzmacniaj\u0105cy wol\u0119.<\/span><\/p>\n<p align=\"JUSTIFY\"><span style=\"color: #000000\">Produkcja lakownicy \u017c\u00f3\u0142tawej jest \u015bci\u015ble kontrolowana, bez u\u017cycia \u015brodk\u00f3w chemicznych i pestycyd\u00f3w, w 100% ekologiczna. Jako\u015b\u0107 grzyb\u00f3w jest regularnie kontrolowana przez niezale\u017cne laboratoria w S\u0142owenii i USA.<\/span><\/p>\n<h2 align=\"JUSTIFY\"><span style=\"color: #000000\">Co zawiera i dla kogo jest przeznaczony?<\/span><\/h2>\n<p align=\"JUSTIFY\"><span style=\"color: #000000\">Lakownica \u017c\u00f3\u0142tawa sk\u0142ada si\u0119 ze<strong>\u00a0z\u0142o\u017conych polisacharyd\u00f3w<\/strong>, <strong>triterpenoid\u00f3w<\/strong>, <strong>witamin<\/strong> (A, B2, B3, B6, kwasu foliowego itd.) oraz bioaktywnych <strong>minera\u0142\u00f3w<\/strong> (german, \u017celazo, magnez, cynk, mied\u017a, mangan itd.). Jest r\u00f3wnie\u017c naturalnym \u017ar\u00f3d\u0142em beta-glukanu, kt\u00f3ry odgrywa wa\u017cn\u0105 rol\u0119 w budowaniu zdrowego uk\u0142adu odporno\u015bciowego. Wszystkie te elementy s\u0105 obecne w du\u017cych ilo\u015bciach w grzybie i dlatego maj\u0105 niezwykle pozytywny wp\u0142yw na nasz organizm.<\/span><\/p>\n<p align=\"JUSTIFY\"><span style=\"color: #000000\">Reishi jest jednym z najbardziej sprawdzonych grzyb\u00f3w leczniczych. A jego dzia\u0142anie zosta\u0142o <strong>udowodnione naukowo<\/strong>. Nasze grzyby lecznicze s\u0105 r\u00f3wnie\u017c regularnie badane we wsp\u00f3\u0142pracy ze s\u0142owe\u0144skimi i zagranicznymi instytucjami badawczymi.<\/span><\/p>\n<p align=\"JUSTIFY\"><span style=\"color: #000000\">Lakownica \u017c\u00f3\u0142tawa w postaci proszku zawiera wiele sk\u0142adnik\u00f3w od\u017cywczych. Badania przeprowadzone w r\u00f3\u017cnych krajach na ca\u0142ym \u015bwiecie wykaza\u0142y szereg korzystnych efekt\u00f3w zwi\u0105zanych z regularnym spo\u017cywaniem lakownicy. Dlatego polecamy <strong>lakownic\u0119\u00a0<\/strong>ka\u017cdemu. Zw\u0142aszcza osobom, kt\u00f3re zyska\u0142yby z poni\u017cszych efekt\u00f3w:<\/span><\/p>\n<p align=\"JUSTIFY\"><span style=\"color: #000000\">\ud83d\udc9a stymulujeuk\u0142ad odporno\u015bcio<\/span><\/p>\n<p align=\"JUSTIFY\"><span style=\"color: #000000\">\ud83d\udc9a ma dzia\u0142anie przeciwnowotworowe,<\/span><\/p>\n<p align=\"JUSTIFY\"><span style=\"color: #000000\">\ud83d\udc9a poprawia kr\u0105\u017cenie krwi,<\/span><\/p>\n<p align=\"JUSTIFY\"><span style=\"color: #000000\">\ud83d\udc9a reguluje ci\u015bnienie krwi, poziom cholesterolu i cukru we krwi w cukrzycy,<\/span><\/p>\n<p align=\"JUSTIFY\"><span style=\"color: #000000\">\ud83d\udc9a ma dzia\u0142anie antyalergiczne,<\/span><\/p>\n<p align=\"JUSTIFY\"><span style=\"color: #000000\">\ud83d\udc9a zapobiega zapaleniu w\u0105troby,<\/span><\/p>\n<p align=\"JUSTIFY\"><span style=\"color: #000000\">\ud83d\udc9a ma za zadanie utrzymywa\u0107 serce i uk\u0142ad naczyniowy w dobrym stanie,<\/span><\/p>\n<p align=\"JUSTIFY\"><span style=\"color: #000000\">\ud83d\udc9a jest silnym przeciwutleniaczem, kt\u00f3ry usuwa wolne rodniki,<\/span><\/p>\n<p align=\"JUSTIFY\"><span style=\"color: #000000\">\ud83d\udc9a zmniejsza skutki uboczne chemioterapii,<\/span><\/p>\n<p align=\"JUSTIFY\"><span style=\"color: #000000\">\ud83d\udc9a pomaga przy mia\u017cd\u017cycy t\u0119tnic i stwardnieniu rozsianemu,<\/span><\/p>\n<p align=\"JUSTIFY\"><span style=\"color: #000000\">\ud83d\udc9a pomaga w astmie i zapaleniu oskrzeli,<\/span><\/p>\n<p align=\"JUSTIFY\"><span style=\"color: #000000\">\ud83d\udc9a ma dzia\u0142anie przeciwzapalne,<\/span><\/p>\n<p align=\"JUSTIFY\"><span style=\"color: #000000\">\ud83d\udc9a pomaga w stanach depresji, stresu, nerwowo\u015bci, strachu, niepokoju, zm\u0119czenia, zaburzenia snu,<\/span><\/p>\n<p align=\"JUSTIFY\"><span style=\"color: #000000\">\ud83d\udc9a pomaga przy wrzodach \u017co\u0142\u0105dka, wrzodach jelit, zapaleniu b\u0142ony \u015bluzowej \u017co\u0142\u0105dka, zaburzeniach metabolizmu t\u0142uszcz\u00f3w, przyspiesza trawienie i zapobiega zapaleniu jelit oraz zgadze,<\/span><\/p>\n<p align=\"JUSTIFY\"><span style=\"color: #000000\">\ud83d\udc9a \u0142agodzi objawy menopauzy i stymuluje libido,<\/span><\/p>\n<p align=\"JUSTIFY\"><span style=\"color: #000000\">\ud83d\udc9a zapobiega zakrzepicy, zaburzeniom rytmu serca i zawa\u0142om serca,<\/span><\/p>\n<p align=\"JUSTIFY\"><span style=\"color: #000000\">\ud83d\udc9a uspokaja i zapobiega reakcjom alergicznym, takim jak wstrz\u0105s anafilaktyczny, pokrzywka, astma oskrzelowa,<\/span><\/p>\n<p align=\"JUSTIFY\"><span style=\"color: #000000\">\ud83d\udc9a pomaga przy zapaleniu uk\u0142adu nerwowego, opryszczce zwyk\u0142ej, neurodermii i atopowym zapaleniu sk\u00f3ry,<\/span><\/p>\n<p align=\"JUSTIFY\"><span style=\"color: #000000\">\ud83d\udc9a pomaga r\u00f3wnie\u017c w migrenach, przezi\u0119bieniach, obrz\u0119kach, podagrze, redukcji nadwagi itp.<\/span><\/p>\n<p><span style=\"color: #000000\">Niezwykle wa\u017cne jest to, \u017ce lakownica jest produktem w 100% naturalnym, kt\u00f3ry mo\u017ce nam pom\u00f3c w r\u00f3wnie naturalny spos\u00f3b. Poprawia objawy naszych dolegliwo\u015bci i ma pozytywny wp\u0142yw na nasze og\u00f3lne samopoczucie.<\/span><\/p>\n<h2 align=\"JUSTIFY\"><span style=\"color: #000000\">Dlaczego grzyby?<\/span><\/h2>\n<p align=\"JUSTIFY\"><span style=\"color: #000000\">Grzyby s\u0105 bardzo interesuj\u0105ce. Nie s\u0105 ani ro\u015blinami, ani zwierz\u0119tami, ale z pewno\u015bci\u0105 s\u0105 niesamowitymi organizmami, kt\u00f3rym uda\u0142o si\u0119 przetrwa\u0107 niemal od pocz\u0105tku \u015bwiata. Opracowa\u0142y one specyficzn\u0105 strategi\u0119 przetrwania, kt\u00f3ra dzia\u0142a do dzi\u015b. A ludzie mog\u0105 czerpa\u0107 z tych korzy\u015bci poprzez spo\u017cywanie grzyb\u00f3w leczniczych. Zapewniaj\u0105 nam r\u00f3wnowag\u0119 na poziomie fizycznym i chroni\u0105 przed wieloma chorobami. Mog\u0105 one mie\u0107 charakter prewencyjny, ale mog\u0105 tak\u017ce wspomaga\u0107 leczenie, uzupe\u0142niaj\u0105c konwencjonalne lub inne niekonwencjonalne metody leczenia wielu (wsp\u00f3\u0142czesnych) chor\u00f3b. Tradycyjnie przypisuje si\u0119 grzybom dzia\u0142anie w przypadku nowotwor\u00f3w, chor\u00f3b autoimmunologicznych i alergii. S\u0105 one r\u00f3wnie\u017c korzystne dla zdrowego i silnego systemu immunologicznego organizmu. Jednak badania medyczne przeprowadzone w ostatnich dziesi\u0119cioleciach, kiedy to grzyby sta\u0142y si\u0119 przedmiotem zainteresowania w \u015bwiecie zachodnim, potwierdzi\u0142y wiele z ich ma w\u0142a\u015bciwo\u015bci terapeutyczne.<\/span><\/p>\n<p align=\"JUSTIFY\"><span style=\"color: #000000\">Poniewa\u017c niekt\u00f3re naturalne sk\u0142adniki aktywne s\u0105 dla nas trudne do strawienia lub niestrawne, bardzo wa\u017cne jest, aby spo\u017cywa\u0107 tylko najlepsze proszki grzybowe. Grzyby musz\u0105 by\u0107 odpowiednio uprawiane, suszone i przygotowywane. Nale\u017cy je zmieli\u0107 na drobny proszek bez grudek. Kolor proszku jest ja\u015bniejszy, ale zale\u017cy to r\u00f3wnie\u017c od rodzaju grzyb\u00f3w, kt\u00f3re przyjmujesz.\u00a0Poniewa\u017c grzyby s\u0105 tak skuteczne w\u0142a\u015bnie dlatego, \u017ce maj\u0105 zdolno\u015b\u0107 wch\u0142aniania wszystkiego &#8211; dobrego i z\u0142ego &#8211; ze \u015brodowiska, wa\u017cne jest, aby u\u017cywa\u0107 grzyb\u00f3w organicznych.<\/span><\/p>\n<h2><span style=\"color: #000000\">Opakowanie<\/span><\/h2>\n<p align=\"JUSTIFY\"><span style=\"color: #000000\">Nieprzepuszczalna torba zamykana na zamek, w kt\u00f3rej produkt zachowuje swoj\u0105 \u015bwie\u017co\u015b\u0107 i aromat. Opakowanie chroni przed \u015bwiat\u0142em i powietrzem, poniewa\u017c sk\u0142ada si\u0119 z kilku warstw ochronnych, kt\u00f3re zachowuj\u0105 w\u0142a\u015bciwo\u015bci zawarto\u015bci.<\/span><\/p>\n<p align=\"JUSTIFY\"><span style=\"color: #000000\">Opakowanie jest bardzo praktyczne i nadaje si\u0119 do recyklingu.<\/span><\/p>\n<h2><span style=\"color: #000000\">Przechowywanie i ostrze\u017cenia<\/span><\/h2>\n<p align=\"JUSTIFY\"><span style=\"color: #000000\">Przechowywa\u0107 w ch\u0142odnym, suchym miejscu. Suplement diety nale\u017cy przechowywa\u0107 w miejscu niedost\u0119pnym dla dzieci!<\/span><\/p>\n<p align=\"JUSTIFY\"><span style=\"color: #000000\">Pami\u0119taj o zr\u00f3\u017cnicowanej diecie i zdrowym trybie \u017cycia &#8211; suplement diety nie mo\u017ce zast\u0105pi\u0107 zr\u00f3wnowa\u017conej i zr\u00f3\u017cnicowanej diety. Nie nale\u017cy przekracza\u0107 zalecanej dawki dziennej. Kobietom w ci\u0105\u017cy i karmi\u0105cym piersi\u0105 zaleca si\u0119 zawsze skonsultowanie si\u0119 z lekarzem przed zastosowaniem preparatu.<\/span><\/p>\n<h2 align=\"JUSTIFY\"><span style=\"color: #000000\">Przydatne informacje<\/span><\/h2>\n<p align=\"JUSTIFY\"><span style=\"color: #000000\">Produkt jest odpowiedni r\u00f3wnie\u017c dla zwierz\u0105t. W wi\u0119kszo\u015bci przypadk\u00f3w grzyby lecznicze okazuj\u0105 si\u0119 niezwykle skuteczne we wzmacnianiu uk\u0142adu odporno\u015bciowego, leczeniu alergii i chor\u00f3b sk\u00f3ry, a tak\u017ce infekcji wirusowych i bakteryjnych. Przed zastosowaniem preparatu nale\u017cy skonsultowa\u0107 si\u0119 z lekarzem weterynarii w celu ustalenia podawania preparatu oraz zalecanej dziennej dawki.<\/span><\/p>\n<h2><span style=\"color: #000000\">Kraj pochodzenia<\/span><\/h2>\n<p>Chiny<\/p>\n<p>Mamy bardzo wiarygodnych dostawc\u00f3w, kt\u00f3rzy przesy\u0142aj\u0105 nam szczeg\u00f3\u0142ow\u0105 analiz\u0119 chemiczn\u0105 \u017cywno\u015bci dla ka\u017cdej partii. W ci\u0105gu ponad dziesi\u0119ciu lat nigdy nie mieli\u015bmy \u017cadnych problem\u00f3w z tym produktem, ani z innymi produktami pochodz\u0105cymi od tego samego dostawcy.<\/p>\n<p>Produkt jest w 100% certyfikowany ekologicznie.<\/p>\n","protected":false},"excerpt":{"rendered":"<p align=\"JUSTIFY\">Lakownica \u017c\u00f3\u0142tawa, znana r\u00f3wnie\u017c jako <strong>grzyb nie\u015bmiertelno\u015bci<\/strong>, jest wykorzystywana w tradycyjnej medycynie chi\u0144skiej od co najmniej kilku tysi\u0105cleci. <strong>Poprawia og\u00f3lne samopoczucie i system odporno\u015bciowy<\/strong>. Ponadto ma wiele innych pozytywnych skutk\u00f3w dla naszego zdrowia. Mo\u017ce mi\u0119dzy innymi wspom\u00f3c w zmianie niezr\u00f3wnowa\u017conego organizmu w zdrowy, pomagaj\u0105c w utrzymaniu dobrej kondycji fizycznej i zachowaniu r\u00f3wnowagi \u017cyciowej.<\/p>\n<p align=\"JUSTIFY\">\ud83d\udc9a<strong> stymulujeuk\u0142ad odporno\u015bcio<\/strong><\/p>\n<p align=\"JUSTIFY\">\ud83d\udc9a ma dzia\u0142anie <strong>przeciwnowotworowe<\/strong>,<\/p>\n<p align=\"JUSTIFY\">\ud83d\udc9a poprawia <strong>kr\u0105\u017cenie krwi<\/strong>,<\/p>\n<p align=\"JUSTIFY\">\ud83d\udc9a reguluje ci\u015bnienie krwi,<strong> poziom cholesterolu i cukru we krwi w cukrzycy<\/strong>,<\/p>\n<p align=\"JUSTIFY\">\ud83d\udc9a ma dzia\u0142anie <strong>antyalergiczne<\/strong>,<\/p>\n<p align=\"JUSTIFY\">\ud83d\udc9a zapobiega <strong>zapaleniu w\u0105troby<\/strong>.<\/p>\n","protected":false},"featured_media":5844,"comment_status":"open","ping_status":"closed","template":"","meta":{"_acf_changed":false},"product_brand":[],"product_cat":[15,227,226,224,225],"product_tag":[],"class_list":{"0":"post-6791","1":"product","2":"type-product","3":"status-publish","4":"has-post-thumbnail","6":"product_cat-uncategorized","7":"product_cat-grzyby-lecznicze","8":"product_cat-najlepiej-sprzedajacy-sie","9":"product_cat-oferta","10":"product_cat-wszystkie-produkty","12":"first","13":"instock","14":"taxable","15":"shipping-taxable","16":"purchasable","17":"product-type-simple"},"acf":[],"_links":{"self":[{"href":"https:\/\/fengchashop.com\/pl\/wp-json\/wp\/v2\/product\/6791","targetHints":{"allow":["GET"]}}],"collection":[{"href":"https:\/\/fengchashop.com\/pl\/wp-json\/wp\/v2\/product"}],"about":[{"href":"https:\/\/fengchashop.com\/pl\/wp-json\/wp\/v2\/types\/product"}],"replies":[{"embeddable":true,"href":"https:\/\/fengchashop.com\/pl\/wp-json\/wp\/v2\/comments?post=6791"}],"wp:featuredmedia":[{"embeddable":true,"href":"https:\/\/fengchashop.com\/pl\/wp-json\/wp\/v2\/media\/5844"}],"wp:attachment":[{"href":"https:\/\/fengchashop.com\/pl\/wp-json\/wp\/v2\/media?parent=6791"}],"wp:term":[{"taxonomy":"product_brand","embeddable":true,"href":"https:\/\/fengchashop.com\/pl\/wp-json\/wp\/v2\/product_brand?post=6791"},{"taxonomy":"product_cat","embeddable":true,"href":"https:\/\/fengchashop.com\/pl\/wp-json\/wp\/v2\/product_cat?post=6791"},{"taxonomy":"product_tag","embeddable":true,"href":"https:\/\/fengchashop.com\/pl\/wp-json\/wp\/v2\/product_tag?post=6791"}],"curies":[{"name":"wp","href":"https:\/\/api.w.org\/{rel}","templated":true}]}}