{"id":6637,"date":"2025-12-09T09:15:04","date_gmt":"2025-12-09T08:15:04","guid":{"rendered":"https:\/\/fengchashop.com\/pl\/?post_type=product&#038;p=6637"},"modified":"2026-04-28T13:31:57","modified_gmt":"2026-04-28T11:31:57","slug":"krople-bacha-pierwsza-pomoc","status":"publish","type":"product","link":"https:\/\/fengchashop.com\/pl\/product\/krople-bacha-pierwsza-pomoc\/","title":{"rendered":"Krople Bacha Pierwsza Pomoc"},"content":{"rendered":"<h2 style=\"text-align: justify;\"><span style=\"color: #000000;\">Krople kwiatowe Bacha pierwsza pomoc<\/span><\/h2>\n<p>W codziennym \u017cyciu spotykamy si\u0119 <strong>ze stresem, napi\u0119ciem lub nieprzyjemnymi emocjami<\/strong>, z kt\u00f3rymi czasem trudno nam sobie poradzi\u0107. Mo\u017ce to dotyczy\u0107 nag\u0142ych zmian \u017cyciowych, problem\u00f3w w pracy, wyzwa\u0144 w relacjach lub po prostu uczu\u0107 niepokoju i napi\u0119cia. Je\u015bli takie sytuacje si\u0119 powtarzaj\u0105 lub trwaj\u0105 d\u0142u\u017cej, mog\u0105 sta\u0107 si\u0119 przyt\u0142aczaj\u0105ce.<\/p>\n<p>W takich momentach <strong>krople Bacha<\/strong> s\u0105 prawdziw\u0105 pierwsz\u0105 pomoc\u0105. <strong>Pomagaj\u0105 uspokoi\u0107 my\u015bli, zmniejszy\u0107 stres i napi\u0119cie oraz \u0142atwiej kontrolowa\u0107 reakcje emocjonalne<\/strong>.<\/p>\n<h2>Indywidualnie dobrana mieszanka<\/h2>\n<p>Terapeuta Bacha po konsultacji przygotowuje <strong>\u015bwie\u017c\u0105, indywidualn\u0105 mieszank\u0119 esencji kwiatowych<\/strong> (r\u00f3wnie\u017c <em>Rescue Remedy<\/em>). Ka\u017cda mieszanka wystarcza na oko\u0142o miesi\u0105c stosowania i nie zawiera konserwant\u00f3w. Krople stosuje si\u0119 bezpo\u015brednio pod j\u0119zyk lub dodaje do napoju, co zapewnia szybkie i skuteczne dzia\u0142anie.<\/p>\n<h2>Jak dzia\u0142aj\u0105 krople Bacha?<\/h2>\n<p>Krople Bacha oddzia\u0142uj\u0105 na stan emocjonalny i pomagaj\u0105 harmonizowa\u0107 stresuj\u0105ce sytuacje. S\u0105 pomocne przy:<\/p>\n<ul>\n<li>uczuciach paniki lub l\u0119ku,<\/li>\n<li>nag\u0142ym niepokoju lub szoku,<\/li>\n<li>radzeniu sobie ze stresuj\u0105cymi wydarzeniami (nieoczekiwana zmiana, trudne dni, konflikty \u2026),<\/li>\n<li>traumatycznych do\u015bwiadczeniach (choroba, strata, zmiany, nag\u0142e sytuacje \u017cyciowe \u2026).<\/li>\n<\/ul>\n<p>Mieszanki przygotowujemy zgodnie z <strong>oryginaln\u0105 metod\u0105 dr Bacha<\/strong>, u\u017cywaj\u0105c wy\u0142\u0105cznie <strong>oryginalnych kwiatowych esencji Bacha<\/strong>. Krople <strong>nie maj\u0105 skutk\u00f3w ubocznych<\/strong> i nie mo\u017cna ich przedawkowa\u0107.<\/p>\n<p style=\"text-align: justify;\"><span style=\"color: #000000;\">Nie wp\u0142ywaj\u0105 na inne leki.<\/span><\/p>\n<h2 style=\"text-align: justify;\"><span style=\"color: #000000;\">Przechowywanie<\/span><\/h2>\n<p style=\"text-align: justify;\"><span style=\"color: #000000;\">Przechowywa\u0107 w suchym i ciemnym miejscu, w temperaturze do +25 \u00b0C.<\/span><\/p>\n<h2 style=\"text-align: justify;\"><span style=\"color: #000000;\">Ilo\u015b\u0107<\/span><\/h2>\n<p style=\"text-align: justify;\"><span style=\"color: #000000;\">30 ml (wystarcza na 30 dni regularnego stosowania)<\/span><\/p>\n<p>&nbsp;<\/p>\n","protected":false},"excerpt":{"rendered":"<p>Krople Bacha dzia\u0142aj\u0105 skutecznie przeciwko r\u00f3\u017cnym niepokojom emocjonalnym jednostki. Pomagaj\u0105 w r\u00f3\u017cnych kryzysach i trudnych sytuacjach \u017cyciowych. Przy nich wyciszamy si\u0119 i zachowujemy spokojn\u0105 g\u0142ow\u0119. Dzia\u0142aj\u0105 na nasz stan emocjonalny i pomagaj\u0105 go zharmonizowa\u0107.<\/p>\n<p>\ud83d\udc9a Dropy pakowane s\u0105 r\u0119cznie, na miejscu w dniu wysy\u0142ki.<br \/>\n\ud83d\udc9a S\u0105 odpowiednie dla wszystkich ludzi (kobiet w ci\u0105\u017cy, os\u00f3b starszych, dzieci,&#8230;) i zwierz\u0105t.<br \/>\n\ud83d\udc9a Nie maj\u0105 skutk\u00f3w ubocznych, nie uzale\u017cniaj\u0105 i nie mo\u017cna ich przedawkowa\u0107.<br \/>\n\ud83d\udc9a Pierwsze rezultaty mo\u017cna zauwa\u017cy\u0107 ju\u017c po kilku dniach lub tygodniach, jest to zale\u017cne od ka\u017cdej osoby.<br \/>\n\ud83d\udc9a Nie wp\u0142ywa na inne leki.<\/p>\n","protected":false},"featured_media":6318,"comment_status":"open","ping_status":"closed","template":"","meta":{"_acf_changed":false},"product_brand":[],"product_cat":[15,236,224,225],"product_tag":[],"class_list":{"0":"post-6637","1":"product","2":"type-product","3":"status-publish","4":"has-post-thumbnail","6":"product_cat-uncategorized","7":"product_cat-krople-bacha","8":"product_cat-oferta","9":"product_cat-wszystkie-produkty","11":"first","12":"instock","13":"sale","14":"taxable","15":"shipping-taxable","16":"purchasable","17":"product-type-simple"},"acf":[],"_links":{"self":[{"href":"https:\/\/fengchashop.com\/pl\/wp-json\/wp\/v2\/product\/6637","targetHints":{"allow":["GET"]}}],"collection":[{"href":"https:\/\/fengchashop.com\/pl\/wp-json\/wp\/v2\/product"}],"about":[{"href":"https:\/\/fengchashop.com\/pl\/wp-json\/wp\/v2\/types\/product"}],"replies":[{"embeddable":true,"href":"https:\/\/fengchashop.com\/pl\/wp-json\/wp\/v2\/comments?post=6637"}],"wp:featuredmedia":[{"embeddable":true,"href":"https:\/\/fengchashop.com\/pl\/wp-json\/wp\/v2\/media\/6318"}],"wp:attachment":[{"href":"https:\/\/fengchashop.com\/pl\/wp-json\/wp\/v2\/media?parent=6637"}],"wp:term":[{"taxonomy":"product_brand","embeddable":true,"href":"https:\/\/fengchashop.com\/pl\/wp-json\/wp\/v2\/product_brand?post=6637"},{"taxonomy":"product_cat","embeddable":true,"href":"https:\/\/fengchashop.com\/pl\/wp-json\/wp\/v2\/product_cat?post=6637"},{"taxonomy":"product_tag","embeddable":true,"href":"https:\/\/fengchashop.com\/pl\/wp-json\/wp\/v2\/product_tag?post=6637"}],"curies":[{"name":"wp","href":"https:\/\/api.w.org\/{rel}","templated":true}]}}