{"id":6620,"date":"2025-12-09T08:20:22","date_gmt":"2025-12-09T07:20:22","guid":{"rendered":"https:\/\/fengchashop.com\/pl\/?post_type=product&#038;p=6620"},"modified":"2026-04-28T21:35:03","modified_gmt":"2026-04-28T19:35:03","slug":"kordyceps-grzyb-gasienicowy-bio-2","status":"publish","type":"product","link":"https:\/\/fengchashop.com\/pl\/product\/kordyceps-grzyb-gasienicowy-bio-2\/","title":{"rendered":"Kordyceps (grzyb g\u0105sienicowy) BIO 125 g"},"content":{"rendered":"<h2><span style=\"color: #000000\">Kordyceps (grzyb g\u0105sienicowy)<\/span><\/h2>\n<p align=\"JUSTIFY\"><span style=\"color: #000000\">Grzyb Kordyceps jest\u00a0<strong>znany w medycynie tradycyjnej od tysi\u0119cy lat<\/strong> i co najmniej od r\u00f3wnie dawna jest wykorzystywany do cel\u00f3w leczniczych, dzi\u0119ki swoim pozytywnym w\u0142a\u015bciwo\u015bciom. Grzyb ten ro\u015bnie spontanicznie na obszarach wysokog\u00f3rskich i jest suplementem diety znanym ze swoich w\u0142a\u015bciwo\u015bci\u00a0<strong>o\u017cywiaj\u0105cych organizm<\/strong> i\u00a0<strong>wzmacniaj\u0105cych uk\u0142ad odporno\u015bciowy<\/strong>. Na Dalekim Wschodzie zbiera si\u0119 go w jego naturalnym \u015brodowisku, kt\u00f3re jest bardzo trudno dost\u0119pne. Jego niewielkie rozmiary (pojedynczy suchy grzyb wa\u017cy oko\u0142o 0,3 g), fakt, \u017ce ro\u015bnie tylko 14 dni w roku, zawarte w nim substancje czynne oraz jego og\u00f3lna przydatno\u015b\u0107 w medycynie tradycyjnej sprawiaj\u0105, \u017ce jego cena mo\u017ce si\u0119ga\u0107 nawet 50 000 euro\/kg. Do niedawna by\u0142 wi\u0119c zarezerwowany tylko dla chi\u0144skich cesarzy i w\u0142adc\u00f3w.<\/span><\/p>\n<p align=\"JUSTIFY\"><span style=\"color: #000000\">Kordyceps<strong>\u00a0jest uwa\u017cany za najdoskonalsze odkrycie od\u017cywcze tysi\u0105clecia<\/strong>. Przywraca energi\u0119 i poprawia system odporno\u015bciowy oraz zapobiega chorobom (zwyrodnieniowym). Nazywany czasem superutleniaczem, zwi\u0119ksza ilo\u015b\u0107 tlenu we krwi, odbudowuje organizm i zapobiega zakwaszeniu.<\/span><\/p>\n<p align=\"JUSTIFY\"><span style=\"color: #000000\">Produkcja tego grzyba, zw\u0142aszcza w Europie, jest bardzo trudna. Jeste\u015bmy jednak dumni, \u017ce uda\u0142o nam si\u0119 go wyhodowa\u0107.\u00a0<\/span><\/p>\n<p align=\"JUSTIFY\"><span style=\"color: #000000\">Kordyceps jest grzybem paso\u017cytniczym, kt\u00f3ry ro\u015bnie w \u015brodowisku naturalnym jako paso\u017cyt na owadach, g\u0142\u00f3wnie g\u0105sienicach, st\u0105d jego angielska nazwa Caterpillar Fungus. Nasze grzyby uprawne nie s\u0105 hodowane na \u017cywicielach zwierz\u0119cych, dlatego s\u0105 odpowiednie tak\u017ce dla wegetarian i wegan.<\/span><\/p>\n<p align=\"JUSTIFY\"><span style=\"color: #000000\">Produkcja kordycepsu jest \u015bci\u015ble kontrolowana, bez u\u017cycia \u015brodk\u00f3w chemicznych i pestycyd\u00f3w,\u00a0<strong>w 100% ekologiczna<\/strong>.\u00a0<\/span><\/p>\n<h2 align=\"JUSTIFY\"><span style=\"color: #000000\">Co zawiera i dla kogo jest przeznaczony?<\/span><\/h2>\n<p align=\"JUSTIFY\"><span style=\"color: #000000\">Kordyceps sk\u0142ada si\u0119 z lipid\u00f3w z\u0142o\u017conych, bia\u0142ek, oligoelement\u00f3w, polisacharyd\u00f3w i witamin. Wszystkie sk\u0142adniki zawarte w grzybach wyst\u0119puj\u0105 w du\u017cych ilo\u015bciach i maj\u0105 bardzo pozytywny wp\u0142yw na nasz organizm. Zawiera beta-karoten,\u00a0<strong>witaminy<\/strong> E i C. Zawiera r\u00f3wnie\u017c\u00a0<strong>minera\u0142y<\/strong>, takie jak cynk i selen, a tak\u017ce 77\u00a0<strong>mikro- i makrosk\u0142adnik\u00f3w od\u017cywczych<\/strong> oraz\u00a0<strong>unikalne substancje<\/strong>, takie jak kordycepina (adenozyna), kwas kordycepowy (D-mannitol) i polisacharyd o dzia\u0142aniu immunomoduluj\u0105cym (beta-D-glukan).<\/span><\/p>\n<p align=\"JUSTIFY\"><span style=\"color: #000000\">Kordyceps w proszku zawiera wiele sk\u0142adnik\u00f3w od\u017cywczych, kt\u00f3rych korzystne dzia\u0142anie zosta\u0142o naukowo udowodnione. Badania przeprowadzone w r\u00f3\u017cnych krajach na ca\u0142ym \u015bwiecie wykaza\u0142y wiele korzystnych efekt\u00f3w regularnego spo\u017cywania kordycepsu. Lecznicze efekty kordycepsu, kt\u00f3re s\u0105 faktycznie korzystne, uznane przez medycyn\u0119 tradycyjn\u0105 i udowodnione w nowoczesnych badaniach, s\u0105 nast\u0119puj\u0105ce:<\/span><\/p>\n<p><span style=\"color: #000000\">\ud83d\udc9a stymuluje<strong>\u00a0uk\u0142ad odporno\u015bciowy<\/strong>,\u00a0<\/span><\/p>\n<p><span style=\"color: #000000\">\ud83d\udc9a poprawia <strong>sprawno\u015b\u0107 fizyczn\u0105<\/strong>,\u00a0<\/span><\/p>\n<p><span style=\"color: #000000\">\ud83d\udc9a zwi\u0119ksza <strong>energi\u0119 organizmu<\/strong>,\u00a0<\/span><\/p>\n<p><span style=\"color: #000000\">\ud83d\udc9a ma dzia\u0142anie <strong>antystresowe<\/strong>,<\/span><\/p>\n<p><span style=\"color: #000000\">\ud83d\udc9a zwi\u0119ksza <strong>aktywno\u015b\u0107 seksualn\u0105<\/strong>,\u00a0<\/span><\/p>\n<p><span style=\"color: #000000\">\ud83d\udc9a pomaga w przypadku wysokiego poziomu <strong>cholesterolu<\/strong> HDL,\u00a0<strong>nadwagi<\/strong> i\u00a0<strong>cukrzycy<\/strong>,<\/span><\/p>\n<p><span style=\"color: #000000\">\ud83d\udc9a ma za zadanie utrzymywa\u0107 <strong>serce<\/strong> i\u00a0<strong>uk\u0142ad naczyniowy w jak najlepszym<\/strong> stanie.\u00a0<\/span><\/p>\n<p align=\"JUSTIFY\"><span style=\"color: #000000\">Kordyceps jest szczeg\u00f3lnie polecany\u00a0<strong>sportowcom<\/strong> i innym osobom aktywnym po d\u0142ugotrwa\u0142ym wysi\u0142ku fizycznym oraz osobom, kt\u00f3re chc\u0105 zwi\u0119kszy\u0107 aktywno\u015b\u0107 w swoim codziennym \u017cyciu. Zalecany jest r\u00f3wnie\u017c w przypadku\u00a0<strong>zwi\u0119kszonego zm\u0119czenia, \u00a0braku energii\u00a0<\/strong>i<strong>\u00a0stresu<\/strong>. Jest r\u00f3wnie\u017c \u015brodkiem <strong>zwi\u0119kszaj\u0105cym potencj\u0119 seksualn\u0105<\/strong> oraz\u00a0<strong>wzmacniaj\u0105cym cia\u0142o i umys\u0142<\/strong>. Pomaga nam skutecznie radzi\u0107 sobie ze\u00a0<strong>stresem<\/strong>, kt\u00f3ry najcz\u0119\u015bciej jest spowodowany wyzwaniami \u017cycia codziennego. Jest r\u00f3wnie\u017c cz\u0119sto zalecana osobom chorym na\u00a0<strong>cukrzyc\u0119<\/strong>, <strong>nowotwory<\/strong> i<strong>\u00a0choroby uk\u0142adu kr\u0105\u017cenia<\/strong>, w tym niewydolno\u015b\u0107 serca i zaburzenia rytmu serca. Kordyceps ma r\u00f3wnie\u017c korzystny wp\u0142yw na drogi oddechowe i leczy choroby uk\u0142adu oddechowego, takie jak astma. Jego w\u0142a\u015bciwo\u015bci przeciwwirusowe maj\u0105 wp\u0142yw na infekcje wirusowe, takie jak grypa.<\/span><\/p>\n<p align=\"JUSTIFY\"><span style=\"color: #000000\">Niezwykle wa\u017cne jest to, \u017ce kordyceps jest produktem w 100% naturalnym, kt\u00f3ry mo\u017ce nam pom\u00f3c w r\u00f3wnie naturalny spos\u00f3b. Poprawia objawy naszych dolegliwo\u015bci i ma pozytywny wp\u0142yw na nasze og\u00f3lne samopoczucie.<\/span><\/p>\n<h2 align=\"JUSTIFY\"><span style=\"color: #000000\">Dlaczego grzyby?<\/span><\/h2>\n<p align=\"JUSTIFY\"><span style=\"color: #000000\">Grzyby s\u0105 bardzo interesuj\u0105ce. Nie s\u0105 ani ro\u015blinami, ani zwierz\u0119tami, ale z pewno\u015bci\u0105 s\u0105 niesamowitymi organizmami, kt\u00f3rym uda\u0142o si\u0119 przetrwa\u0107 niemal od pocz\u0105tku \u015bwiata. Opracowa\u0142y one specyficzn\u0105 strategi\u0119 przetrwania, kt\u00f3ra dzia\u0142a do dzi\u015b. A ludzie mog\u0105 czerpa\u0107 z tych korzy\u015bci poprzez spo\u017cywanie grzyb\u00f3w leczniczych. Zapewniaj\u0105 nam r\u00f3wnowag\u0119 na poziomie fizycznym i chroni\u0105 przed wieloma chorobami. Mog\u0105 one mie\u0107 charakter prewencyjny, ale mog\u0105 tak\u017ce wspomaga\u0107 leczenie, uzupe\u0142niaj\u0105c konwencjonalne lub inne niekonwencjonalne metody leczenia wielu (wsp\u00f3\u0142czesnych) chor\u00f3b. Tradycyjnie przypisuje si\u0119 grzybom dzia\u0142anie w przypadku nowotwor\u00f3w, chor\u00f3b autoimmunologicznych i alergii. S\u0105 one r\u00f3wnie\u017c korzystne dla zdrowego i silnego systemu immunologicznego organizmu. Jednak badania medyczne przeprowadzone w ostatnich dziesi\u0119cioleciach, kiedy to grzyby sta\u0142y si\u0119 przedmiotem zainteresowania w \u015bwiecie zachodnim, potwierdzi\u0142y wiele z ich ma w\u0142a\u015bciwo\u015bci terapeutyczne.<\/span><\/p>\n<p align=\"JUSTIFY\"><span style=\"color: #000000\">Poniewa\u017c niekt\u00f3re naturalne sk\u0142adniki aktywne s\u0105 dla nas trudne do strawienia lub niestrawne, bardzo wa\u017cne jest, aby spo\u017cywa\u0107 tylko najlepsze proszki grzybowe. Grzyby musz\u0105 by\u0107 odpowiednio uprawiane, suszone i przygotowywane. Nale\u017cy je zmieli\u0107 na drobny proszek bez grudek. Kolor proszku jest ja\u015bniejszy, ale zale\u017cy to r\u00f3wnie\u017c od rodzaju grzyb\u00f3w, kt\u00f3re przyjmujesz.\u00a0Poniewa\u017c grzyby s\u0105 tak skuteczne w\u0142a\u015bnie dlatego, \u017ce maj\u0105 zdolno\u015b\u0107 wch\u0142aniania wszystkiego &#8211; dobrego i z\u0142ego &#8211; ze \u015brodowiska, wa\u017cne jest, aby u\u017cywa\u0107 grzyb\u00f3w organicznych.<\/span><\/p>\n<h2 align=\"JUSTIFY\"><span style=\"color: #000000\">Opakowanie<\/span><\/h2>\n<p align=\"JUSTIFY\"><span style=\"color: #000000\">Nieprzepuszczalna torba zamykana na zamek, w kt\u00f3rej produkt zachowuje swoj\u0105 \u015bwie\u017co\u015b\u0107 i aromat. Opakowanie chroni przed \u015bwiat\u0142em i powietrzem, poniewa\u017c sk\u0142ada si\u0119 z kilku warstw ochronnych, kt\u00f3re zachowuj\u0105 w\u0142a\u015bciwo\u015bci zawarto\u015bci.<\/span><\/p>\n<p align=\"JUSTIFY\"><span style=\"color: #000000\">Opakowanie jest bardzo praktyczne i nadaje si\u0119 do recyklingu.<\/span><\/p>\n<h2 align=\"JUSTIFY\"><span style=\"color: #000000\">Przechowywanie i ostrze\u017cenia<\/span><\/h2>\n<p align=\"JUSTIFY\"><span style=\"color: #000000\">Przechowywa\u0107 w ch\u0142odnym, suchym miejscu. Suplement diety nale\u017cy przechowywa\u0107 w miejscu niedost\u0119pnym dla dzieci!<\/span><\/p>\n<p align=\"JUSTIFY\"><span style=\"color: #000000\">Pami\u0119taj o zr\u00f3\u017cnicowanej diecie i zdrowym trybie \u017cycia &#8211; suplement diety nie mo\u017ce zast\u0105pi\u0107 zr\u00f3wnowa\u017conej i zr\u00f3\u017cnicowanej diety. Nie nale\u017cy przekracza\u0107 zalecanej dawki dziennej. Kobietom w ci\u0105\u017cy i karmi\u0105cym piersi\u0105 zaleca si\u0119 zawsze skonsultowanie si\u0119 z lekarzem przed zastosowaniem preparatu.<\/span><\/p>\n<p align=\"JUSTIFY\"><span style=\"color: #000000\">Odradza si\u0119 stosowanie u dzieci i os\u00f3b leczonych lekami przeciwzakrzepowymi oraz u os\u00f3b przyjmuj\u0105cych leki immunosupresyjne.<\/span><\/p>\n<h2 align=\"JUSTIFY\"><span style=\"color: #000000\">Przydatne informacje<\/span><\/h2>\n<p align=\"JUSTIFY\"><span style=\"color: #000000\">Produkt jest odpowiedni r\u00f3wnie\u017c dla zwierz\u0105t. W wi\u0119kszo\u015bci przypadk\u00f3w grzyby lecznicze okazuj\u0105 si\u0119 niezwykle skuteczne we wzmacnianiu uk\u0142adu odporno\u015bciowego, leczeniu alergii i chor\u00f3b sk\u00f3ry, a tak\u017ce infekcji wirusowych i bakteryjnych. Przed zastosowaniem preparatu nale\u017cy skonsultowa\u0107 si\u0119 z lekarzem weterynarii w celu ustalenia podawania preparatu oraz zalecanej dziennej dawki.<\/span><\/p>\n<h2><span style=\"color: #000000\">Kraj pochodzenia<\/span><\/h2>\n<p>Chiny<\/p>\n<p>Wsp\u00f3\u0142pracujemy z bardzo rzetelnymi dostawcami, kt\u00f3rzy przesy\u0142aj\u0105 nam szczeg\u00f3\u0142owe analizy chemiczne \u017cywno\u015bci dla ka\u017cdej partii. Przez ponad dziesi\u0119\u0107 lat nie mieli\u015bmy \u017cadnych przypadk\u00f3w wycofania produktu z rynku ani innych problem\u00f3w z tym produktem, ani z innymi produktami od tego samego dostawcy.<\/p>\n<p>Produkt posiada certyfikat 100% ekologiczny.<\/p>\n","protected":false},"excerpt":{"rendered":"<p align=\"JUSTIFY\">Grzyb Kordyceps jest\u00a0<strong>znany w medycynie tradycyjnej od tysi\u0119cy lat<\/strong> i co najmniej od r\u00f3wnie dawna jest wykorzystywany do cel\u00f3w leczniczych, dzi\u0119ki swoim pozytywnym w\u0142a\u015bciwo\u015bciom. Grzyb ten ro\u015bnie spontanicznie na obszarach wysokog\u00f3rskich i jest suplementem diety znanym ze swoich w\u0142a\u015bciwo\u015bci\u00a0<strong>o\u017cywiaj\u0105cych organizm<\/strong> i\u00a0<strong>wzmacniaj\u0105cych uk\u0142ad odporno\u015bciowy<\/strong>.<\/p>\n<p>\ud83d\udc9a stymuluje<strong>\u00a0uk\u0142ad odporno\u015bciowy<\/strong>,<\/p>\n<p>\ud83d\udc9a poprawia <strong>sprawno\u015b\u0107 fizyczn\u0105<\/strong>,<\/p>\n<p>\ud83d\udc9a zwi\u0119ksza <strong>energi\u0119 organizmu<\/strong>,<\/p>\n<p>\ud83d\udc9a ma dzia\u0142anie <strong>antystresowe<\/strong>,<\/p>\n<p>\ud83d\udc9a zwi\u0119ksza <strong>aktywno\u015b\u0107 seksualn\u0105<\/strong>.<\/p>\n","protected":false},"featured_media":5853,"comment_status":"open","ping_status":"closed","template":"","meta":{"_acf_changed":false},"product_brand":[],"product_cat":[15,227,226,224,225],"product_tag":[],"class_list":{"0":"post-6620","1":"product","2":"type-product","3":"status-publish","4":"has-post-thumbnail","6":"product_cat-uncategorized","7":"product_cat-grzyby-lecznicze","8":"product_cat-najlepiej-sprzedajacy-sie","9":"product_cat-oferta","10":"product_cat-wszystkie-produkty","12":"first","13":"instock","14":"sale","15":"taxable","16":"shipping-taxable","17":"purchasable","18":"product-type-simple"},"acf":[],"_links":{"self":[{"href":"https:\/\/fengchashop.com\/pl\/wp-json\/wp\/v2\/product\/6620","targetHints":{"allow":["GET"]}}],"collection":[{"href":"https:\/\/fengchashop.com\/pl\/wp-json\/wp\/v2\/product"}],"about":[{"href":"https:\/\/fengchashop.com\/pl\/wp-json\/wp\/v2\/types\/product"}],"replies":[{"embeddable":true,"href":"https:\/\/fengchashop.com\/pl\/wp-json\/wp\/v2\/comments?post=6620"}],"wp:featuredmedia":[{"embeddable":true,"href":"https:\/\/fengchashop.com\/pl\/wp-json\/wp\/v2\/media\/5853"}],"wp:attachment":[{"href":"https:\/\/fengchashop.com\/pl\/wp-json\/wp\/v2\/media?parent=6620"}],"wp:term":[{"taxonomy":"product_brand","embeddable":true,"href":"https:\/\/fengchashop.com\/pl\/wp-json\/wp\/v2\/product_brand?post=6620"},{"taxonomy":"product_cat","embeddable":true,"href":"https:\/\/fengchashop.com\/pl\/wp-json\/wp\/v2\/product_cat?post=6620"},{"taxonomy":"product_tag","embeddable":true,"href":"https:\/\/fengchashop.com\/pl\/wp-json\/wp\/v2\/product_tag?post=6620"}],"curies":[{"name":"wp","href":"https:\/\/api.w.org\/{rel}","templated":true}]}}