{"id":6599,"date":"2025-12-09T08:31:26","date_gmt":"2025-12-09T07:31:26","guid":{"rendered":"https:\/\/fengchashop.com\/pl\/?post_type=product&#038;p=6599"},"modified":"2026-05-01T10:20:04","modified_gmt":"2026-05-01T08:20:04","slug":"gaba-w-kapsulkach","status":"publish","type":"product","link":"https:\/\/fengchashop.com\/pl\/product\/gaba-w-kapsulkach\/","title":{"rendered":"GABA w kapsu\u0142kach 120 kapsu\u0142ek"},"content":{"rendered":"<div class=\"wpb-content-wrapper\"><p>[vc_row][vc_column][vc_column_text css=&#8221;&#8221;]<\/p>\n<h2><span style=\"color: #000000\"><strong>GABA (kwas gamma-aminomas\u0142owy) w kapsu\u0142kach<\/strong><\/span><\/h2>\n<p><span style=\"color: #000000\"><strong>GABA (\u03b3-aminobutyric acid \/ kwas gamma-aminomas\u0142owy) jest neuroprzeka\u017anikiem,<\/strong> czyli substancj\u0105 chemiczn\u0105 umo\u017cliwiaj\u0105c\u0105 komunikacj\u0119 mi\u0119dzy kom\u00f3rkami nerwowymi (neuronami) w m\u00f3zgu.<\/span><br \/>\n<span style=\"color: #000000\">Jest g\u0142\u00f3wnym <strong>neuroprzeka\u017anikiem hamuj\u0105cym (inhibitoryjnym)<\/strong> w o\u015brodkowym uk\u0142adzie nerwowym \u2014 co oznacza, \u017ce <strong>uspokaja dzia\u0142anie m\u00f3zgu i zmniejsza aktywno\u015b\u0107 nerwow\u0105<\/strong>.<\/span><\/p>\n<h2><span style=\"color: #000000\"><strong>Jak dzia\u0142a?<\/strong><\/span><\/h2>\n<ul>\n<li><span style=\"color: #000000\">Kiedy GABA wi\u0105\u017ce si\u0119 ze swoimi receptorami (GABA-A i GABA-B), zmniejsza aktywno\u015b\u0107 elektryczn\u0105 neuron\u00f3w.<\/span><\/li>\n<li><span style=\"color: #000000\">Dzia\u0142a jak \u201ehamulec\u201d w uk\u0142adzie nerwowym.<\/span><\/li>\n<li><span style=\"color: #000000\">W rezultacie cia\u0142o i umys\u0142 staj\u0105 si\u0119 bardziej zrelaksowane, a poziom l\u0119ku, napi\u0119cia i nerwowo\u015bci spada.<\/span><\/li>\n<\/ul>\n<h2><span style=\"color: #000000\"><strong>Efekty GABA<\/strong><\/span><\/h2>\n<p><span style=\"color: #000000\"><strong>\ud83d\udc9a Efekt uspokajaj\u0105cy i relaksuj\u0105cy<\/strong><\/span><\/p>\n<ul>\n<li><span style=\"color: #000000\">Zmniejsza stres, poczucie napi\u0119cia i l\u0119ku.<\/span><\/li>\n<li><span style=\"color: #000000\">Mo\u017ce u\u0142atwia\u0107 zasypianie.<\/span><\/li>\n<\/ul>\n<p><span style=\"color: #000000\"><strong>\ud83d\udc9a Poprawa snu<\/strong><\/span><\/p>\n<ul>\n<li><span style=\"color: #000000\">Dzi\u0119ki wp\u0142ywowi na zmniejszenie aktywno\u015bci m\u00f3zgu pomaga przy bezsenno\u015bci lub problemach z zasypianiem.<\/span><\/li>\n<\/ul>\n<p><span style=\"color: #000000\"><strong>\ud83d\udc9a Regulacja nastroju<\/strong><\/span><\/p>\n<ul>\n<li><span style=\"color: #000000\">Niedob\u00f3r GABA wi\u0105\u017ce si\u0119 z l\u0119kiem, depresj\u0105 i atakami paniki.<\/span><\/li>\n<li><span style=\"color: #000000\">Niekt\u00f3re leki przeciwl\u0119kowe (np. benzodiazepiny) dzia\u0142aj\u0105 poprzez wzmocnienie dzia\u0142ania GABA.<\/span><\/li>\n<li><span style=\"color: #000000\">Zmniejsza stres.<\/span><\/li>\n<\/ul>\n<p><span style=\"color: #000000\"><strong>\ud83d\udc9a Zmniejszenie napi\u0119cia mi\u0119\u015bniowego<\/strong><\/span><\/p>\n<ul>\n<li><span style=\"color: #000000\">GABA uczestniczy w rozlu\u017anianiu mi\u0119\u015bni.<\/span><\/li>\n<li><span style=\"color: #000000\">Niekt\u00f3rzy sportowcy stosuj\u0105 j\u0105 w regeneracji po wysi\u0142ku.<\/span><\/li>\n<\/ul>\n<h2><span style=\"color: #000000\"><strong>Przechowywanie i ostrze\u017cenia<\/strong><\/span><\/h2>\n<p><span style=\"color: #000000\">Przechowywa\u0107 w suchym miejscu w temperaturze do 25 \u00b0C, chroni\u0107 przed wilgoci\u0105 i \u015bwiat\u0142em. Upewni\u0107 si\u0119, \u017ce woreczek lub pude\u0142ko jest dobrze zamkni\u0119te.<\/span><\/p>\n<p><span style=\"color: #000000\">Przechowywa\u0107 w miejscu niedost\u0119pnym dla ma\u0142ych dzieci. Produkt przeznaczony wy\u0142\u0105cznie dla doros\u0142ych. Je\u015bli masz jakiekolwiek problemy zdrowotne, przyjmujesz leki, jeste\u015b w ci\u0105\u017cy, karmisz piersi\u0105 lub planujesz ci\u0105\u017c\u0119, przed u\u017cyciem skonsultuj si\u0119 z lekarzem.<\/span><br \/>\n<span style=\"color: #000000\">Nie zaleca si\u0119 stosowania u os\u00f3b poni\u017cej 18 roku \u017cycia. Nie przekracza\u0107 zalecanej dziennej dawki. Suplementy diety nie mog\u0105 zast\u0119powa\u0107 zr\u00f3wnowa\u017conej i r\u00f3\u017cnorodnej diety. Dla zachowania dobrego zdrowia wa\u017cne s\u0105 zr\u00f3wnowa\u017cona i r\u00f3\u017cnorodna dieta oraz zdrowy tryb \u017cycia.<\/span><\/p>\n<h2><span style=\"color: #000000\"><strong>Opakowanie<\/strong><\/span><\/h2>\n<p><span style=\"color: #000000\">Szczelny woreczek z zamkni\u0119ciem strunowym lub pude\u0142ko, kt\u00f3re zachowuje \u015bwie\u017co\u015b\u0107 i aromat produktu. Opakowanie chroni przed \u015bwiat\u0142em i powietrzem i sk\u0142ada si\u0119 z kilku warstw ochronnych, kt\u00f3re zachowuj\u0105 w\u0142a\u015bciwo\u015bci produktu.<\/span><\/p>\n<p><span style=\"color: #000000\">Opakowanie jest bardzo praktyczne i nadaje si\u0119 do recyklingu.<\/span><\/p>\n<h2><span style=\"color: #000000\"><strong>Pochodzenie<\/strong><\/span><\/h2>\n<p><span style=\"color: #000000\">Poza UE<\/span>[\/vc_column_text][\/vc_column][\/vc_row]<\/p>\n<\/div>","protected":false},"excerpt":{"rendered":"<p data-start=\"0\" data-end=\"195\"><strong data-start=\"0\" data-end=\"36\">GABA (kwas gamma-aminomas\u0142owy)<\/strong> to g\u0142\u00f3wny neuroprzeka\u017anik hamuj\u0105cy w m\u00f3zgu, kt\u00f3ry uspokaja uk\u0142ad nerwowy i sprzyja relaksacji. Pomaga utrzyma\u0107 r\u00f3wnowag\u0119 mi\u0119dzy spokojem a napi\u0119ciem.<\/p>\n<p data-start=\"199\" data-end=\"237\">\ud83d\udc9a Zmniejsza stres, l\u0119k i napi\u0119cie<\/p>\n<p data-start=\"240\" data-end=\"267\">\ud83d\udc9a Wspomaga jako\u015b\u0107 snu<\/p>\n<p data-start=\"270\" data-end=\"319\">\ud83d\udc9a Przyczynia si\u0119 do rozlu\u017anienia mi\u0119\u015bni i lepszego samopoczucia<\/p>\n<p data-start=\"322\" data-end=\"372\" data-is-last-node=\"\">\ud83d\udc9a Pomaga regulowa\u0107 nastr\u00f3j i aktywno\u015b\u0107 nerwow\u0105<\/p>\n","protected":false},"featured_media":6600,"comment_status":"open","ping_status":"closed","template":"","meta":{"_acf_changed":false},"product_brand":[],"product_cat":[15,232,224,225],"product_tag":[],"class_list":{"0":"post-6599","1":"product","2":"type-product","3":"status-publish","4":"has-post-thumbnail","6":"product_cat-uncategorized","7":"product_cat-mineraly-witaminy","8":"product_cat-oferta","9":"product_cat-wszystkie-produkty","11":"first","12":"instock","13":"sale","14":"taxable","15":"shipping-taxable","16":"purchasable","17":"product-type-simple"},"acf":[],"_links":{"self":[{"href":"https:\/\/fengchashop.com\/pl\/wp-json\/wp\/v2\/product\/6599","targetHints":{"allow":["GET"]}}],"collection":[{"href":"https:\/\/fengchashop.com\/pl\/wp-json\/wp\/v2\/product"}],"about":[{"href":"https:\/\/fengchashop.com\/pl\/wp-json\/wp\/v2\/types\/product"}],"replies":[{"embeddable":true,"href":"https:\/\/fengchashop.com\/pl\/wp-json\/wp\/v2\/comments?post=6599"}],"wp:featuredmedia":[{"embeddable":true,"href":"https:\/\/fengchashop.com\/pl\/wp-json\/wp\/v2\/media\/6600"}],"wp:attachment":[{"href":"https:\/\/fengchashop.com\/pl\/wp-json\/wp\/v2\/media?parent=6599"}],"wp:term":[{"taxonomy":"product_brand","embeddable":true,"href":"https:\/\/fengchashop.com\/pl\/wp-json\/wp\/v2\/product_brand?post=6599"},{"taxonomy":"product_cat","embeddable":true,"href":"https:\/\/fengchashop.com\/pl\/wp-json\/wp\/v2\/product_cat?post=6599"},{"taxonomy":"product_tag","embeddable":true,"href":"https:\/\/fengchashop.com\/pl\/wp-json\/wp\/v2\/product_tag?post=6599"}],"curies":[{"name":"wp","href":"https:\/\/api.w.org\/{rel}","templated":true}]}}