{"id":6586,"date":"2025-10-07T12:18:24","date_gmt":"2025-10-07T10:18:24","guid":{"rendered":"https:\/\/fengchashop.com\/pl\/?post_type=product&#038;p=6586"},"modified":"2026-04-25T13:29:21","modified_gmt":"2026-04-25T11:29:21","slug":"krople-bacha-smutek","status":"publish","type":"product","link":"https:\/\/fengchashop.com\/pl\/product\/krople-bacha-smutek\/","title":{"rendered":"Krople Bacha Smutek"},"content":{"rendered":"<div class=\"wpb-content-wrapper\"><p>[vc_row][vc_column][vc_column_text css=&#8221;&#8221;]<\/p>\n<h2 style=\"text-align: justify;\"><span style=\"color: #000000;\">Metody Bacha na smutek<\/span><\/h2>\n<p><strong>Smutek<\/strong> to naturalna emocja, kt\u00f3ra mo\u017ce pojawi\u0107 si\u0119 <strong>w przypadku straty, rozczarowania, samotno\u015bci lub po prostu uczucia pustki<\/strong>. Chocia\u017c jest on cz\u0119\u015bci\u0105 \u017cycia, przed\u0142u\u017caj\u0105cy si\u0119 lub nadmierny smutek mo\u017ce wp\u0142ywa\u0107 na nasze zdrowie psychiczne i fizyczne. Ludzie cz\u0119sto odczuwaj\u0105 go jako <strong>uczucie ci\u0119\u017cko\u015bci w sercu, apati\u0119, brak energii lub spadek motywacji<\/strong>. Dlatego szczeg\u00f3lnie wa\u017cne jest, aby nauczy\u0107 si\u0119 sobie z nim radzi\u0107 i znale\u017a\u0107 sposoby na osi\u0105gni\u0119cie wewn\u0119trznej r\u00f3wnowagi. Metody Bacha mog\u0105 nam w tym pom\u00f3c, poniewa\u017c <strong>oferuj\u0105 delikatne wsparcie w radzeniu sobie z wyzwaniami emocjonalnymi i prowadz\u0105 do wi\u0119kszego spokoju i witalno\u015bci<\/strong>.<\/p>\n<p>Pierwsze rezultaty mo\u017cna zobaczy\u0107 po kilku dniach lub tygodniach, poniewa\u017c zale\u017cy to od indywidualnej sytuacji. Przygotowana mieszanka wystarczy na 30 dni, a krople mo\u017cna \u0142atwo zaaplikowa\u0107 bezpo\u015brednio do ust lub wkropli\u0107 do szklanki wody.<\/p>\n<p><strong>Najcz\u0119stsze przyczyny smutku to:<\/strong><\/p>\n<ul>\n<li>utrata bliskiej osoby lub rozpad zwi\u0105zku,<\/li>\n<li>poczucie samotno\u015bci lub niezrozumienia,<\/li>\n<li>niespe\u0142nione oczekiwania,<\/li>\n<li>zmiany \u017cyciowe (przeprowadzka, zmiana pracy itp.),<\/li>\n<li>d\u0142ugotrwa\u0142y stres i wyczerpanie.<\/li>\n<\/ul>\n<p><strong>Terapia kroplami Bacha na smutek pomo\u017ce Ci:<\/strong><\/p>\n<ul>\n<li>\u0142atwiej poradzi\u0107 sobie ze stratami emocjonalnymi,<\/li>\n<li>przywr\u00f3ci\u0107 poczucie wewn\u0119trznej si\u0142y,<\/li>\n<li>zmniejszy\u0107 uczucie ci\u0119\u017cko\u015bci i apatii,<\/li>\n<li>stworzy\u0107 przestrze\u0144 dla nowej nadziei i rado\u015bci,<\/li>\n<li>odzyska\u0107 r\u00f3wnowag\u0119 i energi\u0119 \u017cyciow\u0105.<\/li>\n<\/ul>\n<h2 style=\"text-align: justify;\"><span style=\"color: #000000;\">Dzia\u0142anie kropli Bacha<\/span><\/h2>\n<p>Krople Bacha wspieraj\u0105 <strong>r\u00f3wnowag\u0119 emocjonaln\u0105 i mog\u0105 by\u0107 pomocne w radzeniu sobie ze smutkiem, kt\u00f3ry cz\u0119sto wp\u0142ywa na energi\u0119, motywacj\u0119 i og\u00f3lne samopoczucie<\/strong>. Krople Bacha pomagaj\u0105 nam r\u00f3wnie\u017c w r\u00f3\u017cnych kryzysach i trudnych sytuacjach \u017cyciowych, pr\u00f3bach. Pomagaj\u0105 nam si\u0119 wyciszy\u0107 i zachowa\u0107 spok\u00f3j, poniewa\u017c wp\u0142ywaj\u0105 na nasz stan emocjonalny i pomagaj\u0105 go zharmonizowa\u0107. Z pomoc\u0105 kropli Bacha <strong>panujemy nad naszymi emocjami<\/strong>, tworz\u0105c w ten spos\u00f3b harmoni\u0119 i odnajduj\u0105c wewn\u0119trzny spok\u00f3j.<\/p>\n<p style=\"text-align: justify;\"><span style=\"color: #000000;\">Terapia Bacha sprzyja samouzdrawianiu i relaksowi duchowemu. Zgodnie z teori\u0105 dr. Bacha, przyczyn\u0105 choroby jest dysharmonia lub brak harmonii mi\u0119dzy cia\u0142em a dusz\u0105. Za pomoc\u0105 esencji kwiatowych staramy si\u0119 leczy\u0107 choroby, wykorzystuj\u0105c <b>pozytywne w\u0142a\u015bciwo\u015bci kwiat\u00f3w<\/b>, pomagaj\u0105c nam przywr\u00f3ci\u0107 r\u00f3wnowag\u0119 w nas samych.<\/span><\/p>\n<p><span style=\"color: #000000;\">Pierwsze rezultaty mo\u017cna zauwa\u017cy\u0107 ju\u017c po kilku dniach lub tygodniach, jest to zale\u017cne od ka\u017cdej osoby. Przygotowana mieszanka wystarczy na 30 dni, kt\u00f3r\u0105 z \u0142atwo\u015bci\u0105 mo\u017cesz na\u0142o\u017cy\u0107 bezpo\u015brednio do ust lub wrzuci\u0107 do szklanki z wod\u0105.<\/span><\/p>\n<p><span style=\"color: #000000;\">Terapia Bacha sprzyja samoleczeniu i duchowemu odpr\u0119\u017ceniu. Wed\u0142ug teorii dr. Bach jest przyczyn\u0105 chor\u00f3b w stanie nieharmonijnym lub w braku harmonii pomi\u0119dzy cia\u0142em i dusz\u0105. Za pomoc\u0105 esencji kwiatowych staramy si\u0119 wyleczy\u0107 chorob\u0119, wykorzystuj\u0105c pozytywne w\u0142a\u015bciwo\u015bci kwiat\u00f3w, a mianowicie pomagaj\u0105c nam przywr\u00f3ci\u0107 wewn\u0119trzn\u0105 r\u00f3wnowag\u0119.<\/span><\/p>\n<p><span style=\"color: #000000;\">Mieszanki kropli Bacha przygotowywane s\u0105 wed\u0142ug metody dr. Bacha i u\u017cywamy wy\u0142\u0105cznie oryginalnych esencji Bacha.<\/span><\/p>\n<p><span style=\"color: #000000;\">Krople Bacha pobierane s\u0105 z butelki za pomoc\u0105 do\u0142\u0105czonej pipety, co sprawia, \u017ce \u200b\u200bdozowanie jest niezwykle proste. Spo\u017cywa\u0107 4 krople 4 razy dziennie, roz\u0142o\u017cone na ca\u0142y dzie\u0144. Butelka, kt\u00f3r\u0105 otrzymasz wystarcza na 1 miesi\u0105c terapii.<\/span><\/p>\n<p><span style=\"color: #000000;\">Ka\u017cda butelka wybranej mieszanki przygotowywana jest r\u0119cznie i na bie\u017c\u0105co. Aby mieszanka zachowa\u0142a \u015bwie\u017co\u015b\u0107 przez d\u0142ugi czas, nale\u017cy doda\u0107 odrobin\u0119 alkoholu (koniaku). Termin przydatno\u015bci mieszanki wynosi 1 miesi\u0105c od daty zakupu.<\/span><\/p>\n<p><span style=\"color: #000000;\">Poniewa\u017c krople Bacha nie maj\u0105 skutk\u00f3w ubocznych, nie mo\u017cna ich przedawkowa\u0107 i nie powoduj\u0105 uzale\u017cnienia. S\u0105 odpowiednie dla ka\u017cdego &#8211; kobiet w ci\u0105\u017cy, matek karmi\u0105cych, os\u00f3b starszych, dzieci i zwierz\u0105t.<\/span><\/p>\n<p><span style=\"color: #000000;\">Nie ma wp\u0142ywu na inne leki.<\/span><\/p>\n<h2><span style=\"color: #000000;\">Sk\u0142adowanie<\/span><\/h2>\n<p><span style=\"color: #000000;\">Przechowywa\u0107 w suchym i ciemnym miejscu, w temperaturze do +25\u00b0C.<\/span><\/p>\n<h2><span style=\"color: #000000;\">Ilo\u015b\u0107<\/span><\/h2>\n<p><span style=\"color: #000000;\">30 ml (wystarczy na 30 dni regularnego stosowania)<\/span>[\/vc_column_text][\/vc_column][\/vc_row]<\/p>\n<\/div>","protected":false},"excerpt":{"rendered":"<p>Krople Bacha dzia\u0142aj\u0105 skutecznie przeciwko r\u00f3\u017cnym niepokojom emocjonalnym jednostki. Pomagaj\u0105 w r\u00f3\u017cnych kryzysach i trudnych sytuacjach \u017cyciowych. Przy nich wyciszamy si\u0119 i zachowujemy spokojn\u0105 g\u0142ow\u0119. Dzia\u0142aj\u0105 na nasz stan emocjonalny i pomagaj\u0105 go zharmonizowa\u0107.<\/p>\n<p>\ud83d\udc9a Dropy pakowane s\u0105 r\u0119cznie, na miejscu w dniu wysy\u0142ki.<br \/>\n\ud83d\udc9a S\u0105 odpowiednie dla wszystkich ludzi (kobiet w ci\u0105\u017cy, os\u00f3b starszych, dzieci,&#8230;) i zwierz\u0105t.<br \/>\n\ud83d\udc9a Nie maj\u0105 skutk\u00f3w ubocznych, nie uzale\u017cniaj\u0105 i nie mo\u017cna ich przedawkowa\u0107.<br \/>\n\ud83d\udc9a Pierwsze rezultaty mo\u017cna zauwa\u017cy\u0107 ju\u017c po kilku dniach lub tygodniach, jest to zale\u017cne od ka\u017cdej osoby.<br \/>\n\ud83d\udc9a Nie wp\u0142ywa na inne leki.<\/p>\n","protected":false},"featured_media":6318,"comment_status":"open","ping_status":"closed","template":"","meta":{"_acf_changed":false},"product_brand":[],"product_cat":[15,236,224,225],"product_tag":[],"class_list":{"0":"post-6586","1":"product","2":"type-product","3":"status-publish","4":"has-post-thumbnail","6":"product_cat-uncategorized","7":"product_cat-krople-bacha","8":"product_cat-oferta","9":"product_cat-wszystkie-produkty","11":"first","12":"instock","13":"sale","14":"taxable","15":"shipping-taxable","16":"purchasable","17":"product-type-simple"},"acf":[],"_links":{"self":[{"href":"https:\/\/fengchashop.com\/pl\/wp-json\/wp\/v2\/product\/6586","targetHints":{"allow":["GET"]}}],"collection":[{"href":"https:\/\/fengchashop.com\/pl\/wp-json\/wp\/v2\/product"}],"about":[{"href":"https:\/\/fengchashop.com\/pl\/wp-json\/wp\/v2\/types\/product"}],"replies":[{"embeddable":true,"href":"https:\/\/fengchashop.com\/pl\/wp-json\/wp\/v2\/comments?post=6586"}],"wp:featuredmedia":[{"embeddable":true,"href":"https:\/\/fengchashop.com\/pl\/wp-json\/wp\/v2\/media\/6318"}],"wp:attachment":[{"href":"https:\/\/fengchashop.com\/pl\/wp-json\/wp\/v2\/media?parent=6586"}],"wp:term":[{"taxonomy":"product_brand","embeddable":true,"href":"https:\/\/fengchashop.com\/pl\/wp-json\/wp\/v2\/product_brand?post=6586"},{"taxonomy":"product_cat","embeddable":true,"href":"https:\/\/fengchashop.com\/pl\/wp-json\/wp\/v2\/product_cat?post=6586"},{"taxonomy":"product_tag","embeddable":true,"href":"https:\/\/fengchashop.com\/pl\/wp-json\/wp\/v2\/product_tag?post=6586"}],"curies":[{"name":"wp","href":"https:\/\/api.w.org\/{rel}","templated":true}]}}