{"id":6547,"date":"2025-08-26T12:12:06","date_gmt":"2025-08-26T10:12:06","guid":{"rendered":"https:\/\/fengchashop.com\/pl\/?post_type=product&#038;p=6547"},"modified":"2025-11-15T14:25:40","modified_gmt":"2025-11-15T13:25:40","slug":"smocza-krew-sangre-de-grado-drago-krople","status":"publish","type":"product","link":"https:\/\/fengchashop.com\/pl\/product\/smocza-krew-sangre-de-grado-drago-krople\/","title":{"rendered":"Smocza Krew (Sangre de Grado \/ Drago) krople 30 ml"},"content":{"rendered":"<h2><strong>Czym jest Krew Smoka?<\/strong><\/h2>\n<p><strong>\u00a0<\/strong>Krew Smoka, znana r\u00f3wnie\u017c jako <strong>Sangre de Grado lub Drago<\/strong>, to cenna <strong>czerwonobr\u0105zowa \u017cywica<\/strong> pozyskiwana z kory peruwia\u0144skiego draceny smoczej (Croton lechleri). Jest to niezwykle cenny naturalny preparat, stosowany od wiek\u00f3w przez rdzennych mieszka\u0144c\u00f3w Ameryki Po\u0142udniowej jako wszechstronny, naturalny \u015brodek na wiele dolegliwo\u015bci \u2013 zar\u00f3wno zewn\u0119trznych, jak i wewn\u0119trznych. Pozyskuje si\u0119 go poprzez delikatne nacinanie kory drzewa, bez niszczenia ro\u015bliny.<\/p>\n<p>Nasz produkt pochodzi ze zr\u00f3wnowa\u017conych i ekologicznych upraw w sercu peruwia\u0144skiej puszczy deszczowej Amazonii. \u017bywica jest zbierana r\u0119cznie przez miejscow\u0105 ludno\u015b\u0107, kt\u00f3ra w ten spos\u00f3b zachowuje swoj\u0105 tradycyjn\u0105 wiedz\u0119 i otrzymuje uczciwe wynagrodzenie za swoj\u0105 prac\u0119. \u017bywica jest pozyskiwana bez niszczenia drzew, co zapewnia d\u0142ugotrwa\u0142\u0105 ochron\u0119 \u015brodowiska naturalnego.<\/p>\n<p>Oferowana przez nas Krew Smoka to <strong>100% czysta \u017cywica ro\u015blinna \u2013 bez alkoholu, konserwant\u00f3w, barwnik\u00f3w i sztucznych dodatk\u00f3w<\/strong>. To naturalny ekstrakt bezpo\u015brednio z ro\u015bliny, kt\u00f3ry zachowuje wszystkie swoje pierwotne w\u0142a\u015bciwo\u015bci i potencja\u0142 terapeutyczny. Ma intensywny, ciemnoczerwony kolor, charakterystyczny dla obecno\u015bci naturalnych przeciwutleniaczy i garbnik\u00f3w, dlatego nale\u017cy zachowa\u0107 ostro\u017cno\u015b\u0107 podczas jego stosowania, aby unikn\u0105\u0107 kontaktu z odzie\u017c\u0105, poniewa\u017c mo\u017ce pozostawi\u0107 trwa\u0142e plamy.<\/p>\n<h2><strong>Dzia\u0142anie i korzy\u015bci p\u0142yn\u0105ce ze smoczej krwi<\/strong><\/h2>\n<p>Dzi\u0119ki swojemu unikalnemu sk\u0142adowi chemicznemu \u2013 wysokiej zawarto\u015bci garbnik\u00f3w, alkaloid\u00f3w (takich jak taspina), zwi\u0105zk\u00f3w fenolowych i przeciwutleniaczy \u2013 smocza krew ma liczne, potwierdzone, tradycyjne w\u0142a\u015bciwo\u015bci:<\/p>\n<p><strong>\ud83d\udc9a Zastosowanie zewn\u0119trzne \u2013 <em>naturalna ochrona sk\u00f3ry<\/em>:<\/strong><\/p>\n<ul>\n<li><strong>Szybkie gojenie si\u0119 ran i uraz\u00f3w<\/strong> \u2013 dzia\u0142a jako naturalny \u015brodek antyseptyczny i hemostatyczny (hamuje krwawienie), wspomaga regeneracj\u0119 tkanek<\/li>\n<li><strong>Zmniejsza stany zapalne i sw\u0119dzenie<\/strong> \u2013 odpowiedni na tr\u0105dzik, uk\u0105szenia owad\u00f3w, egzem\u0119, \u0142uszczyc\u0119 i inne problemy sk\u00f3rne<\/li>\n<li><strong>Skuteczny w walce z infekcjami grzybiczymi i bakteryjnymi<\/strong><\/li>\n<li><strong>\u0141agodzi oparzenia, w tym oparzenia s\u0142oneczne<\/strong> \u2013 dzia\u0142a ch\u0142odz\u0105co i regeneruj\u0105co<\/li>\n<li><strong>Naturalny \u201einny\u201d opatrunek<\/strong> \u2013 po na\u0142o\u017ceniu tworzy cienk\u0105 warstw\u0119 ochronn\u0105 na sk\u00f3rze<\/li>\n<\/ul>\n<p><strong>\ud83d\udc9a Stosowanie wewn\u0119trzne \u2013 <em>z zachowaniem ostro\u017cno\u015bci i po otrzymaniu odpowiednich porad<\/em>:<\/strong><\/p>\n<ul>\n<li><strong>Wsparcie uk\u0142adu pokarmowego<\/strong> \u2013 \u0142agodzi problemy takie jak wrzody \u017co\u0142\u0105dka, zapalenie b\u0142on \u015bluzowych, biegunka, zesp\u00f3\u0142 jelita dra\u017cliwego<\/li>\n<li><strong>Dzia\u0142anie przeciwzapalne<\/strong> \u2013 pomaga w stanach zapalnych wewn\u0119trznych, w tym w jamie ustnej i gardle<\/li>\n<li><strong>Wzmocnienie uk\u0142adu odporno\u015bciowego<\/strong> \u2013 pomaga organizmowi broni\u0107 si\u0119 przed wirusami i bakteriami<\/li>\n<li><strong>Moc antyoksydacyjna<\/strong> \u2013 wspomaga odnow\u0119 kom\u00f3rkow\u0105 i detoksykacj\u0119 organizmu<\/li>\n<\/ul>\n<h2><strong>Ilo\u015b\u0107<\/strong><\/h2>\n<p>30 ml<\/p>\n<h2><strong>Opakowanie<\/strong><\/h2>\n<p>W szklanym opakowaniu z kroplomierzem dla \u0142atwiejszego Dawkowanie.<\/p>\n<h2><strong>Ostrze\u017cenia<\/strong><\/h2>\n<p>Wy\u0142\u0105cznie do u\u017cytku zewn\u0119trznego, chyba \u017ce specjalista zaleci inaczej. Stosowanie wewn\u0119trzne jest dozwolone wy\u0142\u0105cznie po konsultacji z lekarzem. Unika\u0107 kontaktu z oczami i b\u0142onami \u015bluzowymi. Nie stosowa\u0107 u dzieci, kobiet w ci\u0105\u017cy i karmi\u0105cych piersi\u0105 bez konsultacji z lekarzem. Mo\u017ce pozostawia\u0107 trwa\u0142e plamy na tkaninach. Przechowywa\u0107 poza zasi\u0119giem dzieci, w suchym i ciemnym miejscu.<\/p>\n<h2><strong>Pochodzenie<\/strong><\/h2>\n<p>Ekwador<\/p>\n","protected":false},"excerpt":{"rendered":"<p>Smocza Krew to naturalna \u017cywica z drzewa Croton lechleri, znana z wyj\u0105tkowych w\u0142a\u015bciwo\u015bci regeneruj\u0105cych i ochronnych sk\u00f3ry. Dzi\u0119ki wysokiej zawarto\u015bci przeciwutleniaczy chroni sk\u00f3r\u0119 przed wolnymi rodnikami i przedwczesnym starzeniem. Jest r\u00f3wnie\u017c stosowana jako naturalny \u015brodek na tr\u0105dzik, blizny i wra\u017cliw\u0105 sk\u00f3r\u0119.<\/p>\n<p>\ud83d\udc9a naturalny antyseptyk,<br \/>\n\ud83d\udc9a zmniejsza stany zapalne,<br \/>\n\ud83d\udc9a przyspiesza gojenie si\u0119 ran i<br \/>\n\ud83d\udc9a \u0142agodzi podra\u017cnienia.<\/p>\n","protected":false},"featured_media":6549,"comment_status":"open","ping_status":"closed","template":"","meta":{"_acf_changed":false},"product_brand":[],"product_cat":[15,231,224,225],"product_tag":[],"class_list":{"0":"post-6547","1":"product","2":"type-product","3":"status-publish","4":"has-post-thumbnail","6":"product_cat-uncategorized","7":"product_cat-inne","8":"product_cat-oferta","9":"product_cat-wszystkie-produkty","11":"first","12":"instock","13":"taxable","14":"shipping-taxable","15":"purchasable","16":"product-type-simple"},"acf":[],"_links":{"self":[{"href":"https:\/\/fengchashop.com\/pl\/wp-json\/wp\/v2\/product\/6547","targetHints":{"allow":["GET"]}}],"collection":[{"href":"https:\/\/fengchashop.com\/pl\/wp-json\/wp\/v2\/product"}],"about":[{"href":"https:\/\/fengchashop.com\/pl\/wp-json\/wp\/v2\/types\/product"}],"replies":[{"embeddable":true,"href":"https:\/\/fengchashop.com\/pl\/wp-json\/wp\/v2\/comments?post=6547"}],"wp:featuredmedia":[{"embeddable":true,"href":"https:\/\/fengchashop.com\/pl\/wp-json\/wp\/v2\/media\/6549"}],"wp:attachment":[{"href":"https:\/\/fengchashop.com\/pl\/wp-json\/wp\/v2\/media?parent=6547"}],"wp:term":[{"taxonomy":"product_brand","embeddable":true,"href":"https:\/\/fengchashop.com\/pl\/wp-json\/wp\/v2\/product_brand?post=6547"},{"taxonomy":"product_cat","embeddable":true,"href":"https:\/\/fengchashop.com\/pl\/wp-json\/wp\/v2\/product_cat?post=6547"},{"taxonomy":"product_tag","embeddable":true,"href":"https:\/\/fengchashop.com\/pl\/wp-json\/wp\/v2\/product_tag?post=6547"}],"curies":[{"name":"wp","href":"https:\/\/api.w.org\/{rel}","templated":true}]}}