{"id":6542,"date":"2025-06-09T10:03:02","date_gmt":"2025-06-09T08:03:02","guid":{"rendered":"https:\/\/fengchashop.com\/pl\/?post_type=product&#038;p=6542"},"modified":"2026-04-30T23:30:42","modified_gmt":"2026-04-30T21:30:42","slug":"proszek-kudzu","status":"publish","type":"product","link":"https:\/\/fengchashop.com\/pl\/product\/proszek-kudzu\/","title":{"rendered":"Proszek kudzu 250 g"},"content":{"rendered":"<h2><strong>Czym jest kudzu?<\/strong><\/h2>\n<p><strong>Kudzu<\/strong> (wym.: <em>k\u00fadzu<\/em>) to szybko rosn\u0105ce pn\u0105cze pochodz\u0105ce z Azji Wschodniej \u2013 g\u0142\u00f3wnie z Chin, Japonii i Korei. Nazywane jest r\u00f3wnie\u017c japo\u0144skim dzikim pochrzynem lub korzeniem kudzu. Pierwotnie by\u0142o wykorzystywane jako pasza, naw\u00f3z zielony i \u015brodek zapobiegaj\u0105cy erozji gleby. W XIX wieku ro\u015blina ta zosta\u0142a r\u00f3wnie\u017c sprowadzona do Stan\u00f3w Zjednoczonych, gdzie okaza\u0142a si\u0119 gatunkiem inwazyjnym, poniewa\u017c mo\u017ce szybko zarasta\u0107 ca\u0142e obszary, w tym lasy, gospodarstwa rolne i drogi.<\/p>\n<p>Kudzu nale\u017cy do rodziny bobowatych (Fabaceae) i jest spokrewniony z ro\u015blinami str\u0105czkowymi. Ma du\u017ce, tr\u00f3jlistkowe (tr\u00f3jklapowe) li\u015bcie, fioletowe kwiaty i grube korzenie, kt\u00f3re <strong>zawieraj\u0105 wiele sk\u0142adnik\u00f3w od\u017cywczych i w\u0142a\u015bciwo\u015bci leczniczych<\/strong>.<\/p>\n<p>Kudzu to niezwykle interesuj\u0105ca ro\u015blina o d\u0142ugiej historii stosowania w <strong>medycynie tradycyjnej<\/strong>. W postaci proszku nadaje si\u0119 do suplementacji diety, szczeg\u00f3lnie <strong>w celu wsparcia w\u0105troby, kr\u0105\u017cenia krwi i r\u00f3wnowagi hormonalnej<\/strong>.<\/p>\n<h2><strong>Dzia\u0142anie lecznicze<\/strong><\/h2>\n<p>Kudzu jest stosowane w tradycyjnej medycynie chi\u0144skiej od wiek\u00f3w. Korze\u0144 zawiera <strong>izoflawony<\/strong>, zw\u0142aszcza <strong>daidzein\u0119<\/strong>, <strong>daidzin\u0119<\/strong> i <strong>pueraryn\u0119<\/strong>, kt\u00f3re maj\u0105 wa\u017cne w\u0142a\u015bciwo\u015bci farmakologiczne.<\/p>\n<p><strong>G\u0142\u00f3wne dzia\u0142anie:<\/strong><\/p>\n<p><strong>\ud83d\udc9a Detoksykacja w\u0105troby:<\/strong> stosowana w przypadku problem\u00f3w z alkoholem \u2013 m\u00f3wi si\u0119, \u017ce pomaga zmniejszy\u0107 g\u0142\u00f3d alkoholowy i wspomaga w\u0105trob\u0119.<\/p>\n<p><strong>\ud83d\udc9a Ulg\u0119 w migrenie i b\u00f3lach g\u0142owy<\/strong><\/p>\n<p><strong>\ud83d\udc9a Obni\u017ca ci\u015bnienie krwi i poprawia kr\u0105\u017cenie krwi<\/strong><\/p>\n<p><strong>\ud83d\udc9a \u0141agodzi objawy menopauzy:<\/strong> dzia\u0142a podobnie do fitoestrogen\u00f3w.<\/p>\n<p><strong>\ud83d\udc9a Dzia\u0142anie przeciwzapalne:<\/strong> pomaga w stanach zapalnych i b\u00f3lach mi\u0119\u015bni.<\/p>\n<p><strong>\ud83d\udc9a Pomoc w cukrzycy typu 2:<\/strong> niekt\u00f3re badania pokazuj\u0105, \u017ce poprawia wra\u017cliwo\u015b\u0107 na insulin\u0119.<\/p>\n<p><strong>\ud83d\udc9a Dzia\u0142anie antyoksydacyjne:<\/strong> dzia\u0142a jako wymiatacz wolnych rodnik\u00f3w.<\/p>\n<p><strong>\ud83d\udc9a \u0141agodzenie problem\u00f3w trawiennych:<\/strong> stosowany w przypadku biegunki, skurcz\u00f3w, podra\u017cnienia \u017co\u0142\u0105dka, dzia\u0142a koj\u0105co na przew\u00f3d pokarmowy i jelita.<\/p>\n<p><strong>\ud83d\udc9a Dzia\u0142anie neuroprotekcyjne:<\/strong> chroni kom\u00f3rki nerwowe przed stresem oksydacyjnym, pomaga w przypadku zawrot\u00f3w g\u0142owy, zaburze\u0144 r\u00f3wnowagi i szum\u00f3w usznych.<\/p>\n<p><strong>\ud83d\udc9a Dzia\u0142anie przeciwdrobnoustrojowe i przeciwwirusowe:<\/strong> ma w\u0142a\u015bciwo\u015bci antybakteryjne, hamuje rozw\u00f3j wirus\u00f3w grypy.<\/p>\n<h2><strong>Przechowywanie i ostrze\u017cenia<\/strong><\/h2>\n<p>Przechowywa\u0107 w suchym i ch\u0142odnym miejscu w temperaturze do 25\u00b0C. Suplement diety przechowywa\u0107 w miejscu niedost\u0119pnym dla dzieci!<\/p>\n<p>Pami\u0119taj o znaczeniu zr\u00f3\u017cnicowanej diety i zdrowego stylu \u017cycia, dlatego suplement diety nie zast\u0119puje zbilansowanej i zr\u00f3\u017cnicowanej diety. Nie nale\u017cy przekracza\u0107 zalecanej dziennej dawki ani dawki.<\/p>\n<p>Nie zaleca si\u0119 stosowania w okresie ci\u0105\u017cy i karmienia piersi\u0105 oraz u dzieci. W przypadku problem\u00f3w zdrowotnych zaleca si\u0119 konsultacj\u0119 z lekarzem. Ze wzgl\u0119du na zawarto\u015b\u0107 fitoestrogen\u00f3w produkt nie jest odpowiedni dla os\u00f3b z chorobami estrogenozale\u017cnymi (np. rakiem piersi). Mo\u017ce wp\u0142ywa\u0107 na ci\u015bnienie krwi, cukrzyc\u0119 lub przyjmowanie lek\u00f3w hormonalnych.<\/p>\n<h2><strong>\u00a0<\/strong><strong>Opakowanie<\/strong><\/h2>\n<p>Hermetyczne opakowanie strunowe, w kt\u00f3rym produkt zachowuje \u015bwie\u017co\u015b\u0107 i aromat. Opakowanie chroni przed \u015bwiat\u0142em i powietrzem, poniewa\u017c sk\u0142ada si\u0119 z kilku warstw ochronnych, kt\u00f3re zachowuj\u0105 w\u0142a\u015bciwo\u015bci zawarto\u015bci.<\/p>\n<p>Opakowanie jest bardzo praktyczne i nadaje si\u0119 do recyklingu.<\/p>\n<h2><strong>\u00a0<\/strong><strong>Pochodzenie<\/strong><\/h2>\n<p>Japonia<\/p>\n","protected":false},"excerpt":{"rendered":"<p>Kudzu jest stosowane w tradycyjnej medycynie chi\u0144skiej od wiek\u00f3w. To niezwykle interesuj\u0105ca ro\u015blina o d\u0142ugiej historii stosowania w medycynie tradycyjnej. W postaci proszku nadaje si\u0119 do suplementacji diety, szczeg\u00f3lnie w celu:<\/p>\n<p><span style=\"color: #000000\">\ud83d\udc9a <\/span><strong>wsparcia w\u0105troby,<\/strong><\/p>\n<p><strong><span style=\"color: #000000\">\ud83d\udc9a <\/span>poprawy kr\u0105\u017cenia krwi i<\/strong><\/p>\n<p><strong><span style=\"color: #000000\">\ud83d\udc9a <\/span>r\u00f3wnowagi hormonalnej<\/strong>.<\/p>\n","protected":false},"featured_media":6543,"comment_status":"open","ping_status":"closed","template":"","meta":{"_acf_changed":false},"product_brand":[],"product_cat":[15,226,224,228,225],"product_tag":[],"class_list":{"0":"post-6542","1":"product","2":"type-product","3":"status-publish","4":"has-post-thumbnail","6":"product_cat-uncategorized","7":"product_cat-najlepiej-sprzedajacy-sie","8":"product_cat-oferta","9":"product_cat-superzywnosc","10":"product_cat-wszystkie-produkty","12":"first","13":"instock","14":"taxable","15":"shipping-taxable","16":"purchasable","17":"product-type-simple"},"acf":[],"_links":{"self":[{"href":"https:\/\/fengchashop.com\/pl\/wp-json\/wp\/v2\/product\/6542","targetHints":{"allow":["GET"]}}],"collection":[{"href":"https:\/\/fengchashop.com\/pl\/wp-json\/wp\/v2\/product"}],"about":[{"href":"https:\/\/fengchashop.com\/pl\/wp-json\/wp\/v2\/types\/product"}],"replies":[{"embeddable":true,"href":"https:\/\/fengchashop.com\/pl\/wp-json\/wp\/v2\/comments?post=6542"}],"wp:featuredmedia":[{"embeddable":true,"href":"https:\/\/fengchashop.com\/pl\/wp-json\/wp\/v2\/media\/6543"}],"wp:attachment":[{"href":"https:\/\/fengchashop.com\/pl\/wp-json\/wp\/v2\/media?parent=6542"}],"wp:term":[{"taxonomy":"product_brand","embeddable":true,"href":"https:\/\/fengchashop.com\/pl\/wp-json\/wp\/v2\/product_brand?post=6542"},{"taxonomy":"product_cat","embeddable":true,"href":"https:\/\/fengchashop.com\/pl\/wp-json\/wp\/v2\/product_cat?post=6542"},{"taxonomy":"product_tag","embeddable":true,"href":"https:\/\/fengchashop.com\/pl\/wp-json\/wp\/v2\/product_tag?post=6542"}],"curies":[{"name":"wp","href":"https:\/\/api.w.org\/{rel}","templated":true}]}}