{"id":6481,"date":"2025-02-25T09:41:56","date_gmt":"2025-02-25T08:41:56","guid":{"rendered":"https:\/\/fengchashop.com\/pl\/product\/cistus-creticus-zistrose-bio-100-g\/"},"modified":"2026-04-24T03:32:31","modified_gmt":"2026-04-24T01:32:31","slug":"cistus-creticus-zistrose-bio","status":"publish","type":"product","link":"https:\/\/fengchashop.com\/pl\/product\/cistus-creticus-zistrose-bio\/","title":{"rendered":"Cistus creticus (Zistrose) BIO 100 g"},"content":{"rendered":"<h2><span style=\"color: #000000\"><strong>Cistus creticus (Zistrose) BIO<\/strong><\/span><\/h2>\n<p><span style=\"color: #000000\"><strong>Cistus creticus lub zistrose<\/strong> to aromatyczna, krzewiasta ro\u015blina pochodz\u0105ca g\u0142\u00f3wnie z regionu Morza \u015ar\u00f3dziemnego &#8211; szczeg\u00f3lnie z greckiej wyspy Krety, gdzie dobrze ro\u015bnie w suchych, skalistych \u015brodowiskach. Li\u015bcie ro\u015bliny pokryte s\u0105 lepk\u0105 \u017cywic\u0105 (labdanum), kt\u00f3ra jest bogata w polifenole &#8211; naturalne przeciwutleniacze.<\/span><\/p>\n<p><span style=\"color: #000000\">Jest stosowana jako herbata. Cistus creticus jest znany <strong>jako naturalne zio\u0142o wspomagaj\u0105ce<br \/>\nuk\u0142ad odporno\u015bciowy<\/strong>.<\/span><\/p>\n<h2><span style=\"color: #000000\"><strong>Herbata z Cistus creticus jest ceniona za nast\u0119puj\u0105ce w\u0142a\u015bciwo\u015bci:<\/strong><\/span><\/h2>\n<p><span style=\"color: #000000\"><strong>\ud83d\udc9a Silny przeciwutleniacz<\/strong>: Bogate \u017ar\u00f3d\u0142o polifenoli, kt\u00f3re pomagaj\u0105 chroni\u0107 kom\u00f3rki przed wolnymi rodnikami.<\/span><\/p>\n<p><span style=\"color: #000000\"><strong>\ud83d\udc9a Wsparcie uk\u0142adu odporno\u015bciowego<\/strong>: Naturalnie wzmacnia odporno\u015b\u0107 organizmu, szczeg\u00f3lnie w sezonie przezi\u0119bie\u0144 i grypy.<\/span><\/p>\n<p><span style=\"color: #000000\"><strong>\ud83d\udc9a Dzia\u0142anie antybakteryjne i przeciwwirusowe<\/strong>: Tradycyjnie stosowany w celu ochrony przed infekcjami.<\/span><\/p>\n<p><span style=\"color: #000000\"><strong>\ud83d\udc9a Dzia\u0142anie przeciwzapalne<\/strong>: Pomaga \u0142agodzi\u0107 stany zapalne w organizmie.<\/span><\/p>\n<p><span style=\"color: #000000\"><strong>\ud83d\udc9a Dzia\u0142anie trawienne<\/strong>: Pomaga \u0142agodzi\u0107 problemy takie jak wzd\u0119cia i rozstr\u00f3j \u017co\u0142\u0105dka.<\/span><\/p>\n<p><span style=\"color: #000000\"><strong>\ud83d\udc9a Stosowanie na sk\u00f3r\u0119<\/strong>: Jest r\u00f3wnie\u017c stosowany w formie ok\u0142ad\u00f3w lub k\u0105pieli na problemy sk\u00f3rne (np. tr\u0105dzik, egzema).<\/span><\/p>\n<h2><span style=\"color: #000000\"><strong>Stosuj<\/strong> <strong>Cistus creticus<\/strong> <strong>Opr\u00f3cz herbaty<\/strong><\/span><\/h2>\n<ul>\n<li><span style=\"color: #000000\"><strong>P\u0142ucz gard\u0142o<\/strong> na b\u00f3l gard\u0142a lub owrzodzenia jamy ustnej<\/span><\/li>\n<li><span style=\"color: #000000\"><strong>W inhalacji parowej <\/strong> w celu oczyszczenia dr\u00f3g oddechowych<\/span><\/li>\n<li><span style=\"color: #000000\"><strong>W kompresach <\/strong> na podra\u017cnion\u0105 sk\u00f3r\u0119<\/span><\/li>\n<li><span style=\"color: #000000\"><strong>Jako nalewka lub kapsu\u0142ki <\/strong> &#8211; suplement diety<\/span><\/li>\n<li><span style=\"color: #000000\"><strong>W kosmetykach <\/strong> &#8211; naturalne ekstrakty do sk\u00f3ry<\/span><\/li>\n<\/ul>\n<h2><span style=\"color: #000000\"><strong>Przechowywanie i ostrze\u017cenia <\/strong><\/span><\/h2>\n<p><span style=\"color: #000000\">Przechowuj w suchym, ciemnym i ch\u0142odnym miejscu. Suszone li\u015bcie nale\u017cy przechowywa\u0107 w szczelnym worku lub pojemniku do momentu u\u017cycia. W ten spos\u00f3b zachowuj\u0105 one swoj\u0105 moc i aromat do 1 roku. Nie przechowuj w pobli\u017cu silnych zapach\u00f3w (np. przypraw), poniewa\u017c zio\u0142o mo\u017ce wch\u0142ania\u0107 obce zapachy. Zawsze szczelnie zamykaj opakowanie po otwarciu.<\/span><\/p>\n<p><span style=\"color: #000000\">Generalnie bezpieczne w u\u017cyciu, nawet przy d\u0142ugotrwa\u0142ym stosowaniu. W rzadkich przypadkach mo\u017ce powodowa\u0107 \u0142agodne zaparcia lub podra\u017cnienie \u017co\u0142\u0105dka. Kobiety w ci\u0105\u017cy i karmi\u0105ce piersi\u0105 powinny skonsultowa\u0107 si\u0119 z lekarzem przed u\u017cyciem.<\/span><\/p>\n<p><span style=\"color: #000000\">Nie zapominaj o znaczeniu zr\u00f3\u017cnicowanej diety i zdrowego trybu \u017cycia, dlatego suplement diety nie zast\u0119puje zbilansowanej i zr\u00f3\u017cnicowanej diety. Nie nale\u017cy przekracza\u0107 zalecanej dziennej dawki ani dawki.<\/span><\/p>\n<h2><span style=\"color: #000000\">Opakowanie<\/span><\/h2>\n<p><span style=\"color: #000000\">Hermetyczna torebka strunowa, w kt\u00f3rej produkt zachowuje ca\u0142\u0105 \u015bwie\u017co\u015b\u0107 i aromat. Opakowanie chroni przed \u015bwiat\u0142em i powietrzem, poniewa\u017c sk\u0142ada si\u0119 z kilku warstw ochronnych, kt\u00f3re zachowuj\u0105 w\u0142a\u015bciwo\u015bci zawarto\u015bci.<\/span><\/p>\n<p><span style=\"color: #000000\">Opakowanie jest bardzo praktyczne i umo\u017cliwia recykling.<\/span><\/p>\n<h2><span style=\"color: #000000\">Pochodzenie<\/span><\/h2>\n<p><span style=\"color: #000000\">Grecja<\/span><\/p>\n","protected":false},"excerpt":{"rendered":"<p><span style=\"color: #000000\"><strong>Cistus creticus<\/strong> jest znany jako naturalne zio\u0142o<strong> wspomagaj\u0105ce uk\u0142ad odporno\u015bciowy<\/strong> i ma silne <strong>dzia\u0142anie przeciwwirusowe, przeciwbakteryjne i przeciwutleniaj\u0105ce.<\/strong> Ponadto ma inne pozytywne w\u0142a\u015bciwo\u015bci:<\/span><\/p>\n<p data-start=\"173\" data-end=\"215\"><span style=\"color: #000000\">\ud83d\udc9a \u0141agodzi stany zapalne (dzia\u0142anie przeciwzapalne)<\/span><\/p>\n<p data-start=\"219\" data-end=\"258\"><span style=\"color: #000000\">\ud83d\udc9a Wspomaga trawienie i detoksykacj\u0119<\/span><\/p>\n<p data-start=\"262\" data-end=\"313\"><span style=\"color: #000000\">\ud83d\udc9a Pomaga w problemach sk\u00f3rnych (np. tr\u0105dzik, egzema)<\/span><\/p>\n<p data-start=\"317\" data-end=\"350\"><span style=\"color: #000000\">\ud83d\udc9a Zmniejsza ryzyko infekcji dr\u00f3g oddechowych<\/span><\/p>\n","protected":false},"featured_media":6482,"comment_status":"open","ping_status":"closed","template":"","meta":{"_acf_changed":false},"product_brand":[],"product_cat":[15,223,205,224,225],"product_tag":[],"class_list":{"0":"post-6481","1":"product","2":"type-product","3":"status-publish","4":"has-post-thumbnail","6":"product_cat-uncategorized","7":"product_cat-herbata","8":"product_cat-herbata-jedzenie-i-przyprawy","9":"product_cat-oferta","10":"product_cat-wszystkie-produkty","12":"first","13":"instock","14":"taxable","15":"shipping-taxable","16":"purchasable","17":"product-type-simple"},"acf":[],"_links":{"self":[{"href":"https:\/\/fengchashop.com\/pl\/wp-json\/wp\/v2\/product\/6481","targetHints":{"allow":["GET"]}}],"collection":[{"href":"https:\/\/fengchashop.com\/pl\/wp-json\/wp\/v2\/product"}],"about":[{"href":"https:\/\/fengchashop.com\/pl\/wp-json\/wp\/v2\/types\/product"}],"replies":[{"embeddable":true,"href":"https:\/\/fengchashop.com\/pl\/wp-json\/wp\/v2\/comments?post=6481"}],"wp:featuredmedia":[{"embeddable":true,"href":"https:\/\/fengchashop.com\/pl\/wp-json\/wp\/v2\/media\/6482"}],"wp:attachment":[{"href":"https:\/\/fengchashop.com\/pl\/wp-json\/wp\/v2\/media?parent=6481"}],"wp:term":[{"taxonomy":"product_brand","embeddable":true,"href":"https:\/\/fengchashop.com\/pl\/wp-json\/wp\/v2\/product_brand?post=6481"},{"taxonomy":"product_cat","embeddable":true,"href":"https:\/\/fengchashop.com\/pl\/wp-json\/wp\/v2\/product_cat?post=6481"},{"taxonomy":"product_tag","embeddable":true,"href":"https:\/\/fengchashop.com\/pl\/wp-json\/wp\/v2\/product_tag?post=6481"}],"curies":[{"name":"wp","href":"https:\/\/api.w.org\/{rel}","templated":true}]}}