{"id":6479,"date":"2025-06-09T09:58:05","date_gmt":"2025-06-09T07:58:05","guid":{"rendered":"https:\/\/fengchashop.com\/pl\/?post_type=product&#038;p=6479"},"modified":"2026-04-28T20:19:01","modified_gmt":"2026-04-28T18:19:01","slug":"herbata-chanca-piedra","status":"publish","type":"product","link":"https:\/\/fengchashop.com\/pl\/product\/herbata-chanca-piedra\/","title":{"rendered":"Herbata Chanca Piedra 100g"},"content":{"rendered":"<h2><span style=\"color: #000000\">Herbata Chanca Piedra<\/span><\/h2>\n<p><span style=\"color: #000000\"><strong>Chanca Piedra<\/strong> (<em>Phyllanthus niruri<\/em>) to <strong>tropikalna ro\u015blina<\/strong> pochodz\u0105ca z <strong>Amazonii<\/strong> i innych cz\u0119\u015bci <strong>Ameryki Po\u0142udniowej<\/strong>, Indii i Azji Po\u0142udniowo-Wschodniej. Nazwa dos\u0142ownie oznacza \u201erozbijacz kamieni\u201d \u2013 pochodzi od hiszpa\u0144skiego terminu odnosz\u0105cego si\u0119 do tradycyjnego stosowania \u015brodka w celu <strong>rozbijania kamieni nerkowych i \u017c\u00f3\u0142ciowych<\/strong>. Chanca Piedra pochodzi z <strong>kontrolowanej uprawy ekologicznej<\/strong> w <strong>ogrodach le\u015bnych (Chakra)<\/strong> i jest uprawiana przez rdzenn\u0105 ludno\u015b\u0107 Kichwa w ogrodach las\u00f3w deszczowych Amazonii w Ekwadorze.<\/span><\/p>\n<h2><span style=\"color: #000000\"><strong>G\u0142\u00f3wne sk\u0142adniki aktywne<\/strong><\/span><\/h2>\n<p><span style=\"color: #000000\">Ro\u015blina zawiera wiele <strong>zwi\u0105zk\u00f3w bioaktywnych<\/strong>, z kt\u00f3rych najwa\u017cniejsze to:<\/span><\/p>\n<ul>\n<li><span style=\"color: #000000\"><strong>Lignany:<\/strong> filantyna, hipofilantyna<\/span><\/li>\n<li><span style=\"color: #000000\"><strong>Flawonoidy:<\/strong> kwercetyna, kwas rutynowy<\/span><\/li>\n<li><span style=\"color: #000000\"><strong>Triterpeny<\/strong><\/span><\/li>\n<li><span style=\"color: #000000\"><strong>Taniny<\/strong><\/span><\/li>\n<li><span style=\"color: #000000\"><strong>Alkaloidy<\/strong><\/span><\/li>\n<li><span style=\"color: #000000\"><strong>Polifenole<\/strong><\/span><\/li>\n<\/ul>\n<p><span style=\"color: #000000\">Zwi\u0105zki te dzia\u0142aj\u0105 przeciwzapalnie, przeciwdrobnoustrojowo, przeciwutleniaj\u0105co, moczop\u0119dnie i <strong>hepatoprotekcyjnie<\/strong>.<\/span><\/p>\n<h2><span style=\"color: #000000\"><strong>Efekty i korzy\u015bci Chanca Piedra<\/strong><\/span><\/h2>\n<p><span style=\"color: #000000\"><strong>\ud83d\udc9a Rozpuszczanie i zapobieganie kamieniom nerkowym: Jest znany ze swoich w\u0142a\u015bciwo\u015bci wspomagaj\u0105cych rozpad istniej\u0105cych kamieni nerkowych i \u017c\u00f3\u0142ciowych oraz zmniejszaj\u0105cych ryzyko ich ponownego tworzenia si\u0119.<\/strong><\/span><\/p>\n<p><span style=\"color: #000000\"><strong>\ud83d\udc9a Wsparcie funkcji w\u0105troby: <\/strong>Dzia\u0142a jako <strong>\u015brodek hepatoprotekcyjny<\/strong> (chroni w\u0105trob\u0119), zw\u0142aszcza w przypadku problem\u00f3w wywo\u0142anych przez toksyny, alkohol lub infekcje (np. zapalenie w\u0105troby typu B).<\/span><\/p>\n<p><span style=\"color: #000000\"><strong>\ud83d\udc9a Dzia\u0142anie przeciwzapalne i antyoksydacyjne: <\/strong>Zawiera substancje bioaktywne, kt\u00f3re pomagaj\u0105 <strong>zmniejsza\u0107 stany zapalne<\/strong> i <strong>chroni\u0107 kom\u00f3rki przed stresem oksydacyjnym<\/strong>.<\/span><\/p>\n<p><span style=\"color: #000000\"><strong>\ud83d\udc9a Dzia\u0142anie moczop\u0119dne: <\/strong>Wspomaga <strong>wydalanie moczu<\/strong>, co mo\u017ce pom\u00f3c w oczyszczeniu dr\u00f3g moczowych i zapobieganiu infekcjom lub zatrzymywaniu p\u0142yn\u00f3w.<\/span><\/p>\n<p><span style=\"color: #000000\"><strong>\ud83d\udc9a Dzia\u0142anie przeciwwirusowe: <\/strong>Niekt\u00f3re badania wykaza\u0142y skuteczno\u015b\u0107 w walce z <strong>wirusem zapalenia w\u0105troby typu B<\/strong> i innymi wirusami, cho\u0107 nie zosta\u0142o to jeszcze potwierdzone klinicznie.<\/span><\/p>\n<p><span style=\"color: #000000\"><strong>\ud83d\udc9a Obni\u017canie poziomu cukru we krwi: <\/strong>Tradycyjnie stosuje si\u0119 go tak\u017ce w celu <strong>wsparcia regulacji poziomu cukru we krwi<\/strong>.<\/span><\/p>\n<h2><span style=\"color: #000000\"><strong>Przechowywanie i ostrze\u017cenia<\/strong><\/span><\/h2>\n<p><span style=\"color: #000000\">Przechowywa\u0107 w suchym i ch\u0142odnym miejscu w temperaturze do 25 \u00b0C. Przechowywa\u0107 suplement diety w miejscu niedost\u0119pnym dla dzieci!<\/span><\/p>\n<p><span style=\"color: #000000\">Nie zaleca si\u0119 stosowania u kobiet w ci\u0105\u017cy i karmi\u0105cych piersi\u0105. Mo\u017ce wp\u0142ywa\u0107 na ci\u015bnienie krwi i poziom cukru \u2013 nale\u017cy zachowa\u0107 ostro\u017cno\u015b\u0107 w przypadku os\u00f3b z chorobami uk\u0142adu kr\u0105\u017cenia lub cukrzyc\u0105. Mo\u017ce r\u00f3wnie\u017c wp\u0142ywa\u0107 na dzia\u0142anie niekt\u00f3rych lek\u00f3w, szczeg\u00f3lnie lek\u00f3w moczop\u0119dnych i lek\u00f3w na w\u0105trob\u0119.<\/span><\/p>\n<p><span style=\"color: #000000\">Zalecane stosowanie: kr\u00f3tki okres czasu (np. 2\u20134 tygodnie), nast\u0119pnie przerwa.<\/span><\/p>\n<p><span style=\"color: #000000\">Nie nale\u017cy zapomina\u0107 o znaczeniu zr\u00f3\u017cnicowanej diety i zdrowego trybu \u017cycia, dlatego suplementy diety nie zast\u0119puj\u0105 zbilansowanej i zr\u00f3\u017cnicowanej diety. Nie nale\u017cy przekracza\u0107 zalecanej dziennej dawki ani dawki.<\/span><\/p>\n<h2><span style=\"color: #000000\">Opakowanie<\/span><\/h2>\n<p><span style=\"color: #000000\">Hermetyczny woreczek z zamkiem b\u0142yskawicznym, w kt\u00f3rym produkt zachowuje \u015bwie\u017co\u015b\u0107 i aromat. Opakowanie chroni przed \u015bwiat\u0142em i powietrzem, poniewa\u017c sk\u0142ada si\u0119 z kilku warstw ochronnych, kt\u00f3re zachowuj\u0105 w\u0142a\u015bciwo\u015bci zawarto\u015bci.<\/span><\/p>\n<p><span style=\"color: #000000\">Opakowanie jest bardzo praktyczne i nadaje si\u0119 do recyklingu.<\/span><\/p>\n<h2><span style=\"color: #000000\">Pochodzenie<\/span><\/h2>\n<p><span style=\"color: #000000\">Ekwador<\/span><\/p>\n","protected":false},"excerpt":{"rendered":"<p>Herbata Chanca Piedra jest popularna ze wzgl\u0119du na swoje naturalne w\u0142a\u015bciwo\u015bci wspomagaj\u0105ce leczenie kamieni nerkowych, detoksykacj\u0119 organizmu i ochron\u0119 w\u0105troby. Do najwa\u017cniejszych sk\u0142adnik\u00f3w aktywnych nale\u017c\u0105 <strong data-start=\"156\" data-end=\"169\">fylantyna<\/strong> i <strong data-start=\"173\" data-end=\"186\">kwercetyna<\/strong>, kt\u00f3re wykazuj\u0105 dzia\u0142anie przeciwzapalne i przeciwwirusowe.<\/p>\n<p>Herbata jest popularna ze wzgl\u0119du na swoje dzia\u0142anie na:<\/p>\n<p><strong data-start=\"70\" data-end=\"103\">\ud83d\udc9a rozpuszczanie kamieni nerkowych<\/strong> i<\/p>\n<p><strong data-start=\"107\" data-end=\"125\">\ud83d\udc9a Oczyszczanie w\u0105troby.<\/strong><\/p>\n","protected":false},"featured_media":6480,"comment_status":"open","ping_status":"closed","template":"","meta":{"_acf_changed":false},"product_brand":[],"product_cat":[15,223,205,224,225],"product_tag":[],"class_list":{"0":"post-6479","1":"product","2":"type-product","3":"status-publish","4":"has-post-thumbnail","6":"product_cat-uncategorized","7":"product_cat-herbata","8":"product_cat-herbata-jedzenie-i-przyprawy","9":"product_cat-oferta","10":"product_cat-wszystkie-produkty","12":"first","13":"instock","14":"taxable","15":"shipping-taxable","16":"purchasable","17":"product-type-simple"},"acf":[],"_links":{"self":[{"href":"https:\/\/fengchashop.com\/pl\/wp-json\/wp\/v2\/product\/6479","targetHints":{"allow":["GET"]}}],"collection":[{"href":"https:\/\/fengchashop.com\/pl\/wp-json\/wp\/v2\/product"}],"about":[{"href":"https:\/\/fengchashop.com\/pl\/wp-json\/wp\/v2\/types\/product"}],"replies":[{"embeddable":true,"href":"https:\/\/fengchashop.com\/pl\/wp-json\/wp\/v2\/comments?post=6479"}],"wp:featuredmedia":[{"embeddable":true,"href":"https:\/\/fengchashop.com\/pl\/wp-json\/wp\/v2\/media\/6480"}],"wp:attachment":[{"href":"https:\/\/fengchashop.com\/pl\/wp-json\/wp\/v2\/media?parent=6479"}],"wp:term":[{"taxonomy":"product_brand","embeddable":true,"href":"https:\/\/fengchashop.com\/pl\/wp-json\/wp\/v2\/product_brand?post=6479"},{"taxonomy":"product_cat","embeddable":true,"href":"https:\/\/fengchashop.com\/pl\/wp-json\/wp\/v2\/product_cat?post=6479"},{"taxonomy":"product_tag","embeddable":true,"href":"https:\/\/fengchashop.com\/pl\/wp-json\/wp\/v2\/product_tag?post=6479"}],"curies":[{"name":"wp","href":"https:\/\/api.w.org\/{rel}","templated":true}]}}