{"id":6478,"date":"2025-07-24T17:58:48","date_gmt":"2025-07-24T15:58:48","guid":{"rendered":"https:\/\/fengchashop.com\/pl\/product\/krople-bacha-szumy-uszne\/"},"modified":"2026-01-28T17:44:16","modified_gmt":"2026-01-28T16:44:16","slug":"krople-bacha-szumy-uszne","status":"publish","type":"product","link":"https:\/\/fengchashop.com\/pl\/product\/krople-bacha-szumy-uszne\/","title":{"rendered":"Krople Bacha szumy uszne"},"content":{"rendered":"<h2><span style=\"color: #000000;\">Krople Bacha na szumy uszne<\/span><\/h2>\n<p><span style=\"color: #000000;\">Szumy uszne (znane r\u00f3wnie\u017c jako \u201edzwonienie w uszach\u201d) to wra\u017cenie s\u0142yszenia w uszach lub g\u0142owie d\u017awi\u0119ku, kt\u00f3ry nie ma zewn\u0119trznego \u017ar\u00f3d\u0142a. Osoby cierpi\u0105ce na t\u0119 chorob\u0119 cz\u0119sto s\u0142ysz\u0105 d\u017awi\u0119ki dzwonienia, brz\u0119czenia, syczenia, brz\u0119czenia lub pulsowania, nawet je\u015bli w otoczeniu nie s\u0142ycha\u0107 \u017cadnych d\u017awi\u0119k\u00f3w. Ale mo\u017ce te\u017c wp\u0142ywa\u0107 na nasze zdrowie psychiczne. Dlatego niezwykle wa\u017cne jest, aby\u015bmy pomagali sobie nawzajem w radzeniu sobie z problemami emocjonalnymi. Tylko wtedy mo\u017cesz zapewni\u0107 sobie uczucie spokoju i poprawi\u0107 swoj\u0105 energi\u0119 \u017cyciow\u0105. Krople Bacha mog\u0105 nam w tym pom\u00f3c. Mamy dla Ciebie odpowiednie rozwi\u0105zanie.<\/span><\/p>\n<p><span style=\"color: #000000;\">Pierwsze efekty mo\u017cesz zauwa\u017cy\u0107 po kilku dniach lub tygodniach, zale\u017cnie od indywidualnych upodoba\u0144. Przygotowana mieszanka b\u0119dzie mia\u0142a trwa\u0142o\u015b\u0107 30 dni \u2013 wystarczy na\u0142o\u017cy\u0107 j\u0105 bezpo\u015brednio do ust lub wkropli\u0107 do szklanki wody.<\/span><\/p>\n<p><span style=\"color: #000000;\"><strong>Przyczyny szum\u00f3w usznych:<\/strong><\/span><\/p>\n<ul>\n<li><span style=\"color: #000000;\">Nara\u017cenie na g\u0142o\u015bne d\u017awi\u0119ki (koncerty, s\u0142uchawki).<\/span><\/li>\n<li><span style=\"color: #000000;\">Utrata s\u0142uchu zwi\u0105zana z wiekiem.<\/span><\/li>\n<li><span style=\"color: #000000;\">Utrata s\u0142uchu lub uszkodzenie ucha wewn\u0119trznego.<\/span><\/li>\n<li><span style=\"color: #000000;\">Stres, l\u0119k lub depresja.<\/span><\/li>\n<li><span style=\"color: #000000;\">Zablokowanie kana\u0142u s\u0142uchowego (np. z powodu woskowiny).<\/span><\/li>\n<li><span style=\"color: #000000;\">Stosowanie niekt\u00f3rych lek\u00f3w (np. niekt\u00f3rych antybiotyk\u00f3w lub aspiryny w du\u017cych dawkach).<\/span><\/li>\n<\/ul>\n<p>&nbsp;<\/p>\n<p><span style=\"color: #000000;\"><strong>Terapia kroplami Bacha pomo\u017ce nam poradzi\u0107 sobie emocjonalnie z szumem usznym, kt\u00f3ry wp\u0142ynie na nas w taki spos\u00f3b, \u017ce<\/strong>:<\/span><\/p>\n<ul>\n<li><span style=\"color: #000000;\">spokojniejszy,<\/span><\/li>\n<li><span style=\"color: #000000;\">mniej obci\u0105\u017cone natarczywym d\u017awi\u0119kiem<\/span><\/li>\n<li><span style=\"color: #000000;\">i \u0142atwiej utrzyma\u0107 r\u00f3wnowag\u0119 wewn\u0119trzn\u0105.<\/span><\/li>\n<\/ul>\n<p>&nbsp;<\/p>\n<h2><span style=\"color: #000000;\">Jak dzia\u0142aj\u0105 krople Bacha<\/span><\/h2>\n<p><span style=\"color: #000000;\">Krople Bacha s\u0105 skuteczne w walce z r\u00f3\u017cnymi problemami emocjonalnymi, kt\u00f3re mog\u0105 r\u00f3wnie\u017c prowadzi\u0107 do szum\u00f3w usznych. Krople Bacha pomagaj\u0105 nam r\u00f3wnie\u017c w r\u00f3\u017cnych kryzysach, trudnych sytuacjach \u017cyciowych i pr\u00f3bach. Pomagaj\u0105 nam si\u0119 wyciszy\u0107 i zachowa\u0107 spokojny umys\u0142, poniewa\u017c wp\u0142ywaj\u0105 na nasz stan emocjonalny i pomagaj\u0105 go zharmonizowa\u0107. Dzi\u0119ki kroplom Bacha przejmujemy kontrol\u0119 nad naszymi emocjami, dzi\u0119ki czemu osi\u0105gamy harmoni\u0119 i odnajdujemy wewn\u0119trzny spok\u00f3j.<\/span><\/p>\n<p><span style=\"color: #000000;\">Pierwsze rezultaty mo\u017cna zauwa\u017cy\u0107 ju\u017c po kilku dniach lub tygodniach, jest to zale\u017cne od ka\u017cdej osoby. Przygotowana mieszanka wystarczy na 30 dni, kt\u00f3r\u0105 z \u0142atwo\u015bci\u0105 mo\u017cesz na\u0142o\u017cy\u0107 bezpo\u015brednio do ust lub wrzuci\u0107 do szklanki z wod\u0105.<\/span><\/p>\n<p><span style=\"color: #000000;\">Terapia Bacha sprzyja samoleczeniu i duchowemu odpr\u0119\u017ceniu. Wed\u0142ug teorii dr. Bach jest przyczyn\u0105 chor\u00f3b w stanie nieharmonijnym lub w braku harmonii pomi\u0119dzy cia\u0142em i dusz\u0105. Za pomoc\u0105 esencji kwiatowych staramy si\u0119 wyleczy\u0107 chorob\u0119, wykorzystuj\u0105c pozytywne w\u0142a\u015bciwo\u015bci kwiat\u00f3w, a mianowicie pomagaj\u0105c nam przywr\u00f3ci\u0107 wewn\u0119trzn\u0105 r\u00f3wnowag\u0119.<\/span><\/p>\n<p><span style=\"color: #000000;\">Mieszanki kropli Bacha przygotowywane s\u0105 wed\u0142ug metody dr. Bacha i u\u017cywamy wy\u0142\u0105cznie oryginalnych esencji Bacha.<\/span><\/p>\n<p><span style=\"color: #000000;\">Krople Bacha pobierane s\u0105 z butelki za pomoc\u0105 do\u0142\u0105czonej pipety, co sprawia, \u017ce \u200b\u200bdozowanie jest niezwykle proste. Spo\u017cywa\u0107 4 krople 4 razy dziennie, roz\u0142o\u017cone na ca\u0142y dzie\u0144. Butelka, kt\u00f3r\u0105 otrzymasz wystarcza na 1 miesi\u0105c terapii.<\/span><\/p>\n<p><span style=\"color: #000000;\">Ka\u017cda butelka wybranej mieszanki przygotowywana jest r\u0119cznie i na bie\u017c\u0105co. Aby mieszanka zachowa\u0142a \u015bwie\u017co\u015b\u0107 przez d\u0142ugi czas, nale\u017cy doda\u0107 odrobin\u0119 alkoholu (koniaku). Termin przydatno\u015bci mieszanki wynosi 1 miesi\u0105c od daty zakupu.<\/span><\/p>\n<p><span style=\"color: #000000;\">Poniewa\u017c krople Bacha nie maj\u0105 skutk\u00f3w ubocznych, nie mo\u017cna ich przedawkowa\u0107 i nie powoduj\u0105 uzale\u017cnienia. S\u0105 odpowiednie dla ka\u017cdego &#8211; kobiet w ci\u0105\u017cy, matek karmi\u0105cych, os\u00f3b starszych, dzieci i zwierz\u0105t.<\/span><\/p>\n<p><span style=\"color: #000000;\">Nie ma wp\u0142ywu na inne leki.<\/span><\/p>\n<h2><span style=\"color: #000000;\">Sk\u0142adowanie<\/span><\/h2>\n<p><span style=\"color: #000000;\">Przechowywa\u0107 w suchym i ciemnym miejscu, w temperaturze do +25\u00b0C.<\/span><\/p>\n<h2><span style=\"color: #000000;\">Ilo\u015b\u0107<\/span><\/h2>\n<p><span style=\"color: #000000;\">30 ml (wystarczy na 30 dni regularnego stosowania)<\/span><\/p>\n","protected":false},"excerpt":{"rendered":"<p>Krople Bacha dzia\u0142aj\u0105 skutecznie przeciwko r\u00f3\u017cnym niepokojom emocjonalnym jednostki. Pomagaj\u0105 w r\u00f3\u017cnych kryzysach i trudnych sytuacjach \u017cyciowych. Przy nich wyciszamy si\u0119 i zachowujemy spokojn\u0105 g\u0142ow\u0119. Dzia\u0142aj\u0105 na nasz stan emocjonalny i pomagaj\u0105 go zharmonizowa\u0107.<\/p>\n<p>\ud83d\udc9a Dropy pakowane s\u0105 r\u0119cznie, na miejscu w dniu wysy\u0142ki.<br \/>\n\ud83d\udc9a S\u0105 odpowiednie dla wszystkich ludzi (kobiet w ci\u0105\u017cy, os\u00f3b starszych, dzieci,&#8230;) i zwierz\u0105t.<br \/>\n\ud83d\udc9a Nie maj\u0105 skutk\u00f3w ubocznych, nie uzale\u017cniaj\u0105 i nie mo\u017cna ich przedawkowa\u0107.<br \/>\n\ud83d\udc9a Pierwsze rezultaty mo\u017cna zauwa\u017cy\u0107 ju\u017c po kilku dniach lub tygodniach, jest to zale\u017cne od ka\u017cdej osoby.<br \/>\n\ud83d\udc9a Nie wp\u0142ywa na inne leki.<\/p>\n","protected":false},"featured_media":6318,"comment_status":"open","ping_status":"closed","template":"","meta":{"_acf_changed":false},"product_brand":[],"product_cat":[15,236,224,225],"product_tag":[],"class_list":{"0":"post-6478","1":"product","2":"type-product","3":"status-publish","4":"has-post-thumbnail","6":"product_cat-uncategorized","7":"product_cat-krople-bacha","8":"product_cat-oferta","9":"product_cat-wszystkie-produkty","11":"first","12":"instock","13":"sale","14":"taxable","15":"shipping-taxable","16":"purchasable","17":"product-type-simple"},"acf":[],"_links":{"self":[{"href":"https:\/\/fengchashop.com\/pl\/wp-json\/wp\/v2\/product\/6478","targetHints":{"allow":["GET"]}}],"collection":[{"href":"https:\/\/fengchashop.com\/pl\/wp-json\/wp\/v2\/product"}],"about":[{"href":"https:\/\/fengchashop.com\/pl\/wp-json\/wp\/v2\/types\/product"}],"replies":[{"embeddable":true,"href":"https:\/\/fengchashop.com\/pl\/wp-json\/wp\/v2\/comments?post=6478"}],"wp:featuredmedia":[{"embeddable":true,"href":"https:\/\/fengchashop.com\/pl\/wp-json\/wp\/v2\/media\/6318"}],"wp:attachment":[{"href":"https:\/\/fengchashop.com\/pl\/wp-json\/wp\/v2\/media?parent=6478"}],"wp:term":[{"taxonomy":"product_brand","embeddable":true,"href":"https:\/\/fengchashop.com\/pl\/wp-json\/wp\/v2\/product_brand?post=6478"},{"taxonomy":"product_cat","embeddable":true,"href":"https:\/\/fengchashop.com\/pl\/wp-json\/wp\/v2\/product_cat?post=6478"},{"taxonomy":"product_tag","embeddable":true,"href":"https:\/\/fengchashop.com\/pl\/wp-json\/wp\/v2\/product_tag?post=6478"}],"curies":[{"name":"wp","href":"https:\/\/api.w.org\/{rel}","templated":true}]}}