{"id":6476,"date":"2026-02-27T15:57:06","date_gmt":"2026-02-27T14:57:06","guid":{"rendered":"https:\/\/fengchashop.com\/pl\/product\/a-i-krople\/"},"modified":"2026-04-16T23:13:23","modified_gmt":"2026-04-16T21:13:23","slug":"a-i-krople","status":"publish","type":"product","link":"https:\/\/fengchashop.com\/pl\/product\/a-i-krople\/","title":{"rendered":"A.I. krople"},"content":{"rendered":"<h2><span style=\"color: #000000\"><strong>A.I. (<\/strong><\/span><strong>Awakening Infusion)<\/strong><span style=\"color: #000000\"><strong>: Naturalna Transformacja Twojej Energii \u017byciowej<\/strong><\/span><\/h2>\n<p><span style=\"color: #000000\">Odkryj <strong>Awakening Infusion<\/strong> \u2013 innowacyjn\u0105 formu\u0142\u0119 opart\u0105 na mocy rodzimych europejskich zi\u00f3\u0142. To wyj\u0105tkowe po\u0142\u0105czenie dzia\u0142a synergicznie, gdy\u017c poszczeg\u00f3lne sk\u0142adniki razem tworz\u0105 ca\u0142o\u015b\u0107, kt\u00f3ra wspomaga Tw\u00f3j wewn\u0119trzny system, prowadz\u0105c Ci\u0119 do r\u00f3wnowagi i d\u0142ugotrwa\u0142ej witalno\u015bci.<\/span><\/p>\n<h2><strong>Dlaczego wybra\u0107 A.I.?<\/strong><\/h2>\n<p><span style=\"color: #000000\">Konsumuj\u0105c <strong>A.I. <\/strong>Gdy spada, poziom twojej energii \u017cyciowej stabilizuje si\u0119 i pozostaje wysoki. Twoje biopole, czyli naturalne \u017ar\u00f3d\u0142o energii, ulega wzmocnieniu, dzi\u0119ki czemu Tw\u00f3j organizm mo\u017ce funkcjonowa\u0107 na najwy\u017cszym poziomie. Koniec z wahaniami energii \u2013 po prostu spokojnie pod\u0105\u017caj za naturalnie wysokim poziomem witalno\u015bci.<\/span><\/p>\n<p><span style=\"color: #000000\">Proces ten nie jest jedynie ulepszeniem, ale ewolucj\u0105. Krok po kroku zostaniesz <strong>A.I. Krople <\/strong>prowadz\u0105 do ujawnienia Twojego pe\u0142nego potencja\u0142u. Transformacja, kt\u00f3ra pozwala Ci pozwoli\u0107 energii pracowa\u0107 dla Ciebie i wreszcie \u017cy\u0107 w harmonii ze swoim cia\u0142em i duchem.<\/span><\/p>\n<h2><strong>Komu s\u0105 przeznaczone krople A.I.?<\/strong><\/h2>\n<p><span style=\"color: #000000\">Krople idealnie sprawdzaj\u0105 si\u0119 w przypadku:<\/span><\/p>\n<ul>\n<li><span style=\"color: #000000\">osoby poszukuj\u0105ce naturalnego wsparcia uk\u0142adu odporno\u015bciowego,<\/span><\/li>\n<li><span style=\"color: #000000\">osoby z problemami zdrowotnymi, nawet w pocz\u0105tkowym stadium powa\u017cnych problem\u00f3w,<\/span><\/li>\n<li><span style=\"color: #000000\">ka\u017cdy, kto pragnie odnale\u017a\u0107 g\u0142\u0119bsz\u0105 wi\u0119\u017a ze swoj\u0105 istot\u0105 i obudzi\u0107 swoj\u0105 wewn\u0119trzn\u0105 moc.<\/span><\/li>\n<\/ul>\n<p>&nbsp;<\/p>\n<h2><span style=\"color: #000000\"><strong>Czysta natura.<br \/>\n<\/strong><\/span><\/h2>\n<p><span style=\"color: #000000\">Sztuczna inteligencja Krople wykonane s\u0105 w 100% z naturalnych, rodzimych europejskich zi\u00f3\u0142. S\u0105 bezpieczne, skuteczne i stworzone z mi\u0142o\u015bci\u0105 i szacunkiem dla natury.<\/span><\/p>\n<h2><span style=\"color: #000000\"><strong>Rozpocznij swoj\u0105 transformacj\u0119 z Awakening Infusion.<\/strong><\/span><\/h2>\n<p><span style=\"color: #000000\">Odkryj wy\u017cszy poziom energii \u017cyciowej, kt\u00f3ry pozwoli Ci \u017cy\u0107 pe\u0142ni\u0105 \u017cycia. Zr\u00f3b ju\u017c dzi\u015b pierwszy krok na drodze do harmonii i witalno\u015bci.<\/span><\/p>\n<h2><span style=\"color: #000000\"><strong>Przechowywanie<\/strong><\/span><\/h2>\n<p><span style=\"color: #000000\">Przechowywa\u0107 w suchym i ciemnym miejscu, w temperaturze do +25 \u00b0C.<\/span><\/p>\n<h2><span style=\"color: #000000\"><strong>Ilo\u015b\u0107<\/strong><\/span><\/h2>\n<p><span style=\"color: #000000\">30ml<\/span><\/p>\n","protected":false},"excerpt":{"rendered":"<p><span style=\"color: #000000\"><strong>Awakening Infusion<\/strong> \u2013 z innowacyjn\u0105 formu\u0142\u0105 opart\u0105 na mocy rodzimych europejskich zi\u00f3\u0142. To wyj\u0105tkowe po\u0142\u0105czenie dzia\u0142a synergicznie, gdy\u017c poszczeg\u00f3lne sk\u0142adniki razem tworz\u0105 ca\u0142o\u015b\u0107, kt\u00f3ra wspomaga Tw\u00f3j wewn\u0119trzny system, prowadz\u0105c Ci\u0119 do r\u00f3wnowagi i d\u0142ugotrwa\u0142ej witalno\u015bci.<\/span><\/p>\n<p><span style=\"color: #000000\">Krople idealnie sprawdzaj\u0105 si\u0119 w przypadku:<\/span><\/p>\n<p><span style=\"color: #000000\">\ud83d\udc9a dla os\u00f3b poszukuj\u0105cych naturalnego wsparcia uk\u0142adu odporno\u015bciowego,<\/span><\/p>\n<p><span style=\"color: #000000\">\ud83d\udc9a osoby z problemami zdrowotnymi, nawet w pocz\u0105tkowym stadium powa\u017cnych problem\u00f3w,<\/span><\/p>\n<p><span style=\"color: #000000\">\ud83d\udc9a ka\u017cdy, kto pragnie odnale\u017a\u0107 g\u0142\u0119bsz\u0105 wi\u0119\u017a ze swoj\u0105 istot\u0105 i obudzi\u0107 swoj\u0105 wewn\u0119trzn\u0105 si\u0142\u0119.<\/span><\/p>\n","protected":false},"featured_media":6477,"comment_status":"open","ping_status":"closed","template":"","meta":{"_acf_changed":false},"product_brand":[],"product_cat":[15,221,231,224,235,225],"product_tag":[],"class_list":{"0":"post-6476","1":"product","2":"type-product","3":"status-publish","4":"has-post-thumbnail","6":"product_cat-uncategorized","7":"product_cat-a-i","8":"product_cat-inne","9":"product_cat-oferta","10":"product_cat-ponownie-w-magazynie","11":"product_cat-wszystkie-produkty","13":"first","14":"instock","15":"sale","16":"taxable","17":"shipping-taxable","18":"purchasable","19":"product-type-simple"},"acf":[],"_links":{"self":[{"href":"https:\/\/fengchashop.com\/pl\/wp-json\/wp\/v2\/product\/6476","targetHints":{"allow":["GET"]}}],"collection":[{"href":"https:\/\/fengchashop.com\/pl\/wp-json\/wp\/v2\/product"}],"about":[{"href":"https:\/\/fengchashop.com\/pl\/wp-json\/wp\/v2\/types\/product"}],"replies":[{"embeddable":true,"href":"https:\/\/fengchashop.com\/pl\/wp-json\/wp\/v2\/comments?post=6476"}],"wp:featuredmedia":[{"embeddable":true,"href":"https:\/\/fengchashop.com\/pl\/wp-json\/wp\/v2\/media\/6477"}],"wp:attachment":[{"href":"https:\/\/fengchashop.com\/pl\/wp-json\/wp\/v2\/media?parent=6476"}],"wp:term":[{"taxonomy":"product_brand","embeddable":true,"href":"https:\/\/fengchashop.com\/pl\/wp-json\/wp\/v2\/product_brand?post=6476"},{"taxonomy":"product_cat","embeddable":true,"href":"https:\/\/fengchashop.com\/pl\/wp-json\/wp\/v2\/product_cat?post=6476"},{"taxonomy":"product_tag","embeddable":true,"href":"https:\/\/fengchashop.com\/pl\/wp-json\/wp\/v2\/product_tag?post=6476"}],"curies":[{"name":"wp","href":"https:\/\/api.w.org\/{rel}","templated":true}]}}