{"id":6469,"date":"2025-07-24T17:58:01","date_gmt":"2025-07-24T15:58:01","guid":{"rendered":"https:\/\/fengchashop.com\/pl\/product\/kompleks-kolagenowy-w-proszku-200-g\/"},"modified":"2026-04-17T09:34:59","modified_gmt":"2026-04-17T07:34:59","slug":"kompleks-kolagenowy-w-proszku","status":"publish","type":"product","link":"https:\/\/fengchashop.com\/pl\/product\/kompleks-kolagenowy-w-proszku\/","title":{"rendered":"Kompleks kolagenowy w proszku 200 g"},"content":{"rendered":"<h2><span style=\"color: #000000;\"><b>Kolagen kompleks w proszku<\/b><\/span><\/h2>\n<p><span style=\"color: #000000;\">Kolagen kompleks to suplement diety zawieraj\u0105cy kombinacj\u0119 r\u00f3\u017cnych sk\u0142adnik\u00f3w, kt\u00f3re <b>wspieraj\u0105 organizm w produkcji i utrzymaniu kolagenu<\/b>. Kolagen to kluczowe bia\u0142ko buduj\u0105ce wi\u0119kszo\u015b\u0107 tkanek \u0142\u0105cznych w organizmie, w tym sk\u00f3r\u0119, ko\u015bci, stawy, mi\u0119\u015bnie, wi\u0119zad\u0142a i chrz\u0105stki. Wraz z wiekiem jego naturalna produkcja maleje, co mo\u017ce prowadzi\u0107 do r\u00f3\u017cnych problem\u00f3w, takich jak zmarszczki, utrata elastyczno\u015bci sk\u00f3ry, b\u00f3le staw\u00f3w oraz os\u0142abione paznokcie i w\u0142osy. Regularne spo\u017cywanie kolagenu mo\u017ce skutecznie wspiera\u0107 jego naturaln\u0105 produkcj\u0119 oraz dostarcza\u0107 organizmowi niezb\u0119dnych sk\u0142adnik\u00f3w od\u017cywczych dla optymalnego zdrowia i dobrego samopoczucia<b>.<\/b><\/span><\/p>\n<h2><span style=\"color: #000000;\"><b>Kto potrzebuje kolagen kompleks?<\/b><\/span><\/h2>\n<p><span style=\"color: #000000;\">Kolagen kompleks jest zalecany dla wszystkich, kt\u00f3rzy chc\u0105 zachowa\u0107 m\u0142ody wygl\u0105d i dobre samopoczucie, a w szczeg\u00f3lno\u015bci dla:<\/span><\/p>\n<ul>\n<li><span style=\"color: #000000;\">Os\u00f3b powy\u017cej 25. roku \u017cycia, kiedy naturalna produkcja kolagenu zaczyna spada\u0107.<\/span><\/li>\n<li><span style=\"color: #000000;\">Sportowc\u00f3w, kt\u00f3rzy chc\u0105 wzmocni\u0107 stawy i mi\u0119\u015bnie.<\/span><\/li>\n<li><span style=\"color: #000000;\">Os\u00f3b z problemami staw\u00f3w, chrz\u0105stki lub osteoporoz\u0105.<\/span><\/li>\n<li><span style=\"color: #000000;\">Os\u00f3b z such\u0105, wiotk\u0105 sk\u00f3r\u0105, wypadaj\u0105cymi w\u0142osami lub \u0142amliwymi paznokciami.<\/span><\/li>\n<\/ul>\n<h2><span style=\"color: #000000;\"><b>Dlaczego warto spo\u017cywa\u0107 kolagen?<\/b><\/span><\/h2>\n<p><span style=\"color: #000000;\">Po 25. roku \u017cycia organizm stopniowo zmniejsza produkcj\u0119 w\u0142asnego kolagenu, co mo\u017ce prowadzi\u0107 do pojawienia si\u0119 pierwszych zmarszczek, mniej j\u0119drnej sk\u00f3ry, przerzedzenia w\u0142os\u00f3w, \u0142amliwych paznokci oraz problem\u00f3w ze stawami i mi\u0119\u015bniami. Niedob\u00f3r kolagenu mo\u017cna uzupe\u0142ni\u0107 poprzez zbilansowan\u0105 diet\u0119 i wysokiej jako\u015bci suplementy diety.<\/span><\/p>\n<p><span style=\"color: #000000;\">Kolagen kompleks zawiera wy\u0142\u0105cznie starannie dobrane naturalne sk\u0142adniki, kt\u00f3re zapewniaj\u0105 organizmowi optymalne wsparcie.<\/span><\/p>\n<h2><span style=\"color: #000000;\"><b>Zalety regularnego spo\u017cywania kolagenu:<\/b><\/span><\/h2>\n<p><span style=\"color: #000000;\"><b>Witamina C<\/b><\/span><\/p>\n<ul>\n<li><span style=\"color: #000000;\">bierze udzia\u0142 w produkcji kolagenu dla prawid\u0142owego funkcjonowania naczy\u0144 krwiono\u015bnych, ko\u015bci, chrz\u0105stki, dzi\u0105se\u0142, sk\u00f3ry i z\u0119b\u00f3w<\/span><\/li>\n<li><span style=\"color: #000000;\">przyczynia si\u0119 do uwalniania energii w procesach metabolicznych, prawid\u0142owego funkcjonowania uk\u0142adu nerwowego i psychiki<\/span><\/li>\n<li><span style=\"color: #000000;\">wspomaga funkcjonowanie uk\u0142adu odporno\u015bciowego<\/span><\/li>\n<li><span style=\"color: #000000;\">zwi\u0119ksza wch\u0142anianie \u017celaza<\/span><\/li>\n<li><span style=\"color: #000000;\">zmniejsza uczucie zm\u0119czenia i wyczerpania<\/span><\/li>\n<li><span style=\"color: #000000;\">chroni kom\u00f3rki przed stresem oksydacyjnym<\/span><\/li>\n<li><span style=\"color: #000000;\">przyczynia si\u0119 do regeneracji zredukowanej formy witaminy E<\/span><\/li>\n<\/ul>\n<p><span style=\"color: #000000;\"><b>Biotyna<\/b><\/span><\/p>\n<ul>\n<li><span style=\"color: #000000;\">przyczynia si\u0119 do uwalniania energii w procesach metabolicznych<\/span><\/li>\n<li><span style=\"color: #000000;\">wspomaga prawid\u0142owe funkcjonowanie uk\u0142adu nerwowego<\/span><\/li>\n<li><span style=\"color: #000000;\">wspiera prawid\u0142owe funkcjonowanie psychiczne<\/span><\/li>\n<li><span style=\"color: #000000;\">przyczynia si\u0119 do metabolizmu makrosk\u0142adnik\u00f3w od\u017cywczych<\/span><\/li>\n<li><span style=\"color: #000000;\">pomaga utrzyma\u0107 zdrowe w\u0142osy<\/span><\/li>\n<li><span style=\"color: #000000;\">wspiera zdrowie b\u0142on \u015bluzowych i sk\u00f3ry<\/span><\/li>\n<\/ul>\n<p><span style=\"color: #000000;\"><b>Witamina D<\/b><\/span><\/p>\n<ul>\n<li><span style=\"color: #000000;\">wspomaga prawid\u0142owe wch\u0142anianie i wykorzystanie wapnia oraz fosforu<\/span><\/li>\n<li><span style=\"color: #000000;\">pomaga utrzyma\u0107 prawid\u0142owy poziom wapnia we krwi<\/span><\/li>\n<li><span style=\"color: #000000;\">wspiera zdrowie ko\u015bci i z\u0119b\u00f3w<\/span><\/li>\n<li><span style=\"color: #000000;\">wspomaga prawid\u0142owe funkcjonowanie mi\u0119\u015bni<\/span><\/li>\n<li><span style=\"color: #000000;\">wp\u0142ywa na prawid\u0142owe funkcjonowanie uk\u0142adu odporno\u015bciowego<\/span><\/li>\n<li><span style=\"color: #000000;\">bierze udzia\u0142 w procesie podzia\u0142u kom\u00f3rek<\/span><\/li>\n<\/ul>\n<h2><span style=\"color: #000000;\"><b>Przechowywanie i ostrze\u017cenia<\/b><\/span><\/h2>\n<p><span style=\"color: #000000;\">Przechowywa\u0107 w suchym miejscu w temperaturze do 25 \u00b0C, chroni\u0107 przed wilgoci\u0105 i \u015bwiat\u0142em. Upewni\u0107 si\u0119, \u017ce opakowanie jest szczelnie zamkni\u0119te.<\/span><\/p>\n<p><span style=\"color: #000000;\">Produkt nie jest odpowiedni dla dzieci, m\u0142odzie\u017cy, kobiet w ci\u0105\u017cy i karmi\u0105cych matek. Osoby chore na cukrzyc\u0119, nietolerancj\u0119 glukozy, leczone lekami przeciwzakrzepowymi z grupy kumaryn, z chorobami sercowo-naczyniowymi oraz astmatycy powinny skonsultowa\u0107 si\u0119 z lekarzem przed spo\u017cyciem produktu. W przypadku wyst\u0105pienia nudno\u015bci, b\u00f3lu brzucha, niestrawno\u015bci, biegunki, zapar\u0107, zawrot\u00f3w g\u0142owy, senno\u015bci, b\u00f3lu g\u0142owy, wysypki, \u015bwi\u0105du lub zaczerwienienia sk\u00f3ry nale\u017cy przerwa\u0107 stosowanie.<\/span><\/p>\n<h2><span style=\"color: #000000;\"><b>Opakowanie<\/b><\/span><\/h2>\n<p><span style=\"color: #000000;\">Szczelna torebka strunowa lub puszka, kt\u00f3ra zachowuje \u015bwie\u017co\u015b\u0107 i aromat produktu. Opakowanie chroni przed \u015bwiat\u0142em i powietrzem. Sk\u0142ada si\u0119 z kilku warstw ochronnych, kt\u00f3re zachowuj\u0105 w\u0142a\u015bciwo\u015bci produktu.<\/span><\/p>\n<p><span style=\"color: #000000;\">Opakowanie jest bardzo praktyczne i nadaje si\u0119 do recyklingu.<\/span><\/p>\n<h2><span style=\"color: #000000;\"><b>Pochodzenie<\/b><\/span><\/h2>\n<p><span style=\"color: #000000;\">Sk\u0142adniki kolagen kompleksu pochodz\u0105 z UE i spoza UE, starannie dobrane w celu zapewnienia najwy\u017cszej jako\u015bci.<\/span><\/p>\n","protected":false},"excerpt":{"rendered":"<p>Kompleks kolagenowy zawiera wy\u0142\u0105cznie starannie wyselekcjonowane naturalne sk\u0142adniki, kt\u00f3re zapewniaj\u0105 organizmowi optymalne wsparcie:<\/p>\n<p>\ud83d\udc9a poprawia zdrowie sk\u00f3ry, przywraca i promuje elastyczno\u015b\u0107 oraz eliminuje zmarszczki<br \/>\n\ud83d\udc9a regeneracja uszkodzonych kom\u00f3rek i tkanek,<br \/>\n\ud83d\udc9a pomaga z\u0142agodzi\u0107 b\u00f3l staw\u00f3w,<br \/>\n\ud83d\udc9a dzia\u0142a na rzecz mocniejszych ko\u015bci,<br \/>\n\ud83d\udc9a dla pi\u0119knych i l\u015bni\u0105cych w\u0142os\u00f3w oraz mocnych paznokci,<br \/>\n\ud83d\udc9a dzia\u0142anie przeciwstarzeniowe, zwi\u0119ksza nawil\u017cenie.<\/p>\n","protected":false},"featured_media":6470,"comment_status":"open","ping_status":"closed","template":"","meta":{"_acf_changed":false},"product_brand":[],"product_cat":[15,226,224,228,225],"product_tag":[],"class_list":{"0":"post-6469","1":"product","2":"type-product","3":"status-publish","4":"has-post-thumbnail","6":"product_cat-uncategorized","7":"product_cat-najlepiej-sprzedajacy-sie","8":"product_cat-oferta","9":"product_cat-superzywnosc","10":"product_cat-wszystkie-produkty","12":"first","13":"instock","14":"sale","15":"taxable","16":"shipping-taxable","17":"purchasable","18":"product-type-simple"},"acf":[],"_links":{"self":[{"href":"https:\/\/fengchashop.com\/pl\/wp-json\/wp\/v2\/product\/6469","targetHints":{"allow":["GET"]}}],"collection":[{"href":"https:\/\/fengchashop.com\/pl\/wp-json\/wp\/v2\/product"}],"about":[{"href":"https:\/\/fengchashop.com\/pl\/wp-json\/wp\/v2\/types\/product"}],"replies":[{"embeddable":true,"href":"https:\/\/fengchashop.com\/pl\/wp-json\/wp\/v2\/comments?post=6469"}],"wp:featuredmedia":[{"embeddable":true,"href":"https:\/\/fengchashop.com\/pl\/wp-json\/wp\/v2\/media\/6470"}],"wp:attachment":[{"href":"https:\/\/fengchashop.com\/pl\/wp-json\/wp\/v2\/media?parent=6469"}],"wp:term":[{"taxonomy":"product_brand","embeddable":true,"href":"https:\/\/fengchashop.com\/pl\/wp-json\/wp\/v2\/product_brand?post=6469"},{"taxonomy":"product_cat","embeddable":true,"href":"https:\/\/fengchashop.com\/pl\/wp-json\/wp\/v2\/product_cat?post=6469"},{"taxonomy":"product_tag","embeddable":true,"href":"https:\/\/fengchashop.com\/pl\/wp-json\/wp\/v2\/product_tag?post=6469"}],"curies":[{"name":"wp","href":"https:\/\/api.w.org\/{rel}","templated":true}]}}