{"id":6461,"date":"2022-05-28T20:36:49","date_gmt":"2022-05-28T18:36:49","guid":{"rendered":"https:\/\/fengchashop.com\/pl\/product\/trawa-cytrynowa-bio-250-g\/"},"modified":"2026-04-25T09:54:02","modified_gmt":"2026-04-25T07:54:02","slug":"trawa-cytrynowa-bio","status":"publish","type":"product","link":"https:\/\/fengchashop.com\/pl\/product\/trawa-cytrynowa-bio\/","title":{"rendered":"Trawa cytrynowa BIO 250 g"},"content":{"rendered":"<h2 style=\"text-align: justify\"><span style=\"color: #000000\">Trawa cytrynowa (herbata zio\u0142owa)<\/span><\/h2>\n<p style=\"text-align: justify\"><span style=\"color: #000000\">Trawa cytrynowa to tropikalna trawa o charakterystycznych ciemnozielonych li\u015bciach w kszta\u0142cie j\u0119zyka, kt\u00f3ra mo\u017ce dorasta\u0107 do 180 cm wysoko\u015bci. Jest bardzo aromatyczna, g\u0142\u00f3wnie ze wzgl\u0119du na zawarto\u015b\u0107 <strong>cytralu<\/strong> i <strong>geraniolu<\/strong>, kt\u00f3re nadaj\u0105 ro\u015blinie charakterystyczny <strong>cytrusowy zapach i smak<\/strong>. Jako olejek eteryczny jest r\u00f3wnie\u017c niezwykle popularna w aromaterapii i preparatach kosmetycznych.<\/span><\/p>\n<p style=\"text-align: justify\"><span style=\"color: #000000\">Trawa cytrynowa jest silnym <strong>przeciwutleniaczem<\/strong> i doskona\u0142ym <strong>\u017ar\u00f3d\u0142em witaminy C<\/strong>, dzi\u0119ki czemu mo\u017ce pom\u00f3c nam w przezi\u0119bieniach, kaszlu, astmie i innych problemach z uk\u0142adem oddechowym. Ma r\u00f3wnie\u017c w\u0142a\u015bciwo\u015bci przeciwzapalne, przeciwbakteryjne i przeciwgrzybicze.<\/span><\/p>\n<p style=\"text-align: justify\"><span style=\"color: #000000\">Mo\u017ce by\u0107 stosowany suszony lub \u015bwie\u017cy i jest niezast\u0105piony w <strong>azjatyckich przepisach<\/strong> z rybami, kurczakiem i wieprzowin\u0105.<\/span><\/p>\n<p style=\"text-align: justify\"><span style=\"color: #000000\">Ze wzgl\u0119du na sw\u00f3j cytrusowy smak, suszone li\u015bcie s\u0105 u\u017cywane g\u0142\u00f3wnie w <strong>naparach zio\u0142owych lub herbatach<\/strong>, ale mog\u0105 by\u0107 r\u00f3wnie\u017c stosowane w r\u00f3\u017cnych <strong>orze\u017awiaj\u0105cych zimnych napojach i mro\u017conych herbatach<\/strong>, kt\u00f3re s\u0105 orze\u017awiaj\u0105ce, a tak\u017ce maj\u0105 korzystny wp\u0142yw na samopoczucie i zmniejszaj\u0105 napi\u0119cie. Dobrze komponuje si\u0119 z imbirem, go\u017adzikami, cytryn\u0105 i limonk\u0105, mi\u0119t\u0105 i melis\u0105. Herbata reguluje trawienie i \u0142agodzi drobne dolegliwo\u015bci trawienne.<\/span><\/p>\n<h2 style=\"text-align: justify\"><span style=\"color: #000000\">Wygl\u0105d<\/span><\/h2>\n<p style=\"text-align: justify\"><span style=\"color: #000000\">Pokrojone i wysuszone zielone li\u015bcie.<\/span><\/p>\n<h2 style=\"text-align: justify\"><span style=\"color: #000000\">Przechowywanie<\/span><\/h2>\n<p style=\"text-align: justify\"><span style=\"color: #000000\">Przechowywa\u0107 w suchym, ciemnym i ch\u0142odnym miejscu.<\/span><\/p>\n<h2 style=\"text-align: justify\"><span style=\"color: #000000\">Opakowanie<\/span><\/h2>\n<p><span style=\"color: #000000\">Nieprzepuszczalna torebka z zamkiem b\u0142yskawicznym, w kt\u00f3rej produkt zachowuje \u015bwie\u017co\u015b\u0107 i aromat. Opakowanie chroni przed \u015bwiat\u0142em i powietrzem, poniewa\u017c sk\u0142ada si\u0119 z kilku warstw ochronnych, kt\u00f3re zachowuj\u0105 w\u0142a\u015bciwo\u015bci zawarto\u015bci.<\/span><\/p>\n<p><span style=\"color: #000000\">Opakowanie jest bardzo praktyczne i nadaje si\u0119 do recyklingu.<\/span><\/p>\n<h2><span style=\"color: #000000\">Pochodzenie<\/span><\/h2>\n<p><span style=\"color: #000000\">Tajlandia lub Indie<\/span><\/p>\n","protected":false},"excerpt":{"rendered":"<p>Trawa cytrynowa jest silnym przeciwutleniaczem i doskona\u0142ym \u017ar\u00f3d\u0142em witaminy C, dzi\u0119ki czemu mo\u017ce pom\u00f3c w przezi\u0119bieniach, kaszlu, astmie i innych problemach uk\u0142adu oddechowego. Ma r\u00f3wnie\u017c w\u0142a\u015bciwo\u015bci przeciwzapalne, przeciwbakteryjne i przeciwgrzybicze. Mo\u017ce by\u0107 stosowany w postaci suszonej lub \u015bwie\u017cej i jest niezast\u0105piony w azjatyckich przepisach z rybami, kurczakiem i wieprzowin\u0105. Jest r\u00f3wnie\u017c stosowany z imbirem, go\u017adzikami, cytryn\u0105 i limonk\u0105, mi\u0119t\u0105 i melis\u0105. Suszone li\u015bcie s\u0105 u\u017cywane g\u0142\u00f3wnie do:<\/p>\n<p>\ud83d\udc9a w naparach zio\u0142owych lub herbatach reguluj\u0105cych trawienie i \u0142agodz\u0105cych niestrawno\u015b\u0107,<br \/>\n\ud83d\udc9a jako orze\u017awiaj\u0105ce zimne napoje i mro\u017cone herbaty.<\/p>\n","protected":false},"featured_media":6462,"comment_status":"open","ping_status":"closed","template":"","meta":{"_acf_changed":false},"product_brand":[],"product_cat":[15,205,224,225],"product_tag":[],"class_list":{"0":"post-6461","1":"product","2":"type-product","3":"status-publish","4":"has-post-thumbnail","6":"product_cat-uncategorized","7":"product_cat-herbata-jedzenie-i-przyprawy","8":"product_cat-oferta","9":"product_cat-wszystkie-produkty","11":"first","12":"instock","13":"taxable","14":"shipping-taxable","15":"purchasable","16":"product-type-simple"},"acf":[],"_links":{"self":[{"href":"https:\/\/fengchashop.com\/pl\/wp-json\/wp\/v2\/product\/6461","targetHints":{"allow":["GET"]}}],"collection":[{"href":"https:\/\/fengchashop.com\/pl\/wp-json\/wp\/v2\/product"}],"about":[{"href":"https:\/\/fengchashop.com\/pl\/wp-json\/wp\/v2\/types\/product"}],"replies":[{"embeddable":true,"href":"https:\/\/fengchashop.com\/pl\/wp-json\/wp\/v2\/comments?post=6461"}],"wp:featuredmedia":[{"embeddable":true,"href":"https:\/\/fengchashop.com\/pl\/wp-json\/wp\/v2\/media\/6462"}],"wp:attachment":[{"href":"https:\/\/fengchashop.com\/pl\/wp-json\/wp\/v2\/media?parent=6461"}],"wp:term":[{"taxonomy":"product_brand","embeddable":true,"href":"https:\/\/fengchashop.com\/pl\/wp-json\/wp\/v2\/product_brand?post=6461"},{"taxonomy":"product_cat","embeddable":true,"href":"https:\/\/fengchashop.com\/pl\/wp-json\/wp\/v2\/product_cat?post=6461"},{"taxonomy":"product_tag","embeddable":true,"href":"https:\/\/fengchashop.com\/pl\/wp-json\/wp\/v2\/product_tag?post=6461"}],"curies":[{"name":"wp","href":"https:\/\/api.w.org\/{rel}","templated":true}]}}