{"id":6457,"date":"2024-11-04T15:10:46","date_gmt":"2024-11-04T14:10:46","guid":{"rendered":"https:\/\/fengchashop.com\/pl\/product\/tremella-fuciformis-bio-w-proszku-125-g\/"},"modified":"2026-04-28T12:32:58","modified_gmt":"2026-04-28T10:32:58","slug":"tremella-fuciformis-bio-w-proszku","status":"publish","type":"product","link":"https:\/\/fengchashop.com\/pl\/product\/tremella-fuciformis-bio-w-proszku\/","title":{"rendered":"Tremella Fuciformis BIO w proszku 125 g"},"content":{"rendered":"<h2 style=\"text-align: justify\"><span style=\"color: #000000\">Co to jest proszek BIO Tremella fuciformis?<\/span><\/h2>\n<p style=\"text-align: justify\"><span style=\"color: #000000\"><b>Tremella Fuciformis<\/b>, znana r\u00f3wnie\u017c jako <i>bia\u0142a tremella<\/i>lub <i>grzyb \u015bnie\u017cny<\/i>, to grzyb, kt\u00f3ry od wiek\u00f3w uwa\u017cany jest za jeden z najbardziej cenionych grzyb\u00f3w leczniczych w tradycyjnej medycynie chi\u0144skiej. W dzisiejszych czasach zyska\u0142a popularno\u015b\u0107 jako suplement diety, szczeg\u00f3lnie w postaci proszku, ze wzgl\u0119du na liczne korzystne dzia\u0142anie na zdrowie i urod\u0119.<\/span><\/p>\n<h2 style=\"text-align: justify\"><span style=\"color: #000000\">Dlaczego Tremella fuciformis jest tak wyj\u0105tkowa i tak inna?<\/span><\/h2>\n<p class=\"Standard\" style=\"text-align: justify\"><span style=\"color: #000000\">Tremella fuciformis wyr\u00f3\u017cnia si\u0119 wyj\u0105tkow\u0105 \u017celow\u0105 struktur\u0105 i przezroczystym kolorem, co czyni j\u0105 atrakcyjn\u0105 wizualnie . Jest stosowany w kuchni azjatyckiej i medycynie tradycyjnej, poniewa\u017c ma w\u0142a\u015bciwo\u015bci lecznicze, takie jak wzmocnienie uk\u0142adu odporno\u015bciowego i poprawa zdrowia sk\u00f3ry. Ponadto jest bogaty w sk\u0142adniki od\u017cywcze, nawil\u017ca sk\u00f3r\u0119 i odgrywa wa\u017cn\u0105 rol\u0119 ekologiczn\u0105 jako naturalny rozk\u0142adacz.<\/span><\/p>\n<h2 style=\"text-align: justify\"><span style=\"color: #000000\">Tremella fuciformis ma kilka potencjalnych skutk\u00f3w<\/span><\/h2>\n<p><span style=\"color: #000000\">\ud83d\udc9a stymuluj\u0105cy<strong>uk\u0142ad odporno\u015bciowy<\/strong>,<\/span><\/p>\n<p><span style=\"color: #000000\">\ud83d\udc9a poprawa <strong>zdrowia sk\u00f3ry<\/strong>,<\/span><\/p>\n<p><span style=\"color: #000000\">\ud83d\udc9a nawil\u017canie sk\u00f3ry,<\/span><\/p>\n<p><span style=\"color: #000000\"><strong>\ud83d\udc9a przeciwutleniacz<\/strong> w\u0142a\u015bciwo\u015bci,<\/span><\/p>\n<p><span style=\"color: #000000\">\ud83d\udc9a walcz <strong>ze starzeniem si\u0119<\/strong>,<\/span><\/p>\n<p><span style=\"color: #000000\">\ud83d\udc9a pom\u00f3\u017c w<strong>nawodnieniu<\/strong>,<\/span><\/p>\n<p><span style=\"color: #000000\">\ud83d\udc9a wspomagaj\u0105 <strong> trawienie<\/strong> (ze wzgl\u0119du na zawarto\u015b\u0107 b\u0142onnika),<\/span><\/p>\n<p><span style=\"color: #000000\">\ud83d\udc9a redukcja <strong>stanu zapalnego<\/strong>,<\/span><\/p>\n<p><span style=\"color: #000000\">\ud83d\udc9a wzmocnienie <strong>zdrowia dr\u00f3g oddechowych<\/strong>,<\/span><\/p>\n<p><span style=\"color: #000000\">\ud83d\udc9a potencjalna poprawa<strong>funkcji poznawczych<\/strong>.<\/span><\/p>\n<h2 style=\"text-align: justify\"><span style=\"color: #000000\">Przechowywanie i ostrze\u017cenia<\/span><\/h2>\n<p style=\"text-align: justify\"><span style=\"color: #000000\">Przechowywa\u0107 w suchym i ch\u0142odnym miejscu w temperaturze do 25\u00b0C. Suplement diety powinien by\u0107 niedost\u0119pny dla dzieci!<\/span><\/p>\n<p style=\"text-align: justify\"><span style=\"color: #000000\">Nie zapominaj, jak wa\u017cna jest zr\u00f3\u017cnicowana dieta i zdrowy tryb \u017cycia, dlatego suplement diety nie zast\u0119puje zbilansowana i zr\u00f3\u017cnicowana dieta. Nie nale\u017cy przekracza\u0107 zalecanej dziennej ilo\u015bci ani dawki.<\/span><\/p>\n<p style=\"text-align: justify\"><span style=\"color: #000000\">Tremella fuciformis nie jest zalecana osobom z alergi\u0105 na grzyby, osobom z obni\u017con\u0105 odporno\u015bci\u0105 oraz osobom z powa\u017cnymi schorzeniami, takimi jak choroba nerek. Kobiety w ci\u0105\u017cy i karmi\u0105ce piersi\u0105 oraz osoby przyjmuj\u0105ce leki powinny przed u\u017cyciem skonsultowa\u0107 si\u0119 z lekarzem.<\/span><\/p>\n<h2 style=\"text-align: justify\"><span style=\"color: #000000\">Opakowanie<\/span><\/h2>\n<p style=\"text-align: justify\"><span style=\"color: #000000\">Szczelna torba zapinana na zamek, w kt\u00f3rej produkt zachowuje ca\u0142\u0105 swoj\u0105 \u015bwie\u017co\u015b\u0107 i aromat. Opakowanie chroni przed \u015bwiat\u0142em i powietrzem, gdy\u017c sk\u0142ada si\u0119 z kilku warstw ochronnych, kt\u00f3re zachowuj\u0105 w\u0142a\u015bciwo\u015bci zawarto\u015bci.<\/span><\/p>\n<p style=\"text-align: justify\"><span style=\"color: #000000\">Opakowanie jest bardzo praktyczne i umo\u017cliwia recykling.<\/span><\/p>\n<h2 style=\"text-align: justify\"><span style=\"color: #000000\">Pochodzenie<\/span><\/h2>\n<p style=\"text-align: justify\"><span style=\"color: #000000\">Chiny. Mamy bardzo wiarygodnych dostawc\u00f3w, kt\u00f3rzy przesy\u0142aj\u0105 nam szczeg\u00f3\u0142ow\u0105 analiz\u0119 chemiczn\u0105 \u017cywno\u015bci dla ka\u017cdej partii. Przez ponad dziesi\u0119\u0107 lat nie mieli\u015bmy \u017cadnych wycofa\u0144 ani \u017cadnych innych problem\u00f3w zwi\u0105zanych z tym produktem, ani z innymi produktami tego samego dostawcy.<\/span><\/p>\n<p style=\"text-align: justify\"><span style=\"color: #000000\">Artyku\u0142 posiada certyfikat w 100% organiczny.<\/span><\/p>\n","protected":false},"excerpt":{"rendered":"<p>Tremella Fuciformis, znana r\u00f3wnie\u017c jako <strong>ryj\u00f3wka bia\u0142a lub grzyb \u015bnie\u017cny<\/strong>. Ma w\u0142a\u015bciwo\u015bci lecznicze, takie jak <strong>wzmacnianie uk\u0142adu odporno\u015bciowego<\/strong> i <strong>poprawa zdrowia sk\u00f3ry<\/strong>, a tak\u017ce jest bogaty w sk\u0142adniki od\u017cywcze. Znany jest z wielorakiego wp\u0142ywu na zdrowie i urod\u0119.<\/p>\n<p>\ud83d\udc9a Stymuluje i wzmacnia uk\u0142ad odporno\u015bciowy.<br \/>\n\ud83d\udc9a Poprawia zdrowie sk\u00f3ry.<br \/>\n\ud83d\udc9a Doskona\u0142e \u017ar\u00f3d\u0142o przeciwutleniaczy.<br \/>\n\ud83d\udc9a Wspomaga trawienie.<\/p>\n","protected":false},"featured_media":6458,"comment_status":"open","ping_status":"closed","template":"","meta":{"_acf_changed":false},"product_brand":[],"product_cat":[15,227,224,225],"product_tag":[],"class_list":{"0":"post-6457","1":"product","2":"type-product","3":"status-publish","4":"has-post-thumbnail","6":"product_cat-uncategorized","7":"product_cat-grzyby-lecznicze","8":"product_cat-oferta","9":"product_cat-wszystkie-produkty","11":"first","12":"instock","13":"taxable","14":"shipping-taxable","15":"purchasable","16":"product-type-simple"},"acf":[],"_links":{"self":[{"href":"https:\/\/fengchashop.com\/pl\/wp-json\/wp\/v2\/product\/6457","targetHints":{"allow":["GET"]}}],"collection":[{"href":"https:\/\/fengchashop.com\/pl\/wp-json\/wp\/v2\/product"}],"about":[{"href":"https:\/\/fengchashop.com\/pl\/wp-json\/wp\/v2\/types\/product"}],"replies":[{"embeddable":true,"href":"https:\/\/fengchashop.com\/pl\/wp-json\/wp\/v2\/comments?post=6457"}],"wp:featuredmedia":[{"embeddable":true,"href":"https:\/\/fengchashop.com\/pl\/wp-json\/wp\/v2\/media\/6458"}],"wp:attachment":[{"href":"https:\/\/fengchashop.com\/pl\/wp-json\/wp\/v2\/media?parent=6457"}],"wp:term":[{"taxonomy":"product_brand","embeddable":true,"href":"https:\/\/fengchashop.com\/pl\/wp-json\/wp\/v2\/product_brand?post=6457"},{"taxonomy":"product_cat","embeddable":true,"href":"https:\/\/fengchashop.com\/pl\/wp-json\/wp\/v2\/product_cat?post=6457"},{"taxonomy":"product_tag","embeddable":true,"href":"https:\/\/fengchashop.com\/pl\/wp-json\/wp\/v2\/product_tag?post=6457"}],"curies":[{"name":"wp","href":"https:\/\/api.w.org\/{rel}","templated":true}]}}