{"id":6454,"date":"2025-07-24T17:58:01","date_gmt":"2025-07-24T15:58:01","guid":{"rendered":"https:\/\/fengchashop.com\/pl\/product\/matcha-bio-25-g\/"},"modified":"2026-04-29T12:26:36","modified_gmt":"2026-04-29T10:26:36","slug":"matcha-bio","status":"publish","type":"product","link":"https:\/\/fengchashop.com\/pl\/product\/matcha-bio\/","title":{"rendered":"Matcha BIO 250 g"},"content":{"rendered":"<h2 style=\"text-align: justify;\"><span style=\"color: #000000;\">Matcha bio<\/span><\/h2>\n<p style=\"text-align: justify;\"><span style=\"color: #000000;\">Popularna matcha to w rzeczywisto\u015bci<strong> sproszkowana zielona herbata<\/strong>. Nasza wersja matchy jest przeznaczona przede wszystkim do gotowania i jako taka jest wysokiej jako\u015bci.<\/span><\/p>\n<p style=\"text-align: justify;\"><span style=\"color: #000000;\">Matcha to <strong>najwy\u017cszej jako\u015bci herbata o silnym<\/strong> charakterze. Ro\u015blina herbaty matcha jest uprawiana w cieniu przez co najmniej miesi\u0105c przed zbiorem, a li\u015bcie herbaty s\u0105 pozbawiane \u017cy\u0142ek i \u0142odyg przed przetworzeniem. Wyprodukowane w ten spos\u00f3b li\u015bcie herbaty s\u0105 niezwykle <strong>bogate w kofein\u0119 i tein\u0119<\/strong>. Od wielu lat matcha znana jest jako herbata buddyjskich mnich\u00f3w, kt\u00f3rzy pij\u0105 j\u0105 w celu koncentracji, skupienia i oczyszczenia umys\u0142u.<\/span><\/p>\n<p style=\"text-align: justify;\"><span style=\"color: #000000;\">Zawiera wiele sk\u0142adnik\u00f3w, kt\u00f3re maj\u0105 dzia\u0142anie <strong>przeciwutleniaj\u0105ce<\/strong> na organizm. Jak przysta\u0142o na zielon\u0105 herbat\u0119, zawiera <strong>polifenole<\/strong> i <strong>flawonoidy<\/strong>. Jest r\u00f3wnie\u017c bogata w witaminy A, B, C i E. Wszystko to przyczynia si\u0119 do przeciwzapalnych i wzmacniaj\u0105cych odporno\u015b\u0107 w\u0142a\u015bciwo\u015bci zielonej herbaty matcha. Nie jest r\u00f3wnie\u017c tak gorzka jak niekt\u00f3re zielone herbaty, dzi\u0119ki tak zwanym katechinom, kt\u00f3re nie s\u0105 obfite w herbacie matcha ze wzgl\u0119du na jej specjaln\u0105 produkcj\u0119 w cieniu. Ponadto matcha utrzymuje nas w pozycji pionowej dzi\u0119ki wysokiej zawarto\u015bci teiny i kofeiny, ale nie powoduje charakterystycznego niepokoju cz\u0119sto odczuwanego przez osoby pij\u0105ce zbyt du\u017co kawy.<\/span><\/p>\n<h2 style=\"text-align: justify;\"><span style=\"color: #000000;\">Przechowywanie i ostrze\u017cenia<\/span><\/h2>\n<p style=\"text-align: justify;\"><span style=\"color: #000000;\">Przechowywa\u0107 w suchym, ciemnym i ch\u0142odnym miejscu. Upewni\u0107 si\u0119, \u017ce torebka lub pude\u0142ko s\u0105 szczelnie zamkni\u0119te. Produkt mo\u017cna r\u00f3wnie\u017c przechowywa\u0107 w lod\u00f3wce.<\/span><\/p>\n<h2 style=\"text-align: justify;\"><span style=\"color: #000000;\">Opakowanie<\/span><\/h2>\n<p style=\"text-align: justify;\"><span style=\"color: #000000;\">Nieprzepuszczalna torebka z zamkiem b\u0142yskawicznym, w kt\u00f3rej produkt zachowuje ca\u0142\u0105 swoj\u0105 \u015bwie\u017co\u015b\u0107 i aromat. Opakowanie chroni produkt przed \u015bwiat\u0142em i powietrzem, poniewa\u017c sk\u0142ada si\u0119 z kilku warstw ochronnych w celu zachowania w\u0142a\u015bciwo\u015bci zawarto\u015bci.<\/span><\/p>\n<p style=\"text-align: justify;\"><span style=\"color: #000000;\">Opakowanie jest bardzo praktyczne i nadaje si\u0119 do recyklingu.<\/span><\/p>\n<h2 style=\"text-align: justify;\"><span style=\"color: #000000;\">Pochodzenie<\/span><\/h2>\n<p style=\"text-align: justify;\"><span style=\"color: #000000;\">Chiny. <span class=\"jCAhz ChMk0b\"><span class=\"ryNqvb\">M\u00e1me ve\u013emi spo\u013eahliv\u00fdch dod\u00e1vate\u013eov, ktor\u00ed n\u00e1m ku ka\u017edej \u0161ar\u017ei posielaj\u00fa podrobn\u00fd chemick\u00fd rozbor potrav\u00edn.<\/span><\/span> <span class=\"jCAhz ChMk0b\"><span class=\"ryNqvb\">Za viac ako desa\u0165 rokov sme nemali \u017eiadne s\u0165ahovanie ani in\u00e9 probl\u00e9my s touto polo\u017ekou, ani s in\u00fdmi polo\u017ekami od rovnak\u00e9ho dod\u00e1vate\u013ea.<\/span><\/span><\/span><\/p>\n","protected":false},"excerpt":{"rendered":"<p>Matcha to zielona herbata najwy\u017cszej jako\u015bci. Herbata Matcha jest napojem buddyjskich mnich\u00f3w, kt\u00f3rzy pij\u0105 j\u0105 w celu koncentracji, skupienia i oczyszczenia umys\u0142u. Zawiera wiele sk\u0142adnik\u00f3w, kt\u00f3re maj\u0105 dzia\u0142anie przeciwutleniaj\u0105ce na nasz organizm. Jak przysta\u0142o na zielon\u0105 herbat\u0119, zawiera polifenole i flawonoidy. Jest r\u00f3wnie\u017c bogata w witaminy A, B, C i E. Wszystko to przyczynia si\u0119 do przeciwzapalnych i wzmacniaj\u0105cych odporno\u015b\u0107 w\u0142a\u015bciwo\u015bci zielonej herbaty matcha. Nie jest r\u00f3wnie\u017c tak gorzka jak niekt\u00f3re zielone herbaty, dzi\u0119ki tak zwanym katechinom, kt\u00f3re nie s\u0105 obfite w herbacie matcha ze wzgl\u0119du na jej specjaln\u0105 produkcj\u0119 w cieniu.<\/p>\n<p>\ud83d\udc9a Jest pe\u0142na przeciwutleniaczy, aminokwas\u00f3w i innych korzystnych sk\u0142adnik\u00f3w.<br \/>\n\ud83d\udc9a Produkcja organiczna.<br \/>\n\ud83d\udc9a Jako\u015b\u0107 premium.<\/p>\n","protected":false},"featured_media":7245,"comment_status":"open","ping_status":"closed","template":"","meta":{"_acf_changed":false},"product_brand":[],"product_cat":[15,205,224,225],"product_tag":[],"class_list":{"0":"post-6454","1":"product","2":"type-product","3":"status-publish","4":"has-post-thumbnail","6":"product_cat-uncategorized","7":"product_cat-herbata-jedzenie-i-przyprawy","8":"product_cat-oferta","9":"product_cat-wszystkie-produkty","11":"first","12":"instock","13":"sale","14":"taxable","15":"shipping-taxable","16":"purchasable","17":"product-type-simple"},"acf":[],"_links":{"self":[{"href":"https:\/\/fengchashop.com\/pl\/wp-json\/wp\/v2\/product\/6454","targetHints":{"allow":["GET"]}}],"collection":[{"href":"https:\/\/fengchashop.com\/pl\/wp-json\/wp\/v2\/product"}],"about":[{"href":"https:\/\/fengchashop.com\/pl\/wp-json\/wp\/v2\/types\/product"}],"replies":[{"embeddable":true,"href":"https:\/\/fengchashop.com\/pl\/wp-json\/wp\/v2\/comments?post=6454"}],"wp:featuredmedia":[{"embeddable":true,"href":"https:\/\/fengchashop.com\/pl\/wp-json\/wp\/v2\/media\/7245"}],"wp:attachment":[{"href":"https:\/\/fengchashop.com\/pl\/wp-json\/wp\/v2\/media?parent=6454"}],"wp:term":[{"taxonomy":"product_brand","embeddable":true,"href":"https:\/\/fengchashop.com\/pl\/wp-json\/wp\/v2\/product_brand?post=6454"},{"taxonomy":"product_cat","embeddable":true,"href":"https:\/\/fengchashop.com\/pl\/wp-json\/wp\/v2\/product_cat?post=6454"},{"taxonomy":"product_tag","embeddable":true,"href":"https:\/\/fengchashop.com\/pl\/wp-json\/wp\/v2\/product_tag?post=6454"}],"curies":[{"name":"wp","href":"https:\/\/api.w.org\/{rel}","templated":true}]}}