{"id":6446,"date":"2022-03-11T09:18:33","date_gmt":"2022-03-11T08:18:33","guid":{"rendered":"https:\/\/fengchashop.com\/pl\/product\/kompleks-magnezu-w-proszku-200-g\/"},"modified":"2026-04-28T13:29:19","modified_gmt":"2026-04-28T11:29:19","slug":"kompleks-magnezu-w-proszku","status":"publish","type":"product","link":"https:\/\/fengchashop.com\/pl\/product\/kompleks-magnezu-w-proszku\/","title":{"rendered":"Kompleks magnezu w proszku 200 g"},"content":{"rendered":"<h2 style=\"text-align: justify\"><span style=\"color: #000000\"><b>Kompleks magnezowy w proszku<\/b><\/span><\/h2>\n<p style=\"text-align: justify\"><span style=\"color: #000000\">Magnez jest niezwykle wa\u017cnym minera\u0142em, kt\u00f3ry bierze udzia\u0142 w ponad 300 procesach metabolicznych w ludzkim ciele. Cz\u0119sto nazywany jest &#8222;<b>kr\u00f3lem minera\u0142\u00f3w<\/b>&#8222;, poniewa\u017c odgrywa <b>kluczow\u0105 rol\u0119 w funkcjonowaniu mi\u0119\u015bni, uk\u0142adu nerwowego i utrzymaniu zdrowych ko\u015bci<\/b>. Pomaga zapobiega\u0107 skurczom mi\u0119\u015bni, zmniejsza zm\u0119czenie i wyczerpanie oraz wspomaga prawid\u0142owe funkcjonowanie psychiczne. Z powodu szybkiego tempa wsp\u00f3\u0142czesnego \u017cycia \u2013 stresu, niew\u0142a\u015bciwej diety i braku snu \u2013 wiele os\u00f3b si\u0119ga po suplementy diety zawieraj\u0105ce magnez.<\/span><\/p>\n<p style=\"text-align: justify\"><span style=\"color: #000000\">Chocia\u017c magnez wyst\u0119puje naturalnie w wielu produktach spo\u017cywczych, takich jak zielone warzywa li\u015bciaste, orzechy, nasiona, ryby i pe\u0142noziarniste zbo\u017ca, cz\u0119sto spo\u017cywamy go wi\u0119cej, ni\u017c dostarczamy go z jedzeniem. Zwi\u0119kszone zapotrzebowanie na magnez maj\u0105 sportowcy, kobiety w ci\u0105\u017cy, osoby starsze oraz osoby nara\u017cone na du\u017cy stres fizyczny lub psychiczny.<\/span><\/p>\n<p style=\"text-align: justify\"><span style=\"color: #000000\">Kompleks magnezowy zapewnia optymaln\u0105 podpor\u0119 dla organizmu, poprawiaj\u0105c samopoczucie, zwi\u0119kszaj\u0105c energi\u0119 i wspomagaj\u0105c prawid\u0142owe funkcjonowanie mi\u0119\u015bni, ko\u015bci i uk\u0142adu nerwowego.<\/span><\/p>\n<h2 style=\"text-align: justify\"><span style=\"color: #000000\"><b>Dlaczego kompleks magnezowy?<\/b><\/span><\/h2>\n<p style=\"text-align: justify\"><span style=\"color: #000000\">Kompleks magnezowy \u0142\u0105czy <strong>cztery wysokiej jako\u015bci formy magnezu \u2013 magnezowy bisglicynian, magnezowy cytrat, magnezowy malat i magnezowy taurynian<\/strong>. Ka\u017cda z tych form ma swoje specyficzne w\u0142a\u015bciwo\u015bci i korzy\u015bci, dlatego ich po\u0142\u0105czenie zapewnia optymalne wch\u0142anianie i skuteczno\u015b\u0107.<\/span><\/p>\n<h2 style=\"text-align: justify\"><span style=\"color: #000000\"><b>Korzy\u015bci z kompleksu magnezowego<\/b><\/span><\/h2>\n<p style=\"text-align: justify\"><span style=\"color: #000000\"><b>Magnez:<\/b><\/span><\/p>\n<ul style=\"text-align: justify\">\n<li><span style=\"color: #000000\">pomaga zmniejszy\u0107 zm\u0119czenie i wyczerpanie<\/span><\/li>\n<li><span style=\"color: #000000\">pomaga w utrzymaniu r\u00f3wnowagi elektrolitowej<\/span><\/li>\n<li><span style=\"color: #000000\">pomaga uwolni\u0107 energi\u0119 w procesach metabolicznych<\/span><\/li>\n<li><span style=\"color: #000000\">pomaga w prawid\u0142owym funkcjonowaniu uk\u0142adu nerwowego<\/span><\/li>\n<li><span style=\"color: #000000\">pomaga w prawid\u0142owym funkcjonowaniu mi\u0119\u015bni<\/span><\/li>\n<li><span style=\"color: #000000\">odgrywa rol\u0119 w syntezie bia\u0142ek<\/span><\/li>\n<li><span style=\"color: #000000\">pomaga w utrzymaniu prawid\u0142owego funkcjonowania psychicznego<\/span><\/li>\n<li><span style=\"color: #000000\">pomaga w utrzymaniu zdrowych ko\u015bci i z\u0119b\u00f3w<\/span><\/li>\n<li><span style=\"color: #000000\">odgrywa rol\u0119 w podziale kom\u00f3rek<\/span><\/li>\n<\/ul>\n<p>&nbsp;<\/p>\n<p><span style=\"color: #000000\"><b>Witamina B6:<\/b><\/span><\/p>\n<ul style=\"text-align: justify\">\n<li><span style=\"color: #000000\">odgrywa rol\u0119 w syntezie cysteiny<\/span><\/li>\n<li><span style=\"color: #000000\">pomaga uwolni\u0107 energi\u0119 w procesach metabolicznych<\/span><\/li>\n<li><span style=\"color: #000000\">pomaga w prawid\u0142owym funkcjonowaniu uk\u0142adu nerwowego<\/span><\/li>\n<li><span style=\"color: #000000\">pomaga w metabolizmie homocysteiny<\/span><\/li>\n<li><span style=\"color: #000000\">odgrywa rol\u0119 w metabolizmie bia\u0142ek i glikogenu<\/span><\/li>\n<li><span style=\"color: #000000\">pomaga w utrzymaniu prawid\u0142owego funkcjonowania psychicznego<\/span><\/li>\n<li><span style=\"color: #000000\">odgrywa rol\u0119 w tworzeniu czerwonych krwinek<\/span><\/li>\n<li><span style=\"color: #000000\">odgrywa rol\u0119 w funkcjonowaniu uk\u0142adu odporno\u015bciowego<\/span><\/li>\n<li><span style=\"color: #000000\">pomaga zmniejszy\u0107 zm\u0119czenie i wyczerpanie<\/span><\/li>\n<li><span style=\"color: #000000\">odgrywa rol\u0119 w regulacji hormon\u00f3w<\/span><\/li>\n<\/ul>\n<p style=\"text-align: justify\"><span style=\"color: #000000\">Odpowiednia ilo\u015b\u0107 magnezu mo\u017ce znacz\u0105co wp\u0142yn\u0105\u0107 na zapobieganie tym problemom oraz poprawi\u0107 og\u00f3lne samopoczucie i zdrowie.<\/span><\/p>\n<h2 style=\"text-align: justify\"><span style=\"color: #000000\"><b>Przechowywanie i ostrze\u017cenia<\/b><\/span><\/h2>\n<p style=\"text-align: justify\"><span style=\"color: #000000\">Przechowywa\u0107 w suchym miejscu w temperaturze do 25 \u00b0C, chroni\u0107 przed wilgoci\u0105 i \u015bwiat\u0142em. Upewni\u0107 si\u0119, \u017ce worek lub opakowanie s\u0105 dobrze zamkni\u0119te.<\/span><\/p>\n<p style=\"text-align: justify\"><span style=\"color: #000000\">Produkt nie jest odpowiedni dla dzieci, m\u0142odzie\u017cy, kobiet w ci\u0105\u017cy i karmi\u0105cych matek. Osoby z cukrzyc\u0105, nietolerancj\u0105 glukozy, osoby stosuj\u0105ce leki przeciwzakrzepowe zawieraj\u0105ce kumaryn\u0119 oraz osoby z chorobami uk\u0142adu sercowo-naczyniowego i astmatycy powinny skonsultowa\u0107 si\u0119 z lekarzem przed u\u017cyciem produktu. W przypadku nudno\u015bci, b\u00f3lu brzucha, zaburze\u0144 trawienia, biegunki, zapar\u0107, zawrot\u00f3w g\u0142owy, senno\u015bci, b\u00f3lu g\u0142owy, wysypki, sw\u0119dzenia lub zaczerwienienia sk\u00f3ry zaprzesta\u0107 stosowania produktu.<\/span><\/p>\n<h2 style=\"text-align: justify\"><span style=\"color: #000000\"><b>Opakowanie<\/b><\/span><\/h2>\n<p style=\"text-align: justify\"><span style=\"color: #000000\">Woreczek hermetyczny z zamkiem lub opakowanie, kt\u00f3re utrzymuje \u015bwie\u017co\u015b\u0107 produktu i jego smak. Opakowanie chroni przed \u015bwiat\u0142em i powietrzem. Sk\u0142ada si\u0119 z kilku warstw ochrony, kt\u00f3re zachowuj\u0105 w\u0142a\u015bciwo\u015bci produktu.<\/span><\/p>\n<p><span style=\"color: #000000\">Opakowanie jest bardzo praktyczne i nadaje si\u0119 do recyklingu.<\/span><\/p>\n<h2 style=\"text-align: justify\"><span style=\"color: #000000\"><b>Pochodzenie<\/b><\/span><\/h2>\n<p style=\"text-align: justify\"><span style=\"color: #000000\">Sk\u0142adniki kompleksu magnezowego pochodz\u0105 z UE i spoza UE, starannie wybrane, aby zapewni\u0107 najwy\u017csz\u0105 jako\u015b\u0107.<\/span><\/p>\n","protected":false},"excerpt":{"rendered":"<p align=\"JUSTIFY\"><span style=\"color: #000000\">Kompleks magnezowy \u0142\u0105czy<strong> cztery najwy\u017cszej jako\u015bci formy magnezu \u2013 bisglicynian magnezu, cytrynian magnezu, jab\u0142czan magnezu i taurynian magnezu.<\/strong><\/span><\/p>\n<p>\ud83d\udc9a Pomaga zmniejszy\u0107 zm\u0119czenie i znu\u017cenie.<br \/>\n\ud83d\udc9a Wspomaga r\u00f3wnowag\u0119 elektrolit\u00f3w, kt\u00f3rych potrzebujemy szczeg\u00f3lnie podczas wysi\u0142ku fizycznego.<br \/>\n\ud83d\udc9a Ma korzystny wp\u0142yw na uk\u0142ad nerwowy.<br \/>\n\ud83d\udc9a Przyczynia si\u0119 do prawid\u0142owego funkcjonowania mi\u0119\u015bni i prawid\u0142owych funkcji psychologicznych.<br \/>\n\ud83d\udc9a Utrzymuje zdrowe ko\u015bci i z\u0119by.<\/p>\n","protected":false},"featured_media":5915,"comment_status":"open","ping_status":"closed","template":"","meta":{"_acf_changed":false},"product_brand":[],"product_cat":[15,232,226,224,225],"product_tag":[],"class_list":{"0":"post-6446","1":"product","2":"type-product","3":"status-publish","4":"has-post-thumbnail","6":"product_cat-uncategorized","7":"product_cat-mineraly-witaminy","8":"product_cat-najlepiej-sprzedajacy-sie","9":"product_cat-oferta","10":"product_cat-wszystkie-produkty","12":"first","13":"instock","14":"sale","15":"taxable","16":"shipping-taxable","17":"purchasable","18":"product-type-simple"},"acf":[],"_links":{"self":[{"href":"https:\/\/fengchashop.com\/pl\/wp-json\/wp\/v2\/product\/6446","targetHints":{"allow":["GET"]}}],"collection":[{"href":"https:\/\/fengchashop.com\/pl\/wp-json\/wp\/v2\/product"}],"about":[{"href":"https:\/\/fengchashop.com\/pl\/wp-json\/wp\/v2\/types\/product"}],"replies":[{"embeddable":true,"href":"https:\/\/fengchashop.com\/pl\/wp-json\/wp\/v2\/comments?post=6446"}],"wp:featuredmedia":[{"embeddable":true,"href":"https:\/\/fengchashop.com\/pl\/wp-json\/wp\/v2\/media\/5915"}],"wp:attachment":[{"href":"https:\/\/fengchashop.com\/pl\/wp-json\/wp\/v2\/media?parent=6446"}],"wp:term":[{"taxonomy":"product_brand","embeddable":true,"href":"https:\/\/fengchashop.com\/pl\/wp-json\/wp\/v2\/product_brand?post=6446"},{"taxonomy":"product_cat","embeddable":true,"href":"https:\/\/fengchashop.com\/pl\/wp-json\/wp\/v2\/product_cat?post=6446"},{"taxonomy":"product_tag","embeddable":true,"href":"https:\/\/fengchashop.com\/pl\/wp-json\/wp\/v2\/product_tag?post=6446"}],"curies":[{"name":"wp","href":"https:\/\/api.w.org\/{rel}","templated":true}]}}