{"id":6412,"date":"2024-08-30T08:23:27","date_gmt":"2024-08-30T06:23:27","guid":{"rendered":"https:\/\/fengchashop.com\/pl\/product\/zen-szen-panax-bio-60-g\/"},"modified":"2026-04-29T10:58:08","modified_gmt":"2026-04-29T08:58:08","slug":"zen-szen-panax-bio-60-g","status":"publish","type":"product","link":"https:\/\/fengchashop.com\/pl\/product\/zen-szen-panax-bio-60-g\/","title":{"rendered":"\u017be\u0144-sze\u0144 Panax BIO 60 g"},"content":{"rendered":"<h2 style=\"text-align: justify\"><span style=\"color: #000000\">Proszek \u017ce\u0144-szenia panax z produkcji organicznej<\/span><\/h2>\n<p style=\"text-align: justify\"><span style=\"color: #000000\">\u017be\u0144-sze\u0144 Panax to zio\u0142o pochodz\u0105ce z rodziny Araliaceae i nale\u017c\u0105ce do rodzaju Panax. \u201ePanax\u201d pochodzi od greckiego s\u0142owa oznaczaj\u0105cego \u201ewszelkie zdrowie\u201d lub \u201euzdrowienie\u201d, co odzwierciedla jego tradycyjne zastosowanie w medycynie. Zio\u0142o to znane jest ze swoich potencjalnych w\u0142a\u015bciwo\u015bci leczniczych i jest szeroko stosowane w tradycyjnej chi\u0144skiej, korea\u0144skiej i ameryka\u0144skiej medycynie ludowej.<\/span><\/p>\n<p style=\"text-align: justify\"><span style=\"color: #000000\">Korze\u0144 \u017ce\u0144-szenia jest<strong>jedn\u0105 z najwa\u017cniejszych ro\u015blin tradycyjnego zio\u0142olecznictwa chi\u0144skiego i rosyjskiego<\/strong>, gdzie jest stosowany jako suplement diety od wiek\u00f3w, je\u015bli nie tysi\u0105cleci. W Chinach powszechnie wiadomo, \u017ce \u017ce\u0144-sze\u0144 jest dobry dla naszego zdrowia pod wzgl\u0119dem <strong>d\u0142ugowieczno\u015bci<\/strong> (hamuje proces starzenia), <strong>pomaga poprawi\u0107 funkcjonowanie uk\u0142adu odporno\u015bciowego, dzia\u0142a przeciwzm\u0119czeniowo , dzia\u0142a antystresowo i wp\u0142ywa na lepsz\u0105 sprawno\u015b\u0107 seksualn\u0105<\/strong>.<\/span><\/p>\n<p style=\"text-align: justify\"><span style=\"color: #000000\">Aktywne zwi\u0105zki \u017ce\u0144-szenia zwane <strong>elewterozydami<\/strong> (zawiera a\u017c 7 r\u00f3\u017cnych) dzia\u0142aj\u0105 podobnie jak sterydy. \u017be\u0144-sze\u0144 jest tak\u017ce <strong>ro\u015blin\u0105 adaptogenn\u0105<\/strong>. S\u0105 to ro\u015bliny, kt\u00f3re pomagaj\u0105 organizmowi <strong>przystosowa\u0107 si\u0119 do r\u00f3\u017cnych negatywnych czynnik\u00f3w ze \u015brodowiska<\/strong>. Ma zdolno\u015b\u0107 regulowania i kontrolowania uk\u0142adu gruczo\u0142owego i hormonalnego, uk\u0142adu nerwowego i sercowo-naczyniowego oraz mi\u0119\u015bni. Adaptogeny skutecznie pomagaj\u0105 organizmowi radzi\u0107 sobie ze stresem fizycznym, chemicznym i biologicznym.<\/span><\/p>\n<p style=\"text-align: justify\"><span style=\"color: #000000\">Nasz \u017ce\u0144-sze\u0144 poanax pochodzi z upraw ekologicznych i nie zawiera wype\u0142niaczy ani dodatk\u00f3w. Po zbiorze korzenie \u017ce\u0144-szenia s\u0105 suszone, a nast\u0119pnie delikatnie mielone na proszek.<\/span><\/p>\n<h2 style=\"text-align: justify\"><span style=\"color: #000000\">Kluczowe w\u0142a\u015bciwo\u015bci \u017ce\u0144-szenia Panax i jego dzia\u0142anie<\/span><\/h2>\n<p><span style=\"color: #000000\">&#x1F49A; nazywany jest adaptogenem, co oznacza, \u017ce \u200b\u200bmo\u017ce pom\u00f3c organizmowi przystosowa\u0107 si\u0119 do stresu i zwi\u0119kszy\u0107 jego odporno\u015b\u0107 na szkodliwe czynniki,<\/span><\/p>\n<p><span style=\"color: #000000\">&#x1F49A; jest stosowany jako naturalny spos\u00f3b na zwi\u0119kszenie energii i wytrzyma\u0142o\u015bci,<\/span><\/p>\n<p><span style=\"color: #000000\">&#x1F49A; poprawia funkcje poznawcze, takie jak pami\u0119\u0107, koncentracja i uwaga<\/span><\/p>\n<p><span style=\"color: #000000\">&#x1F49A; wzmacnia uk\u0142ad odporno\u015bciowy, poniewa\u017c zawiera substancje stymuluj\u0105ce produkcj\u0119 bia\u0142ych krwinek zwalczaj\u0105cych infekcje.<\/span><\/p>\n<p><span style=\"color: #000000\">&#x1F49A; zawiera przeciwutleniacze, kt\u00f3re pomagaj\u0105 chroni\u0107 kom\u00f3rki przed uszkodzeniami powodowanymi przez wolne rodniki.<\/span><\/p>\n<p><span style=\"color: #000000\">&#x1F49A; pomaga ustabilizowa\u0107 poziom cukru we krwi, co jest korzystne dla os\u00f3b chorych na cukrzyc\u0119.<\/span><\/p>\n<p><span style=\"color: #000000\">&#x1F49A; poprawia libido u m\u0119\u017cczyzn,<\/span><\/p>\n<p><span style=\"color: #000000\">&#x1F49A; poprawia funkcje seksualne,<\/span><\/p>\n<p><span style=\"color: #000000\">&#x1F49A; mo\u017ce mie\u0107 w\u0142a\u015bciwo\u015bci przeciwzapalne, kt\u00f3re mog\u0105 pom\u00f3c zmniejszy\u0107 stan zapalny w organizmie,<\/span><\/p>\n<p><span style=\"color: #000000\">&#x1F49A; pozytywnie wp\u0142ywa na uk\u0142ad sercowo-naczyniowy poprzez obni\u017cenie ci\u015bnienia krwi i popraw\u0119 poziomu cholesterolu.<\/span><\/p>\n<h2 style=\"text-align: justify\"><span style=\"color: #000000\">Jak z tego korzystamy?<\/span><\/h2>\n<p style=\"text-align: justify\"><span style=\"color: #000000\">Proszek \u017ce\u0144-szenia panax dodaje si\u0119 po prostu do wody, herbaty, kawy, soku lub koktajli i wypija. Zalecamy przyjmowanie <strong>1\/3 maksymalnie 1\/2 \u0142y\u017ceczki<\/strong> (1 \u2013 2 gram\u00f3w) sproszkowanego \u017ce\u0144-szenia panax <strong>codziennie przez co najmniej 2 do 3 miesi\u0119cy<\/strong>. Zacznij od 1\/3 \u0142y\u017ceczki dziennie, a nast\u0119pnie stopniowo zwi\u0119kszaj do maksymalnie 1\/2 \u0142y\u017ceczki dziennie.<\/span><\/p>\n<p style=\"text-align: justify\"><span style=\"color: #000000\">Poniewa\u017c \u017ce\u0144-sze\u0144 dodaje nam energii, zalecamy przyjmowanie go rano lub wcze\u015bnie rano, w przeciwnym razie mo\u017ce to mie\u0107 wp\u0142yw na jako\u015b\u0107 Twojego snu.<\/span><\/p>\n<h2 style=\"text-align: justify\"><span style=\"color: #000000\">Sk\u0142adniki<\/span><\/h2>\n<p style=\"text-align: justify\"><span style=\"color: #000000\">Sk\u0142ad: proszek \u017ce\u0144-szenia panax*.<\/span><\/p>\n<p style=\"text-align: justify\"><span style=\"color: #000000\">*z produkcji ekologicznej<\/span><\/p>\n<h2 style=\"text-align: justify\"><span style=\"color: #000000\">Przechowywanie i ostrze\u017cenia<\/span><\/h2>\n<p style=\"text-align: justify\"><span style=\"color: #000000\">Przechowywa\u0107 w suchym i ch\u0142odnym miejscu. Suplement diety powinien by\u0107 niedost\u0119pny dla dzieci!<\/span><\/p>\n<p style=\"text-align: justify\"><span style=\"color: #000000\">Nie zapominaj, jak wa\u017cna jest zr\u00f3\u017cnicowana dieta i zdrowy tryb \u017cycia, dlatego suplement diety nie zast\u0119puje zbilansowana i zr\u00f3\u017cnicowana dieta. Nie nale\u017cy przekracza\u0107 zalecanej dziennej ilo\u015bci lub dawki. Kobiety w ci\u0105\u017cy, matki karmi\u0105ce oraz osoby za\u017cywaj\u0105ce leki powinny zawsze przed u\u017cyciem skonsultowa\u0107 si\u0119 z lekarzem.<\/span><\/p>\n<h2 style=\"text-align: justify\"><span style=\"color: #000000\">Opakowanie<\/span><\/h2>\n<p style=\"text-align: justify\"><span style=\"color: #000000\">Szczelna torba zapinana na zamek, w kt\u00f3rej produkt zachowuje ca\u0142\u0105 swoj\u0105 \u015bwie\u017co\u015b\u0107 i aromat. Opakowanie chroni przed \u015bwiat\u0142em i powietrzem, gdy\u017c sk\u0142ada si\u0119 z kilku warstw ochronnych, kt\u00f3re zachowuj\u0105 w\u0142a\u015bciwo\u015bci zawarto\u015bci.<\/span><\/p>\n<p style=\"text-align: justify\"><span style=\"color: #000000\">Opakowanie jest bardzo praktyczne i umo\u017cliwia recykling.<\/span><\/p>\n<h2 style=\"text-align: justify\"><span style=\"color: #000000\">Pochodzenie<\/span><\/h2>\n<p style=\"text-align: justify\"><span style=\"color: #000000\">Chiny. Mamy bardzo wiarygodnych dostawc\u00f3w, kt\u00f3rzy przesy\u0142aj\u0105 nam szczeg\u00f3\u0142ow\u0105 analiz\u0119 chemiczn\u0105 \u017cywno\u015bci dla ka\u017cdej partii. Przez ponad dziesi\u0119\u0107 lat nie mieli\u015bmy \u017cadnych wycofa\u0144 ani \u017cadnych innych problem\u00f3w zwi\u0105zanych z tym produktem, ani z innymi produktami tego samego dostawcy. Artyku\u0142 posiada certyfikat 100% organicznego.<\/span><\/p>\n<h2><\/h2>\n","protected":false},"excerpt":{"rendered":"<p>Korze\u0144 \u017ce\u0144-szenia jest<strong>jedn\u0105 z najwa\u017cniejszych ro\u015blin w tradycyjnym zio\u0142olecznictwie chi\u0144skim i rosyjskim<\/strong>, gdzie by\u0142 stosowany jako suplement diety od wiek\u00f3w, je\u015bli nie tysi\u0105cleci w Chinach. powszechnie wiadomo, \u017ce \u017ce\u0144-sze\u0144 jest dobry dla naszego zdrowia w zakresie:<\/p>\n<p>&#x1F49A; d\u0142ugowieczno\u015b\u0107 (hamuje procesy starzenia),<br \/>\n&#x1F49A; wzmacnia uk\u0142ad odporno\u015bciowy,<br \/>\n&#x1F49A; dzia\u0142a przeciw zm\u0119czeniu,<br \/>\n&#x1F49A; przed stresem,<br \/>\n&#x1F49A; wp\u0142ywa na lepsz\u0105 si\u0142\u0119 seksualn\u0105.<\/p>\n","protected":false},"featured_media":6413,"comment_status":"open","ping_status":"closed","template":"","meta":{"_acf_changed":false},"product_brand":[],"product_cat":[15,224,228,225],"product_tag":[],"class_list":{"0":"post-6412","1":"product","2":"type-product","3":"status-publish","4":"has-post-thumbnail","6":"product_cat-uncategorized","7":"product_cat-oferta","8":"product_cat-superzywnosc","9":"product_cat-wszystkie-produkty","11":"first","12":"instock","13":"sale","14":"taxable","15":"shipping-taxable","16":"purchasable","17":"product-type-simple"},"acf":[],"_links":{"self":[{"href":"https:\/\/fengchashop.com\/pl\/wp-json\/wp\/v2\/product\/6412","targetHints":{"allow":["GET"]}}],"collection":[{"href":"https:\/\/fengchashop.com\/pl\/wp-json\/wp\/v2\/product"}],"about":[{"href":"https:\/\/fengchashop.com\/pl\/wp-json\/wp\/v2\/types\/product"}],"replies":[{"embeddable":true,"href":"https:\/\/fengchashop.com\/pl\/wp-json\/wp\/v2\/comments?post=6412"}],"wp:featuredmedia":[{"embeddable":true,"href":"https:\/\/fengchashop.com\/pl\/wp-json\/wp\/v2\/media\/6413"}],"wp:attachment":[{"href":"https:\/\/fengchashop.com\/pl\/wp-json\/wp\/v2\/media?parent=6412"}],"wp:term":[{"taxonomy":"product_brand","embeddable":true,"href":"https:\/\/fengchashop.com\/pl\/wp-json\/wp\/v2\/product_brand?post=6412"},{"taxonomy":"product_cat","embeddable":true,"href":"https:\/\/fengchashop.com\/pl\/wp-json\/wp\/v2\/product_cat?post=6412"},{"taxonomy":"product_tag","embeddable":true,"href":"https:\/\/fengchashop.com\/pl\/wp-json\/wp\/v2\/product_tag?post=6412"}],"curies":[{"name":"wp","href":"https:\/\/api.w.org\/{rel}","templated":true}]}}