{"id":6371,"date":"2022-05-21T06:15:13","date_gmt":"2022-05-21T04:15:13","guid":{"rendered":"https:\/\/fengchashop.com\/pl\/product\/rooibos-bio-200-g\/"},"modified":"2026-04-27T21:10:30","modified_gmt":"2026-04-27T19:10:30","slug":"rooibos-bio","status":"publish","type":"product","link":"https:\/\/fengchashop.com\/pl\/product\/rooibos-bio\/","title":{"rendered":"Rooibos BIO 200 g"},"content":{"rendered":"<h2><span style=\"color: #000000\">Rooibos BIO<\/span><\/h2>\n<p><span style=\"color: #000000\">Rooibos to krzew zio\u0142owy rosn\u0105cy w Republice Po\u0142udniowej Afryki. Miejscowi nazywaj\u0105 go czerwonym krzakiem. Ulotki z ga\u0142\u0105zkami s\u0105 zbierane i suszone na s\u0142o\u0144cu. Zachodzi tu fermentacja, podczas kt\u00f3rej zielone li\u015bcie zmieniaj\u0105 kolor na czerwony. Herbata nie zawiera kofeiny i mo\u017cna j\u0105 pi\u0107 nawet wieczorami.<\/span><\/p>\n<p><span style=\"color: #000000\">Jest to nap\u00f3j niezwykle popularny na ca\u0142ym \u015bwiecie, gdy\u017c zachwyca naturalnym s\u0142odkim smakiem i wieloma dobroczynnymi dzia\u0142aniami. Herbata Rooibos zawiera wiele przeciwutleniaczy, minera\u0142\u00f3w i minera\u0142\u00f3w. Nasza herbata rooibos pochodzi z upraw ekologicznych.<\/span><\/p>\n<h2><span style=\"color: #000000\">Przechowywanie<\/span><\/h2>\n<p><span style=\"color: #000000\">Przechowuj rooibos w suchym, ciemnym i ch\u0142odnym miejscu.<\/span><\/p>\n<h2><span style=\"color: #000000\">Opakowanie<\/span><\/h2>\n<p><span style=\"color: #000000\">W nieprzepuszczalnej torebce z zamkiem b\u0142yskawicznym, w kt\u00f3rej produkt zachowuje ca\u0142\u0105 swoj\u0105 \u015bwie\u017co\u015b\u0107 i aromat. Opakowanie chroni go przed \u015bwiat\u0142em i powietrzem. Sk\u0142ada si\u0119 z kilku warstw ochronnych, aby zachowa\u0107 w\u0142a\u015bciwo\u015bci produktu.<\/span><\/p>\n<p><span style=\"color: #000000\">Opakowanie jest bardzo praktyczne i nadaje si\u0119 do recyklingu.<\/span><\/p>\n<h2><span style=\"color: #000000\">Pochodzenie<\/span><\/h2>\n<p><span style=\"color: #000000\">Afryka Po\u0142udniowa<\/span><\/p>\n","protected":false},"excerpt":{"rendered":"<p>Rooibos to niezwykle popularny nap\u00f3j na ca\u0142ym \u015bwiecie, gdy\u017c zachwyca naturalnym s\u0142odkim smakiem i wieloma dobroczynnymi dzia\u0142aniami.<\/p>\n<p>\ud83d\udc9a Zawiera mn\u00f3stwo przeciwutleniaczy, minera\u0142\u00f3w i minera\u0142\u00f3w.<br \/>\n\ud83d\udc9a Pochodzi z produkcji ekologicznej.<\/p>\n","protected":false},"featured_media":6372,"comment_status":"open","ping_status":"closed","template":"","meta":{"_acf_changed":false},"product_brand":[],"product_cat":[15,223,205],"product_tag":[],"class_list":{"0":"post-6371","1":"product","2":"type-product","3":"status-publish","4":"has-post-thumbnail","6":"product_cat-uncategorized","7":"product_cat-herbata","8":"product_cat-herbata-jedzenie-i-przyprawy","10":"first","11":"instock","12":"sale","13":"taxable","14":"shipping-taxable","15":"purchasable","16":"product-type-simple"},"acf":[],"_links":{"self":[{"href":"https:\/\/fengchashop.com\/pl\/wp-json\/wp\/v2\/product\/6371","targetHints":{"allow":["GET"]}}],"collection":[{"href":"https:\/\/fengchashop.com\/pl\/wp-json\/wp\/v2\/product"}],"about":[{"href":"https:\/\/fengchashop.com\/pl\/wp-json\/wp\/v2\/types\/product"}],"replies":[{"embeddable":true,"href":"https:\/\/fengchashop.com\/pl\/wp-json\/wp\/v2\/comments?post=6371"}],"wp:featuredmedia":[{"embeddable":true,"href":"https:\/\/fengchashop.com\/pl\/wp-json\/wp\/v2\/media\/6372"}],"wp:attachment":[{"href":"https:\/\/fengchashop.com\/pl\/wp-json\/wp\/v2\/media?parent=6371"}],"wp:term":[{"taxonomy":"product_brand","embeddable":true,"href":"https:\/\/fengchashop.com\/pl\/wp-json\/wp\/v2\/product_brand?post=6371"},{"taxonomy":"product_cat","embeddable":true,"href":"https:\/\/fengchashop.com\/pl\/wp-json\/wp\/v2\/product_cat?post=6371"},{"taxonomy":"product_tag","embeddable":true,"href":"https:\/\/fengchashop.com\/pl\/wp-json\/wp\/v2\/product_tag?post=6371"}],"curies":[{"name":"wp","href":"https:\/\/api.w.org\/{rel}","templated":true}]}}