{"id":6366,"date":"2025-07-24T17:56:46","date_gmt":"2025-07-24T15:56:46","guid":{"rendered":"https:\/\/fengchashop.com\/pl\/product\/krople-bacha\/"},"modified":"2026-01-21T18:17:13","modified_gmt":"2026-01-21T17:17:13","slug":"krople-bacha","status":"publish","type":"product","link":"https:\/\/fengchashop.com\/pl\/product\/krople-bacha\/","title":{"rendered":"Krople Bacha"},"content":{"rendered":"<h2><span style=\"color: #000000;\">Krople Bacha \u2013 zr\u00f3b to sam<\/span><\/h2>\n<p><span style=\"color: #000000;\">Chcesz przej\u0105\u0107 <strong>kontrol\u0119 nad swoimi emocjami, odnale\u017a\u0107 harmoni\u0119 i wewn\u0119trzny spok\u00f3j<\/strong>?<\/span><\/p>\n<p><span style=\"color: #000000;\">Dr. Edvard Bach odkrywa 38 esencji kwiatowych dla poszczeg\u00f3lnych stan\u00f3w emocjonalnych. Krople Bacha dzia\u0142aj\u0105 skutecznie przeciwko r\u00f3\u017cnym niepokojom emocjonalnym jednostki. Krople nie powoduj\u0105 skutk\u00f3w ubocznych i s\u0105 \u0142atwe w u\u017cyciu. Pomagaj\u0105 w r\u00f3\u017cnych kryzysach i trudnych sytuacjach \u017cyciowych. Przy nich wyciszamy si\u0119 i zachowujemy spokojn\u0105 g\u0142ow\u0119. Dzia\u0142aj\u0105 na nasz stan emocjonalny i pomagaj\u0105 go zharmonizowa\u0107.<\/span><\/p>\n<p><span style=\"color: #000000;\">&#8211; S\u0105 odpowiednie dla wszystkich ludzi (kobiet w ci\u0105\u017cy, os\u00f3b starszych, dzieci&#8230;) i zwierz\u0105t.<\/span><\/p>\n<p><span style=\"color: #000000;\">&#8211; Nie maj\u0105 skutk\u00f3w ubocznych, nie uzale\u017cniaj\u0105 i nie mo\u017cna ich przedawkowa\u0107.<\/span><\/p>\n<p><span style=\"color: #000000;\">&#8211; Pierwsze rezultaty mo\u017cna zauwa\u017cy\u0107 ju\u017c po kilku dniach lub tygodniach, zale\u017cy to od indywidualnej sytuacji.<\/span><\/p>\n<p><span style=\"color: #000000;\">&#8211; Nie wp\u0142ywa na inne leki.<\/span><\/p>\n<p><span style=\"color: #000000;\">&#8211; Krople pakowane s\u0105 r\u0119cznie, na miejscu w dniu wysy\u0142ki.<\/span><\/p>\n<p><span style=\"color: #000000;\">Przy pomocy kropli Bacha przejmujemy kontrol\u0119 nad emocjami, odnajdujemy harmoni\u0119 i wewn\u0119trzny spok\u00f3j. Mieszanki kropli Bacha przygotowywane s\u0105 wed\u0142ug metody dr. Bacha i <strong>z oryginalnymi esencjami Bacha<\/strong>.<\/span><\/p>\n<p><span style=\"color: #000000;\">Je\u015bli nie wiesz, kt\u00f3ra esencja b\u0119dzie dla Ciebie odpowiednia, wybierz us\u0142ug\u0119 <a style=\"color: #000000;\" href=\"https:\/\/pl.fengchashop.com\/product\/bach-rezygnuje-z-poradnictwa\/\" target=\"_self\">Rada Bacha<\/a>.<\/span><\/p>\n<h2><span style=\"color: #000000;\">Upu\u015b\u0107 zaznaczenie<\/span><\/h2>\n<p><span style=\"color: #000000;\">Mo\u017cesz wybra\u0107 swoj\u0105 mieszank\u0119 kropli Bacha w zale\u017cno\u015bci od aktualnego stanu emocjonalnego. Wybierz maksymalnie <strong data-start=\"414\" data-end=\"435\">7 r\u00f3\u017cnych esencji<\/strong> z poni\u017cszej listy. Prosimy o wpisanie ich w <strong data-start=\"482\" data-end=\"509\">pole uwag do zam\u00f3wienia<\/strong> podczas finalizacji zakupu. Po otrzymaniu zam\u00f3wienia przygotujemy Twoj\u0105 spersonalizowan\u0105 mieszank\u0119.<\/span><\/p>\n<h2><span style=\"color: #000000;\">Ilo\u015b\u0107<\/span><\/h2>\n<p><span style=\"color: #000000;\">30 ml (wystarczy na jeden miesi\u0105c).<\/span><\/p>\n<h2><span style=\"color: #000000;\">Lista esencji kwiatowych Bacha<\/span><\/h2>\n<p><span style=\"color: #000000;\"><strong>AGRIMONY (REPIK):<\/strong> napi\u0119cie i niepok\u00f3j w ciele, zabawa u\u015bmiechem, maskowanie, nie okazywanie emocji, zale\u017cno\u015b\u0107<\/span><br \/>\n<span style=\"color: #000000;\"><strong>ASPEN (FIRE)<\/strong>: na nieznane l\u0119ki, z\u0142e przeczucia, koszmary, nie\u015bmia\u0142ych ludzi, niepok\u00f3j i niepok\u00f3j<\/span><\/p>\n<p><span style=\"color: #000000;\"><strong>BUK:<\/strong> nadmierna krytyka, nietolerancja, arogancja, uprzedzenia<\/span><\/p>\n<p><span style=\"color: #000000;\"><strong>CENTAURY:<\/strong> zbyt pomocny, nie potrafi odm\u00f3wi\u0107, nie potrafi stawia\u0107 granic i nie potrafi si\u0119 broni\u0107<\/span><\/p>\n<p><span style=\"color: #000000;\"><strong>CERATO (RO\u017dI\u010c):<\/strong> niezdecydowanie wynikaj\u0105ce z braku zaufania do w\u0142asnego zdania, ci\u0105g\u0142e proszenie innych o rad\u0119<\/span><\/p>\n<p><span style=\"color: #000000;\"><strong>\u015aLIWKA WI\u015aNIOWA:<\/strong> strach przed utrat\u0105 kontroli i zrobieniem czego\u015b sobie lub innym, wewn\u0119trzne napi\u0119cie, wybuchy z\u0142o\u015bci i w\u015bciek\u0142o\u015bci<\/span><\/p>\n<p><span style=\"color: #000000;\"><strong>P\u0105czek KASZTANOWCA:<\/strong> powtarzanie w k\u00f3\u0142ko tych samych b\u0142\u0119d\u00f3w i nawyk\u00f3w, brak satysfakcji<\/span><\/p>\n<p><span style=\"color: #000000;\"><strong>CYKORY:<\/strong> manipulacja, szanta\u017c, zaborczo\u015b\u0107, intensywna zazdro\u015b\u0107<\/span><\/p>\n<p><span style=\"color: #000000;\"><strong>CLEMATIS (SROBOT):<\/strong> senno\u015b\u0107, dezorientacja, brak uwagi, rozproszenie my\u015blenia, trudno\u015bci z koncentracj\u0105<\/span><\/p>\n<p><span style=\"color: #000000;\"><strong>KRAB JAB\u0141KO:<\/strong> wstyd, uczucie brudu, perfekcjonizm, kompulsywna potrzeba czysto\u015bci<\/span><\/p>\n<p><span style=\"color: #000000;\"><strong>ELM (ELM):<\/strong> chwilowy spadek energii, gdy jeste\u015b wyczerpany, gdy pracujesz dla innych, stres, przeci\u0105\u017cenie<\/span><\/p>\n<p><span style=\"color: #000000;\"><strong>GENTYAN:<\/strong> pesymizm, smutek wiadomego pochodzenia, \u0142agodna depresja<\/span><\/p>\n<p><span style=\"color: #000000;\"><strong>GORSE (ULEKS):<\/strong> rozpacz, nic ju\u017c nie ma sensu<\/span><\/p>\n<p><span style=\"color: #000000;\"><strong>HEATHER (JESIENNE ROZWI\u0104ZANIE):<\/strong> zawsze m\u00f3wi o sobie i swoich problemach, prowadzi monologi, u\u017cala si\u0119 nad sob\u0105, chce by\u0107 w centrum uwagi<\/span><\/p>\n<p><span style=\"color: #000000;\"><strong>HOLLY (BODIKA):<\/strong> zazdro\u015b\u0107, aktywny gniew, zewn\u0119trzny gniew, nieufno\u015b\u0107, nienawi\u015b\u0107<\/span><\/p>\n<p><span style=\"color: #000000;\"><strong>Wiciokrzew (Kowal):<\/strong> \u017cyjesz przesz\u0142o\u015bci\u0105, smutkiem, nostalgi\u0105, melancholi\u0105<\/span><\/p>\n<p><span style=\"color: #000000;\"><strong>GRAB (GABER):<\/strong> na wyczerpanie psychiczne i psychiczne, zm\u0119czenie psychiczne, brak energii, poranne zm\u0119czenie, nud\u0119 i rutyn\u0119<\/span><\/p>\n<p><span style=\"color: #000000;\"><strong>NIECIERPLIWO\u015a\u0106:<\/strong> niecierpliwo\u015b\u0107, impulsywno\u015b\u0107, niecierpliwo\u015b\u0107, napi\u0119cie, dra\u017cliwo\u015b\u0107, nietolerancja<\/span><\/p>\n<p><span style=\"color: #000000;\"><strong>MODRZEW (MACESEN):<\/strong> brak pewno\u015bci siebie, poczucie ni\u017cszo\u015bci, poddawanie si\u0119 pod presj\u0105, nerwowo\u015b\u0107 przed egzaminami i wyst\u0119pami<\/span><\/p>\n<p><span style=\"color: #000000;\"><strong>MIMULUS (Krinkar):<\/strong> w przypadku znanych l\u0119k\u00f3w, strachu, nie\u015bmia\u0142o\u015bci, nadwra\u017cliwo\u015bci<\/span><\/p>\n<p><span style=\"color: #000000;\"><strong>MUSTARD:<\/strong> depresja o nieznanej przyczynie, okresy powtarzaj\u0105cego si\u0119 smutku bez przyczyny<\/span><\/p>\n<p><span style=\"color: #000000;\"><strong>OAK:<\/strong> nigdy si\u0119 nie zatrzymujesz, nie umiesz odpoczywa\u0107, wypalasz si\u0119, narzucasz sobie ci\u0119\u017cary innych, po\u015bwi\u0119casz si\u0119&lt;\/ rozpi\u0119to\u015b\u0107&gt;<\/span><\/p>\n<p><span style=\"color: #000000;\"><strong>OLIVE:<\/strong> wyczerpanie psychiczne i fizyczne, zm\u0119czenie, przeci\u0105\u017cenie, os\u0142abienie<\/span><\/p>\n<p><span style=\"color: #000000;\"><strong>SOSNA (BOR):<\/strong> poczucie winy, ci\u0105g\u0142e przepraszanie i zbyt cz\u0119ste dzi\u0119kowanie, nadmierna samokrytyka<\/span><\/p>\n<p><span style=\"color: #000000;\"><strong>KASZTAN CZERWONY:<\/strong> troska o bliskich, nadmierne przywi\u0105zanie do bliskich<\/span><\/p>\n<p><span style=\"color: #000000;\"><strong>SKALNA R\u00d3\u017bA:<\/strong> panika, przera\u017cenie, skrajny strach<\/span><\/p>\n<p><span style=\"color: #000000;\"><strong>WODA SKA\u0141A (STUDENT):<\/strong> napi\u0119cie, sztywno\u015b\u0107, perfekcjonizm<\/span><\/p>\n<p><span style=\"color: #000000;\"><strong>SCLERANTHUS (P\u0118CZEK):<\/strong> niezdecydowanie, niestabilno\u015b\u0107, mentalny podzia\u0142 na dwie opcje, ci\u0105g\u0142a zmiana opinii i nastroj\u00f3w<\/span><\/p>\n<p><span style=\"color: #000000;\"><strong>GWIAZDA BETLEJEMSKA:<\/strong> na fizyczne i psychiczne wstrz\u0105sy, wstrz\u0105sy, przesz\u0142e i obecne traumy, pomaga podnie\u015b\u0107 si\u0119 po wszystkich pr\u00f3bach \u017cycia<\/span><\/p>\n<p>S\u0142odki kasztan<\/p>\n<p><span style=\"color: #000000;\"><strong>VERVAIN (ZAPYTAJ):<\/strong> nadmierny entuzjazm, fanatyzm, wmawia innym, \u017ce jego pomys\u0142y s\u0105 najlepsze<\/span><\/p>\n<p><span style=\"color: #000000;\"><strong>VINE:<\/strong> przyw\u00f3dca, dow\u00f3dztwo, tyrania, w\u0142adza, surowo\u015b\u0107<\/span><\/p>\n<p><span style=\"color: #000000;\"><strong>ORZECH:<\/strong> na nowe etapy \u017cycia (rozw\u00f3d, przeprowadzka, emerytura, dojrzewanie, kryzys wieku \u015bredniego, menopauza&#8230;), na lepszy sen, pomaga znale\u017a\u0107 w\u0142asny biorytm<\/span><\/p>\n<p><span style=\"color: #000000;\"><strong>WODNY FIOLET (WRZ\u0118S BAGNIENNY):<\/strong> dla wznios\u0142ych ludzi, kt\u00f3rzy<\/span><\/p>\n","protected":false},"excerpt":{"rendered":"<p>Krople Bacha dzia\u0142aj\u0105 skutecznie przeciwko r\u00f3\u017cnym niepokojom emocjonalnym jednostki. Pomagaj\u0105 w r\u00f3\u017cnych kryzysach i trudnych sytuacjach \u017cyciowych. Przy nich wyciszamy si\u0119 i zachowujemy spokojn\u0105 g\u0142ow\u0119. Dzia\u0142aj\u0105 na nasz stan emocjonalny i pomagaj\u0105 go zharmonizowa\u0107.<\/p>\n<p>\ud83d\udc9a Dropy pakowane s\u0105 r\u0119cznie, na miejscu w dniu wysy\u0142ki.<br \/>\n\ud83d\udc9a S\u0105 odpowiednie dla wszystkich ludzi (kobiet w ci\u0105\u017cy, os\u00f3b starszych, dzieci,&#8230;) i zwierz\u0105t.<br \/>\n\ud83d\udc9a Nie maj\u0105 skutk\u00f3w ubocznych, nie powoduj\u0105 uzale\u017cnienia i nie mo\u017cna ich przedawkowa\u0107.<br \/>\n\ud83d\udc9a Pierwsze rezultaty mo\u017cna zauwa\u017cy\u0107 ju\u017c po kilku dniach lub tygodniach, jest to zale\u017cne od ka\u017cdej osoby.<br \/>\n\ud83d\udc9a Nie wp\u0142ywa na inne leki.<\/p>\n","protected":false},"featured_media":6318,"comment_status":"open","ping_status":"closed","template":"","meta":{"_acf_changed":false},"product_brand":[],"product_cat":[15,236,224,225],"product_tag":[],"class_list":{"0":"post-6366","1":"product","2":"type-product","3":"status-publish","4":"has-post-thumbnail","6":"product_cat-uncategorized","7":"product_cat-krople-bacha","8":"product_cat-oferta","9":"product_cat-wszystkie-produkty","11":"first","12":"instock","13":"taxable","14":"shipping-taxable","15":"purchasable","16":"product-type-simple"},"acf":[],"_links":{"self":[{"href":"https:\/\/fengchashop.com\/pl\/wp-json\/wp\/v2\/product\/6366","targetHints":{"allow":["GET"]}}],"collection":[{"href":"https:\/\/fengchashop.com\/pl\/wp-json\/wp\/v2\/product"}],"about":[{"href":"https:\/\/fengchashop.com\/pl\/wp-json\/wp\/v2\/types\/product"}],"replies":[{"embeddable":true,"href":"https:\/\/fengchashop.com\/pl\/wp-json\/wp\/v2\/comments?post=6366"}],"wp:featuredmedia":[{"embeddable":true,"href":"https:\/\/fengchashop.com\/pl\/wp-json\/wp\/v2\/media\/6318"}],"wp:attachment":[{"href":"https:\/\/fengchashop.com\/pl\/wp-json\/wp\/v2\/media?parent=6366"}],"wp:term":[{"taxonomy":"product_brand","embeddable":true,"href":"https:\/\/fengchashop.com\/pl\/wp-json\/wp\/v2\/product_brand?post=6366"},{"taxonomy":"product_cat","embeddable":true,"href":"https:\/\/fengchashop.com\/pl\/wp-json\/wp\/v2\/product_cat?post=6366"},{"taxonomy":"product_tag","embeddable":true,"href":"https:\/\/fengchashop.com\/pl\/wp-json\/wp\/v2\/product_tag?post=6366"}],"curies":[{"name":"wp","href":"https:\/\/api.w.org\/{rel}","templated":true}]}}