{"id":6364,"date":"2025-07-24T17:56:46","date_gmt":"2025-07-24T15:56:46","guid":{"rendered":"https:\/\/fengchashop.com\/pl\/product\/bach-rezygnuje-z-poradnictwa\/"},"modified":"2026-01-21T18:17:11","modified_gmt":"2026-01-21T17:17:11","slug":"bach-rezygnuje-z-poradnictwa","status":"publish","type":"product","link":"https:\/\/fengchashop.com\/pl\/product\/bach-rezygnuje-z-poradnictwa\/","title":{"rendered":"Bach rezygnuje z poradnictwa"},"content":{"rendered":"<h2 style=\"text-align: justify;\"><span style=\"color: #000000;\">Krople Bacha &#8211; konsultacja indywidualna<\/span><\/h2>\n<p style=\"text-align: justify;\"><span style=\"color: #000000;\">Chcesz przej\u0105\u0107 kontrol\u0119 nad swoimi emocjami, odnale\u017a\u0107 harmoni\u0119 i wewn\u0119trzny spok\u00f3j? Je\u015bli cho\u0107 raz odpowiedzia\u0142e\u015b twierdz\u0105co, terapia esencjami kwiatowymi Bacha mo\u017ce by\u0107 w\u0142a\u015bciwym rozwi\u0105zaniem Twoich problem\u00f3w.<\/span><\/p>\n<p style=\"text-align: justify;\"><span style=\"color: #000000;\"><strong>Prze\u015blij nam kr\u00f3tki opis problem\u00f3w, kt\u00f3re chcesz rozwi\u0105za\u0107.<\/strong><\/span><\/p>\n<p style=\"text-align: justify;\"><span style=\"color: #000000;\">Dr. W latach trzydziestych XX wieku Edvard Bach, lekarz i homeopata, odkry\u0142 38 esencji kwiatowych na indywidualne stany emocjonalne. Krople Bacha dzia\u0142aj\u0105 skutecznie przeciwko r\u00f3\u017cnym niepokojom emocjonalnym jednostki. S\u0105 <strong>bez skutk\u00f3w ubocznych<\/strong> i \u0142atwe w u\u017cyciu. Pomagaj\u0105 w r\u00f3\u017cnych kryzysach i trudnych sytuacjach \u017cyciowych.<\/span><\/p>\n<p style=\"text-align: justify;\"><span style=\"color: #000000;\">S\u0105 odpowiednie dla wszystkich ludzi (kobiet w ci\u0105\u017cy, os\u00f3b starszych, dzieci&#8230;) i zwierz\u0105t. Nie powoduj\u0105 skutk\u00f3w ubocznych, nie mo\u017cna ich przedawkowa\u0107 i nie uzale\u017cniaj\u0105.<\/span><\/p>\n<p style=\"text-align: justify;\"><span style=\"color: #000000;\">Pierwsze rezultaty mo\u017cna zauwa\u017cy\u0107 po kilku dniach lub tygodniach, zale\u017cy to od indywidualnej sytuacji.<\/span><\/p>\n<p style=\"text-align: justify;\"><span style=\"color: #000000;\">Nie ma wp\u0142ywu na inne leki.<\/span><\/p>\n<p style=\"text-align: justify;\"><span style=\"color: #000000;\">Przy pomocy kropli Bacha przejmujemy kontrol\u0119 nad swoimi emocjami, odnajdujemy harmoni\u0119 i wewn\u0119trzny spok\u00f3j.Mieszanki kropli Bacha przygotowywane s\u0105 wed\u0142ug metody dr. Bacha, ale u\u017cywamy <b> wy\u0142\u0105cznie oryginalnych esencji Bacha<\/b>.<\/span><\/p>\n<h2 style=\"text-align: justify;\"><span style=\"color: #000000;\">Wyb\u00f3r kropli<\/span><\/h2>\n<p style=\"text-align: justify;\"><span style=\"color: #000000;\">Certyfikowany konsultant Bacha przygotowuje dla Ciebie specjaln\u0105 mieszank\u0119 zgodnie z przes\u0142anym opisem. Wy\u015blij nam e-mail (info@fengcha.si) lub wype\u0142nij pole powy\u017cej i dodaj artyku\u0142 do koszyka. Po z\u0142o\u017ceniu zam\u00f3wienia przygotujemy dla Ciebie spersonalizowan\u0105 mieszank\u0119.<\/span><br \/>\n<span style=\"color: #000000;\">Krople s\u0105 przygotowywane<strong> r\u0119cznie i na bie\u017c\u0105co w dniu wysy\u0142ki.<\/strong><\/span><\/p>\n<h2 style=\"text-align: justify;\"><span style=\"color: #000000;\">Przechowywanie<\/span><\/h2>\n<p style=\"text-align: justify;\"><span style=\"color: #000000;\">Przechowywa\u0107 w suchym i ciemnym miejscu, w temperaturze do +25\u00b0C.<\/span><\/p>\n<h2 style=\"text-align: justify;\"><span style=\"color: #000000;\">Ilo\u015b\u0107<\/span><\/h2>\n<p style=\"text-align: justify;\"><span style=\"color: #000000;\">30 ml (wystarcza na 30 dni regularnego przyjmowania)<\/span><\/p>\n","protected":false},"excerpt":{"rendered":"<p>Krople Bacha dzia\u0142aj\u0105 skutecznie przeciwko r\u00f3\u017cnym niepokojom emocjonalnym jednostki. Pomagaj\u0105 w r\u00f3\u017cnych kryzysach i trudnych sytuacjach \u017cyciowych. Przy nich wyciszamy si\u0119 i zachowujemy spokojn\u0105 g\u0142ow\u0119. Dzia\u0142aj\u0105 na nasz stan emocjonalny i pomagaj\u0105 go zharmonizowa\u0107.<\/p>\n<p>\ud83d\udc9a Dropy pakowane s\u0105 r\u0119cznie, na miejscu w dniu wysy\u0142ki.<br \/>\n\ud83d\udc9a S\u0105 odpowiednie dla wszystkich ludzi (kobiet w ci\u0105\u017cy, os\u00f3b starszych, dzieci,&#8230;) i zwierz\u0105t.<br \/>\n\ud83d\udc9a Nie maj\u0105 skutk\u00f3w ubocznych, nie powoduj\u0105 uzale\u017cnienia i nie mo\u017cna ich przedawkowa\u0107.<br \/>\n\ud83d\udc9a Pierwsze rezultaty mo\u017cna zauwa\u017cy\u0107 ju\u017c po kilku dniach lub tygodniach, jest to zale\u017cne od ka\u017cdej osoby.<br \/>\n\ud83d\udc9a Nie wp\u0142ywa na inne leki.<\/p>\n","protected":false},"featured_media":6318,"comment_status":"open","ping_status":"closed","template":"","meta":{"_acf_changed":false},"product_brand":[],"product_cat":[15,236,224,225],"product_tag":[],"class_list":{"0":"post-6364","1":"product","2":"type-product","3":"status-publish","4":"has-post-thumbnail","6":"product_cat-uncategorized","7":"product_cat-krople-bacha","8":"product_cat-oferta","9":"product_cat-wszystkie-produkty","11":"first","12":"instock","13":"taxable","14":"shipping-taxable","15":"purchasable","16":"product-type-simple"},"acf":[],"_links":{"self":[{"href":"https:\/\/fengchashop.com\/pl\/wp-json\/wp\/v2\/product\/6364","targetHints":{"allow":["GET"]}}],"collection":[{"href":"https:\/\/fengchashop.com\/pl\/wp-json\/wp\/v2\/product"}],"about":[{"href":"https:\/\/fengchashop.com\/pl\/wp-json\/wp\/v2\/types\/product"}],"replies":[{"embeddable":true,"href":"https:\/\/fengchashop.com\/pl\/wp-json\/wp\/v2\/comments?post=6364"}],"wp:featuredmedia":[{"embeddable":true,"href":"https:\/\/fengchashop.com\/pl\/wp-json\/wp\/v2\/media\/6318"}],"wp:attachment":[{"href":"https:\/\/fengchashop.com\/pl\/wp-json\/wp\/v2\/media?parent=6364"}],"wp:term":[{"taxonomy":"product_brand","embeddable":true,"href":"https:\/\/fengchashop.com\/pl\/wp-json\/wp\/v2\/product_brand?post=6364"},{"taxonomy":"product_cat","embeddable":true,"href":"https:\/\/fengchashop.com\/pl\/wp-json\/wp\/v2\/product_cat?post=6364"},{"taxonomy":"product_tag","embeddable":true,"href":"https:\/\/fengchashop.com\/pl\/wp-json\/wp\/v2\/product_tag?post=6364"}],"curies":[{"name":"wp","href":"https:\/\/api.w.org\/{rel}","templated":true}]}}