{"id":6355,"date":"2024-10-14T16:29:47","date_gmt":"2024-10-14T14:29:47","guid":{"rendered":"https:\/\/fengchashop.com\/pl\/product\/haritaki-w-proszku-bio-250-g\/"},"modified":"2026-05-01T12:48:09","modified_gmt":"2026-05-01T10:48:09","slug":"haritaki-w-proszku-bio","status":"publish","type":"product","link":"https:\/\/fengchashop.com\/pl\/product\/haritaki-w-proszku-bio\/","title":{"rendered":"Haritaki w proszku BIO 250 g"},"content":{"rendered":"<h2><span style=\"color: #000000\"><strong>Co to jest proszek Haritaki BIO?<\/strong><\/span><\/h2>\n<p><span style=\"color: #000000\"><strong>Haritaki<\/strong> (nazwa naukowa <em>Terminalia chebula<\/em>) to drzewo, kt\u00f3rego owoce s\u0105 cz\u0119sto stosowane jako suplement diety w medycynie ajurwedyjskiej. Owoc haritaki znany jest ze swoich licznych korzy\u015bci zdrowotnych i w tradycyjnej medycynie indyjskiej uwa\u017cany jest za \u201e<strong>kr\u00f3la ro\u015blin leczniczych<\/strong>\u201d. Stosowany jest g\u0142\u00f3wnie ze wzgl\u0119du na swoje w\u0142a\u015bciwo\u015bci adaptogenne, przeciwzapalne i detoksykuj\u0105ce. Haritaki to jedno z trzech g\u0142\u00f3wnych zi\u00f3\u0142 w s\u0142ynnym ajurwedyjskim preparacie Triphala.<\/span><\/p>\n<h2><span style=\"color: #000000\"><strong>Dlaczego Haritaki jest tak wyj\u0105tkowy i inny?<\/strong><\/span><\/h2>\n<p><span style=\"color: #000000\">Haritaki jest wa\u017cny przede wszystkim ze wzgl\u0119du na \u0161liczne korzy\u015bci zdrowotne, szczeg\u00f3lnie w tradycyjnych systemach medycznych, takich jak <strong>Ajurweda<\/strong>. Jest stosowany od tysi\u0119cy lat jako <strong>lek uniwersalny ze wzgl\u0119du na \u0161szeroko zr\u00f3\u017cnicowany wp\u0142yw na cia\u0142o i umys\u0142<\/strong>. Haritaki to ceniony suplement diety o szerokim spektrum dzia\u0142ania, kt\u00f3ry wiele os\u00f3b wykorzystuje w celu <strong>poprawy trawienia, wsparcia uk\u0142adu odporno\u015bciowego i og\u00f3lnego stanu zdrowia<\/strong>.<\/span><\/p>\n<h2><span style=\"color: #000000\"><strong>Dzia\u0142anie, kt\u00f3re pozytywnie wp\u0142ywa na nasze zdrowie i organizm<\/strong><\/span><\/h2>\n<p><span style=\"color: #000000\">Haritaki ma wiele potencjalnych korzy\u015bci i skutk\u00f3w zdrowotnych. Oto niekt\u00f3re z g\u0142\u00f3wnych korzy\u015bci i efekt\u00f3w:<\/span><\/p>\n<p><span style=\"color: #000000\">\ud83d\udc9a pomaga przy <strong>zaparciach<\/strong>, stymuluje <strong>perystaltyk\u0119<\/strong> i dzia\u0142a jako <strong>\u0142agodny \u015brodek przeczyszczaj\u0105cy,<\/strong><\/span><\/p>\n<p><span style=\"color: #000000\">\ud83d\udc9a zmniejsza wzd\u0119cia i wspomaga wch\u0142anianie sk\u0142adnik\u00f3w od\u017cywczych.<\/span><\/p>\n<p><span style=\"color: #000000\">\ud83d\udc9a zawiera wysoki poziom <strong>przeciwutleniaczy<\/strong>, kt\u00f3re chroni\u0105 organizm przed wolnymi rodnikami powoduj\u0105cymi stres oksydacyjny,<\/span><\/p>\n<p><span style=\"color: #000000\">\ud83d\udc9a zapewnia ochron\u0119 przed <strong>chorobami uk\u0142adu kr\u0105\u017cenia<\/strong> i innymi chorobami zwyrodnieniowymi<\/span><\/p>\n<p><span style=\"color: #000000\">\ud83d\udc9a wspomaga naturalne procesy detoksykacji w\u0105troby i nerek, a tym samym wspomaga eliminacj\u0119 toksyn z organizmu,<\/span><\/p>\n<p><span style=\"color: #000000\">\ud83d\udc9a poprawia <strong>wydalanie toksyn<\/strong> przez uk\u0142ad trawienny, co prowadzi do <strong>wi\u0119cej energii i witalno\u015bci<\/strong>,<\/span><\/p>\n<p><span style=\"color: #000000\">\ud83d\udc9a wzmacnia <strong>uk\u0142ad odporno\u015bciowy<\/strong>,<\/span><\/p>\n<p><span style=\"color: #000000\">\ud83d\udc9a pomaga zapobiega\u0107 <strong>infekcjom bakteryjnym i wirusowym<\/strong>,<\/span><\/p>\n<p><span style=\"color: #000000\">\ud83d\udc9a pomaga \u0142agodzi\u0107 <strong>zapalenia organizmu<\/strong>, w tym zapalenie staw\u00f3w, przewodu pokarmowego i dr\u00f3g oddechowych,<\/span><\/p>\n<p><span style=\"color: #000000\">\ud83d\udc9a pomaga <strong>regulowa\u0107 poziom cukru we krwi<\/strong>,<\/span><\/p>\n<p><span style=\"color: #000000\">\ud83d\udc9awspomaga <strong>zdrowy metabolizm<\/strong>, kt\u00f3ry mo\u017ce przyczyni\u0107 si\u0119 do kontroli wagi,<\/span><\/p>\n<p><span style=\"color: #000000\">\ud83d\udc9a pomaga w leczeniu <strong> problem\u00f3w sk\u00f3rnych<\/strong> (tr\u0105dzik, egzema, rany),<\/span><\/p>\n<p><span style=\"color: #000000\">\ud83d\udc9a poprawia<strong> zdolno\u015bci umys\u0142owe<\/strong> i <strong>uspokaja umys\u0142<\/strong>,<\/span><\/p>\n<p><span style=\"color: #000000\">\ud83d\udc9a pomaga radzi\u0107 sobie ze <strong>stresem<\/strong>, poprawia <strong>odporno\u015b\u0107 na stres psychiczny i fizyczny.<\/strong><\/span><\/p>\n<h2><span style=\"color: #000000\">Przechowywanie i ostrze\u017cenia<\/span><\/h2>\n<p><span style=\"color: #000000\">Przechowywa\u0107 w suchym i ch\u0142odnym miejscu w temperaturze do 25\u00b0C. Suplement diety powinien znajdowa\u0107 si\u0119 poza zasi\u0119giem dzieci! Nie zapominaj, jak wa\u017cna jest zr\u00f3\u017cnicowana dieta i zdrowy tryb \u017cycia, dlatego suplement diety nie zast\u0119puje zbilansowanej i zr\u00f3\u017cnicowanej diety. Nie nale\u017cy przekracza\u0107 zalecanej dziennej ilo\u015bci lub dawki. Kobiety w ci\u0105\u017cy, matki karmi\u0105ce oraz osoby przyjmuj\u0105ce leki powinny zawsze przed zastosowaniem skonsultowa\u0107 si\u0119 z lekarzem. Nie nadaje si\u0119 dla dzieci. Zaleca si\u0119, aby uzyska\u0107 wi\u0119cej informacji w przypadku ewentualnych problem\u00f3w zdrowotnych\u00a0 skonsultuj si\u0119 z lekarzem.<\/span><\/p>\n<h2><span style=\"color: #000000\">Opakowanie<\/span><\/h2>\n<p><span style=\"color: #000000\">Nieotwierana torebka zapinana na zamek, w kt\u00f3rej produkt zachowuje ca\u0142\u0105 \u015bwie\u017co\u015b\u0107 i aromat. Opakowanie nale\u017cy chroni\u0107 przed \u015bwiat\u0142em i powietrzem, gdy\u017c sk\u0142ada si\u0119 z kilku warstw ochronnych, kt\u00f3re zachowuj\u0105 w\u0142a\u015bciwo\u015bci zawarto\u015bci. Opakowanie jest bardzo praktyczne i umo\u017cliwia recykling.<\/span><\/p>\n<h2><span style=\"color: #000000\">Pochodzenie<\/span><\/h2>\n<p><span style=\"color: #000000\">Indie<\/span><\/p>\n","protected":false},"excerpt":{"rendered":"<p><strong>Haritaki<\/strong> to drzewo, kt\u00f3rego owoce s\u0105 cz\u0119sto stosowane jako suplement diety w medycynie ajurwedyjskiej. Owoc haritaki znany jest z wielu korzy\u015bci zdrowotnych i uwa\u017cany jest za \u201e<strong>kr\u00f3la ro\u015blin leczniczych<\/strong>\u201d w tradycyjnej medycynie indyjskiej. Stosowany jest g\u0142\u00f3wnie ze wzgl\u0119du na swoje w\u0142a\u015bciwo\u015bci adaptogenne, przeciwzapalne i detoksykuj\u0105ce.<\/p>\n<p>\ud83d\udc9a \u0142agodzi zaparcia, wspomaga usuwanie toksyn z jelit i reguluje funkcjonowanie trawienia,<br \/>\n\ud83d\udc9a jako silny antyoksydant pomaga usuwa\u0107 toksyny z organizmu oraz pobudza prac\u0119 w\u0105troby i nerek,<br \/>\n\ud83d\udc9a dzi\u0119ki swoim w\u0142a\u015bciwo\u015bciom <em>przeciwzapalnym<\/em>, przeciwbakteryjnym i przeciwwirusowym wzmacnia uk\u0142ad odporno\u015bciowy,<br \/>\n\ud83d\udc9a pomaga organizmowi radzi\u0107 sobie ze stresem,<br \/>\n\ud83d\udc9a poprawia koncentracj\u0119, pami\u0119\u0107 i jasno\u015b\u0107 umys\u0142u.<\/p>\n","protected":false},"featured_media":6356,"comment_status":"open","ping_status":"closed","template":"","meta":{"_acf_changed":false},"product_brand":[],"product_cat":[15,230,224,228,225],"product_tag":[],"class_list":{"0":"post-6355","1":"product","2":"type-product","3":"status-publish","4":"has-post-thumbnail","6":"product_cat-uncategorized","7":"product_cat-ajurweda","8":"product_cat-oferta","9":"product_cat-superzywnosc","10":"product_cat-wszystkie-produkty","12":"first","13":"instock","14":"sale","15":"taxable","16":"shipping-taxable","17":"purchasable","18":"product-type-simple"},"acf":[],"_links":{"self":[{"href":"https:\/\/fengchashop.com\/pl\/wp-json\/wp\/v2\/product\/6355","targetHints":{"allow":["GET"]}}],"collection":[{"href":"https:\/\/fengchashop.com\/pl\/wp-json\/wp\/v2\/product"}],"about":[{"href":"https:\/\/fengchashop.com\/pl\/wp-json\/wp\/v2\/types\/product"}],"replies":[{"embeddable":true,"href":"https:\/\/fengchashop.com\/pl\/wp-json\/wp\/v2\/comments?post=6355"}],"wp:featuredmedia":[{"embeddable":true,"href":"https:\/\/fengchashop.com\/pl\/wp-json\/wp\/v2\/media\/6356"}],"wp:attachment":[{"href":"https:\/\/fengchashop.com\/pl\/wp-json\/wp\/v2\/media?parent=6355"}],"wp:term":[{"taxonomy":"product_brand","embeddable":true,"href":"https:\/\/fengchashop.com\/pl\/wp-json\/wp\/v2\/product_brand?post=6355"},{"taxonomy":"product_cat","embeddable":true,"href":"https:\/\/fengchashop.com\/pl\/wp-json\/wp\/v2\/product_cat?post=6355"},{"taxonomy":"product_tag","embeddable":true,"href":"https:\/\/fengchashop.com\/pl\/wp-json\/wp\/v2\/product_tag?post=6355"}],"curies":[{"name":"wp","href":"https:\/\/api.w.org\/{rel}","templated":true}]}}