{"id":6348,"date":"2023-02-01T18:28:33","date_gmt":"2023-02-01T17:28:33","guid":{"rendered":"https:\/\/fengchashop.com\/pl\/product\/dzika-roza-w-proszku-bio-250-g\/"},"modified":"2026-04-26T02:48:39","modified_gmt":"2026-04-26T00:48:39","slug":"dzika-roza-w-proszku-bio","status":"publish","type":"product","link":"https:\/\/fengchashop.com\/pl\/product\/dzika-roza-w-proszku-bio\/","title":{"rendered":"Dzika r\u00f3\u017ca w proszku BIO 250 g"},"content":{"rendered":"<h2><span style=\"color: #000000;\">Dzika r\u00f3\u017ca w proszku BIO<\/span><\/h2>\n<p><span style=\"color: #000000;\">Sumerowie w swoich przekazach wspominali ju\u017c o dzikiej r\u00f3\u017cy, czyli tzw. dzikiej r\u00f3\u017cy (nazwa naukowa Rosa canina), znana jest ona tu tak\u017ce pod nazw\u0105 babji zob, psia r\u00f3\u017ca czy dzika r\u00f3\u017ca. Zacz\u0119li go u\u017cywa\u0107 oko\u0142o 3000 roku p.n.e. Dzika r\u00f3\u017ca to bujnie rosn\u0105cy krzew, kt\u00f3ry mo\u017ce dorasta\u0107 do 3 metr\u00f3w wysoko\u015bci i ma r\u00f3\u017cowe kwiaty w kszta\u0142cie gwiazdy. Owoce wykorzystywane do cel\u00f3w leczniczych maj\u0105 kolor czerwony, maj\u0105 twardsz\u0105 sk\u00f3rk\u0119 i nazywane s\u0105 jagodami dzikiej r\u00f3\u017cy.<\/span><\/p>\n<p><span style=\"color: #000000;\">Proszek z dzikiej r\u00f3\u017cy otrzymywany jest z suszonych owoc\u00f3w (jag\u00f3d dzikiej r\u00f3\u017cy), kt\u00f3re zbiera si\u0119 w pa\u017adzierniku i listopadzie. Najwa\u017cniejsze sk\u0142adniki dzikiej r\u00f3\u017cy s\u0105 konserwowane, dzi\u0119ki czemu owoce suszy si\u0119 powoli i w temperaturze nie wy\u017cszej ni\u017c 40\u02daC. Po zako\u0144czeniu procesu suszenia suszone owoce dzikiej r\u00f3\u017cy s\u0105 mielone na drobny proszek.<\/span><\/p>\n<h2><span style=\"color: #000000;\">Najwa\u017cniejsze w\u0142a\u015bciwo\u015bci dzikiej r\u00f3\u017cy<\/span><\/h2>\n<p><span style=\"color: #000000;\">Dzika r\u00f3\u017ca jest znana od bardzo dawna, podobnie jak jej zastosowanie w medycynie naturalnej. Dzika r\u00f3\u017ca ma 60 razy wi\u0119cej witaminy C ni\u017c owoce cytrusowe, gdy\u017c jest jednym z owoc\u00f3w o najwy\u017cszej zawarto\u015bci witaminy C (kwasu askorbinowego).<\/span><\/p>\n<p><span style=\"color: #000000;\">Opr\u00f3cz witaminy C owoce dzikiej r\u00f3\u017cy zawieraj\u0105 r\u00f3wnie\u017c du\u017co b\u0142onnika pokarmowego (substancji balastowych). Wzbogacony zosta\u0142 o bioflawonoidy, kt\u00f3rych zadaniem jest wspomaganie wch\u0142aniania kwasu askorbinowego. Bioflawonoidy pomagaj\u0105 w piel\u0119gnacji zniszczonej sk\u00f3ry.<\/span><\/p>\n<h2><span style=\"color: #000000;\">Efekty dzikiej r\u00f3\u017cy<\/span><\/h2>\n<p><span style=\"color: #000000;\">Efekty, kt\u00f3re pozytywnie wp\u0142ywaj\u0105 na nasze zdrowie i organizm:<\/span><\/p>\n<p><span style=\"color: #000000;\">\ud83d\udc9asilny antyoksydant,<\/span><br \/>\n<span style=\"color: #000000;\">\ud83d\udc9a wzmacnia uk\u0142ad odporno\u015bciowy,<\/span><br \/>\n<span style=\"color: #000000;\">\ud83d\udc9a poprawia odporno\u015b\u0107,<\/span><br \/>\n<span style=\"color: #000000;\">\ud83d\udc9a pomaga przy przezi\u0119bieniach i grypie,<\/span><br \/>\n<span style=\"color: #000000;\">\ud83d\udc9a pomaga wzmocni\u0107 naturaln\u0105 obron\u0119 organizmu przed uszkodzeniami oksydacyjnymi,<\/span><br \/>\n<span style=\"color: #000000;\">\ud83d\udc9a dzia\u0142a jako \u0142agodny \u015brodek przeczyszczaj\u0105cy,<\/span><br \/>\n<span style=\"color: #000000;\">\ud83d\udc9a poprawia trawienie,<\/span><br \/>\n<span style=\"color: #000000;\">\ud83d\udc9a ma dzia\u0142anie przeciwzapalne,<\/span><br \/>\n<span style=\"color: #000000;\">\ud83d\udc9a korzystnie wp\u0142ywa na b\u00f3le staw\u00f3w,<\/span><br \/>\n<span style=\"color: #000000;\">\ud83d\udc9a pomaga na zniszczon\u0105 sk\u00f3r\u0119,<\/span><br \/>\n<span style=\"color: #000000;\">\ud83d\udc9a oczyszcza i nawil\u017ca sk\u00f3r\u0119,<\/span><br \/>\n<span style=\"color: #000000;\">\ud83d\udc9a \u0142agodzi problemy sk\u00f3ry tr\u0105dzikowej.<\/span><\/p>\n<h2 align=\"JUSTIFY\"><span style=\"color: #000000;\">Przechowywanie i ostrze\u017cenia<\/span><\/h2>\n<p><span style=\"color: #000000;\">Przechowywa\u0107 w suchym i ch\u0142odnym miejscu w temperaturze do 25\u00b0C. Suplement diety powinien znajdowa\u0107 si\u0119 poza zasi\u0119giem dzieci!<\/span><\/p>\n<p><span style=\"color: #000000;\">Nie zapominaj, jak wa\u017cna jest zr\u00f3\u017cnicowana dieta i zdrowy tryb \u017cycia, dlatego suplement diety nie zast\u0119puje zbilansowanej i zr\u00f3\u017cnicowanej diety. Nie nale\u017cy przekracza\u0107 zalecanej dziennej ilo\u015bci lub dawki.<\/span><\/p>\n<h2 align=\"JUSTIFY\"><span style=\"color: #000000;\">Opakowanie<\/span><\/h2>\n<p align=\"JUSTIFY\"><span style=\"color: #000000;\">Nieprzepuszczalna torba zamykana na zamek, w kt\u00f3rej produkt zachowuje swoj\u0105 \u015bwie\u017co\u015b\u0107 i aromat. Opakowanie chroni przed \u015bwiat\u0142em i powietrzem, poniewa\u017c sk\u0142ada si\u0119 z kilku warstw ochronnych, kt\u00f3re zachowuj\u0105 w\u0142a\u015bciwo\u015bci zawarto\u015bci.<\/span><\/p>\n<p align=\"JUSTIFY\"><span style=\"color: #000000;\">Opakowanie jest bardzo praktyczne i nadaje si\u0119 do recyklingu.<\/span><\/p>\n<h2 align=\"JUSTIFY\"><span style=\"color: #000000;\">Kraj pochodzenia<\/span><\/h2>\n<p align=\"JUSTIFY\"><span style=\"color: #000000;\">Bu\u0142garia<\/span><\/p>\n","protected":false},"excerpt":{"rendered":"<p>Dzika r\u00f3\u017ca jest znana od bardzo dawna, podobnie jak jej zastosowanie w medycynie naturalnej. Dzika r\u00f3\u017ca ma 60 razy wi\u0119cej witaminy C ni\u017c owoce cytrusowe, gdy\u017c jest jednym z owoc\u00f3w o najwy\u017cszej zawarto\u015bci witaminy C (kwasu askorbinowego). Opr\u00f3cz witaminy C owoce dzikiej r\u00f3\u017cy zawieraj\u0105 r\u00f3wnie\u017c du\u017co b\u0142onnika pokarmowego (substancji balastowych). Wzbogacony zosta\u0142 o bioflawonoidy, kt\u00f3rych zadaniem jest wspomaganie wch\u0142aniania kwasu askorbinowego. Bioflawonoidy pomagaj\u0105 w piel\u0119gnacji zniszczonej sk\u00f3ry.<\/p>\n<p>\ud83d\udc9a Korzystnie wp\u0142ywa na b\u00f3le staw\u00f3w.<br \/>\n\ud83d\udc9aPomaga przy przezi\u0119bieniach i grypie.<br \/>\n\ud83d\udc9a\u0141agodzi problemy sk\u00f3ry tr\u0105dzikowej.<br \/>\n\ud83d\udc9aSilny przeciwutleniacz.<\/p>\n","protected":false},"featured_media":7098,"comment_status":"open","ping_status":"closed","template":"","meta":{"_acf_changed":false},"product_brand":[],"product_cat":[15,224,228,225],"product_tag":[],"class_list":{"0":"post-6348","1":"product","2":"type-product","3":"status-publish","4":"has-post-thumbnail","6":"product_cat-uncategorized","7":"product_cat-oferta","8":"product_cat-superzywnosc","9":"product_cat-wszystkie-produkty","11":"first","12":"instock","13":"taxable","14":"shipping-taxable","15":"purchasable","16":"product-type-simple"},"acf":[],"_links":{"self":[{"href":"https:\/\/fengchashop.com\/pl\/wp-json\/wp\/v2\/product\/6348","targetHints":{"allow":["GET"]}}],"collection":[{"href":"https:\/\/fengchashop.com\/pl\/wp-json\/wp\/v2\/product"}],"about":[{"href":"https:\/\/fengchashop.com\/pl\/wp-json\/wp\/v2\/types\/product"}],"replies":[{"embeddable":true,"href":"https:\/\/fengchashop.com\/pl\/wp-json\/wp\/v2\/comments?post=6348"}],"wp:featuredmedia":[{"embeddable":true,"href":"https:\/\/fengchashop.com\/pl\/wp-json\/wp\/v2\/media\/7098"}],"wp:attachment":[{"href":"https:\/\/fengchashop.com\/pl\/wp-json\/wp\/v2\/media?parent=6348"}],"wp:term":[{"taxonomy":"product_brand","embeddable":true,"href":"https:\/\/fengchashop.com\/pl\/wp-json\/wp\/v2\/product_brand?post=6348"},{"taxonomy":"product_cat","embeddable":true,"href":"https:\/\/fengchashop.com\/pl\/wp-json\/wp\/v2\/product_cat?post=6348"},{"taxonomy":"product_tag","embeddable":true,"href":"https:\/\/fengchashop.com\/pl\/wp-json\/wp\/v2\/product_tag?post=6348"}],"curies":[{"name":"wp","href":"https:\/\/api.w.org\/{rel}","templated":true}]}}