{"id":6346,"date":"2023-08-29T08:53:40","date_gmt":"2023-08-29T06:53:40","guid":{"rendered":"https:\/\/fengchashop.com\/pl\/product\/organiczny-lopian-w-proszku-250-g\/"},"modified":"2026-04-28T20:27:12","modified_gmt":"2026-04-28T18:27:12","slug":"organiczny-lopian-w-proszku","status":"publish","type":"product","link":"https:\/\/fengchashop.com\/pl\/product\/organiczny-lopian-w-proszku\/","title":{"rendered":"Organiczny \u0142opian w proszku 250 g"},"content":{"rendered":"<h2>\u0141opian w proszku BIO<\/h2>\n<p>Proszek \u0142opianowy otrzymywany jest z korzenia \u0142opianu (Arctium lappa), zio\u0142a wyst\u0119puj\u0105cego w Europie i Azji, ale wyst\u0119puj\u0105cego tak\u017ce w innych cz\u0119\u015bciach \u015bwiata. Ro\u015blina ta znana jest z du\u017cych, sercowatych li\u015bci, r\u00f3\u017cowofioletowych kwiatostan\u00f3w i du\u017cych, charakterystycznych owoc\u00f3w przylegaj\u0105cych do ow\u0142osionych os\u0142onek. \u0141opian ma d\u0142ug\u0105 histori\u0119 stosowania w tradycyjnym zio\u0142olecznictwie i jest znany z wielu korzy\u015bci zdrowotnych. Korze\u0144 \u0142opianu jest bogaty w r\u00f3\u017cne sk\u0142adniki od\u017cywcze i zwi\u0105zki bioaktywne, kt\u00f3re przyczyniaj\u0105 si\u0119 do jego dzia\u0142ania.<\/p>\n<p>W lecznictwie wykorzystuje si\u0119 r\u00f3\u017cne cz\u0119\u015bci ro\u015bliny, w tym korzenie, li\u015bcie, kwiaty i nasiona. \u0141opian wykorzystywano tak\u017ce w kuchni, gdzie cz\u0119sto u\u017cywano m\u0142odych li\u015bci i \u0142odyg do przygotowywania potraw, takich jak zupy i sa\u0142atki.<\/p>\n<h2>Dlaczego \u0142opian jest tak wyj\u0105tkowy i inny?<\/h2>\n<p>\u0141opian jest r\u00f3wnie\u017c dzi\u015b stosowany jako sk\u0142adnik suplement\u00f3w diety, poniewa\u017c ma wiele potencjalnych korzy\u015bci zdrowotnych. S\u0142u\u017cy do wspierania zdrowia sk\u00f3ry, uk\u0142adu trawiennego, nerek, uk\u0142adu odporno\u015bciowego i innych funkcji organizmu.<\/p>\n<p>Korze\u0144 \u0142opianu jest bogatym \u017ar\u00f3d\u0142em wielu sk\u0142adnik\u00f3w od\u017cywczych, w tym witamin (kompleks B i E), minera\u0142\u00f3w (potas, fosfor, magnez, kobalt, chrom, cynk, s\u00f3d, krzem i \u017celazo) oraz innych zwi\u0105zk\u00f3w korzystnych dla zdrowia.<\/p>\n<p>Ekstrakt z korzenia \u0142opianu posiada wiele w\u0142a\u015bciwo\u015bci farmakologicznych, w\u015br\u00f3d kt\u00f3rych wyr\u00f3\u017cnia si\u0119 dzia\u0142anie przeciwbakteryjne, przeciwwirusowe i przeciwutleniaj\u0105ce. Odgrywa tak\u017ce kluczow\u0105 rol\u0119 w regulacji metabolizmu lipid\u00f3w oraz regulacji zaburze\u0144 metabolizmu glukozy. Ponadto przypisuje si\u0119 mu w\u0142a\u015bciwo\u015bci przeciwnowotworowe, przeciwmutagenne i immunomoduluj\u0105ce, a tak\u017ce zdolno\u015b\u0107 do zmniejszania stan\u00f3w zapalnych. W ca\u0142o\u015bci przynosi tak\u017ce dzia\u0142anie przeczyszczaj\u0105ce usprawniaj\u0105ce proces trawienia.<\/p>\n<p>Ekstrakt z korzenia \u0142opianu zawiera r\u00f3\u017cne niezb\u0119dne aminokwasy w podwy\u017cszonych st\u0119\u017ceniach, zw\u0142aszcza te, kt\u00f3re maj\u0105 wyra\u017ane dzia\u0142anie farmakologiczne.<\/p>\n<h2>Efekty, kt\u00f3re pozytywnie wp\u0142ywaj\u0105 na nasze zdrowie i organizm<\/h2>\n<p>\u0141opian ma wiele potencjalnych korzy\u015bci i skutk\u00f3w zdrowotnych. Oto niekt\u00f3re z g\u0142\u00f3wnych korzy\u015bci i efekt\u00f3w:<\/p>\n<p>\ud83d\udc9a ma w\u0142a\u015bciwo\u015bci przeciwzapalne,<br \/>\n\ud83d\udc9a poprawia stan sk\u00f3ry przy r\u00f3\u017cnych problemach (tr\u0105dzik, egzema, \u0142uszczyca i zapalenie sk\u00f3ry)<br \/>\n\ud83d\udc9a \u0142agodzi \u015bwi\u0105d i podra\u017cnienia sk\u00f3ry,<br \/>\n\ud83d\udc9a pomaga w detoksykacji i oczyszczaniu,<br \/>\n\ud83d\udc9a wspomaga prac\u0119 w\u0105troby i nerek w usuwaniu toksyn z organizmu,<br \/>\n\ud83d\udc9a stymuluje eliminacj\u0119 substancji przemiany materii przez sk\u00f3r\u0119 i uk\u0142ad moczowy,<br \/>\n\ud83d\udc9a przyczynia si\u0119 do lepszego trawienia i zdrowego uk\u0142adu trawiennego,<br \/>\n\ud83d\udc9a przyczynia si\u0119 do lepszego funkcjonowania uk\u0142adu odporno\u015bciowego,<br \/>\n\ud83d\udc9a pomaga wzmocni\u0107 naturaln\u0105 odporno\u015b\u0107 organizmu na infekcje i choroby,<br \/>\n\ud83d\udc9a jest silnym przeciwutleniaczem, usuwaj\u0105cym wolne rodniki,<br \/>\n\ud83d\udc9a ma dzia\u0142anie przeciwnowotworowe,<br \/>\n\ud83d\udc9a wspiera zdrowie w\u0142os\u00f3w, sk\u00f3ry g\u0142owy i paznokci,<br \/>\n\ud83d\udc9a pomaga regulowa\u0107 poziom cukru we krwi,<br \/>\n\ud83d\udc9a pomaga \u0142agodzi\u0107 stany zapalne staw\u00f3w i \u0142agodzi\u0107 objawy chor\u00f3b reumatycznych,<br \/>\n\ud83d\udc9a zapobiega mia\u017cd\u017cycy, nadci\u015bnieniu i zakrzepicy m\u00f3zgu,<br \/>\n\ud83d\udc9a likwiduje zm\u0119czenie i pobudza metabolizm,<br \/>\n\ud83d\udc9a poprawia pami\u0119\u0107.<\/p>\n<h2 align=\"JUSTIFY\"><span style=\"color: #000000\">Przechowywanie i ostrze\u017cenia<\/span><\/h2>\n<p>Przechowywa\u0107 w suchym i ch\u0142odnym miejscu w temperaturze do 25\u00b0C. Suplement diety powinien znajdowa\u0107 si\u0119 poza zasi\u0119giem dzieci!<\/p>\n<p>Nie zapominaj, jak wa\u017cna jest zr\u00f3\u017cnicowana dieta i zdrowy tryb \u017cycia, dlatego suplement diety nie zast\u0119puje zbilansowanej i zr\u00f3\u017cnicowanej diety. Nie nale\u017cy przekracza\u0107 zalecanej dziennej ilo\u015bci lub dawki.<\/p>\n<p>Odradzamy stosowanie przez kobiety w ci\u0105\u017cy i karmi\u0105ce piersi\u0105 oraz dzieci. Nie zaleca si\u0119 spo\u017cywania przez osoby, u kt\u00f3rych wyst\u0119puj\u0105 reakcje alergiczne (np. na rzep\u0119) oraz osoby przyjmuj\u0105ce leki rozrzedzaj\u0105ce krew. W przypadku jakichkolwiek problem\u00f3w zdrowotnych zaleca si\u0119 skonsultowanie si\u0119 z lekarzem w celu uzyskania dalszych informacji.<\/p>\n<h2 align=\"JUSTIFY\"><span style=\"color: #000000\">Opakowanie<\/span><\/h2>\n<p align=\"JUSTIFY\"><span style=\"color: #000000\">Nieprzepuszczalna torba zamykana na zamek, w kt\u00f3rej produkt zachowuje swoj\u0105 \u015bwie\u017co\u015b\u0107 i aromat. Opakowanie chroni przed \u015bwiat\u0142em i powietrzem, poniewa\u017c sk\u0142ada si\u0119 z kilku warstw ochronnych, kt\u00f3re zachowuj\u0105 w\u0142a\u015bciwo\u015bci zawarto\u015bci.<\/span><\/p>\n<p align=\"JUSTIFY\"><span style=\"color: #000000\">Opakowanie jest bardzo praktyczne i nadaje si\u0119 do recyklingu.<\/span><\/p>\n<h2 align=\"JUSTIFY\"><span style=\"color: #000000\">Kraj pochodzenia<\/span><\/h2>\n<p align=\"JUSTIFY\"><span style=\"color: #000000\">Chiny. <\/span>Posiadamy bardzo wiarygodnych dostawc\u00f3w, kt\u00f3rzy przesy\u0142aj\u0105 nam szczeg\u00f3\u0142ow\u0105 analiz\u0119 chemiczn\u0105 \u017cywno\u015bci dla ka\u017cdej partii. Przez ponad dziesi\u0119\u0107 lat nie mieli\u015bmy \u017cadnych wycofa\u0144 ani \u017cadnych innych problem\u00f3w zwi\u0105zanych z tym produktem, ani z innymi produktami tego samego dostawcy.<\/p>\n<p>Artyku\u0142 posiada certyfikat 100% organicznego.<\/p>\n","protected":false},"excerpt":{"rendered":"<p>Proszek \u0142opianowy otrzymywany jest z korzenia \u0142opianu (Arctium lappa), zio\u0142a wyst\u0119puj\u0105cego w Europie i Azji, ale wyst\u0119puj\u0105cego tak\u017ce w innych cz\u0119\u015bciach \u015bwiata. \u0141opian ma d\u0142ug\u0105 histori\u0119 stosowania w tradycyjnym zio\u0142olecznictwie i jest znany z wielu korzy\u015bci zdrowotnych. Korze\u0144 \u0142opianu jest bogaty w r\u00f3\u017cne sk\u0142adniki od\u017cywcze i zwi\u0105zki bioaktywne, kt\u00f3re przyczyniaj\u0105 si\u0119 do jego dzia\u0142ania.<\/p>\n<p>\ud83d\udc9a Pomaga \u0142agodzi\u0107 stany zapalne staw\u00f3w i \u0142agodzi\u0107 objawy chor\u00f3b reumatycznych.<br \/>\n\ud83d\udc9a Wspomaga prac\u0119 w\u0105troby i nerek w usuwaniu toksyn z organizmu.<br \/>\n\ud83d\udc9a Zapobiega mia\u017cd\u017cycy, nadci\u015bnieniu i zakrzepicy m\u00f3zgu.<br \/>\n\ud83d\udc9aMa dzia\u0142anie przeciwnowotworowe.<\/p>\n","protected":false},"featured_media":6297,"comment_status":"open","ping_status":"closed","template":"","meta":{"_acf_changed":false},"product_brand":[],"product_cat":[15,224,228,225],"product_tag":[],"class_list":{"0":"post-6346","1":"product","2":"type-product","3":"status-publish","4":"has-post-thumbnail","6":"product_cat-uncategorized","7":"product_cat-oferta","8":"product_cat-superzywnosc","9":"product_cat-wszystkie-produkty","11":"first","12":"instock","13":"sale","14":"taxable","15":"shipping-taxable","16":"purchasable","17":"product-type-simple"},"acf":[],"_links":{"self":[{"href":"https:\/\/fengchashop.com\/pl\/wp-json\/wp\/v2\/product\/6346","targetHints":{"allow":["GET"]}}],"collection":[{"href":"https:\/\/fengchashop.com\/pl\/wp-json\/wp\/v2\/product"}],"about":[{"href":"https:\/\/fengchashop.com\/pl\/wp-json\/wp\/v2\/types\/product"}],"replies":[{"embeddable":true,"href":"https:\/\/fengchashop.com\/pl\/wp-json\/wp\/v2\/comments?post=6346"}],"wp:featuredmedia":[{"embeddable":true,"href":"https:\/\/fengchashop.com\/pl\/wp-json\/wp\/v2\/media\/6297"}],"wp:attachment":[{"href":"https:\/\/fengchashop.com\/pl\/wp-json\/wp\/v2\/media?parent=6346"}],"wp:term":[{"taxonomy":"product_brand","embeddable":true,"href":"https:\/\/fengchashop.com\/pl\/wp-json\/wp\/v2\/product_brand?post=6346"},{"taxonomy":"product_cat","embeddable":true,"href":"https:\/\/fengchashop.com\/pl\/wp-json\/wp\/v2\/product_cat?post=6346"},{"taxonomy":"product_tag","embeddable":true,"href":"https:\/\/fengchashop.com\/pl\/wp-json\/wp\/v2\/product_tag?post=6346"}],"curies":[{"name":"wp","href":"https:\/\/api.w.org\/{rel}","templated":true}]}}