{"id":6341,"date":"2023-01-02T18:08:00","date_gmt":"2023-01-02T17:08:00","guid":{"rendered":"https:\/\/fengchashop.com\/pl\/product\/pokrzywa-w-proszku-bio-250-g\/"},"modified":"2025-09-30T19:24:06","modified_gmt":"2025-09-30T17:24:06","slug":"pokrzywa-w-proszku-bio","status":"publish","type":"product","link":"https:\/\/fengchashop.com\/pl\/product\/pokrzywa-w-proszku-bio\/","title":{"rendered":"Pokrzywa w proszku BIO 250 g"},"content":{"rendered":"<h2><span style=\"color: #000000;\">Pokrzywy proszek BIO<\/span><\/h2>\n<p><span style=\"color: #000000;\">Pokrzywa zwyczajna, czyli tzw. Urtica dioica, to ro\u015blina (bylina zielna) wyst\u0119puj\u0105ca na ca\u0142ym \u015bwiecie i od wiek\u00f3w stosowana w r\u00f3\u017cnych krajach i kulturach. Wieki temu pokrzyw\u0119 zbierano ze wzgl\u0119du na jej w\u0142a\u015bciwo\u015bci od\u017cywcze, spo\u017cywano j\u0105 jako suplement diety z dzikiej przyrody, stosowano miejscowo na sk\u00f3r\u0119 i pito jako herbat\u0119 zio\u0142ow\u0105.<\/span><\/p>\n<p><span style=\"color: #000000;\">Li\u015bcie pokrzywy zbiera si\u0119 wiosn\u0105, gdy ro\u015blina dojrzeje, ale zanim zacznie kwitn\u0105\u0107. Zebrane li\u015bcie s\u0105 powoli suszone i mielone na drobny proszek.<\/span><\/p>\n<h2><span style=\"color: #000000;\">Najwa\u017cniejsze w\u0142a\u015bciwo\u015bci pokrzywy<\/span><\/h2>\n<p><span style=\"color: #000000;\">Pokrzywy s\u0105 bogate w przeciwutleniacze, bia\u0142ko i b\u0142onnik. Pokrzywa uznawana jest tak\u017ce za suplement diety, gdy\u017c jest niezwykle bogata w wap\u0144, \u017celazo, magnez i potas. Zawiera tak\u017ce witaminy A, C, K, a szczeg\u00f3lnie du\u017co witaminy B.<\/span><\/p>\n<p><span style=\"color: #000000;\">W medycynie tradycyjnej stosowanie pokrzywy zaleca si\u0119 jako cz\u0119\u015b\u0107 wiosennych kuracji i diet w celu detoksykacji i oczyszczenia, a tak\u017ce przy zm\u0119czeniu i wyczerpaniu.<\/span><\/p>\n<p><span style=\"color: #000000;\">Spo\u017cywanie pokrzywy wspomaga prawid\u0142owe funkcjonowanie dr\u00f3g moczowych i dzia\u0142a jako \u0142agodny \u015brodek moczop\u0119dny, jednocze\u015bnie wspieraj\u0105c zdrowie g\u00f3rnych dr\u00f3g oddechowych.<\/span><\/p>\n<h2><span style=\"color: #000000;\">Dzia\u0142anie pokrzywy<\/span><\/h2>\n<p><span style=\"color: #000000;\">Skutki, kt\u00f3re pozytywnie wp\u0142ywaj\u0105 na nasze zdrowie i organizm:<\/span><\/p>\n<p><span style=\"color: #000000;\">\ud83d\udc9asilny antyoksydant,<\/span><br \/>\n<span style=\"color: #000000;\">\ud83d\udc9a ma dzia\u0142anie moczop\u0119dne,<\/span><br \/>\n<span style=\"color: #000000;\">\ud83d\udc9a pomaga w detoksykacji i oczyszczaniu,<\/span><br \/>\n<span style=\"color: #000000;\">\ud83d\udc9a stymuluje prac\u0119 uk\u0142adu moczowego,<\/span><br \/>\n<span style=\"color: #000000;\">\ud83d\udc9a pomaga odprowadza\u0107 wod\u0119,<\/span><br \/>\n<span style=\"color: #000000;\">\ud83d\udc9a ma dzia\u0142anie przeciwzapalne,<\/span><br \/>\n<span style=\"color: #000000;\">\ud83d\udc9a pomaga przy zm\u0119czeniu i wyczerpaniu,<\/span><br \/>\n<span style=\"color: #000000;\">\ud83d\udc9a przyczynia si\u0119 do zdrowia g\u00f3rnych dr\u00f3g oddechowych,<\/span><br \/>\n<span style=\"color: #000000;\">\ud83d\udc9a zawiera du\u017co b\u0142onnika,<\/span><br \/>\n<span style=\"color: #000000;\">\ud83d\udc9a oczyszcza i nawil\u017ca sk\u00f3r\u0119,<\/span><br \/>\n<span style=\"color: #000000;\">\ud83d\udc9a \u0142agodzi problemy sk\u00f3rne z egzem\u0105.<\/span><\/p>\n<h2 align=\"JUSTIFY\"><span style=\"color: #000000;\">Opakowanie<\/span><\/h2>\n<p align=\"JUSTIFY\"><span style=\"color: #000000;\">Nieprzepuszczalna torba zamykana na zamek, w kt\u00f3rej produkt zachowuje swoj\u0105 \u015bwie\u017co\u015b\u0107 i aromat. Opakowanie chroni przed \u015bwiat\u0142em i powietrzem, poniewa\u017c sk\u0142ada si\u0119 z kilku warstw ochronnych, kt\u00f3re zachowuj\u0105 w\u0142a\u015bciwo\u015bci zawarto\u015bci.<\/span><\/p>\n<p align=\"JUSTIFY\"><span style=\"color: #000000;\">Opakowanie jest bardzo praktyczne i nadaje si\u0119 do recyklingu.<\/span><\/p>\n<h2><span style=\"color: #000000;\">Przechowywanie i ostrze\u017cenia<\/span><\/h2>\n<p><span style=\"color: #000000;\">Przechowywa\u0107 w suchym i ch\u0142odnym miejscu w temperaturze do 25\u00b0C. Unikaj silnego \u015bwiat\u0142a i ciep\u0142a. Suplement diety powinien znajdowa\u0107 si\u0119 poza zasi\u0119giem dzieci!<\/span><br \/>\n<span style=\"color: #000000;\">Nie zapominaj, jak wa\u017cna jest zr\u00f3\u017cnicowana dieta i zdrowy tryb \u017cycia, dlatego suplement diety nie zast\u0119puje zbilansowanej i zr\u00f3\u017cnicowanej diety. Nie nale\u017cy przekracza\u0107 zalecanej dziennej ilo\u015bci lub dawki.<\/span><\/p>\n<h2><span style=\"color: #000000;\">Pochodzenie<\/span><\/h2>\n<p><span style=\"color: #000000;\">Bu\u0142garia<\/span><\/p>\n","protected":false},"excerpt":{"rendered":"<p>Pokrzywy s\u0105 bogate w przeciwutleniacze, bia\u0142ko i b\u0142onnik. Pokrzywa uznawana jest tak\u017ce za suplement diety, gdy\u017c jest niezwykle bogata w wap\u0144, \u017celazo, magnez i potas. Zawiera tak\u017ce witaminy A, C, K, a szczeg\u00f3lnie du\u017co witaminy B. W medycynie tradycyjnej stosowanie pokrzywy zaleca si\u0119 jako cz\u0119\u015b\u0107 wiosennych kuracji i diet w celu detoksykacji i oczyszczenia, a tak\u017ce przy zm\u0119czeniu i wyczerpaniu.<\/p>\n<p>\ud83d\udc9a Pomaga w detoksykacji i oczyszczaniu.<br \/>\n\ud83d\udc9a Wp\u0142ywa na zdrowie g\u00f3rnych dr\u00f3g oddechowych.<br \/>\n\ud83d\udc9a Pomaga odprowadza\u0107 wod\u0119.<br \/>\n\ud83d\udc9aPomaga przy zm\u0119czeniu i wyczerpaniu.<\/p>\n","protected":false},"featured_media":6342,"comment_status":"open","ping_status":"closed","template":"","meta":{"_acf_changed":false},"product_brand":[],"product_cat":[15,224,228,225],"product_tag":[],"class_list":{"0":"post-6341","1":"product","2":"type-product","3":"status-publish","4":"has-post-thumbnail","6":"product_cat-uncategorized","7":"product_cat-oferta","8":"product_cat-superzywnosc","9":"product_cat-wszystkie-produkty","11":"first","12":"instock","13":"taxable","14":"shipping-taxable","15":"purchasable","16":"product-type-simple"},"acf":[],"_links":{"self":[{"href":"https:\/\/fengchashop.com\/pl\/wp-json\/wp\/v2\/product\/6341","targetHints":{"allow":["GET"]}}],"collection":[{"href":"https:\/\/fengchashop.com\/pl\/wp-json\/wp\/v2\/product"}],"about":[{"href":"https:\/\/fengchashop.com\/pl\/wp-json\/wp\/v2\/types\/product"}],"replies":[{"embeddable":true,"href":"https:\/\/fengchashop.com\/pl\/wp-json\/wp\/v2\/comments?post=6341"}],"wp:featuredmedia":[{"embeddable":true,"href":"https:\/\/fengchashop.com\/pl\/wp-json\/wp\/v2\/media\/6342"}],"wp:attachment":[{"href":"https:\/\/fengchashop.com\/pl\/wp-json\/wp\/v2\/media?parent=6341"}],"wp:term":[{"taxonomy":"product_brand","embeddable":true,"href":"https:\/\/fengchashop.com\/pl\/wp-json\/wp\/v2\/product_brand?post=6341"},{"taxonomy":"product_cat","embeddable":true,"href":"https:\/\/fengchashop.com\/pl\/wp-json\/wp\/v2\/product_cat?post=6341"},{"taxonomy":"product_tag","embeddable":true,"href":"https:\/\/fengchashop.com\/pl\/wp-json\/wp\/v2\/product_tag?post=6341"}],"curies":[{"name":"wp","href":"https:\/\/api.w.org\/{rel}","templated":true}]}}