{"id":6330,"date":"2025-07-24T17:56:19","date_gmt":"2025-07-24T15:56:19","guid":{"rendered":"https:\/\/fengchashop.com\/pl\/product\/krople-bacha-utrata-wagi\/"},"modified":"2026-01-28T17:44:31","modified_gmt":"2026-01-28T16:44:31","slug":"krople-bacha-utrata-wagi","status":"publish","type":"product","link":"https:\/\/fengchashop.com\/pl\/product\/krople-bacha-utrata-wagi\/","title":{"rendered":"Krople Bacha utrata wagi"},"content":{"rendered":"<h2><span style=\"color: #000000;\">Krople Bacha utrata wagi<\/span><\/h2>\n<p><span style=\"color: #000000;\">Ka\u017cda kobieta (tak samo jak m\u0119\u017cczyzna) przynajmniej raz w \u017cyciu pr\u00f3bowa\u0142a zrzuci\u0107 kilka zb\u0119dnych kilogram\u00f3w. I chocia\u017c najcz\u0119\u015bciej kieruj\u0105 nas do tego wytyczne dotycz\u0105ce mody, zdrowie i dobre samopoczucie zawsze s\u0105 na pierwszym miejscu. Kiedy ci\u0119\u017cko trenujesz i\/lub kontrolujesz spo\u017cycie jedzenia, cz\u0119sto napotykamy problemy na polu emocjonalnym, poniewa\u017c utrata wagi jest cz\u0119sto najtrudniejsza pod wzgl\u0119dem psychologicznym i mentalnym. Interesuje Ci\u0119, jak emocjonalnie pom\u00f3c sobie schudn\u0105\u0107 i mie\u0107 wi\u0119cej energii, a przede wszystkim motywacji do d\u0105\u017cenia do wyznaczonego celu? Mamy dla Ciebie rozwi\u0105zanie.<\/span><\/p>\n<p><span style=\"color: #000000;\">Pierwsze rezultaty mo\u017cna zauwa\u017cy\u0107 ju\u017c po kilku dniach lub tygodniach, jest to zale\u017cne od ka\u017cdej osoby. Przygotowana mieszanka wystarczy na 30 dni, kt\u00f3r\u0105 z \u0142atwo\u015bci\u0105 mo\u017cesz na\u0142o\u017cy\u0107 bezpo\u015brednio do ust lub wrzuci\u0107 do szklanki z wod\u0105.<\/span><\/p>\n<p><span style=\"color: #000000;\">Terapia Bacha sprzyja samoleczeniu i duchowemu odpr\u0119\u017ceniu. Wed\u0142ug teorii dr. Bach jest przyczyn\u0105 chor\u00f3b w stanie nieharmonijnym lub w braku harmonii pomi\u0119dzy cia\u0142em i dusz\u0105. Za pomoc\u0105 esencji kwiatowych staramy si\u0119 wyleczy\u0107 chorob\u0119, wykorzystuj\u0105c pozytywne w\u0142a\u015bciwo\u015bci kwiat\u00f3w, a mianowicie pomagaj\u0105c nam przywr\u00f3ci\u0107 wewn\u0119trzn\u0105 r\u00f3wnowag\u0119.<\/span><\/p>\n<p><span style=\"color: #000000;\">Mieszanki kropli Bacha przygotowywane s\u0105 wed\u0142ug metody dr. Bacha i u\u017cywamy wy\u0142\u0105cznie oryginalnych esencji Bacha.<\/span><\/p>\n<p><span style=\"color: #000000;\">Krople Bacha pobierane s\u0105 z butelki za pomoc\u0105 do\u0142\u0105czonej pipety, co sprawia, \u017ce \u200b\u200bdozowanie jest niezwykle proste. Spo\u017cywa\u0107 4 krople 4 razy dziennie, roz\u0142o\u017cone na ca\u0142y dzie\u0144. Butelka, kt\u00f3r\u0105 otrzymasz wystarcza na 1 miesi\u0105c terapii.<\/span><\/p>\n<p><span style=\"color: #000000;\">Ka\u017cda butelka wybranej mieszanki przygotowywana jest r\u0119cznie i na bie\u017c\u0105co. Aby mieszanka zachowa\u0142a \u015bwie\u017co\u015b\u0107 przez d\u0142ugi czas, nale\u017cy doda\u0107 odrobin\u0119 alkoholu (koniaku). Termin przydatno\u015bci mieszanki wynosi 1 miesi\u0105c od daty zakupu.<\/span><\/p>\n<p><span style=\"color: #000000;\">Poniewa\u017c krople Bacha nie maj\u0105 skutk\u00f3w ubocznych, nie mo\u017cna ich przedawkowa\u0107 i nie powoduj\u0105 uzale\u017cnienia. S\u0105 odpowiednie dla ka\u017cdego &#8211; kobiet w ci\u0105\u017cy, matek karmi\u0105cych, os\u00f3b starszych, dzieci i zwierz\u0105t.<\/span><\/p>\n<p><span style=\"color: #000000;\">Nie ma wp\u0142ywu na inne leki.<\/span><\/p>\n<h2><span style=\"color: #000000;\">Sk\u0142adowanie<\/span><\/h2>\n<p><span style=\"color: #000000;\">Przechowywa\u0107 w suchym i ciemnym miejscu, w temperaturze do +25\u00b0C.<\/span><\/p>\n<h2><span style=\"color: #000000;\">Ilo\u015b\u0107<\/span><\/h2>\n<p><span style=\"color: #000000;\">30 ml (wystarczy na 30 dni regularnego stosowania)<\/span><\/p>\n","protected":false},"excerpt":{"rendered":"<p>Krople Bacha dzia\u0142aj\u0105 skutecznie przeciwko r\u00f3\u017cnym niepokojom emocjonalnym jednostki. Pomagaj\u0105 w r\u00f3\u017cnych kryzysach i trudnych sytuacjach \u017cyciowych. Przy nich wyciszamy si\u0119 i zachowujemy spokojn\u0105 g\u0142ow\u0119. Dzia\u0142aj\u0105 na nasz stan emocjonalny i pomagaj\u0105 go zharmonizowa\u0107.<\/p>\n<p>\ud83d\udc9a Dropy pakowane s\u0105 r\u0119cznie, na miejscu w dniu wysy\u0142ki.<br \/>\n\ud83d\udc9a S\u0105 odpowiednie dla wszystkich ludzi (kobiet w ci\u0105\u017cy, os\u00f3b starszych, dzieci,&#8230;) i zwierz\u0105t.<br \/>\n\ud83d\udc9a Nie maj\u0105 skutk\u00f3w ubocznych, nie uzale\u017cniaj\u0105 i nie mo\u017cna ich przedawkowa\u0107.<br \/>\n\ud83d\udc9a Pierwsze rezultaty mo\u017cna zauwa\u017cy\u0107 ju\u017c po kilku dniach lub tygodniach, jest to zale\u017cne od ka\u017cdej osoby.<br \/>\n\ud83d\udc9a Nie wp\u0142ywa na inne leki.<\/p>\n","protected":false},"featured_media":6318,"comment_status":"open","ping_status":"closed","template":"","meta":{"_acf_changed":false},"product_brand":[],"product_cat":[15,205,236,224,225],"product_tag":[],"class_list":{"0":"post-6330","1":"product","2":"type-product","3":"status-publish","4":"has-post-thumbnail","6":"product_cat-uncategorized","7":"product_cat-herbata-jedzenie-i-przyprawy","8":"product_cat-krople-bacha","9":"product_cat-oferta","10":"product_cat-wszystkie-produkty","12":"first","13":"instock","14":"sale","15":"taxable","16":"shipping-taxable","17":"purchasable","18":"product-type-simple"},"acf":[],"_links":{"self":[{"href":"https:\/\/fengchashop.com\/pl\/wp-json\/wp\/v2\/product\/6330","targetHints":{"allow":["GET"]}}],"collection":[{"href":"https:\/\/fengchashop.com\/pl\/wp-json\/wp\/v2\/product"}],"about":[{"href":"https:\/\/fengchashop.com\/pl\/wp-json\/wp\/v2\/types\/product"}],"replies":[{"embeddable":true,"href":"https:\/\/fengchashop.com\/pl\/wp-json\/wp\/v2\/comments?post=6330"}],"wp:featuredmedia":[{"embeddable":true,"href":"https:\/\/fengchashop.com\/pl\/wp-json\/wp\/v2\/media\/6318"}],"wp:attachment":[{"href":"https:\/\/fengchashop.com\/pl\/wp-json\/wp\/v2\/media?parent=6330"}],"wp:term":[{"taxonomy":"product_brand","embeddable":true,"href":"https:\/\/fengchashop.com\/pl\/wp-json\/wp\/v2\/product_brand?post=6330"},{"taxonomy":"product_cat","embeddable":true,"href":"https:\/\/fengchashop.com\/pl\/wp-json\/wp\/v2\/product_cat?post=6330"},{"taxonomy":"product_tag","embeddable":true,"href":"https:\/\/fengchashop.com\/pl\/wp-json\/wp\/v2\/product_tag?post=6330"}],"curies":[{"name":"wp","href":"https:\/\/api.w.org\/{rel}","templated":true}]}}