{"id":6323,"date":"2025-07-24T17:56:14","date_gmt":"2025-07-24T15:56:14","guid":{"rendered":"https:\/\/fengchashop.com\/pl\/product\/krople-bacha-atak-paniki\/"},"modified":"2026-01-28T17:44:40","modified_gmt":"2026-01-28T16:44:40","slug":"krople-bacha-atak-paniki","status":"publish","type":"product","link":"https:\/\/fengchashop.com\/pl\/product\/krople-bacha-atak-paniki\/","title":{"rendered":"Krople Bacha atak paniki"},"content":{"rendered":"<h2><span style=\"color: #000000;\">Krople Bacha atak paniki<br \/>\n<\/span><\/h2>\n<p><span style=\"color: #000000;\">L\u0119k to stan emocjonalny, kt\u00f3remu towarzyszy uczucie dyskomfortu, strachu i napi\u0119cia. Do\u015bwiadczenie atak\u00f3w paniki jest ca\u0142kowicie naturaln\u0105 reakcj\u0105 na niebezpiecze\u0144stwo, jakie zagra\u017ca nam ze strony otoczenia. Ta reakcja pozwala nam przetrwa\u0107 w sytuacjach krytycznych. Jednak obecnie coraz cz\u0119\u015bciej zdarza si\u0119 to w sytuacjach niezagra\u017caj\u0105cych. Wyst\u0119puje r\u00f3wnie\u017c na skutek stresu i trybu \u017cycia pe\u0142nego zmartwie\u0144. Nasze cia\u0142o jest w ci\u0105g\u0142ym skurczu. Sami jeste\u015bmy przyt\u0142oczeni fizycznie i psychicznie. Organizm przygotowuje nas do ucieczki lub walki pod wp\u0142ywem adrenaliny, ale to w niczym nie pomaga w danej sytuacji. Ataki paniki s\u0105 odczuwane jako bardzo stresuj\u0105ca reakcja organizmu na znan\u0105 lub nieznan\u0105 sytuacj\u0119. Czujemy si\u0119 bezsilni, a samo do\u015bwiadczanie tego powoduje, \u017ce jeste\u015bmy niesamowicie zm\u0119czeni psychicznie i fizycznie. Czasami wydaje si\u0119, \u017ce nie damy sobie z tym rady i tracimy grunt pod nogami.<\/span><\/p>\n<p><span style=\"color: #000000;\">Czy te\u017c martwisz si\u0119 (zbyt cz\u0119stymi) atakami paniki? Czy boisz si\u0119 i pogarszasz sytuacj\u0119? R\u00f3\u017cne metody relaksacyjne Ci nie pomagaj\u0105, a ataki paniki wci\u0105\u017c przychodz\u0105, nawet je\u015bli nie jeste\u015b zestresowany? Mamy dla Ciebie rozwi\u0105zanie.<\/span><\/p>\n<p><span style=\"color: #000000;\">Czy boisz si\u0119 i odczuwasz niepok\u00f3j? Nie masz zaufania do siebie? Problemy w pracy? Czy cierpisz na zaburzenia l\u0119kowe, fobi\u0119? Chcesz poczu\u0107 spok\u00f3j i poprawi\u0107 swoj\u0105 energi\u0119 \u017cyciow\u0105? Mamy dla Ciebie rozwi\u0105zanie.<\/span><\/p>\n<p><span style=\"color: #000000;\">Pierwsze rezultaty mo\u017cna zauwa\u017cy\u0107 ju\u017c po kilku dniach lub tygodniach, jest to zale\u017cne od ka\u017cdej osoby. Przygotowana mieszanka wystarczy na 30 dni, kt\u00f3r\u0105 z \u0142atwo\u015bci\u0105 mo\u017cesz na\u0142o\u017cy\u0107 bezpo\u015brednio do ust lub wrzuci\u0107 do szklanki z wod\u0105.<\/span><\/p>\n<p><span style=\"color: #000000;\">Terapia Bacha sprzyja samoleczeniu i duchowemu odpr\u0119\u017ceniu. Wed\u0142ug teorii dr. Bach jest przyczyn\u0105 chor\u00f3b w stanie nieharmonijnym lub w braku harmonii pomi\u0119dzy cia\u0142em i dusz\u0105. Za pomoc\u0105 esencji kwiatowych staramy si\u0119 wyleczy\u0107 chorob\u0119, wykorzystuj\u0105c pozytywne w\u0142a\u015bciwo\u015bci kwiat\u00f3w, a mianowicie pomagaj\u0105c nam przywr\u00f3ci\u0107 wewn\u0119trzn\u0105 r\u00f3wnowag\u0119.<\/span><\/p>\n<p><span style=\"color: #000000;\">Mieszanki kropli Bacha przygotowywane s\u0105 wed\u0142ug metody dr. Bacha i u\u017cywamy wy\u0142\u0105cznie oryginalnych esencji Bacha.<\/span><\/p>\n<p><span style=\"color: #000000;\">Krople Bacha pobierane s\u0105 z butelki za pomoc\u0105 do\u0142\u0105czonej pipety, co sprawia, \u017ce \u200b\u200bdozowanie jest niezwykle proste. Spo\u017cywa\u0107 4 krople 4 razy dziennie, roz\u0142o\u017cone na ca\u0142y dzie\u0144. Butelka, kt\u00f3r\u0105 otrzymasz wystarcza na 1 miesi\u0105c terapii.<\/span><\/p>\n<p><span style=\"color: #000000;\">Ka\u017cda butelka wybranej mieszanki przygotowywana jest r\u0119cznie i na bie\u017c\u0105co. Aby mieszanka zachowa\u0142a \u015bwie\u017co\u015b\u0107 przez d\u0142ugi czas, nale\u017cy doda\u0107 odrobin\u0119 alkoholu (koniaku). Termin przydatno\u015bci mieszanki wynosi 1 miesi\u0105c od daty zakupu.<\/span><\/p>\n<p><span style=\"color: #000000;\">Poniewa\u017c krople Bacha nie maj\u0105 skutk\u00f3w ubocznych, nie mo\u017cna ich przedawkowa\u0107 i nie powoduj\u0105 uzale\u017cnienia. S\u0105 odpowiednie dla ka\u017cdego &#8211; kobiet w ci\u0105\u017cy, matek karmi\u0105cych, os\u00f3b starszych, dzieci i zwierz\u0105t.<\/span><\/p>\n<p><span style=\"color: #000000;\">Nie ma wp\u0142ywu na inne leki.<\/span><\/p>\n<h2><span style=\"color: #000000;\">Sk\u0142adowanie<\/span><\/h2>\n<p><span style=\"color: #000000;\">Przechowywa\u0107 w suchym i ciemnym miejscu, w temperaturze do +25\u00b0C.<\/span><\/p>\n<h2><span style=\"color: #000000;\">Ilo\u015b\u0107<\/span><\/h2>\n<p><span style=\"color: #000000;\">30 ml (wystarczy na 30 dni regularnego stosowania)<\/span><\/p>\n","protected":false},"excerpt":{"rendered":"<p>Krople Bacha dzia\u0142aj\u0105 skutecznie przeciwko r\u00f3\u017cnym niepokojom emocjonalnym jednostki. Pomagaj\u0105 w r\u00f3\u017cnych kryzysach i trudnych sytuacjach \u017cyciowych. Przy nich wyciszamy si\u0119 i zachowujemy spokojn\u0105 g\u0142ow\u0119. Dzia\u0142aj\u0105 na nasz stan emocjonalny i pomagaj\u0105 go zharmonizowa\u0107.<\/p>\n<p>\ud83d\udc9a Dropy pakowane s\u0105 r\u0119cznie, na miejscu w dniu wysy\u0142ki.<br \/>\n\ud83d\udc9a S\u0105 odpowiednie dla wszystkich ludzi (kobiet w ci\u0105\u017cy, os\u00f3b starszych, dzieci,&#8230;) i zwierz\u0105t.<br \/>\n\ud83d\udc9a Nie maj\u0105 skutk\u00f3w ubocznych, nie uzale\u017cniaj\u0105 i nie mo\u017cna ich przedawkowa\u0107.<br \/>\n\ud83d\udc9a Pierwsze rezultaty mo\u017cna zauwa\u017cy\u0107 ju\u017c po kilku dniach lub tygodniach, jest to zale\u017cne od ka\u017cdej osoby.<br \/>\n\ud83d\udc9a Nie wp\u0142ywa na inne leki.<\/p>\n","protected":false},"featured_media":6318,"comment_status":"open","ping_status":"closed","template":"","meta":{"_acf_changed":false},"product_brand":[],"product_cat":[15,236,224,225],"product_tag":[],"class_list":{"0":"post-6323","1":"product","2":"type-product","3":"status-publish","4":"has-post-thumbnail","6":"product_cat-uncategorized","7":"product_cat-krople-bacha","8":"product_cat-oferta","9":"product_cat-wszystkie-produkty","11":"first","12":"instock","13":"sale","14":"taxable","15":"shipping-taxable","16":"purchasable","17":"product-type-simple"},"acf":[],"_links":{"self":[{"href":"https:\/\/fengchashop.com\/pl\/wp-json\/wp\/v2\/product\/6323","targetHints":{"allow":["GET"]}}],"collection":[{"href":"https:\/\/fengchashop.com\/pl\/wp-json\/wp\/v2\/product"}],"about":[{"href":"https:\/\/fengchashop.com\/pl\/wp-json\/wp\/v2\/types\/product"}],"replies":[{"embeddable":true,"href":"https:\/\/fengchashop.com\/pl\/wp-json\/wp\/v2\/comments?post=6323"}],"wp:featuredmedia":[{"embeddable":true,"href":"https:\/\/fengchashop.com\/pl\/wp-json\/wp\/v2\/media\/6318"}],"wp:attachment":[{"href":"https:\/\/fengchashop.com\/pl\/wp-json\/wp\/v2\/media?parent=6323"}],"wp:term":[{"taxonomy":"product_brand","embeddable":true,"href":"https:\/\/fengchashop.com\/pl\/wp-json\/wp\/v2\/product_brand?post=6323"},{"taxonomy":"product_cat","embeddable":true,"href":"https:\/\/fengchashop.com\/pl\/wp-json\/wp\/v2\/product_cat?post=6323"},{"taxonomy":"product_tag","embeddable":true,"href":"https:\/\/fengchashop.com\/pl\/wp-json\/wp\/v2\/product_tag?post=6323"}],"curies":[{"name":"wp","href":"https:\/\/api.w.org\/{rel}","templated":true}]}}