{"id":6313,"date":"2023-12-14T18:38:09","date_gmt":"2023-12-14T17:38:09","guid":{"rendered":"https:\/\/fengchashop.com\/pl\/product\/proszek-koralowy-sango-250-g-copy\/"},"modified":"2026-04-09T16:11:41","modified_gmt":"2026-04-09T14:11:41","slug":"proszek-koralowy-sango","status":"publish","type":"product","link":"https:\/\/fengchashop.com\/pl\/product\/proszek-koralowy-sango\/","title":{"rendered":"Proszek koralowy Sango 250 g"},"content":{"rendered":"<h2>Proszek koralowy Sango<\/h2>\n<p>Koralowiec morski Sango pochodzi z milionowej rafy koralowej u wybrze\u017cy wyspy Okinawa w Japonii. Nawet sama wyspa Okinawa powsta\u0142a na skale koralowej &#8211; dzi\u0119ki temu woda deszczowa przenika przez opady deszczu i jest wzbogacona w niezliczone minera\u0142y i pierwiastki \u015bladowe wyst\u0119puj\u0105ce w koralowcach kopalnych. Mieszka\u0144cy Okinawy, kt\u00f3rym cz\u0119sto przypisuje si\u0119 do\u017cycie ponad stu lat, otrzymuj\u0105 w ten spos\u00f3b niezwykle bogat\u0105 i niepowtarzaln\u0105 wod\u0119 pe\u0142n\u0105 minera\u0142\u00f3w.<\/p>\n<h2>Dlaczego proszek koralowy Sango jest tak wyj\u0105tkowy i inny?<\/h2>\n<p>Proszek koralowy Sango jest naturalnym \u017ar\u00f3d\u0142em wapnia i innych korzystnych dla zdrowia minera\u0142\u00f3w. Py\u0142 koralowy zawiera g\u0142\u00f3wnie wap\u0144 i magnez w proporcji 2:1, kt\u00f3ra ma by\u0107 idealna dla organizmu cz\u0142owieka, a jednocze\u015bnie charakteryzuje si\u0119 wysok\u0105 biodost\u0119pno\u015bci\u0105. Ponadto mo\u017ce zawiera\u0107 r\u00f3wnie\u017c inne minera\u0142y \u015bladowe.<\/p>\n<h2>Efekty, kt\u00f3re pozytywnie wp\u0142ywaj\u0105 na nasze zdrowie i organizm<\/h2>\n<p>Proszek koralowy Sango ma wiele potencjalnych korzy\u015bci i skutk\u00f3w zdrowotnych. Oto niekt\u00f3re z g\u0142\u00f3wnych korzy\u015bci i efekt\u00f3w:<\/p>\n<p>\ud83d\udc9a wspiera uk\u0142ad odporno\u015bciowy,<br \/>\n\ud83d\udc9a wspiera zdrowie ko\u015bci, z\u0119b\u00f3w i mi\u0119\u015bni,<br \/>\n\ud83d\udc9a pomaga zapobiega\u0107 chorobom ko\u015bci, takim jak osteoporoza,<br \/>\n\ud83d\udc9a pomaga regulowa\u0107 pH w organizmie i zmniejsza kwasowo\u015b\u0107,<br \/>\n\ud83d\udc9a korzystnie wp\u0142ywa na zdrowie serca i prac\u0119 mi\u0119\u015bni,<br \/>\n\ud83d\udc9apomagaj\u0105 w trawieniu i wch\u0142anianiu sk\u0142adnik\u00f3w od\u017cywczych.<\/p>\n<h2 align=\"JUSTIFY\"><span style=\"color: #000000\">Przechowywanie i ostrze\u017cenia<\/span><\/h2>\n<p align=\"JUSTIFY\"><span style=\"color: #000000\">Przechowywa\u0107 w ch\u0142odnym, suchym miejscu w temperaturze do 25\u00b0C.<\/span><\/p>\n<p>Suplement diety powinien znajdowa\u0107 si\u0119 poza zasi\u0119giem dzieci!<\/p>\n<p>Nie zapominaj, jak wa\u017cna jest zr\u00f3\u017cnicowana dieta i zdrowy tryb \u017cycia, dlatego suplement diety nie zast\u0119puje zbilansowanej i zr\u00f3\u017cnicowanej diety. Nie nale\u017cy przekracza\u0107 zalecanej dziennej ilo\u015bci lub dawki.<\/p>\n<p>Nie zaleca si\u0119 stosowania przez matki w ci\u0105\u017cy i karmi\u0105ce piersi\u0105 oraz dzieci. W przypadku jakichkolwiek problem\u00f3w zdrowotnych zaleca si\u0119 skonsultowanie si\u0119 z lekarzem w celu uzyskania dalszych informacji.<\/p>\n<h2 align=\"JUSTIFY\"><span style=\"color: #000000\">Opakowanie<\/span><\/h2>\n<p align=\"JUSTIFY\"><span style=\"color: #000000\">Nieprzepuszczalna torba zamykana na zamek, w kt\u00f3rej produkt zachowuje swoj\u0105 \u015bwie\u017co\u015b\u0107 i aromat. Opakowanie chroni przed \u015bwiat\u0142em i powietrzem, poniewa\u017c sk\u0142ada si\u0119 z kilku warstw ochronnych, kt\u00f3re zachowuj\u0105 w\u0142a\u015bciwo\u015bci zawarto\u015bci.<\/span><\/p>\n<p align=\"JUSTIFY\"><span style=\"color: #000000\">Opakowanie jest bardzo praktyczne i nadaje si\u0119 do recyklingu.<\/span><\/p>\n<h2>Pochodzenie<\/h2>\n<p>Japonia<\/p>\n","protected":false},"excerpt":{"rendered":"<p>Proszek koralowy Sango ma wiele potencjalnych korzy\u015bci i skutk\u00f3w zdrowotnych. Oto niekt\u00f3re z g\u0142\u00f3wnych korzy\u015bci i efekt\u00f3w:<\/p>\n<p>\ud83d\udc9a wspiera uk\u0142ad odporno\u015bciowy,<br \/>\n\ud83d\udc9a wspiera zdrowie ko\u015bci, z\u0119b\u00f3w i mi\u0119\u015bni,<br \/>\n\ud83d\udc9a pomaga zapobiega\u0107 chorobom ko\u015bci, takim jak osteoporoza,<br \/>\n\ud83d\udc9apomaga regulowa\u0107 pH w organizmie i zmniejsza kwasowo\u015b\u0107.<\/p>\n","protected":false},"featured_media":6314,"comment_status":"open","ping_status":"closed","template":"","meta":{"_acf_changed":false},"product_brand":[],"product_cat":[15,232,224,225],"product_tag":[],"class_list":{"0":"post-6313","1":"product","2":"type-product","3":"status-publish","4":"has-post-thumbnail","6":"product_cat-uncategorized","7":"product_cat-mineraly-witaminy","8":"product_cat-oferta","9":"product_cat-wszystkie-produkty","11":"first","12":"instock","13":"sale","14":"taxable","15":"shipping-taxable","16":"purchasable","17":"product-type-simple"},"acf":[],"_links":{"self":[{"href":"https:\/\/fengchashop.com\/pl\/wp-json\/wp\/v2\/product\/6313","targetHints":{"allow":["GET"]}}],"collection":[{"href":"https:\/\/fengchashop.com\/pl\/wp-json\/wp\/v2\/product"}],"about":[{"href":"https:\/\/fengchashop.com\/pl\/wp-json\/wp\/v2\/types\/product"}],"replies":[{"embeddable":true,"href":"https:\/\/fengchashop.com\/pl\/wp-json\/wp\/v2\/comments?post=6313"}],"wp:featuredmedia":[{"embeddable":true,"href":"https:\/\/fengchashop.com\/pl\/wp-json\/wp\/v2\/media\/6314"}],"wp:attachment":[{"href":"https:\/\/fengchashop.com\/pl\/wp-json\/wp\/v2\/media?parent=6313"}],"wp:term":[{"taxonomy":"product_brand","embeddable":true,"href":"https:\/\/fengchashop.com\/pl\/wp-json\/wp\/v2\/product_brand?post=6313"},{"taxonomy":"product_cat","embeddable":true,"href":"https:\/\/fengchashop.com\/pl\/wp-json\/wp\/v2\/product_cat?post=6313"},{"taxonomy":"product_tag","embeddable":true,"href":"https:\/\/fengchashop.com\/pl\/wp-json\/wp\/v2\/product_tag?post=6313"}],"curies":[{"name":"wp","href":"https:\/\/api.w.org\/{rel}","templated":true}]}}