{"id":6311,"date":"2023-12-07T18:37:57","date_gmt":"2023-12-07T17:37:57","guid":{"rendered":"https:\/\/fengchashop.com\/pl\/product\/nac-n-acetylocysteina-w-kapsulkachh-120-kapsulek\/"},"modified":"2026-04-29T01:40:54","modified_gmt":"2026-04-28T23:40:54","slug":"nac-n-acetylocysteina-w-kapsulkachh","status":"publish","type":"product","link":"https:\/\/fengchashop.com\/pl\/product\/nac-n-acetylocysteina-w-kapsulkachh\/","title":{"rendered":"NAC (N-acetylocysteina) w kapsu\u0142kachh 120 kapsu\u0142ek"},"content":{"rendered":"<h2 align=\"JUSTIFY\">NAC (N-acetylocysteina) w kapsu\u0142kachh<\/h2>\n<p>N-acetylocysteina (N-acetylocysteina lub NAC) to suplement diety oparty na aminokwasie cysteinie. Cysteina jest wa\u017cnym budulcem bia\u0142ek i pe\u0142ni wiele wa\u017cnych r\u00f3l w organizmie. NAC ma unikalne w\u0142a\u015bciwo\u015bci, kt\u00f3re uczyni\u0142y go popularnym suplementem i jest r\u00f3wnie\u017c szeroko stosowany w medycynie. Jest to substancja pe\u0142ni\u0105ca w organizmie rol\u0119 prekursora enzymu antyoksydacyjnego glutationu.<\/p>\n<h2>Co sprawia, \u017ce \u200b\u200bNAC jest tak wyj\u0105tkowy i inny?<\/h2>\n<p>N-acetylocysteina jest zwykle wytwarzana z aminokwasu L-cysteiny, kt\u00f3ry wyst\u0119puje w wielu produktach bia\u0142kowych, takich jak dr\u00f3b, ryby, jaja i produkty mleczne. Cysteina jest aminokwasem niezb\u0119dnym, co oznacza, \u017ce \u200b\u200borganizm potrzebuje jej do normalnego funkcjonowania, ale mo\u017cna j\u0105 r\u00f3wnie\u017c pozyska\u0107 z innych aminokwas\u00f3w, np. metioniny.<\/p>\n<p>Cysteina jest kluczowym sk\u0142adnikiem, kt\u00f3rego potrzebuje nasz organizm, poniewa\u017c odgrywa wa\u017cn\u0105 rol\u0119 w kilku kluczowych procesach. Jedn\u0105 z jego g\u0142\u00f3wnych r\u00f3l jest udzia\u0142 w odbudowie glutationu, kt\u00f3ry jest najsilniejszym przeciwutleniaczem w naszym organizmie. Glutation jest niezb\u0119dny do ochrony kom\u00f3rek organizmu przed uszkodzeniami powodowanymi przez wolne rodniki oraz do utrzymania ca\u0142ego systemu mechanizm\u00f3w obronnych.<\/p>\n<h2>Efekty, kt\u00f3re pozytywnie wp\u0142ywaj\u0105 na nasze zdrowie i organizm<\/h2>\n<p>NAC ma wiele potencjalnych korzy\u015bci i skutk\u00f3w zdrowotnych. Oto niekt\u00f3re z g\u0142\u00f3wnych korzy\u015bci i efekt\u00f3w:<\/p>\n<p>\ud83d\udc9a jest silnym przeciwutleniaczem, usuwaj\u0105cym wolne rodniki,<br \/>\n\ud83d\udc9a pozytywnie wp\u0142ywa na uk\u0142ad odporno\u015bciowy i wspomaga zdrowie uk\u0142adu odporno\u015bciowego,<br \/>\n\ud83d\udc9a zmniejsza cz\u0119sto\u015b\u0107 wyst\u0119powania i nasilenie objaw\u00f3w grypy i przezi\u0119bienia oraz skraca czas trwania choroby,<br \/>\n\ud83d\udc9a stosowany r\u00f3wnie\u017c w celu rozrzedzenia g\u0119stego \u015bluzu i \u0142agodzenia problem\u00f3w z oddychaniem u pacjent\u00f3w z chorobami uk\u0142adu oddechowego, takimi jak przewlek\u0142a obturacyjna choroba p\u0142uc (POChP) i mukowiscydoza,<br \/>\n\ud83d\udc9a w leczeniu zatrucia paracetamolem,<br \/>\n\ud83d\udc9a wp\u0142ywa na zdrowie psychiczne, przydatny w leczeniu zaburze\u0144 takich jak zaburzenia obsesyjno-kompulsyjne (OCD) i depresja,<br \/>\n\ud83d\udc9a zmniejsza objawy niekt\u00f3rych schorze\u0144 neurologicznych, takich jak schizofrenia i zaburzenia nastroju,<br \/>\n\ud83d\udc9a pomaga w leczeniu uzale\u017cnie\u0144, takich jak alkoholizm, palenie tytoniu i narkomania,<br \/>\n\ud83d\udc9a ma korzystne dzia\u0142anie w niekt\u00f3rych chorobach w\u0105troby, takich jak zw\u0142\u00f3knienie w\u0105troby,<br \/>\n\ud83d\udc9a pomaga w detoksykacji i oczyszczaniu.<\/p>\n<h2 align=\"JUSTIFY\"><span style=\"color: #000000\">Opakowanie<\/span><\/h2>\n<p align=\"JUSTIFY\"><span style=\"color: #000000\">Nieprzepuszczalna torba zamykana na zamek, w kt\u00f3rej produkt zachowuje swoj\u0105 \u015bwie\u017co\u015b\u0107 i aromat. Opakowanie chroni przed \u015bwiat\u0142em i powietrzem, poniewa\u017c sk\u0142ada si\u0119 z kilku warstw ochronnych, kt\u00f3re zachowuj\u0105 w\u0142a\u015bciwo\u015bci zawarto\u015bci.<\/span><\/p>\n<p align=\"JUSTIFY\"><span style=\"color: #000000\">Opakowanie jest bardzo praktyczne i nadaje si\u0119 do recyklingu.<\/span><\/p>\n<h2 align=\"JUSTIFY\"><span style=\"color: #000000\">Przechowywanie i ostrze\u017cenia<\/span><\/h2>\n<p align=\"JUSTIFY\"><span style=\"color: #000000\">Przechowywa\u0107 w ch\u0142odnym, suchym miejscu. Suplement diety nale\u017cy przechowywa\u0107 w miejscu niedost\u0119pnym dla dzieci!<\/span><\/p>\n<p align=\"JUSTIFY\"><span style=\"color: #000000\">Pami\u0119taj o zr\u00f3\u017cnicowanej diecie i zdrowym trybie \u017cycia &#8211; suplement diety nie mo\u017ce zast\u0105pi\u0107 zr\u00f3wnowa\u017conej i zr\u00f3\u017cnicowanej diety. Nie nale\u017cy przekracza\u0107 zalecanej dawki dziennej. Kobietom w ci\u0105\u017cy i karmi\u0105cym piersi\u0105 zaleca si\u0119 zawsze skonsultowanie si\u0119 z lekarzem przed zastosowaniem preparatu.<\/span><\/p>\n","protected":false},"excerpt":{"rendered":"<p>N-acetylocysteina (N-acetylocysteina lub NAC) to suplement diety oparty na aminokwasie cysteinie. Cysteina jest wa\u017cnym budulcem bia\u0142ek i pe\u0142ni wiele wa\u017cnych r\u00f3l w organizmie. NAC ma unikalne w\u0142a\u015bciwo\u015bci, kt\u00f3re uczyni\u0142y go popularnym suplementem i jest r\u00f3wnie\u017c szeroko stosowany w medycynie.<\/p>\n<p>\ud83d\udc9a Pozytywnie wp\u0142ywa na uk\u0142ad odporno\u015bciowy.<br \/>\n\ud83d\udc9a Zmniejsza cz\u0119sto\u015b\u0107 wyst\u0119powania i nasilenie objaw\u00f3w grypy i przezi\u0119bienia.<br \/>\n\ud83d\udc9a Zmniejsza objawy niekt\u00f3rych schorze\u0144 neurologicznych.<br \/>\n\ud83d\udc9aPomaga w leczeniu uzale\u017cnie\u0144.<br \/>\n\ud83d\udc9a Pomaga w detoksykacji i oczyszczaniu.<\/p>\n","protected":false},"featured_media":6312,"comment_status":"open","ping_status":"closed","template":"","meta":{"_acf_changed":false},"product_brand":[],"product_cat":[15,232,226,224,225],"product_tag":[],"class_list":{"0":"post-6311","1":"product","2":"type-product","3":"status-publish","4":"has-post-thumbnail","6":"product_cat-uncategorized","7":"product_cat-mineraly-witaminy","8":"product_cat-najlepiej-sprzedajacy-sie","9":"product_cat-oferta","10":"product_cat-wszystkie-produkty","12":"first","13":"instock","14":"sale","15":"taxable","16":"shipping-taxable","17":"purchasable","18":"product-type-simple"},"acf":[],"_links":{"self":[{"href":"https:\/\/fengchashop.com\/pl\/wp-json\/wp\/v2\/product\/6311","targetHints":{"allow":["GET"]}}],"collection":[{"href":"https:\/\/fengchashop.com\/pl\/wp-json\/wp\/v2\/product"}],"about":[{"href":"https:\/\/fengchashop.com\/pl\/wp-json\/wp\/v2\/types\/product"}],"replies":[{"embeddable":true,"href":"https:\/\/fengchashop.com\/pl\/wp-json\/wp\/v2\/comments?post=6311"}],"wp:featuredmedia":[{"embeddable":true,"href":"https:\/\/fengchashop.com\/pl\/wp-json\/wp\/v2\/media\/6312"}],"wp:attachment":[{"href":"https:\/\/fengchashop.com\/pl\/wp-json\/wp\/v2\/media?parent=6311"}],"wp:term":[{"taxonomy":"product_brand","embeddable":true,"href":"https:\/\/fengchashop.com\/pl\/wp-json\/wp\/v2\/product_brand?post=6311"},{"taxonomy":"product_cat","embeddable":true,"href":"https:\/\/fengchashop.com\/pl\/wp-json\/wp\/v2\/product_cat?post=6311"},{"taxonomy":"product_tag","embeddable":true,"href":"https:\/\/fengchashop.com\/pl\/wp-json\/wp\/v2\/product_tag?post=6311"}],"curies":[{"name":"wp","href":"https:\/\/api.w.org\/{rel}","templated":true}]}}