{"id":6309,"date":"2023-06-13T08:47:12","date_gmt":"2023-06-13T06:47:12","guid":{"rendered":"https:\/\/fengchashop.com\/pl\/product\/jiaogulan-gynostemma-w-proszku-250-g\/"},"modified":"2026-04-29T11:05:33","modified_gmt":"2026-04-29T09:05:33","slug":"jiaogulan-gynostemma-w-proszku","status":"publish","type":"product","link":"https:\/\/fengchashop.com\/pl\/product\/jiaogulan-gynostemma-w-proszku\/","title":{"rendered":"Jiaogulan Gynostemma w proszku 250 g"},"content":{"rendered":"<h2><span style=\"color: #000000\">Jiaogulan Gynostemma w proszku<\/span><\/h2>\n<p><span style=\"color: #000000\">Jiaogulan, znany r\u00f3wnie\u017c jako Gynostemma lub Jiao Gu Lan, to ro\u015blina pochodz\u0105ca z Chin, Birmy, p\u00f3\u0142nocnej Tajlandii, Korei i Japonii. Od wiek\u00f3w stosowany jest w tradycyjnej medycynie chi\u0144skiej ze wzgl\u0119du na swoje w\u0142a\u015bciwo\u015bci lecznicze. Nazywana jest tak\u017ce \u201ero\u015blin\u0105 nie\u015bmiertelno\u015bci\u201d, gdy\u017c zawiera wiele substancji aktywnych wa\u017cnych dla d\u0142ugiego \u017cycia.<\/span><\/p>\n<p><span style=\"color: #000000\">Jiaogulan Gynostemma to zio\u0142o dobrze zbadane naukowo, kt\u00f3remu przypisuje si\u0119 wiele pozytywnych skutk\u00f3w. Dzia\u0142a g\u0142\u00f3wnie przeciwzapalnie, detoksykuj\u0105co i przeciwstarzeniowo. Ponadto jiaogulan jest r\u00f3wnie\u017c silnym przeciwutleniaczem. Poniewa\u017c \u017ce\u0144-sze\u0144 zwi\u0119ksza energi\u0119, r\u00f3wnowa\u017cy organizm i poprawia og\u00f3lne samopoczucie. Wed\u0142ug tradycyjnej medycyny chi\u0144skiej ma korzystny wp\u0142yw na zesp\u00f3\u0142 chronicznego zm\u0119czenia i ko\u0142atanie serca (uczucie bicia w klatce piersiowej). Jednak cz\u0119sto stosuje si\u0119 go w leczeniu schorze\u0144, kt\u00f3re obejmuj\u0105 zapobieganie i \u0142agodzenie cukrzycy i wysokiego poziomu cholesterolu, a tak\u017ce zapobieganie skutkom stresu prowadz\u0105cego do l\u0119ku. Przy regularnym stosowaniu mo\u017cna w pe\u0142ni wykorzysta\u0107 jego dzia\u0142anie, umiarkowanie skutkuje tak\u017ce bezpieczn\u0105 konsumpcj\u0105, pozbawion\u0105 skutk\u00f3w ubocznych i niepo\u017c\u0105danych.<\/span><\/p>\n<p><span style=\"color: #000000\">Pomaga naszemu organizmowi zachowa\u0107 r\u00f3wnowag\u0119.<\/span><\/p>\n<p><span style=\"color: #000000\">Jiaogulan ma r\u00f3wnie\u017c dzia\u0142anie adaptogenne. Ro\u015bliny adaptogenne pomagaj\u0105 organizmowi przystosowa\u0107 si\u0119 do r\u00f3\u017cnych negatywnych czynnik\u00f3w \u015brodowiskowych. Maj\u0105 zdolno\u015b\u0107 regulowania i kontrolowania uk\u0142adu gruczo\u0142owego i hormonalnego, uk\u0142adu nerwowego i sercowo-naczyniowego oraz mi\u0119\u015bni.<\/span><\/p>\n<p><span style=\"color: #000000\">Adaptogeny dbaj\u0105 o zdrowie wa\u017cnych narz\u0105d\u00f3w i pomagaj\u0105 regulowa\u0107 poziom cukru we krwi, poprawiaj\u0105 prac\u0119 w\u0105troby, przewodu pokarmowego i sk\u00f3ry. Wzmacniaj\u0105 i o\u017cywiaj\u0105 organizm. Pobudzaj\u0105 tak\u017ce prac\u0119 nadnerczy i tym samym pomagaj\u0105 organizmowi skutecznie radzi\u0107 sobie ze stresem, kt\u00f3ry jest efektem czynnik\u00f3w fizycznych (infekcje, urazy, niewystarczaj\u0105ca ilo\u015b\u0107 snu) lub psychologicznych (l\u0119k).<\/span><\/p>\n<h2><span style=\"color: #000000\">Kluczowe funkcje, kt\u00f3re oferuje nam Jiaogulan Gynostemma<\/span><\/h2>\n<p><span style=\"color: #000000\">W tradycyjnej medycynie chi\u0144skiej jiaogulan jest u\u017cywany do r\u00f3\u017cnych cel\u00f3w, a mianowicie:<\/span><\/p>\n<p><span style=\"color: #000000\">\ud83d\udc9a wzmocnienie uk\u0142adu odporno\u015bciowego,<\/span><br \/>\n<span style=\"color: #000000\">\ud83d\udc9a regulacja ci\u015bnienia krwi i poziomu cukru we krwi,<\/span><br \/>\n<span style=\"color: #000000\">\ud83d\udc9a regulacja poziomu cholesterolu,<\/span><br \/>\n<span style=\"color: #000000\">\ud83d\udc9a zmniejszenie stan\u00f3w zapalnych,<\/span><br \/>\n<span style=\"color: #000000\">\ud83d\udc9a zapobiega stanom l\u0119kowym,<\/span><br \/>\n<span style=\"color: #000000\">\ud83d\udc9a poprawa trawienia i<\/span><br \/>\n<span style=\"color: #000000\">\ud83d\udc9a wspieranie zdrowia serca.<\/span><\/p>\n<p><span style=\"color: #000000\">Jiaogulan zawiera wiele zwi\u0105zk\u00f3w bioaktywnych, takich jak glikozydy, flawonoidy, polisacharydy, witaminy i minera\u0142y, kt\u00f3re przyczyniaj\u0105 si\u0119 do jego dzia\u0142ania leczniczego.<\/span><\/p>\n<h2><span style=\"color: #000000\">Smak i aromat<\/span><\/h2>\n<p><span style=\"color: #000000\">Nasz jiaogulan jest zbierany z dzikich siedlisk dziewiczej przyrody. Ma ciekawy s\u0142odki smak, bardzo podobny do \u017ce\u0144-szenia. Jiaogulan to zdecydowanie smaczny, ale przede wszystkim zdrowy wyb\u00f3r dla mi\u0142o\u015bnik\u00f3w herbat zio\u0142owych.<\/span><\/p>\n<h2 align=\"JUSTIFY\"><span style=\"color: #000000\">Opakowanie<\/span><\/h2>\n<p align=\"JUSTIFY\"><span style=\"color: #000000\">Nieprzepuszczalna torba zamykana na zamek, w kt\u00f3rej produkt zachowuje swoj\u0105 \u015bwie\u017co\u015b\u0107 i aromat. Opakowanie chroni przed \u015bwiat\u0142em i powietrzem, poniewa\u017c sk\u0142ada si\u0119 z kilku warstw ochronnych, kt\u00f3re zachowuj\u0105 w\u0142a\u015bciwo\u015bci zawarto\u015bci.<\/span><\/p>\n<p align=\"JUSTIFY\"><span style=\"color: #000000\">Opakowanie jest bardzo praktyczne i nadaje si\u0119 do recyklingu.<\/span><\/p>\n<h2 align=\"JUSTIFY\"><span style=\"color: #000000\">Przechowywanie i ostrze\u017cenia<\/span><\/h2>\n<p align=\"JUSTIFY\"><span style=\"color: #000000\">Przechowywa\u0107 w ch\u0142odnym, suchym miejscu. Suplement diety nale\u017cy przechowywa\u0107 w miejscu niedost\u0119pnym dla dzieci!<\/span><\/p>\n<p><span style=\"color: #000000\">Nie zapominaj o znaczeniu zr\u00f3\u017cnicowanej diety i zdrowego stylu \u017cycia, dlatego suplement diety nie zast\u0119puje zr\u00f3wnowa\u017conej i zr\u00f3\u017cnicowanej diety. Nie nale\u017cy przekracza\u0107 zalecanej dziennej porcji lub dawki.<\/span><\/p>\n<h2 align=\"JUSTIFY\"><span style=\"color: #000000\">Kraj pochodzenia<\/span><\/h2>\n<p align=\"JUSTIFY\"><span style=\"color: #000000\">Chiny<\/span><\/p>\n","protected":false},"excerpt":{"rendered":"<p>Jiaogulan, znany r\u00f3wnie\u017c jako Gynostemma lub Jiao Gu Lan, to ro\u015blina pochodz\u0105ca z Chin, Birmy, p\u00f3\u0142nocnej Tajlandii, Korei i Japonii. Od wiek\u00f3w jest stosowany w tradycyjnej medycynie chi\u0144skiej ze wzgl\u0119du na swoje w\u0142a\u015bciwo\u015bci lecznicze. Nazywana jest r\u00f3wnie\u017c \u201ero\u015blin\u0105 nie\u015bmiertelno\u015bci\u201d, gdy\u017c zawiera wiele substancji aktywnych wa\u017cnych dla d\u0142ugiego \u017cycia.<\/p>\n<p>\ud83d\udc9a Reguluje poziom cholesterolu.<br \/>\n\ud83d\udc9a Zapobiega l\u0119kom.<br \/>\n\ud83d\udc9a Zmniejsza stany zapalne.<br \/>\n\ud83d\udc9a Wzmacnia uk\u0142ad odporno\u015bciowy.<br \/>\n\ud83d\udc9a Wprowadza organizm w r\u00f3wnowag\u0119 i poprawia og\u00f3lne samopoczucie.<\/p>\n","protected":false},"featured_media":6310,"comment_status":"open","ping_status":"closed","template":"","meta":{"_acf_changed":false},"product_brand":[],"product_cat":[15,224,228,225],"product_tag":[],"class_list":{"0":"post-6309","1":"product","2":"type-product","3":"status-publish","4":"has-post-thumbnail","6":"product_cat-uncategorized","7":"product_cat-oferta","8":"product_cat-superzywnosc","9":"product_cat-wszystkie-produkty","11":"first","12":"instock","13":"sale","14":"taxable","15":"shipping-taxable","16":"purchasable","17":"product-type-simple"},"acf":[],"_links":{"self":[{"href":"https:\/\/fengchashop.com\/pl\/wp-json\/wp\/v2\/product\/6309","targetHints":{"allow":["GET"]}}],"collection":[{"href":"https:\/\/fengchashop.com\/pl\/wp-json\/wp\/v2\/product"}],"about":[{"href":"https:\/\/fengchashop.com\/pl\/wp-json\/wp\/v2\/types\/product"}],"replies":[{"embeddable":true,"href":"https:\/\/fengchashop.com\/pl\/wp-json\/wp\/v2\/comments?post=6309"}],"wp:featuredmedia":[{"embeddable":true,"href":"https:\/\/fengchashop.com\/pl\/wp-json\/wp\/v2\/media\/6310"}],"wp:attachment":[{"href":"https:\/\/fengchashop.com\/pl\/wp-json\/wp\/v2\/media?parent=6309"}],"wp:term":[{"taxonomy":"product_brand","embeddable":true,"href":"https:\/\/fengchashop.com\/pl\/wp-json\/wp\/v2\/product_brand?post=6309"},{"taxonomy":"product_cat","embeddable":true,"href":"https:\/\/fengchashop.com\/pl\/wp-json\/wp\/v2\/product_cat?post=6309"},{"taxonomy":"product_tag","embeddable":true,"href":"https:\/\/fengchashop.com\/pl\/wp-json\/wp\/v2\/product_tag?post=6309"}],"curies":[{"name":"wp","href":"https:\/\/api.w.org\/{rel}","templated":true}]}}