{"id":6307,"date":"2025-07-24T17:55:53","date_gmt":"2025-07-24T15:55:53","guid":{"rendered":"https:\/\/fengchashop.com\/pl\/product\/bentonit-w-proszku-500-g\/"},"modified":"2025-11-15T14:25:37","modified_gmt":"2025-11-15T13:25:37","slug":"bentonit-w-proszku","status":"publish","type":"product","link":"https:\/\/fengchashop.com\/pl\/product\/bentonit-w-proszku\/","title":{"rendered":"Bentonit w proszku 500 g"},"content":{"rendered":"<h2>Bentonit w proszku<\/h2>\n<p>Bentonit to naturalna glina powstaj\u0105ca z popio\u0142u wulkanicznego, cz\u0119sto spotykana w pobli\u017cu obszar\u00f3w wulkanicznych. Sk\u0142ada si\u0119 g\u0142\u00f3wnie z minera\u0142u montmorylonitu, kt\u00f3ry nadaje mu szczeg\u00f3lne w\u0142a\u015bciwo\u015bci.<\/p>\n<p>Bentonit znany jest ze swojej du\u017cej zdolno\u015bci poch\u0142aniania cieczy i gaz\u00f3w. Dzi\u0119ki swojej strukturze posiada du\u017c\u0105 powierzchni\u0119, kt\u00f3ra umo\u017cliwia wi\u0105zanie i zatrzymywanie substancji takich jak toksyny, nadmiar wilgoci i zanieczyszczenia.<\/p>\n<h2>Dlaczego bentonit jest przydatny?<\/h2>\n<p>Bentonit jest u\u017cywany w r\u00f3\u017cnych zastosowaniach komercyjnych i medycznych:<\/p>\n<p>Zastosowania kosmetyczne: Ze wzgl\u0119du na swoje w\u0142a\u015bciwo\u015bci ch\u0142onne i oczyszczaj\u0105ce bentonit jest szeroko stosowany w produktach kosmetycznych, takich jak maseczki do twarzy, szampony, myd\u0142a i balsamy. Pomaga w usuwaniu zanieczyszcze\u0144, wch\u0142anianiu nadmiaru t\u0142uszczu i poprawie kondycji sk\u00f3ry.<br \/>\nZastosowanie lecznicze: Bentonit ma r\u00f3wnie\u017c zastosowanie lecznicze, szczeg\u00f3lnie w postaci suplement\u00f3w diety lub jako lek na problemy trawienne, takie jak wrzody \u017co\u0142\u0105dka, niestrawno\u015b\u0107 i zatrucia. Dzia\u0142a jako adsorbent, kt\u00f3ry wi\u0105\u017ce i usuwa toksyny oraz pomaga regulowa\u0107 trawienie.<br \/>\nStosowanie u ps\u00f3w i kot\u00f3w: Glink\u0119 bentonitow\u0105 mo\u017cna stosowa\u0107 r\u00f3wnie\u017c u ps\u00f3w i kot\u00f3w, szczeg\u00f3lnie w celu wzmocnienia uk\u0142adu odporno\u015bciowego, w przypadku chor\u00f3b nowotworowych, w celu oczyszczenia organizmu, usuni\u0119cia paso\u017cyt\u00f3w wewn\u0119trznych, odci\u0105\u017cenia w\u0105troby i nerek<\/p>\n<p>Istnieje kilka rodzaj\u00f3w bentonitu, kt\u00f3re r\u00f3\u017cni\u0105 si\u0119 sk\u0142adem mineralnym i w\u0142a\u015bciwo\u015bciami. Niekt\u00f3re popularne typy obejmuj\u0105 bentonit sodu, bentonit wapnia i mieszaniny tych dw\u00f3ch.<\/p>\n<h2>Charakterystyka bentonitu<\/h2>\n<p>Podobnie jak wszystkie glinki, bentonit zawiera r\u00f3\u017cne minera\u0142y i metale, takie jak krzem, \u017celazo, wap\u0144, magnez, s\u00f3d, a czasami aluminium. Ilo\u015b\u0107 ka\u017cdego minera\u0142u lub metalu mo\u017ce si\u0119 r\u00f3\u017cni\u0107 w zale\u017cno\u015bci od rodzaju gliny. Opr\u00f3cz sk\u0142adu mineralnego bentonit ma tak\u017ce w\u0142a\u015bciwo\u015bci lecznicze, gdy\u017c posiada zdolno\u015b\u0107 wch\u0142aniania i wymiany jon\u00f3w. Dzi\u0119ki swojej intensywnej zdolno\u015bci wch\u0142aniania bentonit dzia\u0142a antyseptycznie, przeciwinfekcyjnie i przeciwropnie. W medycynie bentonit stosuje si\u0119 zar\u00f3wno wewn\u0119trznie, jak i zewn\u0119trznie.<\/p>\n<h2>Efektywne wykorzystanie bentonitu jako suplementu diety<\/h2>\n<p>Bentonit stosowany jest w medycynie w postaci suplement\u00f3w diety ze wzgl\u0119du na w\u0142a\u015bciwo\u015bci adsorpcji i wi\u0105zania toksyn w przewodzie pokarmowym.<\/p>\n<p>Oto kilka sposob\u00f3w wykorzystania bentonitu w suplementach medycznych:<\/p>\n<p>\ud83d\udc9a Detoksykacja: Bentonit s\u0142u\u017cy do usuwania toksyn z organizmu. Po spo\u017cyciu bentonit wi\u0105\u017ce si\u0119 ze szkodliwymi substancjami, takimi jak metale ci\u0119\u017ckie, pestycydy i inne toksyczne materia\u0142y, i usuwa je z organizmu poprzez ka\u0142.<br \/>\n\ud83d\udc9a Problemy trawienne: Bentonit mo\u017ce pom\u00f3c z\u0142agodzi\u0107 problemy trawienne, takie jak biegunka, zaparcia, zesp\u00f3\u0142 jelita dra\u017cliwego i wrzody \u017co\u0142\u0105dka. Dzia\u0142a poprzez \u0142agodzenie stan\u00f3w zapalnych w przewodzie pokarmowym, wch\u0142anianie nadmiaru p\u0142yn\u00f3w i zanieczyszcze\u0144 oraz promowanie zdrowego trawienia.<br \/>\n\ud83d\udc9a Oczyszczanie jelita grubego: Bentonit stosuje si\u0119 r\u00f3wnie\u017c do oczyszczania jelita grubego i usuwania toksyn i resztek jedzenia. Spo\u017cywanie bentonitu mo\u017ce pom\u00f3c w usuni\u0119ciu p\u0142ytki naz\u0119bnej ze \u015bcian jelit i sprzyja\u0107 lepszemu wch\u0142anianiu sk\u0142adnik\u00f3w od\u017cywczych.<br \/>\n\ud83d\udc9aWsparcie uk\u0142adu odporno\u015bciowego: Dzi\u0119ki zdolno\u015bci do wi\u0105zania toksyn i zanieczyszcze\u0144 bentonit mo\u017ce wspiera\u0107 funkcjonowanie uk\u0142adu odporno\u015bciowego. Zmniejszaj\u0105c obci\u0105\u017cenie organizmu toksynami, pozwala uk\u0142adowi odporno\u015bciowemu skoncentrowa\u0107 si\u0119 na walce z infekcjami i utrzymaniu og\u00f3lnego stanu zdrowia.<\/p>\n<h2 align=\"JUSTIFY\"><span style=\"color: #000000;\">Opakowanie<\/span><\/h2>\n<p align=\"JUSTIFY\"><span style=\"color: #000000;\">Nieprzepuszczalna torba zamykana na zamek, w kt\u00f3rej produkt zachowuje swoj\u0105 \u015bwie\u017co\u015b\u0107 i aromat. Opakowanie chroni przed \u015bwiat\u0142em i powietrzem, poniewa\u017c sk\u0142ada si\u0119 z kilku warstw ochronnych, kt\u00f3re zachowuj\u0105 w\u0142a\u015bciwo\u015bci zawarto\u015bci.<\/span><\/p>\n<p align=\"JUSTIFY\"><span style=\"color: #000000;\">Opakowanie jest bardzo praktyczne i nadaje si\u0119 do recyklingu.<\/span><\/p>\n<h2 align=\"JUSTIFY\"><span style=\"color: #000000;\">Przechowywanie i ostrze\u017cenia<\/span><\/h2>\n<p align=\"JUSTIFY\"><span style=\"color: #000000;\">Przechowywa\u0107 w ch\u0142odnym, suchym miejscu. Suplement diety nale\u017cy przechowywa\u0107 w miejscu niedost\u0119pnym dla dzieci!<\/span><\/p>\n<p><span style=\"color: #000000;\">Nie zapominaj o znaczeniu zr\u00f3\u017cnicowanej diety i zdrowego stylu \u017cycia, dlatego suplement diety nie zast\u0119puje zr\u00f3wnowa\u017conej i zr\u00f3\u017cnicowanej diety. Nie nale\u017cy przekracza\u0107 zalecanej dziennej porcji lub dawki.<\/span><\/p>\n<p><span style=\"color: #000000;\">Nie zaleca si\u0119 stosowania kobietom w ci\u0105\u017cy i karmi\u0105cym. Je\u015bli przyjmujesz leki lub inne suplementy diety, skonsultuj si\u0119 z lekarzem lub farmaceut\u0105 w sprawie osobnego przyjmowania bentonitu. Bentonit ma zdolno\u015b\u0107 wi\u0105zania si\u0119 z innymi substancjami, wi\u0119c mo\u017ce zmniejsza\u0107 skuteczno\u015b\u0107 innych lek\u00f3w lub suplement\u00f3w, gdy s\u0105 przyjmowane razem.<\/span><\/p>\n<h2 align=\"JUSTIFY\"><span style=\"color: #000000;\">Kraj pochodzenia<\/span><\/h2>\n<p align=\"JUSTIFY\"><span style=\"color: #000000;\">Norwegia<\/span><\/p>\n","protected":false},"excerpt":{"rendered":"<p>Bentonit jest naturaln\u0105 glin\u0105 utworzon\u0105 z popio\u0142u wulkanicznego i cz\u0119sto znajduje si\u0119 w pobli\u017cu obszar\u00f3w wulkanicznych. Sk\u0142ada si\u0119 g\u0142\u00f3wnie z minera\u0142u montmorylonitu, kt\u00f3ry nadaje mu szczeg\u00f3lne w\u0142a\u015bciwo\u015bci. Znany jest z wysokiej zdolno\u015bci poch\u0142aniania cieczy i gaz\u00f3w. Dzi\u0119ki swojej strukturze posiada du\u017c\u0105 powierzchni\u0119, kt\u00f3ra umo\u017cliwia wi\u0105zanie i zatrzymywanie substancji takich jak toksyny, nadmiar wilgoci i zanieczyszcze\u0144.<\/p>\n<p>\ud83d\udc9a Ze wzgl\u0119du na zdolno\u015b\u0107 wch\u0142aniania i oczyszczania bentonit jest cz\u0119sto stosowany w produktach kosmetycznych.<br \/>\n\ud83d\udc9a S\u0142u\u017cy r\u00f3wnie\u017c do oczyszczania jelit i usuwania odpad\u00f3w oraz resztek jedzenia.<br \/>\n\ud83d\udc9a Znajduje zastosowanie w medycynie, zw\u0142aszcza w postaci suplement\u00f3w diety lub jako remedium na problemy trawienne.<br \/>\n\ud83d\udc9a Glink\u0119 bentonitow\u0105 mog\u0105 stosowa\u0107 r\u00f3wnie\u017c psy i koty, szczeg\u00f3lnie w celu wzmocnienia uk\u0142adu odporno\u015bciowego, w przypadku chor\u00f3b nowotworowych, w celu oczyszczenia organizmu, usuni\u0119cia paso\u017cyt\u00f3w wewn\u0119trznych, odci\u0105\u017cenia w\u0105troby i nerek.<\/p>\n","protected":false},"featured_media":6308,"comment_status":"open","ping_status":"closed","template":"","meta":{"_acf_changed":false},"product_brand":[],"product_cat":[15,224,228,225],"product_tag":[],"class_list":{"0":"post-6307","1":"product","2":"type-product","3":"status-publish","4":"has-post-thumbnail","6":"product_cat-uncategorized","7":"product_cat-oferta","8":"product_cat-superzywnosc","9":"product_cat-wszystkie-produkty","11":"first","12":"instock","13":"taxable","14":"shipping-taxable","15":"purchasable","16":"product-type-simple"},"acf":[],"_links":{"self":[{"href":"https:\/\/fengchashop.com\/pl\/wp-json\/wp\/v2\/product\/6307","targetHints":{"allow":["GET"]}}],"collection":[{"href":"https:\/\/fengchashop.com\/pl\/wp-json\/wp\/v2\/product"}],"about":[{"href":"https:\/\/fengchashop.com\/pl\/wp-json\/wp\/v2\/types\/product"}],"replies":[{"embeddable":true,"href":"https:\/\/fengchashop.com\/pl\/wp-json\/wp\/v2\/comments?post=6307"}],"wp:featuredmedia":[{"embeddable":true,"href":"https:\/\/fengchashop.com\/pl\/wp-json\/wp\/v2\/media\/6308"}],"wp:attachment":[{"href":"https:\/\/fengchashop.com\/pl\/wp-json\/wp\/v2\/media?parent=6307"}],"wp:term":[{"taxonomy":"product_brand","embeddable":true,"href":"https:\/\/fengchashop.com\/pl\/wp-json\/wp\/v2\/product_brand?post=6307"},{"taxonomy":"product_cat","embeddable":true,"href":"https:\/\/fengchashop.com\/pl\/wp-json\/wp\/v2\/product_cat?post=6307"},{"taxonomy":"product_tag","embeddable":true,"href":"https:\/\/fengchashop.com\/pl\/wp-json\/wp\/v2\/product_tag?post=6307"}],"curies":[{"name":"wp","href":"https:\/\/api.w.org\/{rel}","templated":true}]}}