{"id":6305,"date":"2023-05-26T08:42:08","date_gmt":"2023-05-26T06:42:08","guid":{"rendered":"https:\/\/fengchashop.com\/pl\/product\/suma-korzen-pfaffia-w-proszku-250-g\/"},"modified":"2026-04-28T15:55:16","modified_gmt":"2026-04-28T13:55:16","slug":"suma-korzen-pfaffia-w-proszku","status":"publish","type":"product","link":"https:\/\/fengchashop.com\/pl\/product\/suma-korzen-pfaffia-w-proszku\/","title":{"rendered":"Suma korze\u0144 (pfaffia) w proszku 250 g"},"content":{"rendered":"<h2><span style=\"color: #000000\">Suma korze\u0144 (pfaffia) w proszku<\/span><\/h2>\n<p><span style=\"color: #000000\">Korze\u0144 sumy to ro\u015blina naukowo znana jako Pfaffia paniculata, kt\u00f3ra pochodzi z Ameryki Po\u0142udniowej, g\u0142\u00f3wnie z las\u00f3w deszczowych Amazonii. Znany jest tak\u017ce pod nazw\u0105 \u201e\u017ce\u0144-sze\u0144 brazylijski\u201d lub \u201ePara Todo\u201d, co w t\u0142umaczeniu oznacza \u201edla ka\u017cdego\u201d. Korze\u0144 sumy to ro\u015blina wieloletnia o du\u017cych korzeniach, tradycyjnie stosowana w zio\u0142olecznictwie.<\/span><\/p>\n<p><span style=\"color: #000000\">Korze\u0144 sumy zawiera wiele zwi\u0105zk\u00f3w biologicznie aktywnych, takich jak ekdysteroidy, polisacharydy, fitosterole, glikozydy i wiele innych fitochemikali\u00f3w. Ze wzgl\u0119du na sw\u00f3j sk\u0142ad uznawana jest za ro\u015blin\u0119 adaptogenn\u0105, co oznacza, \u017ce \u200b\u200bpomaga organizmowi radzi\u0107 sobie ze stresem i przywraca\u0107 r\u00f3wnowag\u0119.<\/span><\/p>\n<h2><span style=\"color: #000000\">Jakie s\u0105 wa\u017cne sk\u0142adniki aktywne korzenia sumy?<\/span><\/h2>\n<p><span style=\"color: #000000\">Korze\u0144 sumy zawiera wiele wa\u017cnych sk\u0142adnik\u00f3w od\u017cywczych i zwi\u0105zk\u00f3w bioaktywnych, kt\u00f3re mog\u0105 korzystnie wp\u0142ywa\u0107 na zdrowie.<\/span><\/p>\n<p><span style=\"color: #000000\">Ekdysteroidy to zwi\u0105zki o budowie podobnej do naturalnego hormonu ekdysteroidowego wyst\u0119puj\u0105cego u niekt\u00f3rych owad\u00f3w. Ekdysteroidom zawartym w korzeniu sumy przypisuje si\u0119 wiele korzystnych skutk\u00f3w dla organizmu, w tym zwi\u0119kszenie wytrzyma\u0142o\u015bci, popraw\u0119 napi\u0119cia mi\u0119\u015bniowego i wspomaganie regeneracji po wysi\u0142ku.<\/span><\/p>\n<p><span style=\"color: #000000\">Korze\u0144 sumy zawiera polisacharydy, kt\u00f3re s\u0105 w\u0119glowodanami z\u0142o\u017conymi. Polisacharydy mog\u0105 wspiera\u0107 uk\u0142ad odporno\u015bciowy, promowa\u0107 zdrowie uk\u0142adu trawiennego i przyczynia\u0107 si\u0119 do og\u00f3lnego stanu zdrowia organizmu.<\/span><\/p>\n<p><span style=\"color: #000000\">Korze\u0144 sumy zawiera fitosterole, kt\u00f3re mog\u0105 pom\u00f3c regulowa\u0107 poziom cholesterolu w organizmie i wspiera\u0107 zdrowie serca.<\/span><\/p>\n<p><span style=\"color: #000000\">Korze\u0144 sumy zawiera r\u00f3wnie\u017c glikozydy, kt\u00f3re s\u0105 zwi\u0105zkami sk\u0142adaj\u0105cymi si\u0119 z cukru i innej reszty molekularnej. Niekt\u00f3re glikozydy w korzeniu sumy mog\u0105 mie\u0107 korzystne skutki zdrowotne, takie jak promowanie zdrowego kr\u0105\u017cenia krwi.<\/span><\/p>\n<p><span style=\"color: #000000\">Opr\u00f3cz tych sk\u0142adnik\u00f3w od\u017cywczych i zwi\u0105zk\u00f3w korze\u0144 sumy zawiera r\u00f3wnie\u017c minera\u0142y, witaminy i przeciwutleniacze, kt\u00f3re mog\u0105 wspiera\u0107 og\u00f3lny stan zdrowia i dobre samopoczucie.<\/span><\/p>\n<h2><span style=\"color: #000000\">Efekty, kt\u00f3re pozytywnie wp\u0142ywaj\u0105 na nasze zdrowie i organizm<\/span><\/h2>\n<p><span style=\"color: #000000\">Korze\u0144 sumy jest szeroko stosowany jako suplement diety ze wzgl\u0119du na jego potencjalne korzy\u015bci zdrowotne, takie jak zwi\u0119kszenie energii, poprawa wytrzyma\u0142o\u015bci, wzmocnienie uk\u0142adu odporno\u015bciowego, regulacja hormon\u00f3w, wspieranie zdrowia seksualnego i poprawa og\u00f3lnego samopoczucia.<\/span><\/p>\n<p><span style=\"color: #000000\">W\u015br\u00f3d efekt\u00f3w korzenia sumy znajduj\u0105 si\u0119:<\/span><\/p>\n<p><span style=\"color: #000000\">\ud83d\udc9a zwi\u0119kszenie energii i zmniejszenie zm\u0119czenia oraz poprawa wytrzyma\u0142o\u015bci,<\/span><br \/>\n<span style=\"color: #000000\">\ud83d\udc9a pomaga organizmowi radzi\u0107 sobie ze stresem i przywraca\u0107 r\u00f3wnowag\u0119,<\/span><br \/>\n<span style=\"color: #000000\">\ud83d\udc9a ma w\u0142a\u015bciwo\u015bci \u0142agodz\u0105ce,<\/span><br \/>\n<span style=\"color: #000000\">\ud83d\udc9a wspomaga funkcjonowanie uk\u0142adu odporno\u015bciowego,<\/span><br \/>\n<span style=\"color: #000000\">\ud83d\udc9a przyczynia si\u0119 do lepszego systemu obronnego organizmu,<\/span><br \/>\n<span style=\"color: #000000\">\ud83d\udc9a w celu wsparcia zdrowia seksualnego i libido,<\/span><br \/>\n<span style=\"color: #000000\">\ud83d\udc9a dla poprawy og\u00f3lnego samopoczucia, koncentracji i witalno\u015bci.<\/span><\/p>\n<h2 align=\"JUSTIFY\"><span style=\"color: #000000\">Opakowanie<\/span><\/h2>\n<p align=\"JUSTIFY\"><span style=\"color: #000000\">Nieprzepuszczalna torba zamykana na zamek, w kt\u00f3rej produkt zachowuje swoj\u0105 \u015bwie\u017co\u015b\u0107 i aromat. Opakowanie chroni przed \u015bwiat\u0142em i powietrzem, poniewa\u017c sk\u0142ada si\u0119 z kilku warstw ochronnych, kt\u00f3re zachowuj\u0105 w\u0142a\u015bciwo\u015bci zawarto\u015bci.<\/span><\/p>\n<p align=\"JUSTIFY\"><span style=\"color: #000000\">Opakowanie jest bardzo praktyczne i nadaje si\u0119 do recyklingu.<\/span><\/p>\n<h2 align=\"JUSTIFY\"><span style=\"color: #000000\">Przechowywanie i ostrze\u017cenia<\/span><\/h2>\n<p align=\"JUSTIFY\"><span style=\"color: #000000\">Przechowywa\u0107 w ch\u0142odnym, suchym miejscu. Suplement diety nale\u017cy przechowywa\u0107 w miejscu niedost\u0119pnym dla dzieci!<\/span><\/p>\n<p><span style=\"color: #000000\">Nie zapominaj o znaczeniu zr\u00f3\u017cnicowanej diety i zdrowego stylu \u017cycia, dlatego suplement diety nie zast\u0119puje zr\u00f3wnowa\u017conej i zr\u00f3\u017cnicowanej diety. Nie nale\u017cy przekracza\u0107 zalecanej dziennej porcji lub dawki.<\/span><\/p>\n<p><span style=\"color: #000000\">Kobietom w ci\u0105\u017cy i karmi\u0105cym piersi\u0105 odradza si\u0119 stosowanie. Spo\u017cywanie korzenia suma nie jest zalecane dla os\u00f3b z okre\u015blonymi schorzeniami, takimi jak nowotwory hormonozale\u017cne, choroby autoimmunologiczne, epilepsja, krwawienie lub inne powa\u017cne schorzenia. Ponadto, je\u015bli jeste\u015b uczulony na inne ro\u015bliny lub masz znan\u0105 nadwra\u017cliwo\u015b\u0107, unikaj stosowania korzenia sumy. Zaleca si\u0119 skonsultowanie si\u0119 z lekarzem w celu uzyskania dodatkowych informacji w przypadku jakichkolwiek problem\u00f3w zdrowotnych.<\/span><\/p>\n<h2 align=\"JUSTIFY\"><span style=\"color: #000000\">Kraj pochodzenia<\/span><\/h2>\n<p align=\"JUSTIFY\"><span style=\"color: #000000\">Brazylia<\/span><\/p>\n","protected":false},"excerpt":{"rendered":"<p>Korze\u0144 suma to ro\u015blina naukowo znana jako Pfaffia paniculata, kt\u00f3ra pochodzi z Ameryki Po\u0142udniowej, g\u0142\u00f3wnie z las\u00f3w deszczowych Amazonii. Znany jest r\u00f3wnie\u017c pod nazwami \u201e\u017ce\u0144-sze\u0144 brazylijski\u201d lub \u201ePara Todo\u201d, co t\u0142umaczy si\u0119 jako \u201edla ka\u017cdego\u201d. Korze\u0144 suma to wieloletnia ro\u015blina o du\u017cych korzeniach, tradycyjnie stosowana w zio\u0142olecznictwie.<\/p>\n<p>\ud83d\udc9a Dla poprawy og\u00f3lnego samopoczucia, koncentracji i witalno\u015bci.<br \/>\n\ud83d\udc9a Pomaga organizmowi radzi\u0107 sobie ze stresem i przywraca r\u00f3wnowag\u0119.<br \/>\n\ud83d\udc9a Aby wspiera\u0107 zdrowie seksualne i libido.<br \/>\n\ud83d\udc9a Zwi\u0119ksza energi\u0119 i zmniejsza uczucie zm\u0119czenia oraz poprawia wytrzyma\u0142o\u015b\u0107.<\/p>\n","protected":false},"featured_media":6306,"comment_status":"open","ping_status":"closed","template":"","meta":{"_acf_changed":false},"product_brand":[],"product_cat":[15,224,228,225],"product_tag":[],"class_list":{"0":"post-6305","1":"product","2":"type-product","3":"status-publish","4":"has-post-thumbnail","6":"product_cat-uncategorized","7":"product_cat-oferta","8":"product_cat-superzywnosc","9":"product_cat-wszystkie-produkty","11":"first","12":"instock","13":"taxable","14":"shipping-taxable","15":"purchasable","16":"product-type-simple"},"acf":[],"_links":{"self":[{"href":"https:\/\/fengchashop.com\/pl\/wp-json\/wp\/v2\/product\/6305","targetHints":{"allow":["GET"]}}],"collection":[{"href":"https:\/\/fengchashop.com\/pl\/wp-json\/wp\/v2\/product"}],"about":[{"href":"https:\/\/fengchashop.com\/pl\/wp-json\/wp\/v2\/types\/product"}],"replies":[{"embeddable":true,"href":"https:\/\/fengchashop.com\/pl\/wp-json\/wp\/v2\/comments?post=6305"}],"wp:featuredmedia":[{"embeddable":true,"href":"https:\/\/fengchashop.com\/pl\/wp-json\/wp\/v2\/media\/6306"}],"wp:attachment":[{"href":"https:\/\/fengchashop.com\/pl\/wp-json\/wp\/v2\/media?parent=6305"}],"wp:term":[{"taxonomy":"product_brand","embeddable":true,"href":"https:\/\/fengchashop.com\/pl\/wp-json\/wp\/v2\/product_brand?post=6305"},{"taxonomy":"product_cat","embeddable":true,"href":"https:\/\/fengchashop.com\/pl\/wp-json\/wp\/v2\/product_cat?post=6305"},{"taxonomy":"product_tag","embeddable":true,"href":"https:\/\/fengchashop.com\/pl\/wp-json\/wp\/v2\/product_tag?post=6305"}],"curies":[{"name":"wp","href":"https:\/\/api.w.org\/{rel}","templated":true}]}}