{"id":6302,"date":"2023-05-26T08:11:18","date_gmt":"2023-05-26T06:11:18","guid":{"rendered":"https:\/\/fengchashop.com\/pl\/product\/muira-puama-proszek-250-g\/"},"modified":"2026-04-28T08:45:37","modified_gmt":"2026-04-28T06:45:37","slug":"muira-puama-proszek","status":"publish","type":"product","link":"https:\/\/fengchashop.com\/pl\/product\/muira-puama-proszek\/","title":{"rendered":"Muira Puama proszek 250 g"},"content":{"rendered":"<h2><span style=\"color: #000000\">Muira Puama w proszku<\/span><\/h2>\n<p><span style=\"color: #000000\">Muira Puama, znana r\u00f3wnie\u017c jako \u201eenergia drewna\u201d, to rodzaj ro\u015bliny pochodz\u0105cej z las\u00f3w deszczowych Amazonii w Brazylii. Botaniczna nazwa ro\u015bliny to Ptychopetalum olacoides. Z li\u015bci i kory ro\u015bliny sporz\u0105dza si\u0119 preparaty lecznicze przyjmowane doustnie w postaci herbat, nalewek lub suplement\u00f3w diety. Muira Puama od dawna jest stosowana w medycynie tradycyjnej do r\u00f3\u017cnych cel\u00f3w, zw\u0142aszcza w celu poprawy funkcji seksualnych i sprawno\u015bci seksualnej.<\/span><\/p>\n<h2><span style=\"color: #000000\">Co sprawia, \u017ce \u200b\u200bMuira Puama jest tak wyj\u0105tkowa i inna?<\/span><\/h2>\n<p><span style=\"color: #000000\">Muira Puama zawiera kilka wa\u017cnych sk\u0142adnik\u00f3w od\u017cywczych, kt\u00f3re mog\u0105 mie\u0107 wp\u0142yw na jej wp\u0142yw na zdrowie i dobre samopoczucie.<\/span><\/p>\n<p><span style=\"color: #000000\">W Muira Puama wyst\u0119puje wiele zwi\u0105zk\u00f3w alkaloidowych, w tym w st\u0119\u017ceniach takich jak muirapuamina, muirapuamina-D, hirsutyna i akacetyna. Zwi\u0105zki te mog\u0105 mie\u0107 r\u00f3\u017cne dzia\u0142anie biologiczne i s\u0105 wa\u017cne ze wzgl\u0119du na jego w\u0142a\u015bciwo\u015bci zdrowotne.<\/span><\/p>\n<p><span style=\"color: #000000\">Muira Puama zawiera r\u00f3wnie\u017c sterole, takie jak beta-sitosterol i stigmasterol. Sterole te to sterole ro\u015blinne znane z korzystnego wp\u0142ywu na zdrowie serca, cholesterol i uk\u0142ad odporno\u015bciowy.<\/span><\/p>\n<p><span style=\"color: #000000\">Flawonoidy to grupa zwi\u0105zk\u00f3w ro\u015blinnych, kt\u00f3re dzia\u0142aj\u0105 jako przeciwutleniacze i maj\u0105 w\u0142a\u015bciwo\u015bci przeciwzapalne. W Muira Puama obecne s\u0105 r\u00f3\u017cne flawonoidy, kt\u00f3re mog\u0105 pom\u00f3c chroni\u0107 kom\u00f3rki przed stresem oksydacyjnym. Muira Puama zawiera r\u00f3wnie\u017c niewielkie ilo\u015bci olejk\u00f3w eterycznych, kt\u00f3re nadaj\u0105 ro\u015blinie charakterystyczny zapach. Olejki te mog\u0105 wp\u0142ywa\u0107 na jego w\u0142a\u015bciwo\u015bci aromatyczne.<\/span><\/p>\n<p><span style=\"color: #000000\">Nale\u017cy pami\u0119ta\u0107, \u017ce dok\u0142adny sk\u0142ad sk\u0142adnik\u00f3w od\u017cywczych w Muira Puama zale\u017cy od rodzaju ro\u015bliny, warunk\u00f3w uprawy i metody uzyskania ekstraktu.<\/span><\/p>\n<h2><span style=\"color: #000000\">Efekty, kt\u00f3re pozytywnie wp\u0142ywaj\u0105 na nasze zdrowie i organizm<\/span><\/h2>\n<p><span style=\"color: #000000\">Muira Puama znana jest ze swojego potencjalnego wp\u0142ywu na zdrowie i dobre samopoczucie:<\/span><br \/>\n<span style=\"color: #000000\">\ud83d\udc9a dzia\u0142a jak naturalny afrodyzjak,<\/span><br \/>\n<span style=\"color: #000000\">\ud83d\udc9a s\u0142u\u017cy do poprawy pop\u0119du seksualnego, zwi\u0119kszenia libido i poprawy funkcji seksualnych zar\u00f3wno u m\u0119\u017cczyzn, jak i kobiet,<\/span><br \/>\n<span style=\"color: #000000\">\ud83d\udc9a s\u0142u\u017cy do poprawy energii, wytrzyma\u0142o\u015bci i og\u00f3lnego samopoczucia,<\/span><br \/>\n<span style=\"color: #000000\">\ud83d\udc9a pomaga zmniejszy\u0107 zm\u0119czenie i poprawi\u0107 samopoczucie,<\/span><br \/>\n<span style=\"color: #000000\">\ud83d\udc9a pomaga redukowa\u0107 stres i poprawia\u0107 nastr\u00f3j,<\/span><br \/>\n<span style=\"color: #000000\">\ud83d\udc9a ma w\u0142a\u015bciwo\u015bci \u0142agodz\u0105ce,<\/span><br \/>\n<span style=\"color: #000000\">\ud83d\udc9a pomaga w opanowaniu l\u0119ku,<\/span><br \/>\n<span style=\"color: #000000\">\ud83d\udc9a poprawia funkcje poznawcze, takie jak koncentracja, pami\u0119\u0107 i zdolno\u015b\u0107 my\u015blenia,<\/span><br \/>\n<span style=\"color: #000000\">\ud83d\udc9a mo\u017ce pom\u00f3c w utrzymaniu zdrowia uk\u0142adu kr\u0105\u017cenia,<\/span><br \/>\n<span style=\"color: #000000\">\ud83d\udc9apomaga obni\u017cy\u0107 ci\u015bnienie krwi i poprawia kr\u0105\u017cenie krwi.<\/span><\/p>\n<h2 align=\"JUSTIFY\"><span style=\"color: #000000\">Opakowanie<\/span><\/h2>\n<p align=\"JUSTIFY\"><span style=\"color: #000000\">Nieprzepuszczalna torba zamykana na zamek, w kt\u00f3rej produkt zachowuje swoj\u0105 \u015bwie\u017co\u015b\u0107 i aromat. Opakowanie chroni przed \u015bwiat\u0142em i powietrzem, poniewa\u017c sk\u0142ada si\u0119 z kilku warstw ochronnych, kt\u00f3re zachowuj\u0105 w\u0142a\u015bciwo\u015bci zawarto\u015bci.<\/span><\/p>\n<p align=\"JUSTIFY\"><span style=\"color: #000000\">Opakowanie jest bardzo praktyczne i nadaje si\u0119 do recyklingu.<\/span><\/p>\n<h2 align=\"JUSTIFY\"><span style=\"color: #000000\">Przechowywanie i ostrze\u017cenia<\/span><\/h2>\n<p align=\"JUSTIFY\"><span style=\"color: #000000\">Przechowywa\u0107 w ch\u0142odnym, suchym miejscu. Suplement diety nale\u017cy przechowywa\u0107 w miejscu niedost\u0119pnym dla dzieci!<\/span><\/p>\n<p><span style=\"color: #000000\">Nie zapominaj o znaczeniu zr\u00f3\u017cnicowanej diety i zdrowego stylu \u017cycia, dlatego suplement diety nie zast\u0119puje zr\u00f3wnowa\u017conej i zr\u00f3\u017cnicowanej diety. Nie nale\u017cy przekracza\u0107 zalecanej dziennej porcji lub dawki.<\/span><\/p>\n<p><span style=\"color: #000000\">Nie zaleca si\u0119 stosowania kobietom w ci\u0105\u017cy i karmi\u0105cym. Spo\u017cywanie Muira Puama nie jest zalecane dla os\u00f3b z zaburzeniami hormonalnymi i krwi, kt\u00f3re jednocze\u015bnie przyjmuj\u0105 terapi\u0119 hormonaln\u0105 lub leki na nadci\u015bnienie. Zaleca si\u0119 skonsultowanie si\u0119 z lekarzem w celu uzyskania dalszych informacji w przypadku jakichkolwiek problem\u00f3w zdrowotnych.<\/span><\/p>\n<h2 align=\"JUSTIFY\"><span style=\"color: #000000\">Kraj pochodzenia<\/span><\/h2>\n<p align=\"JUSTIFY\"><span style=\"color: #000000\">Brazylia<\/span><\/p>\n","protected":false},"excerpt":{"rendered":"<p>Muira Puama, to rodzaj ro\u015bliny, kt\u00f3ra pochodzi z las\u00f3w deszczowych Amazonii w Brazylii. Botaniczna nazwa ro\u015bliny to Ptychopetalum olacoides. Z li\u015bci i kory ro\u015bliny sporz\u0105dza si\u0119 preparaty lecznicze, kt\u00f3re przyjmuje si\u0119 doustnie w postaci herbatek, nalewek lub suplement\u00f3w diety. Muira Puama od dawna stosowana jest w medycynie tradycyjnej w r\u00f3\u017cnych celach, zw\u0142aszcza w celu poprawy funkcji seksualnych i sprawno\u015bci seksualnej.<\/p>\n<p>\ud83d\udc9a Mo\u017ce pom\u00f3c w zdrowiu uk\u0142adu kr\u0105\u017cenia.<br \/>\n\ud83d\udc9a Pomaga zmniejszy\u0107 uczucie zm\u0119czenia i poprawi\u0107 samopoczucie.<br \/>\n\ud83d\udc9a Dzia\u0142a jako naturalny afrodyzjak.<br \/>\n\ud83d\udc9a Stosowany jest w celu poprawy po\u017c\u0105dania seksualnego, zwi\u0119kszenia libido oraz poprawy funkcji seksualnych zar\u00f3wno u m\u0119\u017cczyzn jak iu kobiet.<\/p>\n","protected":false},"featured_media":6303,"comment_status":"open","ping_status":"closed","template":"","meta":{"_acf_changed":false},"product_brand":[],"product_cat":[15,228],"product_tag":[],"class_list":{"0":"post-6302","1":"product","2":"type-product","3":"status-publish","4":"has-post-thumbnail","6":"product_cat-uncategorized","7":"product_cat-superzywnosc","9":"first","10":"instock","11":"taxable","12":"shipping-taxable","13":"purchasable","14":"product-type-simple"},"acf":[],"_links":{"self":[{"href":"https:\/\/fengchashop.com\/pl\/wp-json\/wp\/v2\/product\/6302","targetHints":{"allow":["GET"]}}],"collection":[{"href":"https:\/\/fengchashop.com\/pl\/wp-json\/wp\/v2\/product"}],"about":[{"href":"https:\/\/fengchashop.com\/pl\/wp-json\/wp\/v2\/types\/product"}],"replies":[{"embeddable":true,"href":"https:\/\/fengchashop.com\/pl\/wp-json\/wp\/v2\/comments?post=6302"}],"wp:featuredmedia":[{"embeddable":true,"href":"https:\/\/fengchashop.com\/pl\/wp-json\/wp\/v2\/media\/6303"}],"wp:attachment":[{"href":"https:\/\/fengchashop.com\/pl\/wp-json\/wp\/v2\/media?parent=6302"}],"wp:term":[{"taxonomy":"product_brand","embeddable":true,"href":"https:\/\/fengchashop.com\/pl\/wp-json\/wp\/v2\/product_brand?post=6302"},{"taxonomy":"product_cat","embeddable":true,"href":"https:\/\/fengchashop.com\/pl\/wp-json\/wp\/v2\/product_cat?post=6302"},{"taxonomy":"product_tag","embeddable":true,"href":"https:\/\/fengchashop.com\/pl\/wp-json\/wp\/v2\/product_tag?post=6302"}],"curies":[{"name":"wp","href":"https:\/\/api.w.org\/{rel}","templated":true}]}}